{"id":517086,"date":"2025-11-20T13:11:16","date_gmt":"2025-11-20T13:11:18","guid":{"rendered":"https:\/\/www.erresse-shop.it\/?post_type=product&#038;p=517086"},"modified":"2025-11-20T13:19:53","modified_gmt":"2025-11-20T13:19:53","slug":"portmeirion-sara-miller-artisanne-noir-set-mit-2-grossen-schuesseln","status":"publish","type":"product","link":"https:\/\/www.erresse-shop.it\/de\/shop\/tisch\/koerbe-und-schalen\/portmeirion-sara-miller-artisanne-noir-set-mit-2-grossen-schuesseln\/","title":{"rendered":"PORTMEIRION Sara Miller Artisanne Noir Set mit 2 gro\u00dfen Sch\u00fcsseln"},"content":{"rendered":"<p>Dieses zweiteilige Set gro\u00dfer Sch\u00fcsseln aus der Kollektion Artisanne Noir besticht durch zwei kombinierbare, monochrome Designs \u2013 Mandala und Paisley \u2013, die die sanften Kurven jeder Sch\u00fcssel elegant umh\u00fcllen.<\/p>\n<p>Die Porzellansch\u00fcsseln eignen sich perfekt zum Servieren von Nudeln, herzhaften Pastagerichten und Suppen und sind eine unwiderstehliche Erg\u00e4nzung f\u00fcr Ihre Sammlung.<\/p>\n<p>Verziert mit goldenen Akzenten und dennoch mikrowellen- und sp\u00fclmaschinenfest, ist dieses Sch\u00fcsselset sowohl sch\u00f6n als auch praktisch.<\/p>\n<p>Verpackt in einer passenden Box, sind diese Sch\u00fcsseln ein wunderbares Einzugsgeschenk.<\/p>\n<p><strong>Produktdetails:<\/strong><\/p>\n<p><strong>Herstellungsland:<\/strong> Indonesien<br \/>\n<strong>Material:<\/strong> 100 % Porzellan<br \/>\n<strong>H\u00f6he:<\/strong> 9 cm<br \/>\n<strong>Breite:<\/strong> 22,2 cm<br \/>\n<strong>Tiefe:<\/strong> 22,2 cm<br \/>\n<strong>Volumen:<\/strong> 1862 ml<\/p>\n","protected":false},"excerpt":{"rendered":"<p>Dieses zweiteilige Set gro\u00dfer Sch\u00fcsseln aus der Kollektion Artisanne Noir besticht durch zwei kombinierbare, monochrome Designs \u2013 Mandala und Paisley<\/p>\n","protected":false},"featured_media":517118,"template":"","meta":{"_acf_changed":false,"inline_featured_image":false},"product_cat":[6787,14243],"product_tag":[19359,23911,11565,11563,21609],"acf":[],"yoast_head":"<!-- This site is optimized with the Yoast SEO Premium plugin v18.6 (Yoast SEO v19.13) - https:\/\/yoast.com\/wordpress\/plugins\/seo\/ -->\n<title>PORTMEIRION Sara Miller Artisanne Noir Set mit 2 gro\u00dfen Sch\u00fcsseln - Erresse Shop<\/title>\n<meta name=\"description\" content=\"Dieses zweiteilige Set gro\u00dfer Sch\u00fcsseln aus der Kollektion Artisanne Noir besticht durch zwei kombinierbare, monochrome Designs \u2013 Mandala und Paisley \u2013,\" \/>\n<meta name=\"robots\" content=\"index, follow, max-snippet:-1, max-image-preview:large, max-video-preview:-1\" \/>\n<link rel=\"canonical\" href=\"https:\/\/www.erresse-shop.it\/de\/shop\/tisch\/koerbe-und-schalen\/portmeirion-sara-miller-artisanne-noir-set-mit-2-grossen-schuesseln\/\" \/>\n<meta property=\"og:locale\" content=\"de_DE\" \/>\n<meta property=\"og:type\" content=\"article\" \/>\n<meta property=\"og:title\" content=\"PORTMEIRION Sara Miller Artisanne Noir Set mit 2 gro\u00dfen Sch\u00fcsseln\" \/>\n<meta property=\"og:description\" content=\"Dieses zweiteilige Set gro\u00dfer Sch\u00fcsseln aus der Kollektion Artisanne Noir besticht durch zwei kombinierbare, monochrome Designs \u2013 Mandala und Paisley \u2013,\" \/>\n<meta property=\"og:url\" content=\"https:\/\/www.erresse-shop.it\/de\/shop\/tisch\/koerbe-und-schalen\/portmeirion-sara-miller-artisanne-noir-set-mit-2-grossen-schuesseln\/\" \/>\n<meta property=\"og:site_name\" content=\"Erresse Shop\" \/>\n<meta property=\"article:modified_time\" content=\"2025-11-20T13:19:53+00:00\" \/>\n<meta property=\"og:image\" content=\"https:\/\/www.erresse-shop.it\/wp-content\/uploads\/2025\/11\/PORTMEIRION-Sara-Miller-Artisanne-Noir-Set-2-Ciotole-Grandi.jpg\" \/>\n\t<meta property=\"og:image:width\" content=\"1200\" \/>\n\t<meta property=\"og:image:height\" content=\"1200\" \/>\n\t<meta property=\"og:image:type\" content=\"image\/jpeg\" \/>\n<meta name=\"twitter:card\" content=\"summary_large_image\" \/>\n<script type=\"application\/ld+json\" class=\"yoast-schema-graph\">{\"@context\":\"https:\/\/schema.org\",\"@graph\":[{\"@type\":\"WebPage\",\"@id\":\"https:\/\/www.erresse-shop.it\/de\/shop\/tisch\/koerbe-und-schalen\/portmeirion-sara-miller-artisanne-noir-set-mit-2-grossen-schuesseln\/\",\"url\":\"https:\/\/www.erresse-shop.it\/de\/shop\/tisch\/koerbe-und-schalen\/portmeirion-sara-miller-artisanne-noir-set-mit-2-grossen-schuesseln\/\",\"name\":\"PORTMEIRION Sara Miller Artisanne Noir Set mit 2 gro\u00dfen Sch\u00fcsseln - Erresse Shop\",\"isPartOf\":{\"@id\":\"https:\/\/www.erresse-shop.it\/de\/#website\"},\"datePublished\":\"2025-11-20T13:11:18+00:00\",\"dateModified\":\"2025-11-20T13:19:53+00:00\",\"description\":\"Dieses zweiteilige Set gro\u00dfer Sch\u00fcsseln aus der Kollektion Artisanne Noir besticht durch zwei kombinierbare, monochrome Designs \u2013 Mandala und Paisley \u2013,\",\"breadcrumb\":{\"@id\":\"https:\/\/www.erresse-shop.it\/de\/shop\/tisch\/koerbe-und-schalen\/portmeirion-sara-miller-artisanne-noir-set-mit-2-grossen-schuesseln\/#breadcrumb\"},\"inLanguage\":\"de-DE\",\"potentialAction\":[{\"@type\":\"ReadAction\",\"target\":[\"https:\/\/www.erresse-shop.it\/de\/shop\/tisch\/koerbe-und-schalen\/portmeirion-sara-miller-artisanne-noir-set-mit-2-grossen-schuesseln\/\"]}]},{\"@type\":\"BreadcrumbList\",\"@id\":\"https:\/\/www.erresse-shop.it\/de\/shop\/tisch\/koerbe-und-schalen\/portmeirion-sara-miller-artisanne-noir-set-mit-2-grossen-schuesseln\/#breadcrumb\",\"itemListElement\":[{\"@type\":\"ListItem\",\"position\":1,\"name\":\"Home\",\"item\":\"https:\/\/www.erresse-shop.it\/de\/\"},{\"@type\":\"ListItem\",\"position\":2,\"name\":\"Shop\",\"item\":\"https:\/\/www.erresse-shop.it\/de\/shop\/\"},{\"@type\":\"ListItem\",\"position\":3,\"name\":\"PORTMEIRION Sara Miller Artisanne Noir Set mit 2 gro\u00dfen Sch\u00fcsseln\"}]},{\"@type\":\"WebSite\",\"@id\":\"https:\/\/www.erresse-shop.it\/de\/#website\",\"url\":\"https:\/\/www.erresse-shop.it\/de\/\",\"name\":\"Erresse Shop\",\"description\":\"Articoli di qualit\u00e0 per la casa\",\"potentialAction\":[{\"@type\":\"SearchAction\",\"target\":{\"@type\":\"EntryPoint\",\"urlTemplate\":\"https:\/\/www.erresse-shop.it\/de\/?s={search_term_string}\"},\"query-input\":\"required name=search_term_string\"}],\"inLanguage\":\"de-DE\"}]}<\/script>\n<!-- \/ Yoast SEO Premium plugin. -->","yoast_head_json":{"title":"PORTMEIRION Sara Miller Artisanne Noir Set mit 2 gro\u00dfen Sch\u00fcsseln - Erresse Shop","description":"Dieses zweiteilige Set gro\u00dfer Sch\u00fcsseln aus der Kollektion Artisanne Noir besticht durch zwei kombinierbare, monochrome Designs \u2013 Mandala und Paisley \u2013,","robots":{"index":"index","follow":"follow","max-snippet":"max-snippet:-1","max-image-preview":"max-image-preview:large","max-video-preview":"max-video-preview:-1"},"canonical":"https:\/\/www.erresse-shop.it\/de\/shop\/tisch\/koerbe-und-schalen\/portmeirion-sara-miller-artisanne-noir-set-mit-2-grossen-schuesseln\/","og_locale":"de_DE","og_type":"article","og_title":"PORTMEIRION Sara Miller Artisanne Noir Set mit 2 gro\u00dfen Sch\u00fcsseln","og_description":"Dieses zweiteilige Set gro\u00dfer Sch\u00fcsseln aus der Kollektion Artisanne Noir besticht durch zwei kombinierbare, monochrome Designs \u2013 Mandala und Paisley \u2013,","og_url":"https:\/\/www.erresse-shop.it\/de\/shop\/tisch\/koerbe-und-schalen\/portmeirion-sara-miller-artisanne-noir-set-mit-2-grossen-schuesseln\/","og_site_name":"Erresse Shop","article_modified_time":"2025-11-20T13:19:53+00:00","og_image":[{"width":1200,"height":1200,"url":"https:\/\/www.erresse-shop.it\/wp-content\/uploads\/2025\/11\/PORTMEIRION-Sara-Miller-Artisanne-Noir-Set-2-Ciotole-Grandi.jpg","type":"image\/jpeg"}],"twitter_card":"summary_large_image","schema":{"@context":"https:\/\/schema.org","@graph":[{"@type":"WebPage","@id":"https:\/\/www.erresse-shop.it\/de\/shop\/tisch\/koerbe-und-schalen\/portmeirion-sara-miller-artisanne-noir-set-mit-2-grossen-schuesseln\/","url":"https:\/\/www.erresse-shop.it\/de\/shop\/tisch\/koerbe-und-schalen\/portmeirion-sara-miller-artisanne-noir-set-mit-2-grossen-schuesseln\/","name":"PORTMEIRION Sara Miller Artisanne Noir Set mit 2 gro\u00dfen Sch\u00fcsseln - Erresse Shop","isPartOf":{"@id":"https:\/\/www.erresse-shop.it\/de\/#website"},"datePublished":"2025-11-20T13:11:18+00:00","dateModified":"2025-11-20T13:19:53+00:00","description":"Dieses zweiteilige Set gro\u00dfer Sch\u00fcsseln aus der Kollektion Artisanne Noir besticht durch zwei kombinierbare, monochrome Designs \u2013 Mandala und Paisley \u2013,","breadcrumb":{"@id":"https:\/\/www.erresse-shop.it\/de\/shop\/tisch\/koerbe-und-schalen\/portmeirion-sara-miller-artisanne-noir-set-mit-2-grossen-schuesseln\/#breadcrumb"},"inLanguage":"de-DE","potentialAction":[{"@type":"ReadAction","target":["https:\/\/www.erresse-shop.it\/de\/shop\/tisch\/koerbe-und-schalen\/portmeirion-sara-miller-artisanne-noir-set-mit-2-grossen-schuesseln\/"]}]},{"@type":"BreadcrumbList","@id":"https:\/\/www.erresse-shop.it\/de\/shop\/tisch\/koerbe-und-schalen\/portmeirion-sara-miller-artisanne-noir-set-mit-2-grossen-schuesseln\/#breadcrumb","itemListElement":[{"@type":"ListItem","position":1,"name":"Home","item":"https:\/\/www.erresse-shop.it\/de\/"},{"@type":"ListItem","position":2,"name":"Shop","item":"https:\/\/www.erresse-shop.it\/de\/shop\/"},{"@type":"ListItem","position":3,"name":"PORTMEIRION Sara Miller Artisanne Noir Set mit 2 gro\u00dfen Sch\u00fcsseln"}]},{"@type":"WebSite","@id":"https:\/\/www.erresse-shop.it\/de\/#website","url":"https:\/\/www.erresse-shop.it\/de\/","name":"Erresse Shop","description":"Articoli di qualit\u00e0 per la casa","potentialAction":[{"@type":"SearchAction","target":{"@type":"EntryPoint","urlTemplate":"https:\/\/www.erresse-shop.it\/de\/?s={search_term_string}"},"query-input":"required name=search_term_string"}],"inLanguage":"de-DE"}]}},"df_price":59.95,"df_sale_price":59.95,"df_regular_price":80.5,"df_image_link":"https:\/\/www.erresse-shop.it\/wp-content\/uploads\/2025\/11\/PORTMEIRION-Sara-Miller-Artisanne-Noir-Set-2-Ciotole-Grandi-300x300.jpg","_links":{"self":[{"href":"https:\/\/www.erresse-shop.it\/de\/wp-json\/wp\/v2\/product\/517086"}],"collection":[{"href":"https:\/\/www.erresse-shop.it\/de\/wp-json\/wp\/v2\/product"}],"about":[{"href":"https:\/\/www.erresse-shop.it\/de\/wp-json\/wp\/v2\/types\/product"}],"wp:featuredmedia":[{"embeddable":true,"href":"https:\/\/www.erresse-shop.it\/de\/wp-json\/wp\/v2\/media\/517118"}],"wp:attachment":[{"href":"https:\/\/www.erresse-shop.it\/de\/wp-json\/wp\/v2\/media?parent=517086"}],"wp:term":[{"taxonomy":"product_cat","embeddable":true,"href":"https:\/\/www.erresse-shop.it\/de\/wp-json\/wp\/v2\/product_cat?post=517086"},{"taxonomy":"product_tag","embeddable":true,"href":"https:\/\/www.erresse-shop.it\/de\/wp-json\/wp\/v2\/product_tag?post=517086"}],"curies":[{"name":"wp","href":"https:\/\/api.w.org\/{rel}","templated":true}]}}