{"id":517039,"date":"2025-11-20T11:42:29","date_gmt":"2025-11-20T11:42:30","guid":{"rendered":"https:\/\/www.erresse-shop.it\/?post_type=product&#038;p=517039"},"modified":"2025-12-05T14:53:02","modified_gmt":"2025-12-05T14:53:02","slug":"portmeirion-sara-miller-artisanne-noir-4er-set-tassen","status":"publish","type":"product","link":"https:\/\/www.erresse-shop.it\/de\/shop\/tisch\/tassen\/portmeirion-sara-miller-artisanne-noir-4er-set-tassen\/","title":{"rendered":"PORTMEIRION Sara Miller Artisanne Noir 4er-Set Tassen"},"content":{"rendered":"<p>Dieses 4er-Set Tassen aus der Artisanne Noir Kollektion vereint bezauberndes Design mit kulturellen Einfl\u00fcssen aus aller Welt und ist ein absolutes Must-have f\u00fcr Ihr Zuhause. Die vier Designs von Sara Miller London \u2013 Bohemian, Lotus, Mandala und Paisley \u2013 pr\u00e4sentieren sich in einem markanten monochromen Farbschema. Zarte Goldakzente verleihen jeder Tasse einen Hauch von unaufdringlichem Luxus. Pr\u00e4sentieren Sie sie Ihren G\u00e4sten oder genie\u00dfen Sie sie jeden Tag mit Ihrem Lieblings-Hei\u00dfgetr\u00e4nk. Sp\u00fclmaschinen- und mikrowellengeeignet \u2013 diese Tassen sind ebenso praktisch wie sch\u00f6n.<\/p>\n<p><strong>Produktdetails:<\/strong><\/p>\n<p><strong>Herstellungsland:<\/strong> Indonesien<br \/>\n<strong>Material: 100 % Porzellan<br \/>\n<strong>H\u00f6he: 8,3 cm<br \/>\n<strong>Breite: 14 cm<br \/>\n<strong>Tiefe: 10,9 cm<br \/>\n<strong>Volumen: 400 ml<\/p>\n","protected":false},"excerpt":{"rendered":"<p>Dieses 4er-Set Tassen aus der Artisanne Noir Kollektion vereint bezauberndes Design mit kulturellen Einfl\u00fcssen aus aller Welt und ist ein<\/p>\n","protected":false},"featured_media":517059,"template":"","meta":{"_acf_changed":false,"inline_featured_image":false},"product_cat":[6847,6787],"product_tag":[19359,23911,14277,11640],"acf":[],"yoast_head":"<!-- This site is optimized with the Yoast SEO Premium plugin v18.6 (Yoast SEO v19.13) - https:\/\/yoast.com\/wordpress\/plugins\/seo\/ -->\n<title>PORTMEIRION Sara Miller Artisanne Noir 4er-Set Tassen - Erresse Shop<\/title>\n<meta name=\"description\" content=\"Dieses 4er-Set Tassen aus der Artisanne Noir Kollektion vereint bezauberndes Design mit kulturellen Einfl\u00fcssen aus aller Welt und ist ein absolutes\" \/>\n<meta name=\"robots\" content=\"index, follow, max-snippet:-1, max-image-preview:large, max-video-preview:-1\" \/>\n<link rel=\"canonical\" href=\"https:\/\/www.erresse-shop.it\/de\/shop\/tisch\/tassen\/portmeirion-sara-miller-artisanne-noir-4er-set-tassen\/\" \/>\n<meta property=\"og:locale\" content=\"de_DE\" \/>\n<meta property=\"og:type\" content=\"article\" \/>\n<meta property=\"og:title\" content=\"PORTMEIRION Sara Miller Artisanne Noir 4er-Set Tassen\" \/>\n<meta property=\"og:description\" content=\"Dieses 4er-Set Tassen aus der Artisanne Noir Kollektion vereint bezauberndes Design mit kulturellen Einfl\u00fcssen aus aller Welt und ist ein absolutes\" \/>\n<meta property=\"og:url\" content=\"https:\/\/www.erresse-shop.it\/de\/shop\/tisch\/tassen\/portmeirion-sara-miller-artisanne-noir-4er-set-tassen\/\" \/>\n<meta property=\"og:site_name\" content=\"Erresse Shop\" \/>\n<meta property=\"article:modified_time\" content=\"2025-12-05T14:53:02+00:00\" \/>\n<meta property=\"og:image\" content=\"https:\/\/www.erresse-shop.it\/wp-content\/uploads\/2025\/11\/PORTMEIRION-Sara-Miller-Artisanne-Noir-Set-4-Tazze.jpg\" \/>\n\t<meta property=\"og:image:width\" content=\"1200\" \/>\n\t<meta property=\"og:image:height\" content=\"1200\" \/>\n\t<meta property=\"og:image:type\" content=\"image\/jpeg\" \/>\n<meta name=\"twitter:card\" content=\"summary_large_image\" \/>\n<script type=\"application\/ld+json\" class=\"yoast-schema-graph\">{\"@context\":\"https:\/\/schema.org\",\"@graph\":[{\"@type\":\"WebPage\",\"@id\":\"https:\/\/www.erresse-shop.it\/de\/shop\/tisch\/tassen\/portmeirion-sara-miller-artisanne-noir-4er-set-tassen\/\",\"url\":\"https:\/\/www.erresse-shop.it\/de\/shop\/tisch\/tassen\/portmeirion-sara-miller-artisanne-noir-4er-set-tassen\/\",\"name\":\"PORTMEIRION Sara Miller Artisanne Noir 4er-Set Tassen - Erresse Shop\",\"isPartOf\":{\"@id\":\"https:\/\/www.erresse-shop.it\/de\/#website\"},\"datePublished\":\"2025-11-20T11:42:30+00:00\",\"dateModified\":\"2025-12-05T14:53:02+00:00\",\"description\":\"Dieses 4er-Set Tassen aus der Artisanne Noir Kollektion vereint bezauberndes Design mit kulturellen Einfl\u00fcssen aus aller Welt und ist ein absolutes\",\"breadcrumb\":{\"@id\":\"https:\/\/www.erresse-shop.it\/de\/shop\/tisch\/tassen\/portmeirion-sara-miller-artisanne-noir-4er-set-tassen\/#breadcrumb\"},\"inLanguage\":\"de-DE\",\"potentialAction\":[{\"@type\":\"ReadAction\",\"target\":[\"https:\/\/www.erresse-shop.it\/de\/shop\/tisch\/tassen\/portmeirion-sara-miller-artisanne-noir-4er-set-tassen\/\"]}]},{\"@type\":\"BreadcrumbList\",\"@id\":\"https:\/\/www.erresse-shop.it\/de\/shop\/tisch\/tassen\/portmeirion-sara-miller-artisanne-noir-4er-set-tassen\/#breadcrumb\",\"itemListElement\":[{\"@type\":\"ListItem\",\"position\":1,\"name\":\"Home\",\"item\":\"https:\/\/www.erresse-shop.it\/de\/\"},{\"@type\":\"ListItem\",\"position\":2,\"name\":\"Shop\",\"item\":\"https:\/\/www.erresse-shop.it\/de\/shop\/\"},{\"@type\":\"ListItem\",\"position\":3,\"name\":\"PORTMEIRION Sara Miller Artisanne Noir 4er-Set Tassen\"}]},{\"@type\":\"WebSite\",\"@id\":\"https:\/\/www.erresse-shop.it\/de\/#website\",\"url\":\"https:\/\/www.erresse-shop.it\/de\/\",\"name\":\"Erresse Shop\",\"description\":\"Articoli di qualit\u00e0 per la casa\",\"potentialAction\":[{\"@type\":\"SearchAction\",\"target\":{\"@type\":\"EntryPoint\",\"urlTemplate\":\"https:\/\/www.erresse-shop.it\/de\/?s={search_term_string}\"},\"query-input\":\"required name=search_term_string\"}],\"inLanguage\":\"de-DE\"}]}<\/script>\n<!-- \/ Yoast SEO Premium plugin. -->","yoast_head_json":{"title":"PORTMEIRION Sara Miller Artisanne Noir 4er-Set Tassen - Erresse Shop","description":"Dieses 4er-Set Tassen aus der Artisanne Noir Kollektion vereint bezauberndes Design mit kulturellen Einfl\u00fcssen aus aller Welt und ist ein absolutes","robots":{"index":"index","follow":"follow","max-snippet":"max-snippet:-1","max-image-preview":"max-image-preview:large","max-video-preview":"max-video-preview:-1"},"canonical":"https:\/\/www.erresse-shop.it\/de\/shop\/tisch\/tassen\/portmeirion-sara-miller-artisanne-noir-4er-set-tassen\/","og_locale":"de_DE","og_type":"article","og_title":"PORTMEIRION Sara Miller Artisanne Noir 4er-Set Tassen","og_description":"Dieses 4er-Set Tassen aus der Artisanne Noir Kollektion vereint bezauberndes Design mit kulturellen Einfl\u00fcssen aus aller Welt und ist ein absolutes","og_url":"https:\/\/www.erresse-shop.it\/de\/shop\/tisch\/tassen\/portmeirion-sara-miller-artisanne-noir-4er-set-tassen\/","og_site_name":"Erresse Shop","article_modified_time":"2025-12-05T14:53:02+00:00","og_image":[{"width":1200,"height":1200,"url":"https:\/\/www.erresse-shop.it\/wp-content\/uploads\/2025\/11\/PORTMEIRION-Sara-Miller-Artisanne-Noir-Set-4-Tazze.jpg","type":"image\/jpeg"}],"twitter_card":"summary_large_image","schema":{"@context":"https:\/\/schema.org","@graph":[{"@type":"WebPage","@id":"https:\/\/www.erresse-shop.it\/de\/shop\/tisch\/tassen\/portmeirion-sara-miller-artisanne-noir-4er-set-tassen\/","url":"https:\/\/www.erresse-shop.it\/de\/shop\/tisch\/tassen\/portmeirion-sara-miller-artisanne-noir-4er-set-tassen\/","name":"PORTMEIRION Sara Miller Artisanne Noir 4er-Set Tassen - Erresse Shop","isPartOf":{"@id":"https:\/\/www.erresse-shop.it\/de\/#website"},"datePublished":"2025-11-20T11:42:30+00:00","dateModified":"2025-12-05T14:53:02+00:00","description":"Dieses 4er-Set Tassen aus der Artisanne Noir Kollektion vereint bezauberndes Design mit kulturellen Einfl\u00fcssen aus aller Welt und ist ein absolutes","breadcrumb":{"@id":"https:\/\/www.erresse-shop.it\/de\/shop\/tisch\/tassen\/portmeirion-sara-miller-artisanne-noir-4er-set-tassen\/#breadcrumb"},"inLanguage":"de-DE","potentialAction":[{"@type":"ReadAction","target":["https:\/\/www.erresse-shop.it\/de\/shop\/tisch\/tassen\/portmeirion-sara-miller-artisanne-noir-4er-set-tassen\/"]}]},{"@type":"BreadcrumbList","@id":"https:\/\/www.erresse-shop.it\/de\/shop\/tisch\/tassen\/portmeirion-sara-miller-artisanne-noir-4er-set-tassen\/#breadcrumb","itemListElement":[{"@type":"ListItem","position":1,"name":"Home","item":"https:\/\/www.erresse-shop.it\/de\/"},{"@type":"ListItem","position":2,"name":"Shop","item":"https:\/\/www.erresse-shop.it\/de\/shop\/"},{"@type":"ListItem","position":3,"name":"PORTMEIRION Sara Miller Artisanne Noir 4er-Set Tassen"}]},{"@type":"WebSite","@id":"https:\/\/www.erresse-shop.it\/de\/#website","url":"https:\/\/www.erresse-shop.it\/de\/","name":"Erresse Shop","description":"Articoli di qualit\u00e0 per la casa","potentialAction":[{"@type":"SearchAction","target":{"@type":"EntryPoint","urlTemplate":"https:\/\/www.erresse-shop.it\/de\/?s={search_term_string}"},"query-input":"required name=search_term_string"}],"inLanguage":"de-DE"}]}},"df_price":74.95,"df_sale_price":74.95,"df_regular_price":111.9,"df_image_link":"https:\/\/www.erresse-shop.it\/wp-content\/uploads\/2025\/11\/PORTMEIRION-Sara-Miller-Artisanne-Noir-Set-4-Tazze-300x300.jpg","_links":{"self":[{"href":"https:\/\/www.erresse-shop.it\/de\/wp-json\/wp\/v2\/product\/517039"}],"collection":[{"href":"https:\/\/www.erresse-shop.it\/de\/wp-json\/wp\/v2\/product"}],"about":[{"href":"https:\/\/www.erresse-shop.it\/de\/wp-json\/wp\/v2\/types\/product"}],"wp:featuredmedia":[{"embeddable":true,"href":"https:\/\/www.erresse-shop.it\/de\/wp-json\/wp\/v2\/media\/517059"}],"wp:attachment":[{"href":"https:\/\/www.erresse-shop.it\/de\/wp-json\/wp\/v2\/media?parent=517039"}],"wp:term":[{"taxonomy":"product_cat","embeddable":true,"href":"https:\/\/www.erresse-shop.it\/de\/wp-json\/wp\/v2\/product_cat?post=517039"},{"taxonomy":"product_tag","embeddable":true,"href":"https:\/\/www.erresse-shop.it\/de\/wp-json\/wp\/v2\/product_tag?post=517039"}],"curies":[{"name":"wp","href":"https:\/\/api.w.org\/{rel}","templated":true}]}}