{"id":517010,"date":"2025-11-20T11:29:54","date_gmt":"2025-11-20T11:29:55","guid":{"rendered":"https:\/\/www.erresse-shop.it\/?post_type=product&#038;p=517010"},"modified":"2025-11-20T11:39:16","modified_gmt":"2025-11-20T11:39:16","slug":"portmeirion-sara-miller-artisanne-noir-set-mit-4-mueslischalen-15-cm","status":"publish","type":"product","link":"https:\/\/www.erresse-shop.it\/de\/shop\/tisch\/koerbe-und-schalen\/portmeirion-sara-miller-artisanne-noir-set-mit-4-mueslischalen-15-cm\/","title":{"rendered":"PORTMEIRION Sara Miller Artisanne Noir Set mit 4 M\u00fcslischalen 15 cm"},"content":{"rendered":"<p>Das auff\u00e4llige monochrome Design und die zarten Golddetails machen diese M\u00fcslischalen von Sara Miller London zu einem unverzichtbaren Accessoire f\u00fcr Ihr Essgeschirr. Als Teil der bezaubernden Kollektion \u201eArtisanne Noir\u201c fangen die vier kombinierbaren Designs des Sets auf wundersch\u00f6ne Weise die Essenz der marokkanischen und nah\u00f6stlichen K\u00fcche ein. Die zarten Muster \u201eBohemia\u201c, \u201eMandala\u201c, \u201eLotus\u201c und \u201ePaisley\u201c umh\u00fcllen jede der haptisch ansprechenden Porzellanschalen und schaffen eine unwiderstehliche Atmosph\u00e4re \u2013 perfekt f\u00fcr Fr\u00fchst\u00fcck, Mittag- oder Abendessen.<\/p>\n<p><strong>Produktdetails:<\/strong><\/p>\n<p><strong>Herstellungsland:<\/strong> Indonesien<br \/>\n<strong>Material:<\/strong> 100 % Porzellan<br \/>\n<strong>H\u00f6he:<\/strong> 6,4 cm<br \/>\n<strong>Breite:<\/strong> 14,8 cm<br \/>\n<strong>Tiefe:<\/strong> 14,8 cm<br \/>\n<strong>Volumen:<\/strong> 540 ml<\/p>\n","protected":false},"excerpt":{"rendered":"<p>Das auff\u00e4llige monochrome Design und die zarten Golddetails machen diese M\u00fcslischalen von Sara Miller London zu einem unverzichtbaren Accessoire f\u00fcr<\/p>\n","protected":false},"featured_media":517036,"template":"","meta":{"_acf_changed":false,"inline_featured_image":false},"product_cat":[6787,14243],"product_tag":[19359,23911,11565,11563,21609],"acf":[],"yoast_head":"<!-- This site is optimized with the Yoast SEO Premium plugin v18.6 (Yoast SEO v19.13) - https:\/\/yoast.com\/wordpress\/plugins\/seo\/ -->\n<title>PORTMEIRION Sara Miller Artisanne Noir Set mit 4 M\u00fcslischalen 15 cm - Erresse Shop<\/title>\n<meta name=\"description\" content=\"Das auff\u00e4llige monochrome Design und die zarten Golddetails machen diese M\u00fcslischalen von Sara Miller London zu einem unverzichtbaren Accessoire f\u00fcr Ihr\" \/>\n<meta name=\"robots\" content=\"index, follow, max-snippet:-1, max-image-preview:large, max-video-preview:-1\" \/>\n<link rel=\"canonical\" href=\"https:\/\/www.erresse-shop.it\/de\/shop\/tisch\/koerbe-und-schalen\/portmeirion-sara-miller-artisanne-noir-set-mit-4-mueslischalen-15-cm\/\" \/>\n<meta property=\"og:locale\" content=\"de_DE\" \/>\n<meta property=\"og:type\" content=\"article\" \/>\n<meta property=\"og:title\" content=\"PORTMEIRION Sara Miller Artisanne Noir Set mit 4 M\u00fcslischalen 15 cm\" \/>\n<meta property=\"og:description\" content=\"Das auff\u00e4llige monochrome Design und die zarten Golddetails machen diese M\u00fcslischalen von Sara Miller London zu einem unverzichtbaren Accessoire f\u00fcr Ihr\" \/>\n<meta property=\"og:url\" content=\"https:\/\/www.erresse-shop.it\/de\/shop\/tisch\/koerbe-und-schalen\/portmeirion-sara-miller-artisanne-noir-set-mit-4-mueslischalen-15-cm\/\" \/>\n<meta property=\"og:site_name\" content=\"Erresse Shop\" \/>\n<meta property=\"article:modified_time\" content=\"2025-11-20T11:39:16+00:00\" \/>\n<meta property=\"og:image\" content=\"https:\/\/www.erresse-shop.it\/wp-content\/uploads\/2025\/11\/PORTMEIRION-Sara-Miller-Artisanne-Noir-Set-4-Ciotole-Per-Cereali.jpg\" \/>\n\t<meta property=\"og:image:width\" content=\"1200\" \/>\n\t<meta property=\"og:image:height\" content=\"1200\" \/>\n\t<meta property=\"og:image:type\" content=\"image\/jpeg\" \/>\n<meta name=\"twitter:card\" content=\"summary_large_image\" \/>\n<script type=\"application\/ld+json\" class=\"yoast-schema-graph\">{\"@context\":\"https:\/\/schema.org\",\"@graph\":[{\"@type\":\"WebPage\",\"@id\":\"https:\/\/www.erresse-shop.it\/de\/shop\/tisch\/koerbe-und-schalen\/portmeirion-sara-miller-artisanne-noir-set-mit-4-mueslischalen-15-cm\/\",\"url\":\"https:\/\/www.erresse-shop.it\/de\/shop\/tisch\/koerbe-und-schalen\/portmeirion-sara-miller-artisanne-noir-set-mit-4-mueslischalen-15-cm\/\",\"name\":\"PORTMEIRION Sara Miller Artisanne Noir Set mit 4 M\u00fcslischalen 15 cm - Erresse Shop\",\"isPartOf\":{\"@id\":\"https:\/\/www.erresse-shop.it\/de\/#website\"},\"datePublished\":\"2025-11-20T11:29:55+00:00\",\"dateModified\":\"2025-11-20T11:39:16+00:00\",\"description\":\"Das auff\u00e4llige monochrome Design und die zarten Golddetails machen diese M\u00fcslischalen von Sara Miller London zu einem unverzichtbaren Accessoire f\u00fcr Ihr\",\"breadcrumb\":{\"@id\":\"https:\/\/www.erresse-shop.it\/de\/shop\/tisch\/koerbe-und-schalen\/portmeirion-sara-miller-artisanne-noir-set-mit-4-mueslischalen-15-cm\/#breadcrumb\"},\"inLanguage\":\"de-DE\",\"potentialAction\":[{\"@type\":\"ReadAction\",\"target\":[\"https:\/\/www.erresse-shop.it\/de\/shop\/tisch\/koerbe-und-schalen\/portmeirion-sara-miller-artisanne-noir-set-mit-4-mueslischalen-15-cm\/\"]}]},{\"@type\":\"BreadcrumbList\",\"@id\":\"https:\/\/www.erresse-shop.it\/de\/shop\/tisch\/koerbe-und-schalen\/portmeirion-sara-miller-artisanne-noir-set-mit-4-mueslischalen-15-cm\/#breadcrumb\",\"itemListElement\":[{\"@type\":\"ListItem\",\"position\":1,\"name\":\"Home\",\"item\":\"https:\/\/www.erresse-shop.it\/de\/\"},{\"@type\":\"ListItem\",\"position\":2,\"name\":\"Shop\",\"item\":\"https:\/\/www.erresse-shop.it\/de\/shop\/\"},{\"@type\":\"ListItem\",\"position\":3,\"name\":\"PORTMEIRION Sara Miller Artisanne Noir Set mit 4 M\u00fcslischalen 15 cm\"}]},{\"@type\":\"WebSite\",\"@id\":\"https:\/\/www.erresse-shop.it\/de\/#website\",\"url\":\"https:\/\/www.erresse-shop.it\/de\/\",\"name\":\"Erresse Shop\",\"description\":\"Articoli di qualit\u00e0 per la casa\",\"potentialAction\":[{\"@type\":\"SearchAction\",\"target\":{\"@type\":\"EntryPoint\",\"urlTemplate\":\"https:\/\/www.erresse-shop.it\/de\/?s={search_term_string}\"},\"query-input\":\"required name=search_term_string\"}],\"inLanguage\":\"de-DE\"}]}<\/script>\n<!-- \/ Yoast SEO Premium plugin. -->","yoast_head_json":{"title":"PORTMEIRION Sara Miller Artisanne Noir Set mit 4 M\u00fcslischalen 15 cm - Erresse Shop","description":"Das auff\u00e4llige monochrome Design und die zarten Golddetails machen diese M\u00fcslischalen von Sara Miller London zu einem unverzichtbaren Accessoire f\u00fcr Ihr","robots":{"index":"index","follow":"follow","max-snippet":"max-snippet:-1","max-image-preview":"max-image-preview:large","max-video-preview":"max-video-preview:-1"},"canonical":"https:\/\/www.erresse-shop.it\/de\/shop\/tisch\/koerbe-und-schalen\/portmeirion-sara-miller-artisanne-noir-set-mit-4-mueslischalen-15-cm\/","og_locale":"de_DE","og_type":"article","og_title":"PORTMEIRION Sara Miller Artisanne Noir Set mit 4 M\u00fcslischalen 15 cm","og_description":"Das auff\u00e4llige monochrome Design und die zarten Golddetails machen diese M\u00fcslischalen von Sara Miller London zu einem unverzichtbaren Accessoire f\u00fcr Ihr","og_url":"https:\/\/www.erresse-shop.it\/de\/shop\/tisch\/koerbe-und-schalen\/portmeirion-sara-miller-artisanne-noir-set-mit-4-mueslischalen-15-cm\/","og_site_name":"Erresse Shop","article_modified_time":"2025-11-20T11:39:16+00:00","og_image":[{"width":1200,"height":1200,"url":"https:\/\/www.erresse-shop.it\/wp-content\/uploads\/2025\/11\/PORTMEIRION-Sara-Miller-Artisanne-Noir-Set-4-Ciotole-Per-Cereali.jpg","type":"image\/jpeg"}],"twitter_card":"summary_large_image","schema":{"@context":"https:\/\/schema.org","@graph":[{"@type":"WebPage","@id":"https:\/\/www.erresse-shop.it\/de\/shop\/tisch\/koerbe-und-schalen\/portmeirion-sara-miller-artisanne-noir-set-mit-4-mueslischalen-15-cm\/","url":"https:\/\/www.erresse-shop.it\/de\/shop\/tisch\/koerbe-und-schalen\/portmeirion-sara-miller-artisanne-noir-set-mit-4-mueslischalen-15-cm\/","name":"PORTMEIRION Sara Miller Artisanne Noir Set mit 4 M\u00fcslischalen 15 cm - Erresse Shop","isPartOf":{"@id":"https:\/\/www.erresse-shop.it\/de\/#website"},"datePublished":"2025-11-20T11:29:55+00:00","dateModified":"2025-11-20T11:39:16+00:00","description":"Das auff\u00e4llige monochrome Design und die zarten Golddetails machen diese M\u00fcslischalen von Sara Miller London zu einem unverzichtbaren Accessoire f\u00fcr Ihr","breadcrumb":{"@id":"https:\/\/www.erresse-shop.it\/de\/shop\/tisch\/koerbe-und-schalen\/portmeirion-sara-miller-artisanne-noir-set-mit-4-mueslischalen-15-cm\/#breadcrumb"},"inLanguage":"de-DE","potentialAction":[{"@type":"ReadAction","target":["https:\/\/www.erresse-shop.it\/de\/shop\/tisch\/koerbe-und-schalen\/portmeirion-sara-miller-artisanne-noir-set-mit-4-mueslischalen-15-cm\/"]}]},{"@type":"BreadcrumbList","@id":"https:\/\/www.erresse-shop.it\/de\/shop\/tisch\/koerbe-und-schalen\/portmeirion-sara-miller-artisanne-noir-set-mit-4-mueslischalen-15-cm\/#breadcrumb","itemListElement":[{"@type":"ListItem","position":1,"name":"Home","item":"https:\/\/www.erresse-shop.it\/de\/"},{"@type":"ListItem","position":2,"name":"Shop","item":"https:\/\/www.erresse-shop.it\/de\/shop\/"},{"@type":"ListItem","position":3,"name":"PORTMEIRION Sara Miller Artisanne Noir Set mit 4 M\u00fcslischalen 15 cm"}]},{"@type":"WebSite","@id":"https:\/\/www.erresse-shop.it\/de\/#website","url":"https:\/\/www.erresse-shop.it\/de\/","name":"Erresse Shop","description":"Articoli di qualit\u00e0 per la casa","potentialAction":[{"@type":"SearchAction","target":{"@type":"EntryPoint","urlTemplate":"https:\/\/www.erresse-shop.it\/de\/?s={search_term_string}"},"query-input":"required name=search_term_string"}],"inLanguage":"de-DE"}]}},"df_price":72.95,"df_sale_price":72.95,"df_regular_price":107.3,"df_image_link":"https:\/\/www.erresse-shop.it\/wp-content\/uploads\/2025\/11\/PORTMEIRION-Sara-Miller-Artisanne-Noir-Set-4-Ciotole-Per-Cereali-300x300.jpg","_links":{"self":[{"href":"https:\/\/www.erresse-shop.it\/de\/wp-json\/wp\/v2\/product\/517010"}],"collection":[{"href":"https:\/\/www.erresse-shop.it\/de\/wp-json\/wp\/v2\/product"}],"about":[{"href":"https:\/\/www.erresse-shop.it\/de\/wp-json\/wp\/v2\/types\/product"}],"wp:featuredmedia":[{"embeddable":true,"href":"https:\/\/www.erresse-shop.it\/de\/wp-json\/wp\/v2\/media\/517036"}],"wp:attachment":[{"href":"https:\/\/www.erresse-shop.it\/de\/wp-json\/wp\/v2\/media?parent=517010"}],"wp:term":[{"taxonomy":"product_cat","embeddable":true,"href":"https:\/\/www.erresse-shop.it\/de\/wp-json\/wp\/v2\/product_cat?post=517010"},{"taxonomy":"product_tag","embeddable":true,"href":"https:\/\/www.erresse-shop.it\/de\/wp-json\/wp\/v2\/product_tag?post=517010"}],"curies":[{"name":"wp","href":"https:\/\/api.w.org\/{rel}","templated":true}]}}