{"id":516935,"date":"2025-11-20T10:28:29","date_gmt":"2025-11-20T10:28:30","guid":{"rendered":"https:\/\/www.erresse-shop.it\/?post_type=product&#038;p=516935"},"modified":"2025-12-05T14:53:03","modified_gmt":"2025-12-05T14:53:03","slug":"portmeirion-sara-miller-artisanne-noir-mittlere-servierplatte-32-cm","status":"publish","type":"product","link":"https:\/\/www.erresse-shop.it\/de\/shop\/tisch\/teller-geschirr\/portmeirion-sara-miller-artisanne-noir-mittlere-servierplatte-32-cm\/","title":{"rendered":"PORTMEIRION Sara Miller Artisanne Noir Mittlere Servierplatte 32 cm"},"content":{"rendered":"<p>Pr\u00e4sentieren Sie Ihre Festmahle stilvoll mit dieser ovalen Servierplatte von Sara Miller London.<\/p>\n<p>Diese Porzellanplatte f\u00e4ngt die Essenz der marokkanischen und nah\u00f6stlichen K\u00fcche ein und ist Teil der Kollektion \u201eArtisanne Noir\u201c. Inspiriert von Saras Reisen, wurde sie speziell f\u00fcr die Bewirtung von G\u00e4sten entworfen.<\/p>\n<p>Ein wundersch\u00f6nes Paisley-Muster umspielt die sanften Rundungen der einfarbigen Platte und ist mit zarten Golddetails verziert.<\/p>\n<p>Mikrowellen- und sp\u00fclmaschinenfest \u2013 diese Servierplatte ist ein Must-have f\u00fcr Ihre Sammlung.<\/p>\n<p><strong>Produktdetails:<\/strong><\/p>\n<p><strong>H\u00f6he<\/strong>: 2,8 cm<br \/>\n<strong>Breite<\/strong>: 31,7 cm<br \/>\n<strong>Tiefe<\/strong>: 18,2 cm<\/p>\n","protected":false},"excerpt":{"rendered":"<p>Pr\u00e4sentieren Sie Ihre Festmahle stilvoll mit dieser ovalen Servierplatte von Sara Miller London. Diese Porzellanplatte f\u00e4ngt die Essenz der marokkanischen<\/p>\n","protected":false},"featured_media":516955,"template":"","meta":{"_acf_changed":false,"inline_featured_image":false},"product_cat":[6793,6787],"product_tag":[19359,23911,21971,11971,14262,12350,11827],"acf":[],"yoast_head":"<!-- This site is optimized with the Yoast SEO Premium plugin v18.6 (Yoast SEO v19.13) - https:\/\/yoast.com\/wordpress\/plugins\/seo\/ -->\n<title>PORTMEIRION Sara Miller Artisanne Noir Mittlere Servierplatte 32 cm - Erresse Shop<\/title>\n<meta name=\"description\" content=\"Pr\u00e4sentieren Sie Ihre Festmahle stilvoll mit dieser ovalen Servierplatte von Sara Miller London. Diese Porzellanplatte f\u00e4ngt die Essenz der marokkanischen\" \/>\n<meta name=\"robots\" content=\"index, follow, max-snippet:-1, max-image-preview:large, max-video-preview:-1\" \/>\n<link rel=\"canonical\" href=\"https:\/\/www.erresse-shop.it\/de\/shop\/tisch\/teller-geschirr\/portmeirion-sara-miller-artisanne-noir-mittlere-servierplatte-32-cm\/\" \/>\n<meta property=\"og:locale\" content=\"de_DE\" \/>\n<meta property=\"og:type\" content=\"article\" \/>\n<meta property=\"og:title\" content=\"PORTMEIRION Sara Miller Artisanne Noir Mittlere Servierplatte 32 cm\" \/>\n<meta property=\"og:description\" content=\"Pr\u00e4sentieren Sie Ihre Festmahle stilvoll mit dieser ovalen Servierplatte von Sara Miller London. Diese Porzellanplatte f\u00e4ngt die Essenz der marokkanischen\" \/>\n<meta property=\"og:url\" content=\"https:\/\/www.erresse-shop.it\/de\/shop\/tisch\/teller-geschirr\/portmeirion-sara-miller-artisanne-noir-mittlere-servierplatte-32-cm\/\" \/>\n<meta property=\"og:site_name\" content=\"Erresse Shop\" \/>\n<meta property=\"article:modified_time\" content=\"2025-12-05T14:53:03+00:00\" \/>\n<meta property=\"og:image\" content=\"https:\/\/www.erresse-shop.it\/wp-content\/uploads\/2025\/11\/PORTMEIRION-Sara-Miller-Artisanne-Noir-Piatto-da-Portata-Medio-32-cm.jpg\" \/>\n\t<meta property=\"og:image:width\" content=\"1200\" \/>\n\t<meta property=\"og:image:height\" content=\"1200\" \/>\n\t<meta property=\"og:image:type\" content=\"image\/jpeg\" \/>\n<meta name=\"twitter:card\" content=\"summary_large_image\" \/>\n<script type=\"application\/ld+json\" class=\"yoast-schema-graph\">{\"@context\":\"https:\/\/schema.org\",\"@graph\":[{\"@type\":\"WebPage\",\"@id\":\"https:\/\/www.erresse-shop.it\/de\/shop\/tisch\/teller-geschirr\/portmeirion-sara-miller-artisanne-noir-mittlere-servierplatte-32-cm\/\",\"url\":\"https:\/\/www.erresse-shop.it\/de\/shop\/tisch\/teller-geschirr\/portmeirion-sara-miller-artisanne-noir-mittlere-servierplatte-32-cm\/\",\"name\":\"PORTMEIRION Sara Miller Artisanne Noir Mittlere Servierplatte 32 cm - Erresse Shop\",\"isPartOf\":{\"@id\":\"https:\/\/www.erresse-shop.it\/de\/#website\"},\"datePublished\":\"2025-11-20T10:28:30+00:00\",\"dateModified\":\"2025-12-05T14:53:03+00:00\",\"description\":\"Pr\u00e4sentieren Sie Ihre Festmahle stilvoll mit dieser ovalen Servierplatte von Sara Miller London. Diese Porzellanplatte f\u00e4ngt die Essenz der marokkanischen\",\"breadcrumb\":{\"@id\":\"https:\/\/www.erresse-shop.it\/de\/shop\/tisch\/teller-geschirr\/portmeirion-sara-miller-artisanne-noir-mittlere-servierplatte-32-cm\/#breadcrumb\"},\"inLanguage\":\"de-DE\",\"potentialAction\":[{\"@type\":\"ReadAction\",\"target\":[\"https:\/\/www.erresse-shop.it\/de\/shop\/tisch\/teller-geschirr\/portmeirion-sara-miller-artisanne-noir-mittlere-servierplatte-32-cm\/\"]}]},{\"@type\":\"BreadcrumbList\",\"@id\":\"https:\/\/www.erresse-shop.it\/de\/shop\/tisch\/teller-geschirr\/portmeirion-sara-miller-artisanne-noir-mittlere-servierplatte-32-cm\/#breadcrumb\",\"itemListElement\":[{\"@type\":\"ListItem\",\"position\":1,\"name\":\"Home\",\"item\":\"https:\/\/www.erresse-shop.it\/de\/\"},{\"@type\":\"ListItem\",\"position\":2,\"name\":\"Shop\",\"item\":\"https:\/\/www.erresse-shop.it\/de\/shop\/\"},{\"@type\":\"ListItem\",\"position\":3,\"name\":\"PORTMEIRION Sara Miller Artisanne Noir Mittlere Servierplatte 32 cm\"}]},{\"@type\":\"WebSite\",\"@id\":\"https:\/\/www.erresse-shop.it\/de\/#website\",\"url\":\"https:\/\/www.erresse-shop.it\/de\/\",\"name\":\"Erresse Shop\",\"description\":\"Articoli di qualit\u00e0 per la casa\",\"potentialAction\":[{\"@type\":\"SearchAction\",\"target\":{\"@type\":\"EntryPoint\",\"urlTemplate\":\"https:\/\/www.erresse-shop.it\/de\/?s={search_term_string}\"},\"query-input\":\"required name=search_term_string\"}],\"inLanguage\":\"de-DE\"}]}<\/script>\n<!-- \/ Yoast SEO Premium plugin. -->","yoast_head_json":{"title":"PORTMEIRION Sara Miller Artisanne Noir Mittlere Servierplatte 32 cm - Erresse Shop","description":"Pr\u00e4sentieren Sie Ihre Festmahle stilvoll mit dieser ovalen Servierplatte von Sara Miller London. Diese Porzellanplatte f\u00e4ngt die Essenz der marokkanischen","robots":{"index":"index","follow":"follow","max-snippet":"max-snippet:-1","max-image-preview":"max-image-preview:large","max-video-preview":"max-video-preview:-1"},"canonical":"https:\/\/www.erresse-shop.it\/de\/shop\/tisch\/teller-geschirr\/portmeirion-sara-miller-artisanne-noir-mittlere-servierplatte-32-cm\/","og_locale":"de_DE","og_type":"article","og_title":"PORTMEIRION Sara Miller Artisanne Noir Mittlere Servierplatte 32 cm","og_description":"Pr\u00e4sentieren Sie Ihre Festmahle stilvoll mit dieser ovalen Servierplatte von Sara Miller London. Diese Porzellanplatte f\u00e4ngt die Essenz der marokkanischen","og_url":"https:\/\/www.erresse-shop.it\/de\/shop\/tisch\/teller-geschirr\/portmeirion-sara-miller-artisanne-noir-mittlere-servierplatte-32-cm\/","og_site_name":"Erresse Shop","article_modified_time":"2025-12-05T14:53:03+00:00","og_image":[{"width":1200,"height":1200,"url":"https:\/\/www.erresse-shop.it\/wp-content\/uploads\/2025\/11\/PORTMEIRION-Sara-Miller-Artisanne-Noir-Piatto-da-Portata-Medio-32-cm.jpg","type":"image\/jpeg"}],"twitter_card":"summary_large_image","schema":{"@context":"https:\/\/schema.org","@graph":[{"@type":"WebPage","@id":"https:\/\/www.erresse-shop.it\/de\/shop\/tisch\/teller-geschirr\/portmeirion-sara-miller-artisanne-noir-mittlere-servierplatte-32-cm\/","url":"https:\/\/www.erresse-shop.it\/de\/shop\/tisch\/teller-geschirr\/portmeirion-sara-miller-artisanne-noir-mittlere-servierplatte-32-cm\/","name":"PORTMEIRION Sara Miller Artisanne Noir Mittlere Servierplatte 32 cm - Erresse Shop","isPartOf":{"@id":"https:\/\/www.erresse-shop.it\/de\/#website"},"datePublished":"2025-11-20T10:28:30+00:00","dateModified":"2025-12-05T14:53:03+00:00","description":"Pr\u00e4sentieren Sie Ihre Festmahle stilvoll mit dieser ovalen Servierplatte von Sara Miller London. Diese Porzellanplatte f\u00e4ngt die Essenz der marokkanischen","breadcrumb":{"@id":"https:\/\/www.erresse-shop.it\/de\/shop\/tisch\/teller-geschirr\/portmeirion-sara-miller-artisanne-noir-mittlere-servierplatte-32-cm\/#breadcrumb"},"inLanguage":"de-DE","potentialAction":[{"@type":"ReadAction","target":["https:\/\/www.erresse-shop.it\/de\/shop\/tisch\/teller-geschirr\/portmeirion-sara-miller-artisanne-noir-mittlere-servierplatte-32-cm\/"]}]},{"@type":"BreadcrumbList","@id":"https:\/\/www.erresse-shop.it\/de\/shop\/tisch\/teller-geschirr\/portmeirion-sara-miller-artisanne-noir-mittlere-servierplatte-32-cm\/#breadcrumb","itemListElement":[{"@type":"ListItem","position":1,"name":"Home","item":"https:\/\/www.erresse-shop.it\/de\/"},{"@type":"ListItem","position":2,"name":"Shop","item":"https:\/\/www.erresse-shop.it\/de\/shop\/"},{"@type":"ListItem","position":3,"name":"PORTMEIRION Sara Miller Artisanne Noir Mittlere Servierplatte 32 cm"}]},{"@type":"WebSite","@id":"https:\/\/www.erresse-shop.it\/de\/#website","url":"https:\/\/www.erresse-shop.it\/de\/","name":"Erresse Shop","description":"Articoli di qualit\u00e0 per la casa","potentialAction":[{"@type":"SearchAction","target":{"@type":"EntryPoint","urlTemplate":"https:\/\/www.erresse-shop.it\/de\/?s={search_term_string}"},"query-input":"required name=search_term_string"}],"inLanguage":"de-DE"}]}},"df_price":59.95,"df_sale_price":59.95,"df_regular_price":80,"df_image_link":"https:\/\/www.erresse-shop.it\/wp-content\/uploads\/2025\/11\/PORTMEIRION-Sara-Miller-Artisanne-Noir-Piatto-da-Portata-Medio-32-cm-300x300.jpg","_links":{"self":[{"href":"https:\/\/www.erresse-shop.it\/de\/wp-json\/wp\/v2\/product\/516935"}],"collection":[{"href":"https:\/\/www.erresse-shop.it\/de\/wp-json\/wp\/v2\/product"}],"about":[{"href":"https:\/\/www.erresse-shop.it\/de\/wp-json\/wp\/v2\/types\/product"}],"wp:featuredmedia":[{"embeddable":true,"href":"https:\/\/www.erresse-shop.it\/de\/wp-json\/wp\/v2\/media\/516955"}],"wp:attachment":[{"href":"https:\/\/www.erresse-shop.it\/de\/wp-json\/wp\/v2\/media?parent=516935"}],"wp:term":[{"taxonomy":"product_cat","embeddable":true,"href":"https:\/\/www.erresse-shop.it\/de\/wp-json\/wp\/v2\/product_cat?post=516935"},{"taxonomy":"product_tag","embeddable":true,"href":"https:\/\/www.erresse-shop.it\/de\/wp-json\/wp\/v2\/product_tag?post=516935"}],"curies":[{"name":"wp","href":"https:\/\/api.w.org\/{rel}","templated":true}]}}