{"id":516850,"date":"2025-11-20T08:51:51","date_gmt":"2025-11-20T08:51:51","guid":{"rendered":"https:\/\/www.erresse-shop.it\/?post_type=product&#038;p=516850"},"modified":"2025-11-20T09:00:48","modified_gmt":"2025-11-20T09:00:48","slug":"mauviel-1830-mminis-auflaufform-mit-deckel-9-cm-edelstahl-3","status":"publish","type":"product","link":"https:\/\/www.erresse-shop.it\/de\/shop\/toepfe-pfannen\/toepfe-und-kochtoepfen\/mauviel-1830-mminis-auflaufform-mit-deckel-9-cm-edelstahl-3\/","title":{"rendered":"MAUVIEL 1830 M&#8217;MINIS Auflaufform mit Deckel 9 cm Edelstahl"},"content":{"rendered":"<p>Diese kompakte M&#8217;MINIS Edelstahl-Cocotte mit Deckel eignet sich ideal zum Kochen, Servieren und Pr\u00e4sentieren kleiner Portionen und ist f\u00fcr den professionellen und anspruchsvollen Einsatz bestens geeignet.<\/p>\n<p>Minimalistisches Design und die polierte Oberfl\u00e4che machen sie zur perfekten Erg\u00e4nzung f\u00fcr K\u00fcche und Tisch.<\/p>\n<p><strong>TECHNISCHE DATEN:<\/strong><\/p>\n<ul>\n<li>Material: Edelstahl 18\/10 mit Edelstahlrahmen<\/li>\n<li>St\u00e4rke: 1 mm<\/li>\n<li>Durchmesser: 9 cm<\/li>\n<li>H\u00f6he: 5 cm<\/li>\n<li>Fassungsverm\u00f6gen: 0,32 Liter<\/li>\n<li>Au\u00dfenma\u00dfe: ca. 14 \u00d7 9,5 cm<\/li>\n<li>Gewicht: ca. 0,3 kg<\/li>\n<li>Oberfl\u00e4che: Polierter Edelstahl<\/li>\n<li>Deckel: Inklusive, passend aus Edelstahl<\/li>\n<\/ul>\n<p>Kompatibilit\u00e4t: Geeignet f\u00fcr alle Herdarten, inklusive Induktion; auch ofenfest<\/p>\n<p>Reinigung: Sp\u00fclmaschinenfest<\/p>\n","protected":false},"excerpt":{"rendered":"<p>Diese kompakte M&#8217;MINIS Edelstahl-Cocotte mit Deckel eignet sich ideal zum Kochen, Servieren und Pr\u00e4sentieren kleiner Portionen und ist f\u00fcr den<\/p>\n","protected":false},"featured_media":516004,"template":"","meta":{"_acf_changed":false,"inline_featured_image":false},"product_cat":[6709,14806,14776],"product_tag":[11728,11387,11718],"acf":[],"yoast_head":"<!-- This site is optimized with the Yoast SEO Premium plugin v18.6 (Yoast SEO v19.13) - https:\/\/yoast.com\/wordpress\/plugins\/seo\/ -->\n<title>MAUVIEL 1830 M&#039;MINIS Auflaufform mit Deckel 9 cm Edelstahl - Erresse Shop<\/title>\n<meta name=\"description\" content=\"Diese kompakte M&#039;MINIS Edelstahl-Cocotte mit Deckel eignet sich ideal zum Kochen, Servieren und Pr\u00e4sentieren kleiner Portionen und ist f\u00fcr den\" \/>\n<meta name=\"robots\" content=\"index, follow, max-snippet:-1, max-image-preview:large, max-video-preview:-1\" \/>\n<link rel=\"canonical\" href=\"https:\/\/www.erresse-shop.it\/de\/shop\/toepfe-pfannen\/toepfe-und-kochtoepfen\/mauviel-1830-mminis-auflaufform-mit-deckel-9-cm-edelstahl-3\/\" \/>\n<meta property=\"og:locale\" content=\"de_DE\" \/>\n<meta property=\"og:type\" content=\"article\" \/>\n<meta property=\"og:title\" content=\"MAUVIEL 1830 M&#039;MINIS Auflaufform mit Deckel 9 cm Edelstahl\" \/>\n<meta property=\"og:description\" content=\"Diese kompakte M&#039;MINIS Edelstahl-Cocotte mit Deckel eignet sich ideal zum Kochen, Servieren und Pr\u00e4sentieren kleiner Portionen und ist f\u00fcr den\" \/>\n<meta property=\"og:url\" content=\"https:\/\/www.erresse-shop.it\/de\/shop\/toepfe-pfannen\/toepfe-und-kochtoepfen\/mauviel-1830-mminis-auflaufform-mit-deckel-9-cm-edelstahl-3\/\" \/>\n<meta property=\"og:site_name\" content=\"Erresse Shop\" \/>\n<meta property=\"article:modified_time\" content=\"2025-11-20T09:00:48+00:00\" \/>\n<meta property=\"og:image\" content=\"https:\/\/www.erresse-shop.it\/wp-content\/uploads\/2025\/11\/MAUVIEL-1830-MMINIS-Casseruola-con-Coperchio-9-cm-Inox.jpg\" \/>\n\t<meta property=\"og:image:width\" content=\"1200\" \/>\n\t<meta property=\"og:image:height\" content=\"1200\" \/>\n\t<meta property=\"og:image:type\" content=\"image\/jpeg\" \/>\n<meta name=\"twitter:card\" content=\"summary_large_image\" \/>\n<script type=\"application\/ld+json\" class=\"yoast-schema-graph\">{\"@context\":\"https:\/\/schema.org\",\"@graph\":[{\"@type\":\"WebPage\",\"@id\":\"https:\/\/www.erresse-shop.it\/de\/shop\/toepfe-pfannen\/toepfe-und-kochtoepfen\/mauviel-1830-mminis-auflaufform-mit-deckel-9-cm-edelstahl-3\/\",\"url\":\"https:\/\/www.erresse-shop.it\/de\/shop\/toepfe-pfannen\/toepfe-und-kochtoepfen\/mauviel-1830-mminis-auflaufform-mit-deckel-9-cm-edelstahl-3\/\",\"name\":\"MAUVIEL 1830 M'MINIS Auflaufform mit Deckel 9 cm Edelstahl - Erresse Shop\",\"isPartOf\":{\"@id\":\"https:\/\/www.erresse-shop.it\/de\/#website\"},\"datePublished\":\"2025-11-20T08:51:51+00:00\",\"dateModified\":\"2025-11-20T09:00:48+00:00\",\"description\":\"Diese kompakte M'MINIS Edelstahl-Cocotte mit Deckel eignet sich ideal zum Kochen, Servieren und Pr\u00e4sentieren kleiner Portionen und ist f\u00fcr den\",\"breadcrumb\":{\"@id\":\"https:\/\/www.erresse-shop.it\/de\/shop\/toepfe-pfannen\/toepfe-und-kochtoepfen\/mauviel-1830-mminis-auflaufform-mit-deckel-9-cm-edelstahl-3\/#breadcrumb\"},\"inLanguage\":\"de-DE\",\"potentialAction\":[{\"@type\":\"ReadAction\",\"target\":[\"https:\/\/www.erresse-shop.it\/de\/shop\/toepfe-pfannen\/toepfe-und-kochtoepfen\/mauviel-1830-mminis-auflaufform-mit-deckel-9-cm-edelstahl-3\/\"]}]},{\"@type\":\"BreadcrumbList\",\"@id\":\"https:\/\/www.erresse-shop.it\/de\/shop\/toepfe-pfannen\/toepfe-und-kochtoepfen\/mauviel-1830-mminis-auflaufform-mit-deckel-9-cm-edelstahl-3\/#breadcrumb\",\"itemListElement\":[{\"@type\":\"ListItem\",\"position\":1,\"name\":\"Home\",\"item\":\"https:\/\/www.erresse-shop.it\/de\/\"},{\"@type\":\"ListItem\",\"position\":2,\"name\":\"Shop\",\"item\":\"https:\/\/www.erresse-shop.it\/de\/shop\/\"},{\"@type\":\"ListItem\",\"position\":3,\"name\":\"MAUVIEL 1830 M&#8217;MINIS Auflaufform mit Deckel 9 cm Edelstahl\"}]},{\"@type\":\"WebSite\",\"@id\":\"https:\/\/www.erresse-shop.it\/de\/#website\",\"url\":\"https:\/\/www.erresse-shop.it\/de\/\",\"name\":\"Erresse Shop\",\"description\":\"Articoli di qualit\u00e0 per la casa\",\"potentialAction\":[{\"@type\":\"SearchAction\",\"target\":{\"@type\":\"EntryPoint\",\"urlTemplate\":\"https:\/\/www.erresse-shop.it\/de\/?s={search_term_string}\"},\"query-input\":\"required name=search_term_string\"}],\"inLanguage\":\"de-DE\"}]}<\/script>\n<!-- \/ Yoast SEO Premium plugin. -->","yoast_head_json":{"title":"MAUVIEL 1830 M'MINIS Auflaufform mit Deckel 9 cm Edelstahl - Erresse Shop","description":"Diese kompakte M'MINIS Edelstahl-Cocotte mit Deckel eignet sich ideal zum Kochen, Servieren und Pr\u00e4sentieren kleiner Portionen und ist f\u00fcr den","robots":{"index":"index","follow":"follow","max-snippet":"max-snippet:-1","max-image-preview":"max-image-preview:large","max-video-preview":"max-video-preview:-1"},"canonical":"https:\/\/www.erresse-shop.it\/de\/shop\/toepfe-pfannen\/toepfe-und-kochtoepfen\/mauviel-1830-mminis-auflaufform-mit-deckel-9-cm-edelstahl-3\/","og_locale":"de_DE","og_type":"article","og_title":"MAUVIEL 1830 M'MINIS Auflaufform mit Deckel 9 cm Edelstahl","og_description":"Diese kompakte M'MINIS Edelstahl-Cocotte mit Deckel eignet sich ideal zum Kochen, Servieren und Pr\u00e4sentieren kleiner Portionen und ist f\u00fcr den","og_url":"https:\/\/www.erresse-shop.it\/de\/shop\/toepfe-pfannen\/toepfe-und-kochtoepfen\/mauviel-1830-mminis-auflaufform-mit-deckel-9-cm-edelstahl-3\/","og_site_name":"Erresse Shop","article_modified_time":"2025-11-20T09:00:48+00:00","og_image":[{"width":1200,"height":1200,"url":"https:\/\/www.erresse-shop.it\/wp-content\/uploads\/2025\/11\/MAUVIEL-1830-MMINIS-Casseruola-con-Coperchio-9-cm-Inox.jpg","type":"image\/jpeg"}],"twitter_card":"summary_large_image","schema":{"@context":"https:\/\/schema.org","@graph":[{"@type":"WebPage","@id":"https:\/\/www.erresse-shop.it\/de\/shop\/toepfe-pfannen\/toepfe-und-kochtoepfen\/mauviel-1830-mminis-auflaufform-mit-deckel-9-cm-edelstahl-3\/","url":"https:\/\/www.erresse-shop.it\/de\/shop\/toepfe-pfannen\/toepfe-und-kochtoepfen\/mauviel-1830-mminis-auflaufform-mit-deckel-9-cm-edelstahl-3\/","name":"MAUVIEL 1830 M'MINIS Auflaufform mit Deckel 9 cm Edelstahl - Erresse Shop","isPartOf":{"@id":"https:\/\/www.erresse-shop.it\/de\/#website"},"datePublished":"2025-11-20T08:51:51+00:00","dateModified":"2025-11-20T09:00:48+00:00","description":"Diese kompakte M'MINIS Edelstahl-Cocotte mit Deckel eignet sich ideal zum Kochen, Servieren und Pr\u00e4sentieren kleiner Portionen und ist f\u00fcr den","breadcrumb":{"@id":"https:\/\/www.erresse-shop.it\/de\/shop\/toepfe-pfannen\/toepfe-und-kochtoepfen\/mauviel-1830-mminis-auflaufform-mit-deckel-9-cm-edelstahl-3\/#breadcrumb"},"inLanguage":"de-DE","potentialAction":[{"@type":"ReadAction","target":["https:\/\/www.erresse-shop.it\/de\/shop\/toepfe-pfannen\/toepfe-und-kochtoepfen\/mauviel-1830-mminis-auflaufform-mit-deckel-9-cm-edelstahl-3\/"]}]},{"@type":"BreadcrumbList","@id":"https:\/\/www.erresse-shop.it\/de\/shop\/toepfe-pfannen\/toepfe-und-kochtoepfen\/mauviel-1830-mminis-auflaufform-mit-deckel-9-cm-edelstahl-3\/#breadcrumb","itemListElement":[{"@type":"ListItem","position":1,"name":"Home","item":"https:\/\/www.erresse-shop.it\/de\/"},{"@type":"ListItem","position":2,"name":"Shop","item":"https:\/\/www.erresse-shop.it\/de\/shop\/"},{"@type":"ListItem","position":3,"name":"MAUVIEL 1830 M&#8217;MINIS Auflaufform mit Deckel 9 cm Edelstahl"}]},{"@type":"WebSite","@id":"https:\/\/www.erresse-shop.it\/de\/#website","url":"https:\/\/www.erresse-shop.it\/de\/","name":"Erresse Shop","description":"Articoli di qualit\u00e0 per la casa","potentialAction":[{"@type":"SearchAction","target":{"@type":"EntryPoint","urlTemplate":"https:\/\/www.erresse-shop.it\/de\/?s={search_term_string}"},"query-input":"required name=search_term_string"}],"inLanguage":"de-DE"}]}},"df_price":74.12,"df_sale_price":74.12,"df_regular_price":74.12,"df_image_link":"https:\/\/www.erresse-shop.it\/wp-content\/uploads\/2025\/11\/MAUVIEL-1830-MMINIS-Casseruola-con-Coperchio-9-cm-Inox-300x300.jpg","_links":{"self":[{"href":"https:\/\/www.erresse-shop.it\/de\/wp-json\/wp\/v2\/product\/516850"}],"collection":[{"href":"https:\/\/www.erresse-shop.it\/de\/wp-json\/wp\/v2\/product"}],"about":[{"href":"https:\/\/www.erresse-shop.it\/de\/wp-json\/wp\/v2\/types\/product"}],"wp:featuredmedia":[{"embeddable":true,"href":"https:\/\/www.erresse-shop.it\/de\/wp-json\/wp\/v2\/media\/516004"}],"wp:attachment":[{"href":"https:\/\/www.erresse-shop.it\/de\/wp-json\/wp\/v2\/media?parent=516850"}],"wp:term":[{"taxonomy":"product_cat","embeddable":true,"href":"https:\/\/www.erresse-shop.it\/de\/wp-json\/wp\/v2\/product_cat?post=516850"},{"taxonomy":"product_tag","embeddable":true,"href":"https:\/\/www.erresse-shop.it\/de\/wp-json\/wp\/v2\/product_tag?post=516850"}],"curies":[{"name":"wp","href":"https:\/\/api.w.org\/{rel}","templated":true}]}}