{"id":516824,"date":"2025-11-20T07:04:24","date_gmt":"2025-11-20T07:04:27","guid":{"rendered":"https:\/\/www.erresse-shop.it\/?post_type=product&#038;p=516824"},"modified":"2025-11-20T07:44:32","modified_gmt":"2025-11-20T07:44:32","slug":"mepra-attiva-10-teiliges-kochgeschirr-set","status":"publish","type":"product","link":"https:\/\/www.erresse-shop.it\/de\/shop\/toepfe-pfannen\/topfsets\/mepra-attiva-10-teiliges-kochgeschirr-set\/","title":{"rendered":"MEPRA Attiva 10-teiliges Kochgeschirr-Set"},"content":{"rendered":"<p>Ein komplettes Set aus der Attiva-Linie von Mepra, entwickelt f\u00fcr maximale Funktionalit\u00e4t, Langlebigkeit und professionelles Design in der K\u00fcche. Jedes Teil ist aus hochwertigen Materialien gefertigt und wird mit einem passenden Deckel geliefert \u2013 f\u00fcr beste Ergebnisse bei der t\u00e4glichen und professionellen Zubereitung.<\/p>\n<h4>Das Set beinhaltet:<\/h4>\n<ul>\n<li><strong>Eingriff-Topf, \u00d8 14 cm<\/strong><\/li>\n<li><strong>Zweigriff-Stielkasserolle, \u00d8 20 cm<\/strong><\/li>\n<li><strong>Zweigriff-Bratpfanne, \u00d8 28 cm<\/strong><\/li>\n<li><strong>Zweigriff-Stielkasserolle, \u00d8 24 cm<\/strong><\/li>\n<li><strong>Tiefer Suppentopf, \u00d8 22 cm<\/strong><\/li>\n<\/ul>\n<h4>Hauptmerkmale<\/h4>\n<ul>\n<li>Robuster und leicht zu reinigender Edelstahl<\/li>\n<li>Dicker Boden f\u00fcr gleichm\u00e4\u00dfiges Garen<\/li>\n<li>Ergonomische Griffe f\u00fcr sicheren Halt<\/li>\n<li>Geeignet f\u00fcr alle Herdarten, inklusive Induktion<\/li>\n<li>Ideal f\u00fcr die Zubereitung aller Arten von Gerichten: Saucen, Suppen, Pasta, Frittiertes, Alltagsgerichte und aufwendigere Rezepte<\/li>\n<\/ul>\n<h4>Ideal f\u00fcr<\/h4>\n<ul>\n<li>F\u00fcr den privaten und professionellen Gebrauch Verwendung<\/li>\n<li>F\u00fcr alle, die ein komplettes, langlebiges und elegantes Set suchen<\/li>\n<li>Ein hochwertiges Geschenk f\u00fcr Kochbegeisterte<\/li>\n<\/ul>\n","protected":false},"excerpt":{"rendered":"<p>Ein komplettes Set aus der Attiva-Linie von Mepra, entwickelt f\u00fcr maximale Funktionalit\u00e4t, Langlebigkeit und professionelles Design in der K\u00fcche. Jedes<\/p>\n","protected":false},"featured_media":516833,"template":"","meta":{"_acf_changed":false,"inline_featured_image":false},"product_cat":[6709,14781],"product_tag":[11395,13686],"acf":[],"yoast_head":"<!-- This site is optimized with the Yoast SEO Premium plugin v18.6 (Yoast SEO v19.13) - https:\/\/yoast.com\/wordpress\/plugins\/seo\/ -->\n<title>MEPRA Attiva 10-teiliges Kochgeschirr-Set - Erresse Shop<\/title>\n<meta name=\"description\" content=\"Ein komplettes Set aus der Attiva-Linie von Mepra, entwickelt f\u00fcr maximale Funktionalit\u00e4t, Langlebigkeit und professionelles Design in der K\u00fcche. Jedes\" \/>\n<meta name=\"robots\" content=\"index, follow, max-snippet:-1, max-image-preview:large, max-video-preview:-1\" \/>\n<link rel=\"canonical\" href=\"https:\/\/www.erresse-shop.it\/de\/shop\/toepfe-pfannen\/topfsets\/mepra-attiva-10-teiliges-kochgeschirr-set\/\" \/>\n<meta property=\"og:locale\" content=\"de_DE\" \/>\n<meta property=\"og:type\" content=\"article\" \/>\n<meta property=\"og:title\" content=\"MEPRA Attiva 10-teiliges Kochgeschirr-Set\" \/>\n<meta property=\"og:description\" content=\"Ein komplettes Set aus der Attiva-Linie von Mepra, entwickelt f\u00fcr maximale Funktionalit\u00e4t, Langlebigkeit und professionelles Design in der K\u00fcche. Jedes\" \/>\n<meta property=\"og:url\" content=\"https:\/\/www.erresse-shop.it\/de\/shop\/toepfe-pfannen\/topfsets\/mepra-attiva-10-teiliges-kochgeschirr-set\/\" \/>\n<meta property=\"og:site_name\" content=\"Erresse Shop\" \/>\n<meta property=\"article:modified_time\" content=\"2025-11-20T07:44:32+00:00\" \/>\n<meta property=\"og:image\" content=\"https:\/\/www.erresse-shop.it\/wp-content\/uploads\/2025\/11\/MEPRA-Attiva-Set-di-Pentole-10-pz.jpg\" \/>\n\t<meta property=\"og:image:width\" content=\"1200\" \/>\n\t<meta property=\"og:image:height\" content=\"1200\" \/>\n\t<meta property=\"og:image:type\" content=\"image\/jpeg\" \/>\n<meta name=\"twitter:card\" content=\"summary_large_image\" \/>\n<script type=\"application\/ld+json\" class=\"yoast-schema-graph\">{\"@context\":\"https:\/\/schema.org\",\"@graph\":[{\"@type\":\"WebPage\",\"@id\":\"https:\/\/www.erresse-shop.it\/de\/shop\/toepfe-pfannen\/topfsets\/mepra-attiva-10-teiliges-kochgeschirr-set\/\",\"url\":\"https:\/\/www.erresse-shop.it\/de\/shop\/toepfe-pfannen\/topfsets\/mepra-attiva-10-teiliges-kochgeschirr-set\/\",\"name\":\"MEPRA Attiva 10-teiliges Kochgeschirr-Set - Erresse Shop\",\"isPartOf\":{\"@id\":\"https:\/\/www.erresse-shop.it\/de\/#website\"},\"datePublished\":\"2025-11-20T07:04:27+00:00\",\"dateModified\":\"2025-11-20T07:44:32+00:00\",\"description\":\"Ein komplettes Set aus der Attiva-Linie von Mepra, entwickelt f\u00fcr maximale Funktionalit\u00e4t, Langlebigkeit und professionelles Design in der K\u00fcche. Jedes\",\"breadcrumb\":{\"@id\":\"https:\/\/www.erresse-shop.it\/de\/shop\/toepfe-pfannen\/topfsets\/mepra-attiva-10-teiliges-kochgeschirr-set\/#breadcrumb\"},\"inLanguage\":\"de-DE\",\"potentialAction\":[{\"@type\":\"ReadAction\",\"target\":[\"https:\/\/www.erresse-shop.it\/de\/shop\/toepfe-pfannen\/topfsets\/mepra-attiva-10-teiliges-kochgeschirr-set\/\"]}]},{\"@type\":\"BreadcrumbList\",\"@id\":\"https:\/\/www.erresse-shop.it\/de\/shop\/toepfe-pfannen\/topfsets\/mepra-attiva-10-teiliges-kochgeschirr-set\/#breadcrumb\",\"itemListElement\":[{\"@type\":\"ListItem\",\"position\":1,\"name\":\"Home\",\"item\":\"https:\/\/www.erresse-shop.it\/de\/\"},{\"@type\":\"ListItem\",\"position\":2,\"name\":\"Shop\",\"item\":\"https:\/\/www.erresse-shop.it\/de\/shop\/\"},{\"@type\":\"ListItem\",\"position\":3,\"name\":\"MEPRA Attiva 10-teiliges Kochgeschirr-Set\"}]},{\"@type\":\"WebSite\",\"@id\":\"https:\/\/www.erresse-shop.it\/de\/#website\",\"url\":\"https:\/\/www.erresse-shop.it\/de\/\",\"name\":\"Erresse Shop\",\"description\":\"Articoli di qualit\u00e0 per la casa\",\"potentialAction\":[{\"@type\":\"SearchAction\",\"target\":{\"@type\":\"EntryPoint\",\"urlTemplate\":\"https:\/\/www.erresse-shop.it\/de\/?s={search_term_string}\"},\"query-input\":\"required name=search_term_string\"}],\"inLanguage\":\"de-DE\"}]}<\/script>\n<!-- \/ Yoast SEO Premium plugin. -->","yoast_head_json":{"title":"MEPRA Attiva 10-teiliges Kochgeschirr-Set - Erresse Shop","description":"Ein komplettes Set aus der Attiva-Linie von Mepra, entwickelt f\u00fcr maximale Funktionalit\u00e4t, Langlebigkeit und professionelles Design in der K\u00fcche. Jedes","robots":{"index":"index","follow":"follow","max-snippet":"max-snippet:-1","max-image-preview":"max-image-preview:large","max-video-preview":"max-video-preview:-1"},"canonical":"https:\/\/www.erresse-shop.it\/de\/shop\/toepfe-pfannen\/topfsets\/mepra-attiva-10-teiliges-kochgeschirr-set\/","og_locale":"de_DE","og_type":"article","og_title":"MEPRA Attiva 10-teiliges Kochgeschirr-Set","og_description":"Ein komplettes Set aus der Attiva-Linie von Mepra, entwickelt f\u00fcr maximale Funktionalit\u00e4t, Langlebigkeit und professionelles Design in der K\u00fcche. Jedes","og_url":"https:\/\/www.erresse-shop.it\/de\/shop\/toepfe-pfannen\/topfsets\/mepra-attiva-10-teiliges-kochgeschirr-set\/","og_site_name":"Erresse Shop","article_modified_time":"2025-11-20T07:44:32+00:00","og_image":[{"width":1200,"height":1200,"url":"https:\/\/www.erresse-shop.it\/wp-content\/uploads\/2025\/11\/MEPRA-Attiva-Set-di-Pentole-10-pz.jpg","type":"image\/jpeg"}],"twitter_card":"summary_large_image","schema":{"@context":"https:\/\/schema.org","@graph":[{"@type":"WebPage","@id":"https:\/\/www.erresse-shop.it\/de\/shop\/toepfe-pfannen\/topfsets\/mepra-attiva-10-teiliges-kochgeschirr-set\/","url":"https:\/\/www.erresse-shop.it\/de\/shop\/toepfe-pfannen\/topfsets\/mepra-attiva-10-teiliges-kochgeschirr-set\/","name":"MEPRA Attiva 10-teiliges Kochgeschirr-Set - Erresse Shop","isPartOf":{"@id":"https:\/\/www.erresse-shop.it\/de\/#website"},"datePublished":"2025-11-20T07:04:27+00:00","dateModified":"2025-11-20T07:44:32+00:00","description":"Ein komplettes Set aus der Attiva-Linie von Mepra, entwickelt f\u00fcr maximale Funktionalit\u00e4t, Langlebigkeit und professionelles Design in der K\u00fcche. Jedes","breadcrumb":{"@id":"https:\/\/www.erresse-shop.it\/de\/shop\/toepfe-pfannen\/topfsets\/mepra-attiva-10-teiliges-kochgeschirr-set\/#breadcrumb"},"inLanguage":"de-DE","potentialAction":[{"@type":"ReadAction","target":["https:\/\/www.erresse-shop.it\/de\/shop\/toepfe-pfannen\/topfsets\/mepra-attiva-10-teiliges-kochgeschirr-set\/"]}]},{"@type":"BreadcrumbList","@id":"https:\/\/www.erresse-shop.it\/de\/shop\/toepfe-pfannen\/topfsets\/mepra-attiva-10-teiliges-kochgeschirr-set\/#breadcrumb","itemListElement":[{"@type":"ListItem","position":1,"name":"Home","item":"https:\/\/www.erresse-shop.it\/de\/"},{"@type":"ListItem","position":2,"name":"Shop","item":"https:\/\/www.erresse-shop.it\/de\/shop\/"},{"@type":"ListItem","position":3,"name":"MEPRA Attiva 10-teiliges Kochgeschirr-Set"}]},{"@type":"WebSite","@id":"https:\/\/www.erresse-shop.it\/de\/#website","url":"https:\/\/www.erresse-shop.it\/de\/","name":"Erresse Shop","description":"Articoli di qualit\u00e0 per la casa","potentialAction":[{"@type":"SearchAction","target":{"@type":"EntryPoint","urlTemplate":"https:\/\/www.erresse-shop.it\/de\/?s={search_term_string}"},"query-input":"required name=search_term_string"}],"inLanguage":"de-DE"}]}},"df_price":599.95,"df_sale_price":599.95,"df_regular_price":1119,"df_image_link":"https:\/\/www.erresse-shop.it\/wp-content\/uploads\/2025\/11\/MEPRA-Attiva-Set-di-Pentole-10-pz-300x300.jpg","_links":{"self":[{"href":"https:\/\/www.erresse-shop.it\/de\/wp-json\/wp\/v2\/product\/516824"}],"collection":[{"href":"https:\/\/www.erresse-shop.it\/de\/wp-json\/wp\/v2\/product"}],"about":[{"href":"https:\/\/www.erresse-shop.it\/de\/wp-json\/wp\/v2\/types\/product"}],"wp:featuredmedia":[{"embeddable":true,"href":"https:\/\/www.erresse-shop.it\/de\/wp-json\/wp\/v2\/media\/516833"}],"wp:attachment":[{"href":"https:\/\/www.erresse-shop.it\/de\/wp-json\/wp\/v2\/media?parent=516824"}],"wp:term":[{"taxonomy":"product_cat","embeddable":true,"href":"https:\/\/www.erresse-shop.it\/de\/wp-json\/wp\/v2\/product_cat?post=516824"},{"taxonomy":"product_tag","embeddable":true,"href":"https:\/\/www.erresse-shop.it\/de\/wp-json\/wp\/v2\/product_tag?post=516824"}],"curies":[{"name":"wp","href":"https:\/\/api.w.org\/{rel}","templated":true}]}}