{"id":516750,"date":"2025-11-18T07:33:25","date_gmt":"2025-11-18T07:33:27","guid":{"rendered":"https:\/\/www.erresse-shop.it\/?post_type=product&#038;p=516750"},"modified":"2025-11-18T07:45:29","modified_gmt":"2025-11-18T07:45:29","slug":"mauviel-1830-mminis-auflaufform-mit-ausguss-5-cm-kupfer","status":"publish","type":"product","link":"https:\/\/www.erresse-shop.it\/de\/shop\/toepfe-pfannen\/toepfe-und-kochtoepfen\/mauviel-1830-mminis-auflaufform-mit-ausguss-5-cm-kupfer\/","title":{"rendered":"MAUVIEL 1830 M&#8217;MINIS Auflaufform mit Ausguss 5 cm Kupfer"},"content":{"rendered":"<p>Edelstahl- und Kupfer-Kochtopf mit Griff und Ausgie\u00dfer aus Edelstahlguss aus der M&#8217;MINIS Kollektion.<\/p>\n<p>Durchmesser: 5 cm.<\/p>\n<p>Ob festliches Mittagessen oder gem\u00fctliches Abendessen \u2013 die M&#8217;MINIS Kollektion bietet Ihnen in Edelstahl oder Kupfer eine vielf\u00e4ltige Auswahl f\u00fcr jeden Geschmack. Die T\u00f6pfe und Pfannen sind f\u00fcr den Tischservice konzipiert, bei Gastronomen sehr beliebt und eignen sich perfekt zum Servieren von einzelnen Gerichten oder Saucen.<\/p>\n<p><strong>TECHNISCHE INFORMATIONEN:<\/strong><\/p>\n<ul>\n<li>Material: Edelstahl und Kupfer<\/li>\n<li>Ausgie\u00dfer: Integriert f\u00fcr pr\u00e4zises, tropffreies Ausgie\u00dfen<\/li>\n<li>Verwendung: Ideal f\u00fcr Saucen, geschmolzene Butter, Schokolade oder kleine Portionen<\/li>\n<li>Reinigung: Nur Handw\u00e4sche. Nicht sp\u00fclmaschinengeeignet.<\/li>\n<li>Linie: M&#8217;MINIS \u2013 professionelles und kompaktes Design<\/li>\n<\/ul>\n","protected":false},"excerpt":{"rendered":"<p>Edelstahl- und Kupfer-Kochtopf mit Griff und Ausgie\u00dfer aus Edelstahlguss aus der M&#8217;MINIS Kollektion. Durchmesser: 5 cm. Ob festliches Mittagessen oder<\/p>\n","protected":false},"featured_media":516759,"template":"","meta":{"_acf_changed":false,"inline_featured_image":false},"product_cat":[6709,14776],"product_tag":[11387,11718],"acf":[],"yoast_head":"<!-- This site is optimized with the Yoast SEO Premium plugin v18.6 (Yoast SEO v19.13) - https:\/\/yoast.com\/wordpress\/plugins\/seo\/ -->\n<title>MAUVIEL 1830 M&#039;MINIS Auflaufform mit Ausguss 5 cm Kupfer - Erresse Shop<\/title>\n<meta name=\"description\" content=\"Edelstahl- und Kupfer-Kochtopf mit Griff und Ausgie\u00dfer aus Edelstahlguss aus der M&#039;MINIS Kollektion. Durchmesser: 5 cm. Ob festliches Mittagessen oder\" \/>\n<meta name=\"robots\" content=\"index, follow, max-snippet:-1, max-image-preview:large, max-video-preview:-1\" \/>\n<link rel=\"canonical\" href=\"https:\/\/www.erresse-shop.it\/de\/shop\/toepfe-pfannen\/toepfe-und-kochtoepfen\/mauviel-1830-mminis-auflaufform-mit-ausguss-5-cm-kupfer\/\" \/>\n<meta property=\"og:locale\" content=\"de_DE\" \/>\n<meta property=\"og:type\" content=\"article\" \/>\n<meta property=\"og:title\" content=\"MAUVIEL 1830 M&#039;MINIS Auflaufform mit Ausguss 5 cm Kupfer\" \/>\n<meta property=\"og:description\" content=\"Edelstahl- und Kupfer-Kochtopf mit Griff und Ausgie\u00dfer aus Edelstahlguss aus der M&#039;MINIS Kollektion. Durchmesser: 5 cm. Ob festliches Mittagessen oder\" \/>\n<meta property=\"og:url\" content=\"https:\/\/www.erresse-shop.it\/de\/shop\/toepfe-pfannen\/toepfe-und-kochtoepfen\/mauviel-1830-mminis-auflaufform-mit-ausguss-5-cm-kupfer\/\" \/>\n<meta property=\"og:site_name\" content=\"Erresse Shop\" \/>\n<meta property=\"article:modified_time\" content=\"2025-11-18T07:45:29+00:00\" \/>\n<meta property=\"og:image\" content=\"https:\/\/www.erresse-shop.it\/wp-content\/uploads\/2025\/11\/MAUVIEL-1830-MMINIS-Casseruola-con-Beccuccio-5-cm-Rame.jpg\" \/>\n\t<meta property=\"og:image:width\" content=\"1200\" \/>\n\t<meta property=\"og:image:height\" content=\"1200\" \/>\n\t<meta property=\"og:image:type\" content=\"image\/jpeg\" \/>\n<meta name=\"twitter:card\" content=\"summary_large_image\" \/>\n<script type=\"application\/ld+json\" class=\"yoast-schema-graph\">{\"@context\":\"https:\/\/schema.org\",\"@graph\":[{\"@type\":\"WebPage\",\"@id\":\"https:\/\/www.erresse-shop.it\/de\/shop\/toepfe-pfannen\/toepfe-und-kochtoepfen\/mauviel-1830-mminis-auflaufform-mit-ausguss-5-cm-kupfer\/\",\"url\":\"https:\/\/www.erresse-shop.it\/de\/shop\/toepfe-pfannen\/toepfe-und-kochtoepfen\/mauviel-1830-mminis-auflaufform-mit-ausguss-5-cm-kupfer\/\",\"name\":\"MAUVIEL 1830 M'MINIS Auflaufform mit Ausguss 5 cm Kupfer - Erresse Shop\",\"isPartOf\":{\"@id\":\"https:\/\/www.erresse-shop.it\/de\/#website\"},\"datePublished\":\"2025-11-18T07:33:27+00:00\",\"dateModified\":\"2025-11-18T07:45:29+00:00\",\"description\":\"Edelstahl- und Kupfer-Kochtopf mit Griff und Ausgie\u00dfer aus Edelstahlguss aus der M'MINIS Kollektion. Durchmesser: 5 cm. Ob festliches Mittagessen oder\",\"breadcrumb\":{\"@id\":\"https:\/\/www.erresse-shop.it\/de\/shop\/toepfe-pfannen\/toepfe-und-kochtoepfen\/mauviel-1830-mminis-auflaufform-mit-ausguss-5-cm-kupfer\/#breadcrumb\"},\"inLanguage\":\"de-DE\",\"potentialAction\":[{\"@type\":\"ReadAction\",\"target\":[\"https:\/\/www.erresse-shop.it\/de\/shop\/toepfe-pfannen\/toepfe-und-kochtoepfen\/mauviel-1830-mminis-auflaufform-mit-ausguss-5-cm-kupfer\/\"]}]},{\"@type\":\"BreadcrumbList\",\"@id\":\"https:\/\/www.erresse-shop.it\/de\/shop\/toepfe-pfannen\/toepfe-und-kochtoepfen\/mauviel-1830-mminis-auflaufform-mit-ausguss-5-cm-kupfer\/#breadcrumb\",\"itemListElement\":[{\"@type\":\"ListItem\",\"position\":1,\"name\":\"Home\",\"item\":\"https:\/\/www.erresse-shop.it\/de\/\"},{\"@type\":\"ListItem\",\"position\":2,\"name\":\"Shop\",\"item\":\"https:\/\/www.erresse-shop.it\/de\/shop\/\"},{\"@type\":\"ListItem\",\"position\":3,\"name\":\"MAUVIEL 1830 M&#8217;MINIS Auflaufform mit Ausguss 5 cm Kupfer\"}]},{\"@type\":\"WebSite\",\"@id\":\"https:\/\/www.erresse-shop.it\/de\/#website\",\"url\":\"https:\/\/www.erresse-shop.it\/de\/\",\"name\":\"Erresse Shop\",\"description\":\"Articoli di qualit\u00e0 per la casa\",\"potentialAction\":[{\"@type\":\"SearchAction\",\"target\":{\"@type\":\"EntryPoint\",\"urlTemplate\":\"https:\/\/www.erresse-shop.it\/de\/?s={search_term_string}\"},\"query-input\":\"required name=search_term_string\"}],\"inLanguage\":\"de-DE\"}]}<\/script>\n<!-- \/ Yoast SEO Premium plugin. -->","yoast_head_json":{"title":"MAUVIEL 1830 M'MINIS Auflaufform mit Ausguss 5 cm Kupfer - Erresse Shop","description":"Edelstahl- und Kupfer-Kochtopf mit Griff und Ausgie\u00dfer aus Edelstahlguss aus der M'MINIS Kollektion. Durchmesser: 5 cm. Ob festliches Mittagessen oder","robots":{"index":"index","follow":"follow","max-snippet":"max-snippet:-1","max-image-preview":"max-image-preview:large","max-video-preview":"max-video-preview:-1"},"canonical":"https:\/\/www.erresse-shop.it\/de\/shop\/toepfe-pfannen\/toepfe-und-kochtoepfen\/mauviel-1830-mminis-auflaufform-mit-ausguss-5-cm-kupfer\/","og_locale":"de_DE","og_type":"article","og_title":"MAUVIEL 1830 M'MINIS Auflaufform mit Ausguss 5 cm Kupfer","og_description":"Edelstahl- und Kupfer-Kochtopf mit Griff und Ausgie\u00dfer aus Edelstahlguss aus der M'MINIS Kollektion. Durchmesser: 5 cm. Ob festliches Mittagessen oder","og_url":"https:\/\/www.erresse-shop.it\/de\/shop\/toepfe-pfannen\/toepfe-und-kochtoepfen\/mauviel-1830-mminis-auflaufform-mit-ausguss-5-cm-kupfer\/","og_site_name":"Erresse Shop","article_modified_time":"2025-11-18T07:45:29+00:00","og_image":[{"width":1200,"height":1200,"url":"https:\/\/www.erresse-shop.it\/wp-content\/uploads\/2025\/11\/MAUVIEL-1830-MMINIS-Casseruola-con-Beccuccio-5-cm-Rame.jpg","type":"image\/jpeg"}],"twitter_card":"summary_large_image","schema":{"@context":"https:\/\/schema.org","@graph":[{"@type":"WebPage","@id":"https:\/\/www.erresse-shop.it\/de\/shop\/toepfe-pfannen\/toepfe-und-kochtoepfen\/mauviel-1830-mminis-auflaufform-mit-ausguss-5-cm-kupfer\/","url":"https:\/\/www.erresse-shop.it\/de\/shop\/toepfe-pfannen\/toepfe-und-kochtoepfen\/mauviel-1830-mminis-auflaufform-mit-ausguss-5-cm-kupfer\/","name":"MAUVIEL 1830 M'MINIS Auflaufform mit Ausguss 5 cm Kupfer - Erresse Shop","isPartOf":{"@id":"https:\/\/www.erresse-shop.it\/de\/#website"},"datePublished":"2025-11-18T07:33:27+00:00","dateModified":"2025-11-18T07:45:29+00:00","description":"Edelstahl- und Kupfer-Kochtopf mit Griff und Ausgie\u00dfer aus Edelstahlguss aus der M'MINIS Kollektion. Durchmesser: 5 cm. Ob festliches Mittagessen oder","breadcrumb":{"@id":"https:\/\/www.erresse-shop.it\/de\/shop\/toepfe-pfannen\/toepfe-und-kochtoepfen\/mauviel-1830-mminis-auflaufform-mit-ausguss-5-cm-kupfer\/#breadcrumb"},"inLanguage":"de-DE","potentialAction":[{"@type":"ReadAction","target":["https:\/\/www.erresse-shop.it\/de\/shop\/toepfe-pfannen\/toepfe-und-kochtoepfen\/mauviel-1830-mminis-auflaufform-mit-ausguss-5-cm-kupfer\/"]}]},{"@type":"BreadcrumbList","@id":"https:\/\/www.erresse-shop.it\/de\/shop\/toepfe-pfannen\/toepfe-und-kochtoepfen\/mauviel-1830-mminis-auflaufform-mit-ausguss-5-cm-kupfer\/#breadcrumb","itemListElement":[{"@type":"ListItem","position":1,"name":"Home","item":"https:\/\/www.erresse-shop.it\/de\/"},{"@type":"ListItem","position":2,"name":"Shop","item":"https:\/\/www.erresse-shop.it\/de\/shop\/"},{"@type":"ListItem","position":3,"name":"MAUVIEL 1830 M&#8217;MINIS Auflaufform mit Ausguss 5 cm Kupfer"}]},{"@type":"WebSite","@id":"https:\/\/www.erresse-shop.it\/de\/#website","url":"https:\/\/www.erresse-shop.it\/de\/","name":"Erresse Shop","description":"Articoli di qualit\u00e0 per la casa","potentialAction":[{"@type":"SearchAction","target":{"@type":"EntryPoint","urlTemplate":"https:\/\/www.erresse-shop.it\/de\/?s={search_term_string}"},"query-input":"required name=search_term_string"}],"inLanguage":"de-DE"}]}},"df_price":57.92,"df_sale_price":57.92,"df_regular_price":57.92,"df_image_link":"https:\/\/www.erresse-shop.it\/wp-content\/uploads\/2025\/11\/MAUVIEL-1830-MMINIS-Casseruola-con-Beccuccio-5-cm-Rame-300x300.jpg","_links":{"self":[{"href":"https:\/\/www.erresse-shop.it\/de\/wp-json\/wp\/v2\/product\/516750"}],"collection":[{"href":"https:\/\/www.erresse-shop.it\/de\/wp-json\/wp\/v2\/product"}],"about":[{"href":"https:\/\/www.erresse-shop.it\/de\/wp-json\/wp\/v2\/types\/product"}],"wp:featuredmedia":[{"embeddable":true,"href":"https:\/\/www.erresse-shop.it\/de\/wp-json\/wp\/v2\/media\/516759"}],"wp:attachment":[{"href":"https:\/\/www.erresse-shop.it\/de\/wp-json\/wp\/v2\/media?parent=516750"}],"wp:term":[{"taxonomy":"product_cat","embeddable":true,"href":"https:\/\/www.erresse-shop.it\/de\/wp-json\/wp\/v2\/product_cat?post=516750"},{"taxonomy":"product_tag","embeddable":true,"href":"https:\/\/www.erresse-shop.it\/de\/wp-json\/wp\/v2\/product_tag?post=516750"}],"curies":[{"name":"wp","href":"https:\/\/api.w.org\/{rel}","templated":true}]}}