{"id":516711,"date":"2025-11-17T13:29:54","date_gmt":"2025-11-17T13:29:56","guid":{"rendered":"https:\/\/www.erresse-shop.it\/?post_type=product&#038;p=516711"},"modified":"2025-11-17T13:45:37","modified_gmt":"2025-11-17T13:45:37","slug":"mauviel-1830-mminis-auflaufform-mit-ausguss-7-cm-edelstahl","status":"publish","type":"product","link":"https:\/\/www.erresse-shop.it\/de\/shop\/toepfe-pfannen\/toepfe-und-kochtoepfen\/mauviel-1830-mminis-auflaufform-mit-ausguss-7-cm-edelstahl\/","title":{"rendered":"MAUVIEL 1830 M&#8217;MINIS Auflaufform mit Ausguss 7 cm Edelstahl"},"content":{"rendered":"<p>Die M&#8217;MINIS Edelstahl-Auflaufformen mit Ausgie\u00dfer eignen sich ideal zum pr\u00e4zisen und eleganten Zubereiten und Servieren von Saucen, Reduktionen und kleinen Portionen.<\/p>\n<p>Dank ihres kompakten und professionellen Designs bieten sie maximalen Komfort in der K\u00fcche und eine perfekte Pr\u00e4sentation am Tisch.<\/p>\n<p><strong>TECHNISCHE DATEN:<\/strong><\/p>\n<ul>\n<li>Material: Hochwertiger Edelstahl<\/li>\n<li>Oberfl\u00e4che: Au\u00dfen poliert, innen satiniert<\/li>\n<li>Ausgie\u00dfer: Integriert f\u00fcr pr\u00e4zises und tropffreies Ausgie\u00dfen<\/li>\n<li>Griff: Ergonomisch, geschwei\u00dft<\/li>\n<li>Kompatibilit\u00e4t: Alle Herdarten, inklusive Induktion<\/li>\n<li>Verwendung: Ideal f\u00fcr Saucen, geschmolzene Butter, Schokolade oder kleine<\/li>\n<li>Portionen<\/li>\n<li>Reinigung: Sp\u00fclmaschinenfest<\/li>\n<li>Linie: M&#8217;MINIS \u2013 professionelles und kompaktes Design<\/li>\n<\/ul>\n<p><strong>Durchmesser<\/strong>: 14 x 7 x 4 cm<br \/>\n<strong>Fassungsverm\u00f6gen<\/strong>: 0,2 L<\/p>\n","protected":false},"excerpt":{"rendered":"<p>Die M&#8217;MINIS Edelstahl-Auflaufformen mit Ausgie\u00dfer eignen sich ideal zum pr\u00e4zisen und eleganten Zubereiten und Servieren von Saucen, Reduktionen und kleinen<\/p>\n","protected":false},"featured_media":516720,"template":"","meta":{"_acf_changed":false,"inline_featured_image":false},"product_cat":[6709,14776],"product_tag":[11387,11718],"acf":[],"yoast_head":"<!-- This site is optimized with the Yoast SEO Premium plugin v18.6 (Yoast SEO v19.13) - https:\/\/yoast.com\/wordpress\/plugins\/seo\/ -->\n<title>MAUVIEL 1830 M&#039;MINIS Auflaufform mit Ausguss 7 cm Edelstahl - Erresse Shop<\/title>\n<meta name=\"description\" content=\"Die M&#039;MINIS Edelstahl-Auflaufformen mit Ausgie\u00dfer eignen sich ideal zum pr\u00e4zisen und eleganten Zubereiten und Servieren von Saucen, Reduktionen und\" \/>\n<meta name=\"robots\" content=\"index, follow, max-snippet:-1, max-image-preview:large, max-video-preview:-1\" \/>\n<link rel=\"canonical\" href=\"https:\/\/www.erresse-shop.it\/de\/shop\/toepfe-pfannen\/toepfe-und-kochtoepfen\/mauviel-1830-mminis-auflaufform-mit-ausguss-7-cm-edelstahl\/\" \/>\n<meta property=\"og:locale\" content=\"de_DE\" \/>\n<meta property=\"og:type\" content=\"article\" \/>\n<meta property=\"og:title\" content=\"MAUVIEL 1830 M&#039;MINIS Auflaufform mit Ausguss 7 cm Edelstahl\" \/>\n<meta property=\"og:description\" content=\"Die M&#039;MINIS Edelstahl-Auflaufformen mit Ausgie\u00dfer eignen sich ideal zum pr\u00e4zisen und eleganten Zubereiten und Servieren von Saucen, Reduktionen und\" \/>\n<meta property=\"og:url\" content=\"https:\/\/www.erresse-shop.it\/de\/shop\/toepfe-pfannen\/toepfe-und-kochtoepfen\/mauviel-1830-mminis-auflaufform-mit-ausguss-7-cm-edelstahl\/\" \/>\n<meta property=\"og:site_name\" content=\"Erresse Shop\" \/>\n<meta property=\"article:modified_time\" content=\"2025-11-17T13:45:37+00:00\" \/>\n<meta property=\"og:image\" content=\"https:\/\/www.erresse-shop.it\/wp-content\/uploads\/2025\/11\/MAUVIEL-1830-MMINIS-Casseruola-con-Beccuccio-7-cm-Inox.jpg\" \/>\n\t<meta property=\"og:image:width\" content=\"1200\" \/>\n\t<meta property=\"og:image:height\" content=\"1200\" \/>\n\t<meta property=\"og:image:type\" content=\"image\/jpeg\" \/>\n<meta name=\"twitter:card\" content=\"summary_large_image\" \/>\n<script type=\"application\/ld+json\" class=\"yoast-schema-graph\">{\"@context\":\"https:\/\/schema.org\",\"@graph\":[{\"@type\":\"WebPage\",\"@id\":\"https:\/\/www.erresse-shop.it\/de\/shop\/toepfe-pfannen\/toepfe-und-kochtoepfen\/mauviel-1830-mminis-auflaufform-mit-ausguss-7-cm-edelstahl\/\",\"url\":\"https:\/\/www.erresse-shop.it\/de\/shop\/toepfe-pfannen\/toepfe-und-kochtoepfen\/mauviel-1830-mminis-auflaufform-mit-ausguss-7-cm-edelstahl\/\",\"name\":\"MAUVIEL 1830 M'MINIS Auflaufform mit Ausguss 7 cm Edelstahl - Erresse Shop\",\"isPartOf\":{\"@id\":\"https:\/\/www.erresse-shop.it\/de\/#website\"},\"datePublished\":\"2025-11-17T13:29:56+00:00\",\"dateModified\":\"2025-11-17T13:45:37+00:00\",\"description\":\"Die M'MINIS Edelstahl-Auflaufformen mit Ausgie\u00dfer eignen sich ideal zum pr\u00e4zisen und eleganten Zubereiten und Servieren von Saucen, Reduktionen und\",\"breadcrumb\":{\"@id\":\"https:\/\/www.erresse-shop.it\/de\/shop\/toepfe-pfannen\/toepfe-und-kochtoepfen\/mauviel-1830-mminis-auflaufform-mit-ausguss-7-cm-edelstahl\/#breadcrumb\"},\"inLanguage\":\"de-DE\",\"potentialAction\":[{\"@type\":\"ReadAction\",\"target\":[\"https:\/\/www.erresse-shop.it\/de\/shop\/toepfe-pfannen\/toepfe-und-kochtoepfen\/mauviel-1830-mminis-auflaufform-mit-ausguss-7-cm-edelstahl\/\"]}]},{\"@type\":\"BreadcrumbList\",\"@id\":\"https:\/\/www.erresse-shop.it\/de\/shop\/toepfe-pfannen\/toepfe-und-kochtoepfen\/mauviel-1830-mminis-auflaufform-mit-ausguss-7-cm-edelstahl\/#breadcrumb\",\"itemListElement\":[{\"@type\":\"ListItem\",\"position\":1,\"name\":\"Home\",\"item\":\"https:\/\/www.erresse-shop.it\/de\/\"},{\"@type\":\"ListItem\",\"position\":2,\"name\":\"Shop\",\"item\":\"https:\/\/www.erresse-shop.it\/de\/shop\/\"},{\"@type\":\"ListItem\",\"position\":3,\"name\":\"MAUVIEL 1830 M&#8217;MINIS Auflaufform mit Ausguss 7 cm Edelstahl\"}]},{\"@type\":\"WebSite\",\"@id\":\"https:\/\/www.erresse-shop.it\/de\/#website\",\"url\":\"https:\/\/www.erresse-shop.it\/de\/\",\"name\":\"Erresse Shop\",\"description\":\"Articoli di qualit\u00e0 per la casa\",\"potentialAction\":[{\"@type\":\"SearchAction\",\"target\":{\"@type\":\"EntryPoint\",\"urlTemplate\":\"https:\/\/www.erresse-shop.it\/de\/?s={search_term_string}\"},\"query-input\":\"required name=search_term_string\"}],\"inLanguage\":\"de-DE\"}]}<\/script>\n<!-- \/ Yoast SEO Premium plugin. -->","yoast_head_json":{"title":"MAUVIEL 1830 M'MINIS Auflaufform mit Ausguss 7 cm Edelstahl - Erresse Shop","description":"Die M'MINIS Edelstahl-Auflaufformen mit Ausgie\u00dfer eignen sich ideal zum pr\u00e4zisen und eleganten Zubereiten und Servieren von Saucen, Reduktionen und","robots":{"index":"index","follow":"follow","max-snippet":"max-snippet:-1","max-image-preview":"max-image-preview:large","max-video-preview":"max-video-preview:-1"},"canonical":"https:\/\/www.erresse-shop.it\/de\/shop\/toepfe-pfannen\/toepfe-und-kochtoepfen\/mauviel-1830-mminis-auflaufform-mit-ausguss-7-cm-edelstahl\/","og_locale":"de_DE","og_type":"article","og_title":"MAUVIEL 1830 M'MINIS Auflaufform mit Ausguss 7 cm Edelstahl","og_description":"Die M'MINIS Edelstahl-Auflaufformen mit Ausgie\u00dfer eignen sich ideal zum pr\u00e4zisen und eleganten Zubereiten und Servieren von Saucen, Reduktionen und","og_url":"https:\/\/www.erresse-shop.it\/de\/shop\/toepfe-pfannen\/toepfe-und-kochtoepfen\/mauviel-1830-mminis-auflaufform-mit-ausguss-7-cm-edelstahl\/","og_site_name":"Erresse Shop","article_modified_time":"2025-11-17T13:45:37+00:00","og_image":[{"width":1200,"height":1200,"url":"https:\/\/www.erresse-shop.it\/wp-content\/uploads\/2025\/11\/MAUVIEL-1830-MMINIS-Casseruola-con-Beccuccio-7-cm-Inox.jpg","type":"image\/jpeg"}],"twitter_card":"summary_large_image","schema":{"@context":"https:\/\/schema.org","@graph":[{"@type":"WebPage","@id":"https:\/\/www.erresse-shop.it\/de\/shop\/toepfe-pfannen\/toepfe-und-kochtoepfen\/mauviel-1830-mminis-auflaufform-mit-ausguss-7-cm-edelstahl\/","url":"https:\/\/www.erresse-shop.it\/de\/shop\/toepfe-pfannen\/toepfe-und-kochtoepfen\/mauviel-1830-mminis-auflaufform-mit-ausguss-7-cm-edelstahl\/","name":"MAUVIEL 1830 M'MINIS Auflaufform mit Ausguss 7 cm Edelstahl - Erresse Shop","isPartOf":{"@id":"https:\/\/www.erresse-shop.it\/de\/#website"},"datePublished":"2025-11-17T13:29:56+00:00","dateModified":"2025-11-17T13:45:37+00:00","description":"Die M'MINIS Edelstahl-Auflaufformen mit Ausgie\u00dfer eignen sich ideal zum pr\u00e4zisen und eleganten Zubereiten und Servieren von Saucen, Reduktionen und","breadcrumb":{"@id":"https:\/\/www.erresse-shop.it\/de\/shop\/toepfe-pfannen\/toepfe-und-kochtoepfen\/mauviel-1830-mminis-auflaufform-mit-ausguss-7-cm-edelstahl\/#breadcrumb"},"inLanguage":"de-DE","potentialAction":[{"@type":"ReadAction","target":["https:\/\/www.erresse-shop.it\/de\/shop\/toepfe-pfannen\/toepfe-und-kochtoepfen\/mauviel-1830-mminis-auflaufform-mit-ausguss-7-cm-edelstahl\/"]}]},{"@type":"BreadcrumbList","@id":"https:\/\/www.erresse-shop.it\/de\/shop\/toepfe-pfannen\/toepfe-und-kochtoepfen\/mauviel-1830-mminis-auflaufform-mit-ausguss-7-cm-edelstahl\/#breadcrumb","itemListElement":[{"@type":"ListItem","position":1,"name":"Home","item":"https:\/\/www.erresse-shop.it\/de\/"},{"@type":"ListItem","position":2,"name":"Shop","item":"https:\/\/www.erresse-shop.it\/de\/shop\/"},{"@type":"ListItem","position":3,"name":"MAUVIEL 1830 M&#8217;MINIS Auflaufform mit Ausguss 7 cm Edelstahl"}]},{"@type":"WebSite","@id":"https:\/\/www.erresse-shop.it\/de\/#website","url":"https:\/\/www.erresse-shop.it\/de\/","name":"Erresse Shop","description":"Articoli di qualit\u00e0 per la casa","potentialAction":[{"@type":"SearchAction","target":{"@type":"EntryPoint","urlTemplate":"https:\/\/www.erresse-shop.it\/de\/?s={search_term_string}"},"query-input":"required name=search_term_string"}],"inLanguage":"de-DE"}]}},"df_price":47.12,"df_sale_price":47.12,"df_regular_price":47.12,"df_image_link":"https:\/\/www.erresse-shop.it\/wp-content\/uploads\/2025\/11\/MAUVIEL-1830-MMINIS-Casseruola-con-Beccuccio-7-cm-Inox-300x300.jpg","_links":{"self":[{"href":"https:\/\/www.erresse-shop.it\/de\/wp-json\/wp\/v2\/product\/516711"}],"collection":[{"href":"https:\/\/www.erresse-shop.it\/de\/wp-json\/wp\/v2\/product"}],"about":[{"href":"https:\/\/www.erresse-shop.it\/de\/wp-json\/wp\/v2\/types\/product"}],"wp:featuredmedia":[{"embeddable":true,"href":"https:\/\/www.erresse-shop.it\/de\/wp-json\/wp\/v2\/media\/516720"}],"wp:attachment":[{"href":"https:\/\/www.erresse-shop.it\/de\/wp-json\/wp\/v2\/media?parent=516711"}],"wp:term":[{"taxonomy":"product_cat","embeddable":true,"href":"https:\/\/www.erresse-shop.it\/de\/wp-json\/wp\/v2\/product_cat?post=516711"},{"taxonomy":"product_tag","embeddable":true,"href":"https:\/\/www.erresse-shop.it\/de\/wp-json\/wp\/v2\/product_tag?post=516711"}],"curies":[{"name":"wp","href":"https:\/\/api.w.org\/{rel}","templated":true}]}}