{"id":516368,"date":"2025-11-12T09:50:31","date_gmt":"2025-11-12T09:50:31","guid":{"rendered":"https:\/\/www.erresse-shop.it\/?post_type=product&#038;p=516368"},"modified":"2025-11-12T10:04:28","modified_gmt":"2025-11-12T10:04:28","slug":"torre-manuelle-kaffeemaschine-alfredo-copia","status":"publish","type":"product","link":"https:\/\/www.erresse-shop.it\/de\/shop\/kleine-elektrogeraete\/kaffeemaschinen-espresso\/handbuecher\/torre-manuelle-kaffeemaschine-alfredo-copia\/","title":{"rendered":"TORRE Manuelle Kaffeemaschine Alfredo (Copia)"},"content":{"rendered":"<h3>Kompakt, komplett aus Edelstahl, mit professionellem Design<\/h3>\n<p>Die Torre Alfredo Rotationspumpe ist eine handgefertigte italienische Espressomaschine, die professionelle Leistung und absolute Zuverl\u00e4ssigkeit mit kompakten Abmessungen und einem eleganten Design vereint.<br \/>\nMit ihrem dezenten und zeitlosen Stil f\u00fcgt sie sich harmonisch in jedes Ambiente ein \u2013 ob zu Hause oder im B\u00fcro \u2013 und kombiniert die \u00c4sthetik echten \u201eMade in Italy\u201c mit der Funktionalit\u00e4t erstklassiger Barmaschinen.<\/p>\n<p>Die Torre Alfredo ist komplett aus hochglanzpoliertem Edelstahl gefertigt und von Hand veredelt. Sie verk\u00f6rpert die Exzellenz italienischer Handwerkskunst in der Welt des Espressos.<\/p>\n<p>Das Herzst\u00fcck der Maschine ist die leise und langlebige professionelle Rotationspumpe, die einen konstanten Br\u00fchdruck, einen reibungslosen Betrieb und die M\u00f6glichkeit des direkten Wasseranschlusses garantiert. Das Ergebnis ist ein komfortables, stabiles und vibrationsfreies Benutzererlebnis.<\/p>\n<p>Ausgestattet mit einer E61-Br\u00fchgruppe mit Thermosiphon-Zirkulation garantiert die Alfredo eine makellose Temperaturstabilit\u00e4t, pr\u00e4zise Extraktionen und einen vollmundigen, aromatischen Espresso \u2013 genau wie in den besten Caf\u00e9s.<br \/>\nDas W\u00e4rmetauschersystem (HX) erm\u00f6glicht die gleichzeitige Zubereitung von Espresso und Dampf, w\u00e4hrend die elektronische Wassersteuerung und zwei Manometer die volle Kontrolle \u00fcber jeden Zubereitungsschritt gew\u00e4hrleisten.<\/p>\n<p>Die TSP Smart PID-Technologie bietet vier Temperatureinstellungen, eine einstellbare Vorbr\u00fchfunktion, eine Dampf-Boost-Funktion, einen Br\u00fchtimer, einen programmierbaren ECO-Modus und einen \u00dcberhitzungsschutz, der die Extraktionsqualit\u00e4t stets erh\u00e4lt.<\/p>\n<h3 data-start=\"1019\" data-end=\"1049\">Hauptmerkmale:<\/h3>\n<ul>\n<li>E61 Br\u00fchgruppe mit Thermosiphon-Zirkulation f\u00fcr konstante Temperatur und gleichm\u00e4\u00dfige Extraktion.<\/li>\n<li><strong>Professionelle Edelstahl-Rotationspumpe: leise, langlebig und f\u00fcr den direkten Wasseranschluss geeignet.<\/strong><\/li>\n<li>1,5-Liter-Kupferkessel mit W\u00e4rmetauscher f\u00fcr die gleichzeitige Zubereitung von Espresso und Dampf.<\/li>\n<li>Jede Maschine ist aus hochglanzpoliertem Edelstahl gefertigt und handgefertigt.<\/li>\n<li>Doppelte Manometer f\u00fcr Kessel- und Pumpendruck.<\/li>\n<li>Elektronisches Wassermanagementsystem mit automatischer Kesself\u00fcllstandsregelung.<\/li>\n<li>Intelligentes PID-Display:<\/li>\n<li>4 w\u00e4hlbare Temperaturstufen<\/li>\n<li>Einstellbare elektronische Vorbr\u00fchfunktion<\/li>\n<li>Ausgabetimer<\/li>\n<li>Programmierbarer ECO-Modus<\/li>\n<li>Dampf-Boost Funktion<\/li>\n<li>\u00dcberhitzungsschutzalgorithmus<\/li>\n<li>Intelligente Tankf\u00fcllstandsanzeige (die Maschine bleibt auch bei leerem Tank warm; einfach auff\u00fcllen und sofort wieder benutzen).<\/li>\n<li>Separate Joystick-Zapfh\u00e4hne f\u00fcr Dampf und Hei\u00dfwasser mit w\u00e4rmeisolierten Kn\u00f6pfen.<\/li>\n<\/ul>\n<h3>Technische Daten:<\/h3>\n<ul>\n<li><strong>Traditionelle E61 Br\u00fchgruppe<\/strong><\/li>\n<li><strong>1,5-Liter-Kupferkessel mit W\u00e4rmetauscher<\/strong><\/li>\n<li><strong>2,5-Liter-Wassertank (abnehmbar)<\/strong><\/li>\n<li><strong>Material<\/strong> Edelstahl<\/li>\n<li><strong>Abmessungen<\/strong> 38,5 x 27,5 cm, H\u00f6he 41 cm<\/li>\n<li><strong>Gewicht<\/strong> 26 kg<\/li>\n<li><strong>Stromversorgung<\/strong> 110\u2013120 V AC \/ 50\u201360 Hz<\/li>\n<\/ul>\n","protected":false},"excerpt":{"rendered":"<p>Kompakt, komplett aus Edelstahl, mit professionellem Design Die Torre Alfredo Rotationspumpe ist eine handgefertigte italienische Espressomaschine, die professionelle Leistung und<\/p>\n","protected":false},"featured_media":516329,"template":"","meta":{"_acf_changed":false,"inline_featured_image":false},"product_cat":[6733,6703,25366],"product_tag":[23564,11619,23582,25022],"acf":[],"yoast_head":"<!-- This site is optimized with the Yoast SEO Premium plugin v18.6 (Yoast SEO v19.13) - https:\/\/yoast.com\/wordpress\/plugins\/seo\/ -->\n<title>SMEG Manuelle Espresso-Kaffeemaschine Rosa<\/title>\n<meta name=\"description\" content=\"Entdecken Sie SMEG Manuelle Espresso-Kaffeemaschine Rosa bei ErresseShop. Qualit\u00e4t, Stil und Funktionalit\u00e4t \u2013 jetzt online bestellen!\" \/>\n<meta name=\"robots\" content=\"index, follow, max-snippet:-1, max-image-preview:large, max-video-preview:-1\" \/>\n<link rel=\"canonical\" href=\"https:\/\/www.erresse-shop.it\/de\/shop\/kleine-elektrogeraete\/kaffeemaschinen-espresso\/handbuecher\/torre-manuelle-kaffeemaschine-alfredo-copia\/\" \/>\n<meta property=\"og:locale\" content=\"de_DE\" \/>\n<meta property=\"og:type\" content=\"article\" \/>\n<meta property=\"og:title\" content=\"TORRE Manuelle Kaffeemaschine Alfredo (Copia)\" \/>\n<meta property=\"og:description\" content=\"Entdecken Sie SMEG Manuelle Espresso-Kaffeemaschine Rosa bei ErresseShop. Qualit\u00e4t, Stil und Funktionalit\u00e4t \u2013 jetzt online bestellen!\" \/>\n<meta property=\"og:url\" content=\"https:\/\/www.erresse-shop.it\/de\/shop\/kleine-elektrogeraete\/kaffeemaschinen-espresso\/handbuecher\/torre-manuelle-kaffeemaschine-alfredo-copia\/\" \/>\n<meta property=\"og:site_name\" content=\"Erresse Shop\" \/>\n<meta property=\"article:modified_time\" content=\"2025-11-12T10:04:28+00:00\" \/>\n<meta property=\"og:image\" content=\"https:\/\/www.erresse-shop.it\/wp-content\/uploads\/2025\/11\/TORRE-Macchina-da-Caffe-Manuale-Alfredo.jpg\" \/>\n\t<meta property=\"og:image:width\" content=\"1200\" \/>\n\t<meta property=\"og:image:height\" content=\"1200\" \/>\n\t<meta property=\"og:image:type\" content=\"image\/jpeg\" \/>\n<meta name=\"twitter:card\" content=\"summary_large_image\" \/>\n<script type=\"application\/ld+json\" class=\"yoast-schema-graph\">{\"@context\":\"https:\/\/schema.org\",\"@graph\":[{\"@type\":\"WebPage\",\"@id\":\"https:\/\/www.erresse-shop.it\/de\/shop\/kleine-elektrogeraete\/kaffeemaschinen-espresso\/handbuecher\/torre-manuelle-kaffeemaschine-alfredo-copia\/\",\"url\":\"https:\/\/www.erresse-shop.it\/de\/shop\/kleine-elektrogeraete\/kaffeemaschinen-espresso\/handbuecher\/torre-manuelle-kaffeemaschine-alfredo-copia\/\",\"name\":\"SMEG Manuelle Espresso-Kaffeemaschine Rosa\",\"isPartOf\":{\"@id\":\"https:\/\/www.erresse-shop.it\/de\/#website\"},\"datePublished\":\"2025-11-12T09:50:31+00:00\",\"dateModified\":\"2025-11-12T10:04:28+00:00\",\"description\":\"Entdecken Sie SMEG Manuelle Espresso-Kaffeemaschine Rosa bei ErresseShop. Qualit\u00e4t, Stil und Funktionalit\u00e4t \u2013 jetzt online bestellen!\",\"breadcrumb\":{\"@id\":\"https:\/\/www.erresse-shop.it\/de\/shop\/kleine-elektrogeraete\/kaffeemaschinen-espresso\/handbuecher\/torre-manuelle-kaffeemaschine-alfredo-copia\/#breadcrumb\"},\"inLanguage\":\"de-DE\",\"potentialAction\":[{\"@type\":\"ReadAction\",\"target\":[\"https:\/\/www.erresse-shop.it\/de\/shop\/kleine-elektrogeraete\/kaffeemaschinen-espresso\/handbuecher\/torre-manuelle-kaffeemaschine-alfredo-copia\/\"]}]},{\"@type\":\"BreadcrumbList\",\"@id\":\"https:\/\/www.erresse-shop.it\/de\/shop\/kleine-elektrogeraete\/kaffeemaschinen-espresso\/handbuecher\/torre-manuelle-kaffeemaschine-alfredo-copia\/#breadcrumb\",\"itemListElement\":[{\"@type\":\"ListItem\",\"position\":1,\"name\":\"Home\",\"item\":\"https:\/\/www.erresse-shop.it\/de\/\"},{\"@type\":\"ListItem\",\"position\":2,\"name\":\"Shop\",\"item\":\"https:\/\/www.erresse-shop.it\/de\/shop\/\"},{\"@type\":\"ListItem\",\"position\":3,\"name\":\"TORRE Manuelle Kaffeemaschine Alfredo (Copia)\"}]},{\"@type\":\"WebSite\",\"@id\":\"https:\/\/www.erresse-shop.it\/de\/#website\",\"url\":\"https:\/\/www.erresse-shop.it\/de\/\",\"name\":\"Erresse Shop\",\"description\":\"Articoli di qualit\u00e0 per la casa\",\"potentialAction\":[{\"@type\":\"SearchAction\",\"target\":{\"@type\":\"EntryPoint\",\"urlTemplate\":\"https:\/\/www.erresse-shop.it\/de\/?s={search_term_string}\"},\"query-input\":\"required name=search_term_string\"}],\"inLanguage\":\"de-DE\"}]}<\/script>\n<!-- \/ Yoast SEO Premium plugin. -->","yoast_head_json":{"title":"SMEG Manuelle Espresso-Kaffeemaschine Rosa","description":"Entdecken Sie SMEG Manuelle Espresso-Kaffeemaschine Rosa bei ErresseShop. Qualit\u00e4t, Stil und Funktionalit\u00e4t \u2013 jetzt online bestellen!","robots":{"index":"index","follow":"follow","max-snippet":"max-snippet:-1","max-image-preview":"max-image-preview:large","max-video-preview":"max-video-preview:-1"},"canonical":"https:\/\/www.erresse-shop.it\/de\/shop\/kleine-elektrogeraete\/kaffeemaschinen-espresso\/handbuecher\/torre-manuelle-kaffeemaschine-alfredo-copia\/","og_locale":"de_DE","og_type":"article","og_title":"TORRE Manuelle Kaffeemaschine Alfredo (Copia)","og_description":"Entdecken Sie SMEG Manuelle Espresso-Kaffeemaschine Rosa bei ErresseShop. Qualit\u00e4t, Stil und Funktionalit\u00e4t \u2013 jetzt online bestellen!","og_url":"https:\/\/www.erresse-shop.it\/de\/shop\/kleine-elektrogeraete\/kaffeemaschinen-espresso\/handbuecher\/torre-manuelle-kaffeemaschine-alfredo-copia\/","og_site_name":"Erresse Shop","article_modified_time":"2025-11-12T10:04:28+00:00","og_image":[{"width":1200,"height":1200,"url":"https:\/\/www.erresse-shop.it\/wp-content\/uploads\/2025\/11\/TORRE-Macchina-da-Caffe-Manuale-Alfredo.jpg","type":"image\/jpeg"}],"twitter_card":"summary_large_image","schema":{"@context":"https:\/\/schema.org","@graph":[{"@type":"WebPage","@id":"https:\/\/www.erresse-shop.it\/de\/shop\/kleine-elektrogeraete\/kaffeemaschinen-espresso\/handbuecher\/torre-manuelle-kaffeemaschine-alfredo-copia\/","url":"https:\/\/www.erresse-shop.it\/de\/shop\/kleine-elektrogeraete\/kaffeemaschinen-espresso\/handbuecher\/torre-manuelle-kaffeemaschine-alfredo-copia\/","name":"SMEG Manuelle Espresso-Kaffeemaschine Rosa","isPartOf":{"@id":"https:\/\/www.erresse-shop.it\/de\/#website"},"datePublished":"2025-11-12T09:50:31+00:00","dateModified":"2025-11-12T10:04:28+00:00","description":"Entdecken Sie SMEG Manuelle Espresso-Kaffeemaschine Rosa bei ErresseShop. Qualit\u00e4t, Stil und Funktionalit\u00e4t \u2013 jetzt online bestellen!","breadcrumb":{"@id":"https:\/\/www.erresse-shop.it\/de\/shop\/kleine-elektrogeraete\/kaffeemaschinen-espresso\/handbuecher\/torre-manuelle-kaffeemaschine-alfredo-copia\/#breadcrumb"},"inLanguage":"de-DE","potentialAction":[{"@type":"ReadAction","target":["https:\/\/www.erresse-shop.it\/de\/shop\/kleine-elektrogeraete\/kaffeemaschinen-espresso\/handbuecher\/torre-manuelle-kaffeemaschine-alfredo-copia\/"]}]},{"@type":"BreadcrumbList","@id":"https:\/\/www.erresse-shop.it\/de\/shop\/kleine-elektrogeraete\/kaffeemaschinen-espresso\/handbuecher\/torre-manuelle-kaffeemaschine-alfredo-copia\/#breadcrumb","itemListElement":[{"@type":"ListItem","position":1,"name":"Home","item":"https:\/\/www.erresse-shop.it\/de\/"},{"@type":"ListItem","position":2,"name":"Shop","item":"https:\/\/www.erresse-shop.it\/de\/shop\/"},{"@type":"ListItem","position":3,"name":"TORRE Manuelle Kaffeemaschine Alfredo (Copia)"}]},{"@type":"WebSite","@id":"https:\/\/www.erresse-shop.it\/de\/#website","url":"https:\/\/www.erresse-shop.it\/de\/","name":"Erresse Shop","description":"Articoli di qualit\u00e0 per la casa","potentialAction":[{"@type":"SearchAction","target":{"@type":"EntryPoint","urlTemplate":"https:\/\/www.erresse-shop.it\/de\/?s={search_term_string}"},"query-input":"required name=search_term_string"}],"inLanguage":"de-DE"}]}},"df_price":1931.0800000000002,"df_sale_price":1931.0800000000002,"df_regular_price":2099,"df_image_link":"https:\/\/www.erresse-shop.it\/wp-content\/uploads\/2025\/11\/TORRE-Macchina-da-Caffe-Manuale-Alfredo-300x300.jpg","_links":{"self":[{"href":"https:\/\/www.erresse-shop.it\/de\/wp-json\/wp\/v2\/product\/516368"}],"collection":[{"href":"https:\/\/www.erresse-shop.it\/de\/wp-json\/wp\/v2\/product"}],"about":[{"href":"https:\/\/www.erresse-shop.it\/de\/wp-json\/wp\/v2\/types\/product"}],"wp:featuredmedia":[{"embeddable":true,"href":"https:\/\/www.erresse-shop.it\/de\/wp-json\/wp\/v2\/media\/516329"}],"wp:attachment":[{"href":"https:\/\/www.erresse-shop.it\/de\/wp-json\/wp\/v2\/media?parent=516368"}],"wp:term":[{"taxonomy":"product_cat","embeddable":true,"href":"https:\/\/www.erresse-shop.it\/de\/wp-json\/wp\/v2\/product_cat?post=516368"},{"taxonomy":"product_tag","embeddable":true,"href":"https:\/\/www.erresse-shop.it\/de\/wp-json\/wp\/v2\/product_tag?post=516368"}],"curies":[{"name":"wp","href":"https:\/\/api.w.org\/{rel}","templated":true}]}}