{"id":516205,"date":"2025-11-11T11:16:33","date_gmt":"2025-11-11T11:16:35","guid":{"rendered":"https:\/\/www.erresse-shop.it\/?post_type=product&#038;p=516205"},"modified":"2025-11-11T13:18:00","modified_gmt":"2025-11-11T13:18:00","slug":"torre-manuelle-kaffeemaschine-luigino-tsp-joystick-taps-wood","status":"publish","type":"product","link":"https:\/\/www.erresse-shop.it\/de\/shop\/kleine-elektrogeraete\/kaffeemaschinen-espresso\/handbuecher\/torre-manuelle-kaffeemaschine-luigino-tsp-joystick-taps-wood\/","title":{"rendered":"TORRE Manuelle Kaffeemaschine Luigino TSP Joystick Taps Holz"},"content":{"rendered":"<h3>Kompakt und zuverl\u00e4ssig mit professioneller Leistung<\/h3>\n<p>Die Torre Luigino TSP Joystick Taps ist eine kompakte, aber professionell anmutende italienische Espressomaschine, die Barista-Qualit\u00e4t f\u00fcr Zuhause oder das B\u00fcro bietet. Sie ist komplett aus hochglanzpoliertem Edelstahl gefertigt und handgefertigt. Die Maschine vereint elegantes Design, mechanische Zuverl\u00e4ssigkeit und einfache Bedienung.<\/p>\n<p>Das Joystick-System f\u00fcr Dampf und Hei\u00dfwasser erm\u00f6glicht eine besonders fl\u00fcssige und pr\u00e4zise Steuerung: Eine einfache Bewegung gen\u00fcgt, um die Ausgabe zu regulieren und sorgt so f\u00fcr sofortige Reaktionsf\u00e4higkeit und maximale Ergonomie. Unter dem kompakten Geh\u00e4use arbeitet die leise Vibrationspumpe mit dem 1,5-Liter-Kupferboiler und der E61-Br\u00fchgruppe zusammen. Dies garantiert thermische Stabilit\u00e4t, perfekte Extraktion und einen vollmundigen, intensiv aromatischen Espresso \u2013 genau wie in der Bar.<\/p>\n<p>Die <strong data-start=\"873\" data-end=\"903\">Holzkn\u00f6pfe<\/strong> verleihen dem Design eine edle und warme Note und machen jede Benutzung zu einem angenehmen und raffinierten Erlebnis.<\/p>\n<p>Das W\u00e4rmetauschersystem (HX) erm\u00f6glicht die gleichzeitige Zubereitung von Espresso und Dampf, w\u00e4hrend die elektronische Wasserregulierung und die beiden Manometer die volle Kontrolle \u00fcber jeden Zubereitungsschritt gew\u00e4hrleisten.<\/p>\n<h3 data-start=\"1019\" data-end=\"1049\">Hauptmerkmale:<\/h3>\n<ul>\n<li><strong>Joystick-Zapfh\u00e4hne aus Holz<\/strong> f\u00fcr Dampf und Hei\u00dfwasser: unmittelbare, sanfte und professionelle Steuerung.<\/li>\n<li><strong>E61 Br\u00fchgruppe<\/strong> mit Thermosiphon-Zirkulation f\u00fcr konstante Temperaturstabilit\u00e4t.<\/li>\n<li><strong>Leiser, zuverl\u00e4ssiger und pr\u00e4ziser Vibrationsmotor.<\/strong><\/li>\n<li><strong>1,5-Liter-Kupferkessel mit W\u00e4rmetauscher f\u00fcr die gleichzeitige Zubereitung von Espresso und Dampf.<\/strong><\/li>\n<li><strong>Hochglanzpolierte, handgefertigte Edelstahlkonstruktion.<\/strong><\/li>\n<li><strong>Doppelte Manometer<\/strong> f\u00fcr Kessel- und Pumpendruck.<\/li>\n<li><strong>Elektronisches Wassermanagementsystem und automatische Kesself\u00fcllstandsregelung.<\/strong><\/li>\n<li><strong>Optionale \u201eSMART PID\u201c-Konfiguration<\/strong> mit OLED-Display, Shot-Timer, einstellbarer Vorbr\u00fchfunktion und ECO-Modus. Modus.<\/li>\n<li><strong>Dampf-Boost-Funktion<\/strong> f\u00fcr maximalen Dampf, auch bei intensivstem Br\u00fchen.<\/li>\n<li><strong>Integrierter Br\u00fchtimer.<\/strong><\/li>\n<li><strong>\u00dcberhitzungsschutz und intelligente Tankf\u00fcllstandsanzeige (die Maschine bleibt auch bei leerem Tank warm).<\/strong><\/li>\n<li><strong>Vier Temperatureinstellungen mit PID-Regelung.<\/strong><\/li>\n<li><strong>Einstellbare elektronische Vorbr\u00fchfunktion.<\/strong><\/li>\n<li><strong>Programmierbarer ECO-Modus<\/strong> zur Reduzierung des Energieverbrauchs.<\/li>\n<\/ul>\n<h3>Technische Daten:<\/h3>\n<ul>\n<li><strong>Traditionelle E61 Br\u00fchgruppe<\/strong><\/li>\n<li><strong>Boiler<\/strong> 1,5 l Kupfer mit W\u00e4rmetauscher<\/li>\n<li><strong>Wassertank<\/strong> 2,5 l (abnehmbar)<\/li>\n<li><strong>Material<\/strong> Edelstahl<\/li>\n<li><strong>Abmessungen<\/strong> 38,5 x 20,6 cm, H\u00f6he 41 cm<\/li>\n<li><strong>Gewicht<\/strong> 20,5 kg<\/li>\n<li><strong>Stromversorgung<\/strong> 110\u2013120 V Wechselstrom \/ 50\u201360 Hz<\/li>\n<\/ul>\n","protected":false},"excerpt":{"rendered":"<p>Kompakt und zuverl\u00e4ssig mit professioneller Leistung Die Torre Luigino TSP Joystick Taps ist eine kompakte, aber professionell anmutende italienische Espressomaschine,<\/p>\n","protected":false},"featured_media":516219,"template":"","meta":{"_acf_changed":false,"inline_featured_image":false},"product_cat":[6733,6703,25366],"product_tag":[23564,11619,25022],"acf":[],"yoast_head":"<!-- This site is optimized with the Yoast SEO Premium plugin v18.6 (Yoast SEO v19.13) - https:\/\/yoast.com\/wordpress\/plugins\/seo\/ -->\n<title>SMEG Manuelle Espresso-Kaffeemaschine Rosa<\/title>\n<meta name=\"description\" content=\"Entdecken Sie SMEG Manuelle Espresso-Kaffeemaschine Rosa bei ErresseShop. Qualit\u00e4t, Stil und Funktionalit\u00e4t \u2013 jetzt online bestellen!\" \/>\n<meta name=\"robots\" content=\"index, follow, max-snippet:-1, max-image-preview:large, max-video-preview:-1\" \/>\n<link rel=\"canonical\" href=\"https:\/\/www.erresse-shop.it\/de\/shop\/kleine-elektrogeraete\/kaffeemaschinen-espresso\/handbuecher\/torre-manuelle-kaffeemaschine-luigino-tsp-joystick-taps-wood\/\" \/>\n<meta property=\"og:locale\" content=\"de_DE\" \/>\n<meta property=\"og:type\" content=\"article\" \/>\n<meta property=\"og:title\" content=\"TORRE Manuelle Kaffeemaschine Luigino TSP Joystick Taps Holz\" \/>\n<meta property=\"og:description\" content=\"Entdecken Sie SMEG Manuelle Espresso-Kaffeemaschine Rosa bei ErresseShop. Qualit\u00e4t, Stil und Funktionalit\u00e4t \u2013 jetzt online bestellen!\" \/>\n<meta property=\"og:url\" content=\"https:\/\/www.erresse-shop.it\/de\/shop\/kleine-elektrogeraete\/kaffeemaschinen-espresso\/handbuecher\/torre-manuelle-kaffeemaschine-luigino-tsp-joystick-taps-wood\/\" \/>\n<meta property=\"og:site_name\" content=\"Erresse Shop\" \/>\n<meta property=\"article:modified_time\" content=\"2025-11-11T13:18:00+00:00\" \/>\n<meta property=\"og:image\" content=\"https:\/\/www.erresse-shop.it\/wp-content\/uploads\/2025\/11\/TORRE-Macchina-da-Caffe-Manuale-Luigino-TSP-Joystick-Taps-Wood.jpg\" \/>\n\t<meta property=\"og:image:width\" content=\"1200\" \/>\n\t<meta property=\"og:image:height\" content=\"1200\" \/>\n\t<meta property=\"og:image:type\" content=\"image\/jpeg\" \/>\n<meta name=\"twitter:card\" content=\"summary_large_image\" \/>\n<script type=\"application\/ld+json\" class=\"yoast-schema-graph\">{\"@context\":\"https:\/\/schema.org\",\"@graph\":[{\"@type\":\"WebPage\",\"@id\":\"https:\/\/www.erresse-shop.it\/de\/shop\/kleine-elektrogeraete\/kaffeemaschinen-espresso\/handbuecher\/torre-manuelle-kaffeemaschine-luigino-tsp-joystick-taps-wood\/\",\"url\":\"https:\/\/www.erresse-shop.it\/de\/shop\/kleine-elektrogeraete\/kaffeemaschinen-espresso\/handbuecher\/torre-manuelle-kaffeemaschine-luigino-tsp-joystick-taps-wood\/\",\"name\":\"SMEG Manuelle Espresso-Kaffeemaschine Rosa\",\"isPartOf\":{\"@id\":\"https:\/\/www.erresse-shop.it\/de\/#website\"},\"datePublished\":\"2025-11-11T11:16:35+00:00\",\"dateModified\":\"2025-11-11T13:18:00+00:00\",\"description\":\"Entdecken Sie SMEG Manuelle Espresso-Kaffeemaschine Rosa bei ErresseShop. Qualit\u00e4t, Stil und Funktionalit\u00e4t \u2013 jetzt online bestellen!\",\"breadcrumb\":{\"@id\":\"https:\/\/www.erresse-shop.it\/de\/shop\/kleine-elektrogeraete\/kaffeemaschinen-espresso\/handbuecher\/torre-manuelle-kaffeemaschine-luigino-tsp-joystick-taps-wood\/#breadcrumb\"},\"inLanguage\":\"de-DE\",\"potentialAction\":[{\"@type\":\"ReadAction\",\"target\":[\"https:\/\/www.erresse-shop.it\/de\/shop\/kleine-elektrogeraete\/kaffeemaschinen-espresso\/handbuecher\/torre-manuelle-kaffeemaschine-luigino-tsp-joystick-taps-wood\/\"]}]},{\"@type\":\"BreadcrumbList\",\"@id\":\"https:\/\/www.erresse-shop.it\/de\/shop\/kleine-elektrogeraete\/kaffeemaschinen-espresso\/handbuecher\/torre-manuelle-kaffeemaschine-luigino-tsp-joystick-taps-wood\/#breadcrumb\",\"itemListElement\":[{\"@type\":\"ListItem\",\"position\":1,\"name\":\"Home\",\"item\":\"https:\/\/www.erresse-shop.it\/de\/\"},{\"@type\":\"ListItem\",\"position\":2,\"name\":\"Shop\",\"item\":\"https:\/\/www.erresse-shop.it\/de\/shop\/\"},{\"@type\":\"ListItem\",\"position\":3,\"name\":\"TORRE Manuelle Kaffeemaschine Luigino TSP Joystick Taps Holz\"}]},{\"@type\":\"WebSite\",\"@id\":\"https:\/\/www.erresse-shop.it\/de\/#website\",\"url\":\"https:\/\/www.erresse-shop.it\/de\/\",\"name\":\"Erresse Shop\",\"description\":\"Articoli di qualit\u00e0 per la casa\",\"potentialAction\":[{\"@type\":\"SearchAction\",\"target\":{\"@type\":\"EntryPoint\",\"urlTemplate\":\"https:\/\/www.erresse-shop.it\/de\/?s={search_term_string}\"},\"query-input\":\"required name=search_term_string\"}],\"inLanguage\":\"de-DE\"}]}<\/script>\n<!-- \/ Yoast SEO Premium plugin. -->","yoast_head_json":{"title":"SMEG Manuelle Espresso-Kaffeemaschine Rosa","description":"Entdecken Sie SMEG Manuelle Espresso-Kaffeemaschine Rosa bei ErresseShop. Qualit\u00e4t, Stil und Funktionalit\u00e4t \u2013 jetzt online bestellen!","robots":{"index":"index","follow":"follow","max-snippet":"max-snippet:-1","max-image-preview":"max-image-preview:large","max-video-preview":"max-video-preview:-1"},"canonical":"https:\/\/www.erresse-shop.it\/de\/shop\/kleine-elektrogeraete\/kaffeemaschinen-espresso\/handbuecher\/torre-manuelle-kaffeemaschine-luigino-tsp-joystick-taps-wood\/","og_locale":"de_DE","og_type":"article","og_title":"TORRE Manuelle Kaffeemaschine Luigino TSP Joystick Taps Holz","og_description":"Entdecken Sie SMEG Manuelle Espresso-Kaffeemaschine Rosa bei ErresseShop. Qualit\u00e4t, Stil und Funktionalit\u00e4t \u2013 jetzt online bestellen!","og_url":"https:\/\/www.erresse-shop.it\/de\/shop\/kleine-elektrogeraete\/kaffeemaschinen-espresso\/handbuecher\/torre-manuelle-kaffeemaschine-luigino-tsp-joystick-taps-wood\/","og_site_name":"Erresse Shop","article_modified_time":"2025-11-11T13:18:00+00:00","og_image":[{"width":1200,"height":1200,"url":"https:\/\/www.erresse-shop.it\/wp-content\/uploads\/2025\/11\/TORRE-Macchina-da-Caffe-Manuale-Luigino-TSP-Joystick-Taps-Wood.jpg","type":"image\/jpeg"}],"twitter_card":"summary_large_image","schema":{"@context":"https:\/\/schema.org","@graph":[{"@type":"WebPage","@id":"https:\/\/www.erresse-shop.it\/de\/shop\/kleine-elektrogeraete\/kaffeemaschinen-espresso\/handbuecher\/torre-manuelle-kaffeemaschine-luigino-tsp-joystick-taps-wood\/","url":"https:\/\/www.erresse-shop.it\/de\/shop\/kleine-elektrogeraete\/kaffeemaschinen-espresso\/handbuecher\/torre-manuelle-kaffeemaschine-luigino-tsp-joystick-taps-wood\/","name":"SMEG Manuelle Espresso-Kaffeemaschine Rosa","isPartOf":{"@id":"https:\/\/www.erresse-shop.it\/de\/#website"},"datePublished":"2025-11-11T11:16:35+00:00","dateModified":"2025-11-11T13:18:00+00:00","description":"Entdecken Sie SMEG Manuelle Espresso-Kaffeemaschine Rosa bei ErresseShop. Qualit\u00e4t, Stil und Funktionalit\u00e4t \u2013 jetzt online bestellen!","breadcrumb":{"@id":"https:\/\/www.erresse-shop.it\/de\/shop\/kleine-elektrogeraete\/kaffeemaschinen-espresso\/handbuecher\/torre-manuelle-kaffeemaschine-luigino-tsp-joystick-taps-wood\/#breadcrumb"},"inLanguage":"de-DE","potentialAction":[{"@type":"ReadAction","target":["https:\/\/www.erresse-shop.it\/de\/shop\/kleine-elektrogeraete\/kaffeemaschinen-espresso\/handbuecher\/torre-manuelle-kaffeemaschine-luigino-tsp-joystick-taps-wood\/"]}]},{"@type":"BreadcrumbList","@id":"https:\/\/www.erresse-shop.it\/de\/shop\/kleine-elektrogeraete\/kaffeemaschinen-espresso\/handbuecher\/torre-manuelle-kaffeemaschine-luigino-tsp-joystick-taps-wood\/#breadcrumb","itemListElement":[{"@type":"ListItem","position":1,"name":"Home","item":"https:\/\/www.erresse-shop.it\/de\/"},{"@type":"ListItem","position":2,"name":"Shop","item":"https:\/\/www.erresse-shop.it\/de\/shop\/"},{"@type":"ListItem","position":3,"name":"TORRE Manuelle Kaffeemaschine Luigino TSP Joystick Taps Holz"}]},{"@type":"WebSite","@id":"https:\/\/www.erresse-shop.it\/de\/#website","url":"https:\/\/www.erresse-shop.it\/de\/","name":"Erresse Shop","description":"Articoli di qualit\u00e0 per la casa","potentialAction":[{"@type":"SearchAction","target":{"@type":"EntryPoint","urlTemplate":"https:\/\/www.erresse-shop.it\/de\/?s={search_term_string}"},"query-input":"required name=search_term_string"}],"inLanguage":"de-DE"}]}},"df_price":1728.68,"df_sale_price":1728.68,"df_regular_price":1879,"df_image_link":"https:\/\/www.erresse-shop.it\/wp-content\/uploads\/2025\/11\/TORRE-Macchina-da-Caffe-Manuale-Luigino-TSP-Joystick-Taps-Wood-300x300.jpg","_links":{"self":[{"href":"https:\/\/www.erresse-shop.it\/de\/wp-json\/wp\/v2\/product\/516205"}],"collection":[{"href":"https:\/\/www.erresse-shop.it\/de\/wp-json\/wp\/v2\/product"}],"about":[{"href":"https:\/\/www.erresse-shop.it\/de\/wp-json\/wp\/v2\/types\/product"}],"wp:featuredmedia":[{"embeddable":true,"href":"https:\/\/www.erresse-shop.it\/de\/wp-json\/wp\/v2\/media\/516219"}],"wp:attachment":[{"href":"https:\/\/www.erresse-shop.it\/de\/wp-json\/wp\/v2\/media?parent=516205"}],"wp:term":[{"taxonomy":"product_cat","embeddable":true,"href":"https:\/\/www.erresse-shop.it\/de\/wp-json\/wp\/v2\/product_cat?post=516205"},{"taxonomy":"product_tag","embeddable":true,"href":"https:\/\/www.erresse-shop.it\/de\/wp-json\/wp\/v2\/product_tag?post=516205"}],"curies":[{"name":"wp","href":"https:\/\/api.w.org\/{rel}","templated":true}]}}