{"id":516156,"date":"2025-11-11T10:34:45","date_gmt":"2025-11-11T10:34:47","guid":{"rendered":"https:\/\/www.erresse-shop.it\/?post_type=product&#038;p=516156"},"modified":"2025-11-11T13:11:08","modified_gmt":"2025-11-11T13:11:08","slug":"torre-manuelle-kaffeemaschine-luigino-tsp-kreiselpumpe-wood","status":"publish","type":"product","link":"https:\/\/www.erresse-shop.it\/de\/shop\/kleine-elektrogeraete\/kaffeemaschinen-espresso\/handbuecher\/torre-manuelle-kaffeemaschine-luigino-tsp-kreiselpumpe-wood\/","title":{"rendered":"TORRE Manuelle Kaffeemaschine Luigino TSP Kreiselpumpe Holz"},"content":{"rendered":"<h3>Kompakt und zuverl\u00e4ssig mit professioneller Leistung<\/h3>\n<p>Die Luigino TSP Rotary Pump ist eine handgefertigte italienische Espressomaschine, die professionelle Leistung in einem kompakten, eleganten und leisen Geh\u00e4use vereint.<br \/>\nIhr minimalistisches Design f\u00fcgt sich perfekt in jede Umgebung ein \u2013 ob zu Hause oder im B\u00fcro \u2013 und kombiniert raffinierte \u00c4sthetik mit \u00fcberragender Funktionalit\u00e4t.<\/p>\n<p>Die vollst\u00e4ndig aus hochglanzpoliertem Edelstahl gefertigte und von Hand veredelte Luigino TSP verk\u00f6rpert die Exzellenz italienischer Ingenieurskunst in der Welt des Kaffees.<br \/>\nDas Herzst\u00fcck der Maschine ist die professionelle Rotationspumpe, die f\u00fcr eine gleichm\u00e4\u00dfige Leistungsabgabe, absolute Laufruhe und die M\u00f6glichkeit des direkten Wasseranschlusses sorgt und so ein sanftes und komfortables Erlebnis garantiert.<\/p>\n<p>Die Holzkn\u00f6pfe verleihen dem Design einen Hauch von Klasse und W\u00e4rme und machen jede Benutzung zu einem angenehmen und raffinierten Erlebnis.<\/p>\n<p>Ausgestattet mit der E61-Br\u00fchgruppe garantiert diese Maschine einwandfreie Temperaturstabilit\u00e4t, pr\u00e4zise Extraktionen und einen vollmundigen Espresso mit intensivem Aroma \u2013 wie in der Bar.<br \/>\nDas W\u00e4rmetauschersystem (HX) erm\u00f6glicht die gleichzeitige Zubereitung von Espresso und die Nutzung von Dampf, w\u00e4hrend das elektronische Wassermanagement und die beiden Manometer die volle Kontrolle in jedem Zubereitungsschritt gew\u00e4hrleisten.<\/p>\n<h3 data-start=\"1019\" data-end=\"1049\">Hauptmerkmale:<\/h3>\n<ul>\n<li data-start=\"1052\" data-end=\"1141\"><strong data-start=\"1052\" data-end=\"1076\">E61 Br\u00fchgruppe<\/strong> mit Thermosiphon-Zirkulation f\u00fcr konstante Temperaturstabilit\u00e4t.<\/li>\n<li data-start=\"1052\" data-end=\"1141\"><strong>Professionelle Rotationspumpe<\/strong>: leise, langlebig und kompatibel mit dem direkten Anschluss an die Wasserleitung.<\/li>\n<li data-start=\"1144\" data-end=\"1234\"><strong data-start=\"1144\" data-end=\"1172\">1,5-Liter-Kupferkessel<\/strong> mit W\u00e4rmetauscher f\u00fcr die gleichzeitige Zubereitung von Espresso und Dampf.<\/li>\n<li data-start=\"1237\" data-end=\"1306\"><strong data-start=\"1237\"><strong data-start=\"1237\">Doppelte Manometer f\u00fcr Kessel- und Pumpendruck.<\/strong><\/strong><\/li>\n<li data-start=\"1237\" data-end=\"1306\">Elektronisches Wassermanagementsystem und automatische Kesselpegelregelung.<\/li>\n<li data-start=\"1237\" data-end=\"1306\">\u201eSMART PID\u201c-Konfigurationsoption mit OLED-Display, Timer, einstellbarer Vorbr\u00fchfunktion und Automatikmodus. ECO.<\/li>\n<li data-start=\"1454\" data-end=\"1567\"><strong>Dampf-Boost-Funktion<\/strong> f\u00fcr maximale Dampfleistung unter allen Bedingungen.<\/li>\n<li data-start=\"1454\" data-end=\"1567\"><strong>Ausgabetimer.<\/strong><\/li>\n<li data-start=\"1454\" data-end=\"1567\"><strong>Integrierter \u00dcberhitzungsschutz.<\/strong><\/li>\n<li data-start=\"1454\" data-end=\"1567\"><strong>Intelligente Tankf\u00fcllstandsanzeige<\/strong> (Selbst bei leerem Tank bleibt die Maschine warm; f\u00fcllen Sie den Tank einfach nach, ohne auf das Aufheizen warten zu m\u00fcssen).<\/li>\n<li data-start=\"1454\" data-end=\"1567\">Vier verschiedene Temperatureinstellungen mit PID-Regelung.<\/li>\n<li data-start=\"1454\" data-end=\"1567\">Einstellbare elektronische Temperaturregelung Vorbr\u00fchen.<\/li>\n<li data-start=\"1454\" data-end=\"1567\">Einstellbarer ECO-Modus.<\/li>\n<\/ul>\n<h3>Technische Daten:<\/h3>\n<ul>\n<li><strong>Traditionelle E61 Br\u00fchgruppe<\/strong><\/li>\n<li><strong>1,5-Liter-Kupferkessel mit W\u00e4rmetauscher<\/strong><\/li>\n<li><strong>2,5-Liter-Wassertank (abnehmbar)<\/strong><\/li>\n<li><strong>Material<\/strong> Edelstahl<\/li>\n<li><strong>Abmessungen<\/strong> 38,5 x 20,6 cm, H\u00f6he 41 cm<\/li>\n<li><strong>Gewicht<\/strong> 22,5 kg<\/li>\n<li><strong>Stromversorgung<\/strong> 220\u2013240 V AC \/ 50\u201360 Hz<\/li>\n<\/ul>\n","protected":false},"excerpt":{"rendered":"<p>Kompakt und zuverl\u00e4ssig mit professioneller Leistung Die Luigino TSP Rotary Pump ist eine handgefertigte italienische Espressomaschine, die professionelle Leistung in<\/p>\n","protected":false},"featured_media":516171,"template":"","meta":{"_acf_changed":false,"inline_featured_image":false},"product_cat":[6733,6703,25366],"product_tag":[23564,11619,25022],"acf":[],"yoast_head":"<!-- This site is optimized with the Yoast SEO Premium plugin v18.6 (Yoast SEO v19.13) - https:\/\/yoast.com\/wordpress\/plugins\/seo\/ -->\n<title>SMEG Manuelle Espresso-Kaffeemaschine Rosa<\/title>\n<meta name=\"description\" content=\"Entdecken Sie SMEG Manuelle Espresso-Kaffeemaschine Rosa bei ErresseShop. Qualit\u00e4t, Stil und Funktionalit\u00e4t \u2013 jetzt online bestellen!\" \/>\n<meta name=\"robots\" content=\"index, follow, max-snippet:-1, max-image-preview:large, max-video-preview:-1\" \/>\n<link rel=\"canonical\" href=\"https:\/\/www.erresse-shop.it\/de\/shop\/kleine-elektrogeraete\/kaffeemaschinen-espresso\/handbuecher\/torre-manuelle-kaffeemaschine-luigino-tsp-kreiselpumpe-wood\/\" \/>\n<meta property=\"og:locale\" content=\"de_DE\" \/>\n<meta property=\"og:type\" content=\"article\" \/>\n<meta property=\"og:title\" content=\"TORRE Manuelle Kaffeemaschine Luigino TSP Kreiselpumpe Holz\" \/>\n<meta property=\"og:description\" content=\"Entdecken Sie SMEG Manuelle Espresso-Kaffeemaschine Rosa bei ErresseShop. Qualit\u00e4t, Stil und Funktionalit\u00e4t \u2013 jetzt online bestellen!\" \/>\n<meta property=\"og:url\" content=\"https:\/\/www.erresse-shop.it\/de\/shop\/kleine-elektrogeraete\/kaffeemaschinen-espresso\/handbuecher\/torre-manuelle-kaffeemaschine-luigino-tsp-kreiselpumpe-wood\/\" \/>\n<meta property=\"og:site_name\" content=\"Erresse Shop\" \/>\n<meta property=\"article:modified_time\" content=\"2025-11-11T13:11:08+00:00\" \/>\n<meta property=\"og:image\" content=\"https:\/\/www.erresse-shop.it\/wp-content\/uploads\/2025\/11\/TORRE-Macchina-da-Caffe-Manuale-Luigino-TSP-Pompa-Rotativa-Wood.jpg\" \/>\n\t<meta property=\"og:image:width\" content=\"1200\" \/>\n\t<meta property=\"og:image:height\" content=\"1200\" \/>\n\t<meta property=\"og:image:type\" content=\"image\/jpeg\" \/>\n<meta name=\"twitter:card\" content=\"summary_large_image\" \/>\n<script type=\"application\/ld+json\" class=\"yoast-schema-graph\">{\"@context\":\"https:\/\/schema.org\",\"@graph\":[{\"@type\":\"WebPage\",\"@id\":\"https:\/\/www.erresse-shop.it\/de\/shop\/kleine-elektrogeraete\/kaffeemaschinen-espresso\/handbuecher\/torre-manuelle-kaffeemaschine-luigino-tsp-kreiselpumpe-wood\/\",\"url\":\"https:\/\/www.erresse-shop.it\/de\/shop\/kleine-elektrogeraete\/kaffeemaschinen-espresso\/handbuecher\/torre-manuelle-kaffeemaschine-luigino-tsp-kreiselpumpe-wood\/\",\"name\":\"SMEG Manuelle Espresso-Kaffeemaschine Rosa\",\"isPartOf\":{\"@id\":\"https:\/\/www.erresse-shop.it\/de\/#website\"},\"datePublished\":\"2025-11-11T10:34:47+00:00\",\"dateModified\":\"2025-11-11T13:11:08+00:00\",\"description\":\"Entdecken Sie SMEG Manuelle Espresso-Kaffeemaschine Rosa bei ErresseShop. Qualit\u00e4t, Stil und Funktionalit\u00e4t \u2013 jetzt online bestellen!\",\"breadcrumb\":{\"@id\":\"https:\/\/www.erresse-shop.it\/de\/shop\/kleine-elektrogeraete\/kaffeemaschinen-espresso\/handbuecher\/torre-manuelle-kaffeemaschine-luigino-tsp-kreiselpumpe-wood\/#breadcrumb\"},\"inLanguage\":\"de-DE\",\"potentialAction\":[{\"@type\":\"ReadAction\",\"target\":[\"https:\/\/www.erresse-shop.it\/de\/shop\/kleine-elektrogeraete\/kaffeemaschinen-espresso\/handbuecher\/torre-manuelle-kaffeemaschine-luigino-tsp-kreiselpumpe-wood\/\"]}]},{\"@type\":\"BreadcrumbList\",\"@id\":\"https:\/\/www.erresse-shop.it\/de\/shop\/kleine-elektrogeraete\/kaffeemaschinen-espresso\/handbuecher\/torre-manuelle-kaffeemaschine-luigino-tsp-kreiselpumpe-wood\/#breadcrumb\",\"itemListElement\":[{\"@type\":\"ListItem\",\"position\":1,\"name\":\"Home\",\"item\":\"https:\/\/www.erresse-shop.it\/de\/\"},{\"@type\":\"ListItem\",\"position\":2,\"name\":\"Shop\",\"item\":\"https:\/\/www.erresse-shop.it\/de\/shop\/\"},{\"@type\":\"ListItem\",\"position\":3,\"name\":\"TORRE Manuelle Kaffeemaschine Luigino TSP Kreiselpumpe Holz\"}]},{\"@type\":\"WebSite\",\"@id\":\"https:\/\/www.erresse-shop.it\/de\/#website\",\"url\":\"https:\/\/www.erresse-shop.it\/de\/\",\"name\":\"Erresse Shop\",\"description\":\"Articoli di qualit\u00e0 per la casa\",\"potentialAction\":[{\"@type\":\"SearchAction\",\"target\":{\"@type\":\"EntryPoint\",\"urlTemplate\":\"https:\/\/www.erresse-shop.it\/de\/?s={search_term_string}\"},\"query-input\":\"required name=search_term_string\"}],\"inLanguage\":\"de-DE\"}]}<\/script>\n<!-- \/ Yoast SEO Premium plugin. -->","yoast_head_json":{"title":"SMEG Manuelle Espresso-Kaffeemaschine Rosa","description":"Entdecken Sie SMEG Manuelle Espresso-Kaffeemaschine Rosa bei ErresseShop. Qualit\u00e4t, Stil und Funktionalit\u00e4t \u2013 jetzt online bestellen!","robots":{"index":"index","follow":"follow","max-snippet":"max-snippet:-1","max-image-preview":"max-image-preview:large","max-video-preview":"max-video-preview:-1"},"canonical":"https:\/\/www.erresse-shop.it\/de\/shop\/kleine-elektrogeraete\/kaffeemaschinen-espresso\/handbuecher\/torre-manuelle-kaffeemaschine-luigino-tsp-kreiselpumpe-wood\/","og_locale":"de_DE","og_type":"article","og_title":"TORRE Manuelle Kaffeemaschine Luigino TSP Kreiselpumpe Holz","og_description":"Entdecken Sie SMEG Manuelle Espresso-Kaffeemaschine Rosa bei ErresseShop. Qualit\u00e4t, Stil und Funktionalit\u00e4t \u2013 jetzt online bestellen!","og_url":"https:\/\/www.erresse-shop.it\/de\/shop\/kleine-elektrogeraete\/kaffeemaschinen-espresso\/handbuecher\/torre-manuelle-kaffeemaschine-luigino-tsp-kreiselpumpe-wood\/","og_site_name":"Erresse Shop","article_modified_time":"2025-11-11T13:11:08+00:00","og_image":[{"width":1200,"height":1200,"url":"https:\/\/www.erresse-shop.it\/wp-content\/uploads\/2025\/11\/TORRE-Macchina-da-Caffe-Manuale-Luigino-TSP-Pompa-Rotativa-Wood.jpg","type":"image\/jpeg"}],"twitter_card":"summary_large_image","schema":{"@context":"https:\/\/schema.org","@graph":[{"@type":"WebPage","@id":"https:\/\/www.erresse-shop.it\/de\/shop\/kleine-elektrogeraete\/kaffeemaschinen-espresso\/handbuecher\/torre-manuelle-kaffeemaschine-luigino-tsp-kreiselpumpe-wood\/","url":"https:\/\/www.erresse-shop.it\/de\/shop\/kleine-elektrogeraete\/kaffeemaschinen-espresso\/handbuecher\/torre-manuelle-kaffeemaschine-luigino-tsp-kreiselpumpe-wood\/","name":"SMEG Manuelle Espresso-Kaffeemaschine Rosa","isPartOf":{"@id":"https:\/\/www.erresse-shop.it\/de\/#website"},"datePublished":"2025-11-11T10:34:47+00:00","dateModified":"2025-11-11T13:11:08+00:00","description":"Entdecken Sie SMEG Manuelle Espresso-Kaffeemaschine Rosa bei ErresseShop. Qualit\u00e4t, Stil und Funktionalit\u00e4t \u2013 jetzt online bestellen!","breadcrumb":{"@id":"https:\/\/www.erresse-shop.it\/de\/shop\/kleine-elektrogeraete\/kaffeemaschinen-espresso\/handbuecher\/torre-manuelle-kaffeemaschine-luigino-tsp-kreiselpumpe-wood\/#breadcrumb"},"inLanguage":"de-DE","potentialAction":[{"@type":"ReadAction","target":["https:\/\/www.erresse-shop.it\/de\/shop\/kleine-elektrogeraete\/kaffeemaschinen-espresso\/handbuecher\/torre-manuelle-kaffeemaschine-luigino-tsp-kreiselpumpe-wood\/"]}]},{"@type":"BreadcrumbList","@id":"https:\/\/www.erresse-shop.it\/de\/shop\/kleine-elektrogeraete\/kaffeemaschinen-espresso\/handbuecher\/torre-manuelle-kaffeemaschine-luigino-tsp-kreiselpumpe-wood\/#breadcrumb","itemListElement":[{"@type":"ListItem","position":1,"name":"Home","item":"https:\/\/www.erresse-shop.it\/de\/"},{"@type":"ListItem","position":2,"name":"Shop","item":"https:\/\/www.erresse-shop.it\/de\/shop\/"},{"@type":"ListItem","position":3,"name":"TORRE Manuelle Kaffeemaschine Luigino TSP Kreiselpumpe Holz"}]},{"@type":"WebSite","@id":"https:\/\/www.erresse-shop.it\/de\/#website","url":"https:\/\/www.erresse-shop.it\/de\/","name":"Erresse Shop","description":"Articoli di qualit\u00e0 per la casa","potentialAction":[{"@type":"SearchAction","target":{"@type":"EntryPoint","urlTemplate":"https:\/\/www.erresse-shop.it\/de\/?s={search_term_string}"},"query-input":"required name=search_term_string"}],"inLanguage":"de-DE"}]}},"df_price":1898.88,"df_sale_price":1898.88,"df_regular_price":2064,"df_image_link":"https:\/\/www.erresse-shop.it\/wp-content\/uploads\/2025\/11\/TORRE-Macchina-da-Caffe-Manuale-Luigino-TSP-Pompa-Rotativa-Wood-300x300.jpg","_links":{"self":[{"href":"https:\/\/www.erresse-shop.it\/de\/wp-json\/wp\/v2\/product\/516156"}],"collection":[{"href":"https:\/\/www.erresse-shop.it\/de\/wp-json\/wp\/v2\/product"}],"about":[{"href":"https:\/\/www.erresse-shop.it\/de\/wp-json\/wp\/v2\/types\/product"}],"wp:featuredmedia":[{"embeddable":true,"href":"https:\/\/www.erresse-shop.it\/de\/wp-json\/wp\/v2\/media\/516171"}],"wp:attachment":[{"href":"https:\/\/www.erresse-shop.it\/de\/wp-json\/wp\/v2\/media?parent=516156"}],"wp:term":[{"taxonomy":"product_cat","embeddable":true,"href":"https:\/\/www.erresse-shop.it\/de\/wp-json\/wp\/v2\/product_cat?post=516156"},{"taxonomy":"product_tag","embeddable":true,"href":"https:\/\/www.erresse-shop.it\/de\/wp-json\/wp\/v2\/product_tag?post=516156"}],"curies":[{"name":"wp","href":"https:\/\/api.w.org\/{rel}","templated":true}]}}