{"id":516095,"date":"2025-11-11T09:04:32","date_gmt":"2025-11-11T09:04:36","guid":{"rendered":"https:\/\/www.erresse-shop.it\/?post_type=product&#038;p=516095"},"modified":"2025-11-11T09:46:35","modified_gmt":"2025-11-11T09:46:35","slug":"torre-manuelle-kaffeemaschine-luigino-tsp","status":"publish","type":"product","link":"https:\/\/www.erresse-shop.it\/de\/shop\/kleine-elektrogeraete\/kaffeemaschinen-espresso\/handbuecher\/torre-manuelle-kaffeemaschine-luigino-tsp\/","title":{"rendered":"TORRE Manuelle Kaffeemaschine Luigino TSP"},"content":{"rendered":"<h3>Kompakt und zuverl\u00e4ssig mit professioneller Leistung<\/h3>\n<p>Die Luigino TSP ist eine handgefertigte italienische Espressomaschine mit kompaktem Design, die sich nahtlos in jede Umgebung einf\u00fcgt und eine Leistung bietet, die mit professionellen Ger\u00e4ten vergleichbar ist.<\/p>\n<p>Diese kompakte Profimaschine ist komplett aus Edelstahl gefertigt und mit professionellen Komponenten ausgestattet. Dank der E61-Br\u00fchgruppe garantiert die Luigino TSP thermische Stabilit\u00e4t, pr\u00e4zise Extraktion und einen vollmundigen, intensiv aromatischen Espresso \u2013 genau wie in einer Bar.<\/p>\n<p>Ihr W\u00e4rmetauscher erm\u00f6glicht die gleichzeitige Zubereitung von Espresso und Dampf, w\u00e4hrend die elektronische Wasserstandsregelung und die beiden Manometer die volle Kontrolle in jeder Phase der Zubereitung gew\u00e4hrleisten.<\/p>\n<h3 data-start=\"1019\" data-end=\"1049\">Hauptmerkmale:<\/h3>\n<ul>\n<li><strong data-start=\"1052\" data-end=\"1076\">E61 Br\u00fchgruppe<\/strong> mit Thermosiphon-Zirkulation f\u00fcr konstante Temperaturstabilit\u00e4t.<\/li>\n<li><strong>Ger\u00e4uscharme Vibrationspumpe<\/strong><\/li>\n<li><strong data-start=\"1144\" data-end=\"1172\">1,5-Liter-Kupferkessel<\/strong> mit W\u00e4rmetauscher f\u00fcr die gleichzeitige Zubereitung von Espresso und Dampf.<\/li>\n<li><strong data-start=\"1237\" data-end=\"1286\">Konstruktion aus hochglanzpoliertem Edelstahl, Handgefertigt.<\/strong><\/li>\n<li><strong data-start=\"1309\" data-end=\"1328\">Doppelte Manometer f\u00fcr Kessel- und Pumpendruck.<\/strong><\/li>\n<li><strong data-start=\"1364\" data-end=\"1405\">Elektronisches Wassermanagementsystem und automatische Kesselpegelregelung.<\/strong><\/li>\n<li><strong data-start=\"1454\" data-end=\"1499\">\u201eSMART PID\u201c-Konfigurationsoption mit OLED-Display, Timer, einstellbarer Vorbr\u00fchzeit und ECO-Modus.<\/strong><\/li>\n<li><strong>Dampfboost-Funktionen<\/strong> f\u00fcr maximale Dampfmenge unter allen Bedingungen.<\/li>\n<li>Integrierter \u00dcberhitzungsschutz.<\/li>\n<li>Intelligente Tankf\u00fcllstandsanzeige (Auch bei leerem Tank bleibt die Maschine warm; f\u00fcllen Sie den Tank einfach nach, ohne auf das Aufheizen warten zu m\u00fcssen).<\/li>\n<li>Vier verschiedene Temperatureinstellungen mit PID-Regelung.<\/li>\n<li>Einstellbare elektronische Vorbr\u00fchfunktion.<\/li>\n<li>Einstellbarer ECO-Modus.<\/li>\n<\/ul>\n<p><strong>Technische Daten Technische Daten:<\/strong><\/p>\n<ul>\n<li><strong>Traditionelle E61 Br\u00fchgruppe<\/strong><\/li>\n<li><strong>1,5-Liter-Kupferkessel mit W\u00e4rmetauscher<\/strong><\/li>\n<li><strong>2,5-Liter-Wassertank (abnehmbar)<\/strong><\/li>\n<li><strong>Material<\/strong> Edelstahl<\/li>\n<li><strong>Abmessungen<\/strong> 38,5 x 20,6 cm, H\u00f6he 41 cm<\/li>\n<li><strong>Gewicht<\/strong> 20,5 kg<\/li>\n<li><strong>Stromversorgung<\/strong> 110\u2013120 V Wechselstrom \/ 50\u201360 Hz<\/li>\n<\/ul>\n","protected":false},"excerpt":{"rendered":"<p>Kompakt und zuverl\u00e4ssig mit professioneller Leistung Die Luigino TSP ist eine handgefertigte italienische Espressomaschine mit kompaktem Design, die sich nahtlos<\/p>\n","protected":false},"featured_media":516109,"template":"","meta":{"_acf_changed":false,"inline_featured_image":false},"product_cat":[6733,6703,25366],"product_tag":[23564,11619,23582,25022],"acf":[],"yoast_head":"<!-- This site is optimized with the Yoast SEO Premium plugin v18.6 (Yoast SEO v19.13) - https:\/\/yoast.com\/wordpress\/plugins\/seo\/ -->\n<title>SMEG Manuelle Espresso-Kaffeemaschine Rosa<\/title>\n<meta name=\"description\" content=\"Entdecken Sie SMEG Manuelle Espresso-Kaffeemaschine Rosa bei ErresseShop. Qualit\u00e4t, Stil und Funktionalit\u00e4t \u2013 jetzt online bestellen!\" \/>\n<meta name=\"robots\" content=\"index, follow, max-snippet:-1, max-image-preview:large, max-video-preview:-1\" \/>\n<link rel=\"canonical\" href=\"https:\/\/www.erresse-shop.it\/de\/shop\/kleine-elektrogeraete\/kaffeemaschinen-espresso\/handbuecher\/torre-manuelle-kaffeemaschine-luigino-tsp\/\" \/>\n<meta property=\"og:locale\" content=\"de_DE\" \/>\n<meta property=\"og:type\" content=\"article\" \/>\n<meta property=\"og:title\" content=\"TORRE Manuelle Kaffeemaschine Luigino TSP\" \/>\n<meta property=\"og:description\" content=\"Entdecken Sie SMEG Manuelle Espresso-Kaffeemaschine Rosa bei ErresseShop. Qualit\u00e4t, Stil und Funktionalit\u00e4t \u2013 jetzt online bestellen!\" \/>\n<meta property=\"og:url\" content=\"https:\/\/www.erresse-shop.it\/de\/shop\/kleine-elektrogeraete\/kaffeemaschinen-espresso\/handbuecher\/torre-manuelle-kaffeemaschine-luigino-tsp\/\" \/>\n<meta property=\"og:site_name\" content=\"Erresse Shop\" \/>\n<meta property=\"article:modified_time\" content=\"2025-11-11T09:46:35+00:00\" \/>\n<meta property=\"og:image\" content=\"https:\/\/www.erresse-shop.it\/wp-content\/uploads\/2025\/11\/TORRE-Macchina-da-Caffe-Luigino-TSP.jpg\" \/>\n\t<meta property=\"og:image:width\" content=\"1200\" \/>\n\t<meta property=\"og:image:height\" content=\"1200\" \/>\n\t<meta property=\"og:image:type\" content=\"image\/jpeg\" \/>\n<meta name=\"twitter:card\" content=\"summary_large_image\" \/>\n<script type=\"application\/ld+json\" class=\"yoast-schema-graph\">{\"@context\":\"https:\/\/schema.org\",\"@graph\":[{\"@type\":\"WebPage\",\"@id\":\"https:\/\/www.erresse-shop.it\/de\/shop\/kleine-elektrogeraete\/kaffeemaschinen-espresso\/handbuecher\/torre-manuelle-kaffeemaschine-luigino-tsp\/\",\"url\":\"https:\/\/www.erresse-shop.it\/de\/shop\/kleine-elektrogeraete\/kaffeemaschinen-espresso\/handbuecher\/torre-manuelle-kaffeemaschine-luigino-tsp\/\",\"name\":\"SMEG Manuelle Espresso-Kaffeemaschine Rosa\",\"isPartOf\":{\"@id\":\"https:\/\/www.erresse-shop.it\/de\/#website\"},\"datePublished\":\"2025-11-11T09:04:36+00:00\",\"dateModified\":\"2025-11-11T09:46:35+00:00\",\"description\":\"Entdecken Sie SMEG Manuelle Espresso-Kaffeemaschine Rosa bei ErresseShop. Qualit\u00e4t, Stil und Funktionalit\u00e4t \u2013 jetzt online bestellen!\",\"breadcrumb\":{\"@id\":\"https:\/\/www.erresse-shop.it\/de\/shop\/kleine-elektrogeraete\/kaffeemaschinen-espresso\/handbuecher\/torre-manuelle-kaffeemaschine-luigino-tsp\/#breadcrumb\"},\"inLanguage\":\"de-DE\",\"potentialAction\":[{\"@type\":\"ReadAction\",\"target\":[\"https:\/\/www.erresse-shop.it\/de\/shop\/kleine-elektrogeraete\/kaffeemaschinen-espresso\/handbuecher\/torre-manuelle-kaffeemaschine-luigino-tsp\/\"]}]},{\"@type\":\"BreadcrumbList\",\"@id\":\"https:\/\/www.erresse-shop.it\/de\/shop\/kleine-elektrogeraete\/kaffeemaschinen-espresso\/handbuecher\/torre-manuelle-kaffeemaschine-luigino-tsp\/#breadcrumb\",\"itemListElement\":[{\"@type\":\"ListItem\",\"position\":1,\"name\":\"Home\",\"item\":\"https:\/\/www.erresse-shop.it\/de\/\"},{\"@type\":\"ListItem\",\"position\":2,\"name\":\"Shop\",\"item\":\"https:\/\/www.erresse-shop.it\/de\/shop\/\"},{\"@type\":\"ListItem\",\"position\":3,\"name\":\"TORRE Manuelle Kaffeemaschine Luigino TSP\"}]},{\"@type\":\"WebSite\",\"@id\":\"https:\/\/www.erresse-shop.it\/de\/#website\",\"url\":\"https:\/\/www.erresse-shop.it\/de\/\",\"name\":\"Erresse Shop\",\"description\":\"Articoli di qualit\u00e0 per la casa\",\"potentialAction\":[{\"@type\":\"SearchAction\",\"target\":{\"@type\":\"EntryPoint\",\"urlTemplate\":\"https:\/\/www.erresse-shop.it\/de\/?s={search_term_string}\"},\"query-input\":\"required name=search_term_string\"}],\"inLanguage\":\"de-DE\"}]}<\/script>\n<!-- \/ Yoast SEO Premium plugin. -->","yoast_head_json":{"title":"SMEG Manuelle Espresso-Kaffeemaschine Rosa","description":"Entdecken Sie SMEG Manuelle Espresso-Kaffeemaschine Rosa bei ErresseShop. Qualit\u00e4t, Stil und Funktionalit\u00e4t \u2013 jetzt online bestellen!","robots":{"index":"index","follow":"follow","max-snippet":"max-snippet:-1","max-image-preview":"max-image-preview:large","max-video-preview":"max-video-preview:-1"},"canonical":"https:\/\/www.erresse-shop.it\/de\/shop\/kleine-elektrogeraete\/kaffeemaschinen-espresso\/handbuecher\/torre-manuelle-kaffeemaschine-luigino-tsp\/","og_locale":"de_DE","og_type":"article","og_title":"TORRE Manuelle Kaffeemaschine Luigino TSP","og_description":"Entdecken Sie SMEG Manuelle Espresso-Kaffeemaschine Rosa bei ErresseShop. Qualit\u00e4t, Stil und Funktionalit\u00e4t \u2013 jetzt online bestellen!","og_url":"https:\/\/www.erresse-shop.it\/de\/shop\/kleine-elektrogeraete\/kaffeemaschinen-espresso\/handbuecher\/torre-manuelle-kaffeemaschine-luigino-tsp\/","og_site_name":"Erresse Shop","article_modified_time":"2025-11-11T09:46:35+00:00","og_image":[{"width":1200,"height":1200,"url":"https:\/\/www.erresse-shop.it\/wp-content\/uploads\/2025\/11\/TORRE-Macchina-da-Caffe-Luigino-TSP.jpg","type":"image\/jpeg"}],"twitter_card":"summary_large_image","schema":{"@context":"https:\/\/schema.org","@graph":[{"@type":"WebPage","@id":"https:\/\/www.erresse-shop.it\/de\/shop\/kleine-elektrogeraete\/kaffeemaschinen-espresso\/handbuecher\/torre-manuelle-kaffeemaschine-luigino-tsp\/","url":"https:\/\/www.erresse-shop.it\/de\/shop\/kleine-elektrogeraete\/kaffeemaschinen-espresso\/handbuecher\/torre-manuelle-kaffeemaschine-luigino-tsp\/","name":"SMEG Manuelle Espresso-Kaffeemaschine Rosa","isPartOf":{"@id":"https:\/\/www.erresse-shop.it\/de\/#website"},"datePublished":"2025-11-11T09:04:36+00:00","dateModified":"2025-11-11T09:46:35+00:00","description":"Entdecken Sie SMEG Manuelle Espresso-Kaffeemaschine Rosa bei ErresseShop. Qualit\u00e4t, Stil und Funktionalit\u00e4t \u2013 jetzt online bestellen!","breadcrumb":{"@id":"https:\/\/www.erresse-shop.it\/de\/shop\/kleine-elektrogeraete\/kaffeemaschinen-espresso\/handbuecher\/torre-manuelle-kaffeemaschine-luigino-tsp\/#breadcrumb"},"inLanguage":"de-DE","potentialAction":[{"@type":"ReadAction","target":["https:\/\/www.erresse-shop.it\/de\/shop\/kleine-elektrogeraete\/kaffeemaschinen-espresso\/handbuecher\/torre-manuelle-kaffeemaschine-luigino-tsp\/"]}]},{"@type":"BreadcrumbList","@id":"https:\/\/www.erresse-shop.it\/de\/shop\/kleine-elektrogeraete\/kaffeemaschinen-espresso\/handbuecher\/torre-manuelle-kaffeemaschine-luigino-tsp\/#breadcrumb","itemListElement":[{"@type":"ListItem","position":1,"name":"Home","item":"https:\/\/www.erresse-shop.it\/de\/"},{"@type":"ListItem","position":2,"name":"Shop","item":"https:\/\/www.erresse-shop.it\/de\/shop\/"},{"@type":"ListItem","position":3,"name":"TORRE Manuelle Kaffeemaschine Luigino TSP"}]},{"@type":"WebSite","@id":"https:\/\/www.erresse-shop.it\/de\/#website","url":"https:\/\/www.erresse-shop.it\/de\/","name":"Erresse Shop","description":"Articoli di qualit\u00e0 per la casa","potentialAction":[{"@type":"SearchAction","target":{"@type":"EntryPoint","urlTemplate":"https:\/\/www.erresse-shop.it\/de\/?s={search_term_string}"},"query-input":"required name=search_term_string"}],"inLanguage":"de-DE"}]}},"df_price":1599.88,"df_sale_price":1599.88,"df_regular_price":1739,"df_image_link":"https:\/\/www.erresse-shop.it\/wp-content\/uploads\/2025\/11\/TORRE-Macchina-da-Caffe-Luigino-TSP-300x300.jpg","_links":{"self":[{"href":"https:\/\/www.erresse-shop.it\/de\/wp-json\/wp\/v2\/product\/516095"}],"collection":[{"href":"https:\/\/www.erresse-shop.it\/de\/wp-json\/wp\/v2\/product"}],"about":[{"href":"https:\/\/www.erresse-shop.it\/de\/wp-json\/wp\/v2\/types\/product"}],"wp:featuredmedia":[{"embeddable":true,"href":"https:\/\/www.erresse-shop.it\/de\/wp-json\/wp\/v2\/media\/516109"}],"wp:attachment":[{"href":"https:\/\/www.erresse-shop.it\/de\/wp-json\/wp\/v2\/media?parent=516095"}],"wp:term":[{"taxonomy":"product_cat","embeddable":true,"href":"https:\/\/www.erresse-shop.it\/de\/wp-json\/wp\/v2\/product_cat?post=516095"},{"taxonomy":"product_tag","embeddable":true,"href":"https:\/\/www.erresse-shop.it\/de\/wp-json\/wp\/v2\/product_tag?post=516095"}],"curies":[{"name":"wp","href":"https:\/\/api.w.org\/{rel}","templated":true}]}}