{"id":515902,"date":"2025-11-07T07:34:26","date_gmt":"2025-11-07T07:34:27","guid":{"rendered":"https:\/\/www.erresse-shop.it\/?post_type=product&#038;p=515902"},"modified":"2026-02-03T08:17:53","modified_gmt":"2026-02-03T08:17:53","slug":"toms-drag-teppich-matte-versailles","status":"publish","type":"product","link":"https:\/\/www.erresse-shop.it\/de\/shop\/einrichtung-haus\/dekoartikel\/toms-drag-teppich-matte-versailles\/","title":{"rendered":"TOM&#8217;S DRAG Teppich Matte Versailles"},"content":{"rendered":"<p><strong>Ma\u00dfe<\/strong>: 120 x 70 cm<br \/>\n<strong>Material<\/strong>: Polyamid, Nitrilkautschuk<\/p>\n<p>Fu\u00dfmatten mit dem Tom&#8217;s Drag-Design. Diese hochwertigen bedruckten Fu\u00dfmatten vereinen Qualit\u00e4t und Langlebigkeit. Sie verleihen jedem Raum einen Hauch von Charme. Die Fu\u00dfmatten sind bis 60 \u00b0C waschbar und bis 90 \u00b0C trocknergeeignet und somit ideal f\u00fcr Allergiker und Tierhalter. Die Kleen-Tex wash+dry-Modelle bestehen aus Polyamid und haben eine R\u00fcckseite aus 100 % Nitrilkautschuk. Sie sind leicht zu reinigen, haben einen besonders flachen und dichten Flor, sind schalld\u00e4mmend und rutschfest.<\/p>\n","protected":false},"excerpt":{"rendered":"<p>Ma\u00dfe: 120 x 70 cm Material: Polyamid, Nitrilkautschuk Fu\u00dfmatten mit dem Tom&#8217;s Drag-Design. Diese hochwertigen bedruckten Fu\u00dfmatten vereinen Qualit\u00e4t und<\/p>\n","protected":false},"featured_media":515918,"template":"","meta":{"_acf_changed":false,"inline_featured_image":false},"product_cat":[6817,14442],"product_tag":[25038,23463,25022],"acf":[],"yoast_head":"<!-- This site is optimized with the Yoast SEO Premium plugin v18.6 (Yoast SEO v19.13) - https:\/\/yoast.com\/wordpress\/plugins\/seo\/ -->\n<title>TOM&#039;S DRAG Teppich Matte Versailles - Erresse Shop<\/title>\n<meta name=\"description\" content=\"Ma\u00dfe: 120 x 70 cm Material: Polyamid, Nitrilkautschuk Fu\u00dfmatten mit dem Tom&#039;s Drag-Design. Diese hochwertigen bedruckten Fu\u00dfmatten vereinen Qualit\u00e4t und\" \/>\n<meta name=\"robots\" content=\"index, follow, max-snippet:-1, max-image-preview:large, max-video-preview:-1\" \/>\n<link rel=\"canonical\" href=\"https:\/\/www.erresse-shop.it\/de\/shop\/einrichtung-haus\/dekoartikel\/toms-drag-teppich-matte-versailles\/\" \/>\n<meta property=\"og:locale\" content=\"de_DE\" \/>\n<meta property=\"og:type\" content=\"article\" \/>\n<meta property=\"og:title\" content=\"TOM&#039;S DRAG Teppich Matte Versailles\" \/>\n<meta property=\"og:description\" content=\"Ma\u00dfe: 120 x 70 cm Material: Polyamid, Nitrilkautschuk Fu\u00dfmatten mit dem Tom&#039;s Drag-Design. Diese hochwertigen bedruckten Fu\u00dfmatten vereinen Qualit\u00e4t und\" \/>\n<meta property=\"og:url\" content=\"https:\/\/www.erresse-shop.it\/de\/shop\/einrichtung-haus\/dekoartikel\/toms-drag-teppich-matte-versailles\/\" \/>\n<meta property=\"og:site_name\" content=\"Erresse Shop\" \/>\n<meta property=\"article:modified_time\" content=\"2026-02-03T08:17:53+00:00\" \/>\n<meta property=\"og:image\" content=\"https:\/\/www.erresse-shop.it\/wp-content\/uploads\/2025\/11\/TOMS-DRAG-Tappetino-Versailles.jpg\" \/>\n\t<meta property=\"og:image:width\" content=\"1200\" \/>\n\t<meta property=\"og:image:height\" content=\"1200\" \/>\n\t<meta property=\"og:image:type\" content=\"image\/jpeg\" \/>\n<meta name=\"twitter:card\" content=\"summary_large_image\" \/>\n<script type=\"application\/ld+json\" class=\"yoast-schema-graph\">{\"@context\":\"https:\/\/schema.org\",\"@graph\":[{\"@type\":\"WebPage\",\"@id\":\"https:\/\/www.erresse-shop.it\/de\/shop\/einrichtung-haus\/dekoartikel\/toms-drag-teppich-matte-versailles\/\",\"url\":\"https:\/\/www.erresse-shop.it\/de\/shop\/einrichtung-haus\/dekoartikel\/toms-drag-teppich-matte-versailles\/\",\"name\":\"TOM'S DRAG Teppich Matte Versailles - Erresse Shop\",\"isPartOf\":{\"@id\":\"https:\/\/www.erresse-shop.it\/de\/#website\"},\"datePublished\":\"2025-11-07T07:34:27+00:00\",\"dateModified\":\"2026-02-03T08:17:53+00:00\",\"description\":\"Ma\u00dfe: 120 x 70 cm Material: Polyamid, Nitrilkautschuk Fu\u00dfmatten mit dem Tom's Drag-Design. Diese hochwertigen bedruckten Fu\u00dfmatten vereinen Qualit\u00e4t und\",\"breadcrumb\":{\"@id\":\"https:\/\/www.erresse-shop.it\/de\/shop\/einrichtung-haus\/dekoartikel\/toms-drag-teppich-matte-versailles\/#breadcrumb\"},\"inLanguage\":\"de-DE\",\"potentialAction\":[{\"@type\":\"ReadAction\",\"target\":[\"https:\/\/www.erresse-shop.it\/de\/shop\/einrichtung-haus\/dekoartikel\/toms-drag-teppich-matte-versailles\/\"]}]},{\"@type\":\"BreadcrumbList\",\"@id\":\"https:\/\/www.erresse-shop.it\/de\/shop\/einrichtung-haus\/dekoartikel\/toms-drag-teppich-matte-versailles\/#breadcrumb\",\"itemListElement\":[{\"@type\":\"ListItem\",\"position\":1,\"name\":\"Home\",\"item\":\"https:\/\/www.erresse-shop.it\/de\/\"},{\"@type\":\"ListItem\",\"position\":2,\"name\":\"Shop\",\"item\":\"https:\/\/www.erresse-shop.it\/de\/shop\/\"},{\"@type\":\"ListItem\",\"position\":3,\"name\":\"TOM&#8217;S DRAG Teppich Matte Versailles\"}]},{\"@type\":\"WebSite\",\"@id\":\"https:\/\/www.erresse-shop.it\/de\/#website\",\"url\":\"https:\/\/www.erresse-shop.it\/de\/\",\"name\":\"Erresse Shop\",\"description\":\"Articoli di qualit\u00e0 per la casa\",\"potentialAction\":[{\"@type\":\"SearchAction\",\"target\":{\"@type\":\"EntryPoint\",\"urlTemplate\":\"https:\/\/www.erresse-shop.it\/de\/?s={search_term_string}\"},\"query-input\":\"required name=search_term_string\"}],\"inLanguage\":\"de-DE\"}]}<\/script>\n<!-- \/ Yoast SEO Premium plugin. -->","yoast_head_json":{"title":"TOM'S DRAG Teppich Matte Versailles - Erresse Shop","description":"Ma\u00dfe: 120 x 70 cm Material: Polyamid, Nitrilkautschuk Fu\u00dfmatten mit dem Tom's Drag-Design. Diese hochwertigen bedruckten Fu\u00dfmatten vereinen Qualit\u00e4t und","robots":{"index":"index","follow":"follow","max-snippet":"max-snippet:-1","max-image-preview":"max-image-preview:large","max-video-preview":"max-video-preview:-1"},"canonical":"https:\/\/www.erresse-shop.it\/de\/shop\/einrichtung-haus\/dekoartikel\/toms-drag-teppich-matte-versailles\/","og_locale":"de_DE","og_type":"article","og_title":"TOM'S DRAG Teppich Matte Versailles","og_description":"Ma\u00dfe: 120 x 70 cm Material: Polyamid, Nitrilkautschuk Fu\u00dfmatten mit dem Tom's Drag-Design. Diese hochwertigen bedruckten Fu\u00dfmatten vereinen Qualit\u00e4t und","og_url":"https:\/\/www.erresse-shop.it\/de\/shop\/einrichtung-haus\/dekoartikel\/toms-drag-teppich-matte-versailles\/","og_site_name":"Erresse Shop","article_modified_time":"2026-02-03T08:17:53+00:00","og_image":[{"width":1200,"height":1200,"url":"https:\/\/www.erresse-shop.it\/wp-content\/uploads\/2025\/11\/TOMS-DRAG-Tappetino-Versailles.jpg","type":"image\/jpeg"}],"twitter_card":"summary_large_image","schema":{"@context":"https:\/\/schema.org","@graph":[{"@type":"WebPage","@id":"https:\/\/www.erresse-shop.it\/de\/shop\/einrichtung-haus\/dekoartikel\/toms-drag-teppich-matte-versailles\/","url":"https:\/\/www.erresse-shop.it\/de\/shop\/einrichtung-haus\/dekoartikel\/toms-drag-teppich-matte-versailles\/","name":"TOM'S DRAG Teppich Matte Versailles - Erresse Shop","isPartOf":{"@id":"https:\/\/www.erresse-shop.it\/de\/#website"},"datePublished":"2025-11-07T07:34:27+00:00","dateModified":"2026-02-03T08:17:53+00:00","description":"Ma\u00dfe: 120 x 70 cm Material: Polyamid, Nitrilkautschuk Fu\u00dfmatten mit dem Tom's Drag-Design. Diese hochwertigen bedruckten Fu\u00dfmatten vereinen Qualit\u00e4t und","breadcrumb":{"@id":"https:\/\/www.erresse-shop.it\/de\/shop\/einrichtung-haus\/dekoartikel\/toms-drag-teppich-matte-versailles\/#breadcrumb"},"inLanguage":"de-DE","potentialAction":[{"@type":"ReadAction","target":["https:\/\/www.erresse-shop.it\/de\/shop\/einrichtung-haus\/dekoartikel\/toms-drag-teppich-matte-versailles\/"]}]},{"@type":"BreadcrumbList","@id":"https:\/\/www.erresse-shop.it\/de\/shop\/einrichtung-haus\/dekoartikel\/toms-drag-teppich-matte-versailles\/#breadcrumb","itemListElement":[{"@type":"ListItem","position":1,"name":"Home","item":"https:\/\/www.erresse-shop.it\/de\/"},{"@type":"ListItem","position":2,"name":"Shop","item":"https:\/\/www.erresse-shop.it\/de\/shop\/"},{"@type":"ListItem","position":3,"name":"TOM&#8217;S DRAG Teppich Matte Versailles"}]},{"@type":"WebSite","@id":"https:\/\/www.erresse-shop.it\/de\/#website","url":"https:\/\/www.erresse-shop.it\/de\/","name":"Erresse Shop","description":"Articoli di qualit\u00e0 per la casa","potentialAction":[{"@type":"SearchAction","target":{"@type":"EntryPoint","urlTemplate":"https:\/\/www.erresse-shop.it\/de\/?s={search_term_string}"},"query-input":"required name=search_term_string"}],"inLanguage":"de-DE"}]}},"df_price":119.95,"df_sale_price":119.95,"df_regular_price":168,"df_image_link":"https:\/\/www.erresse-shop.it\/wp-content\/uploads\/2025\/11\/TOMS-DRAG-Tappetino-Versailles-300x300.jpg","_links":{"self":[{"href":"https:\/\/www.erresse-shop.it\/de\/wp-json\/wp\/v2\/product\/515902"}],"collection":[{"href":"https:\/\/www.erresse-shop.it\/de\/wp-json\/wp\/v2\/product"}],"about":[{"href":"https:\/\/www.erresse-shop.it\/de\/wp-json\/wp\/v2\/types\/product"}],"wp:featuredmedia":[{"embeddable":true,"href":"https:\/\/www.erresse-shop.it\/de\/wp-json\/wp\/v2\/media\/515918"}],"wp:attachment":[{"href":"https:\/\/www.erresse-shop.it\/de\/wp-json\/wp\/v2\/media?parent=515902"}],"wp:term":[{"taxonomy":"product_cat","embeddable":true,"href":"https:\/\/www.erresse-shop.it\/de\/wp-json\/wp\/v2\/product_cat?post=515902"},{"taxonomy":"product_tag","embeddable":true,"href":"https:\/\/www.erresse-shop.it\/de\/wp-json\/wp\/v2\/product_tag?post=515902"}],"curies":[{"name":"wp","href":"https:\/\/api.w.org\/{rel}","templated":true}]}}