{"id":515858,"date":"2025-11-06T13:42:00","date_gmt":"2025-11-06T13:42:01","guid":{"rendered":"https:\/\/www.erresse-shop.it\/?post_type=product&#038;p=515858"},"modified":"2026-02-03T08:32:01","modified_gmt":"2026-02-03T08:32:01","slug":"toms-drag-katze-nelly-l","status":"publish","type":"product","link":"https:\/\/www.erresse-shop.it\/de\/shop\/einrichtung-haus\/dekoartikel\/toms-drag-katze-nelly-l\/","title":{"rendered":"TOM&#8217;S DRAG Katze Nelly L"},"content":{"rendered":"<p>Intellektuelle Eleganz in Katzengestalt.<\/p>\n<p>Eine raffinierte Skulptur mit harmonischer Ausstrahlung.<\/p>\n<p>Ein einzigartiges, handbemaltes St\u00fcck, das Ihnen ein L\u00e4cheln ins Gesicht zaubern wird.<\/p>\n<p><strong>Ma\u00dfe:<\/strong> H 23,5 cm \/ B 13 cm<br \/>\n<strong>Material:<\/strong> Marmorin<\/p>\n<p><strong>Nelly, die intellektuelle Katze<\/strong>, ist eine wahre Dragqueen. Mit ihrem fantastischen Kost\u00fcm voller exotischer und verspielter Ornamente ist sie wie f\u00fcr einen Karnevalsumzug herausgeputzt und erstrahlt in allen Farben des Regenbogens. Was f\u00fcr eine wundervolle Welt!<\/p>\n","protected":false},"excerpt":{"rendered":"<p>Intellektuelle Eleganz in Katzengestalt. Eine raffinierte Skulptur mit harmonischer Ausstrahlung. Ein einzigartiges, handbemaltes St\u00fcck, das Ihnen ein L\u00e4cheln ins Gesicht<\/p>\n","protected":false},"featured_media":515867,"template":"","meta":{"_acf_changed":false,"inline_featured_image":false},"product_cat":[6817,14442],"product_tag":[16994,17048,16997],"acf":[],"yoast_head":"<!-- This site is optimized with the Yoast SEO Premium plugin v18.6 (Yoast SEO v19.13) - https:\/\/yoast.com\/wordpress\/plugins\/seo\/ -->\n<title>TOM&#039;S DRAG Katze Nelly L - Erresse Shop<\/title>\n<meta name=\"description\" content=\"Intellektuelle Eleganz in Katzengestalt. Eine raffinierte Skulptur mit harmonischer Ausstrahlung. Ein einzigartiges, handbemaltes St\u00fcck, das Ihnen ein\" \/>\n<meta name=\"robots\" content=\"index, follow, max-snippet:-1, max-image-preview:large, max-video-preview:-1\" \/>\n<link rel=\"canonical\" href=\"https:\/\/www.erresse-shop.it\/de\/shop\/einrichtung-haus\/dekoartikel\/toms-drag-katze-nelly-l\/\" \/>\n<meta property=\"og:locale\" content=\"de_DE\" \/>\n<meta property=\"og:type\" content=\"article\" \/>\n<meta property=\"og:title\" content=\"TOM&#039;S DRAG Katze Nelly L\" \/>\n<meta property=\"og:description\" content=\"Intellektuelle Eleganz in Katzengestalt. Eine raffinierte Skulptur mit harmonischer Ausstrahlung. Ein einzigartiges, handbemaltes St\u00fcck, das Ihnen ein\" \/>\n<meta property=\"og:url\" content=\"https:\/\/www.erresse-shop.it\/de\/shop\/einrichtung-haus\/dekoartikel\/toms-drag-katze-nelly-l\/\" \/>\n<meta property=\"og:site_name\" content=\"Erresse Shop\" \/>\n<meta property=\"article:modified_time\" content=\"2026-02-03T08:32:01+00:00\" \/>\n<meta property=\"og:image\" content=\"https:\/\/www.erresse-shop.it\/wp-content\/uploads\/2025\/11\/TOMS-DRAG-Gatto-Nelly-L.jpg\" \/>\n\t<meta property=\"og:image:width\" content=\"1200\" \/>\n\t<meta property=\"og:image:height\" content=\"1200\" \/>\n\t<meta property=\"og:image:type\" content=\"image\/jpeg\" \/>\n<meta name=\"twitter:card\" content=\"summary_large_image\" \/>\n<script type=\"application\/ld+json\" class=\"yoast-schema-graph\">{\"@context\":\"https:\/\/schema.org\",\"@graph\":[{\"@type\":\"WebPage\",\"@id\":\"https:\/\/www.erresse-shop.it\/de\/shop\/einrichtung-haus\/dekoartikel\/toms-drag-katze-nelly-l\/\",\"url\":\"https:\/\/www.erresse-shop.it\/de\/shop\/einrichtung-haus\/dekoartikel\/toms-drag-katze-nelly-l\/\",\"name\":\"TOM'S DRAG Katze Nelly L - Erresse Shop\",\"isPartOf\":{\"@id\":\"https:\/\/www.erresse-shop.it\/de\/#website\"},\"datePublished\":\"2025-11-06T13:42:01+00:00\",\"dateModified\":\"2026-02-03T08:32:01+00:00\",\"description\":\"Intellektuelle Eleganz in Katzengestalt. Eine raffinierte Skulptur mit harmonischer Ausstrahlung. Ein einzigartiges, handbemaltes St\u00fcck, das Ihnen ein\",\"breadcrumb\":{\"@id\":\"https:\/\/www.erresse-shop.it\/de\/shop\/einrichtung-haus\/dekoartikel\/toms-drag-katze-nelly-l\/#breadcrumb\"},\"inLanguage\":\"de-DE\",\"potentialAction\":[{\"@type\":\"ReadAction\",\"target\":[\"https:\/\/www.erresse-shop.it\/de\/shop\/einrichtung-haus\/dekoartikel\/toms-drag-katze-nelly-l\/\"]}]},{\"@type\":\"BreadcrumbList\",\"@id\":\"https:\/\/www.erresse-shop.it\/de\/shop\/einrichtung-haus\/dekoartikel\/toms-drag-katze-nelly-l\/#breadcrumb\",\"itemListElement\":[{\"@type\":\"ListItem\",\"position\":1,\"name\":\"Home\",\"item\":\"https:\/\/www.erresse-shop.it\/de\/\"},{\"@type\":\"ListItem\",\"position\":2,\"name\":\"Shop\",\"item\":\"https:\/\/www.erresse-shop.it\/de\/shop\/\"},{\"@type\":\"ListItem\",\"position\":3,\"name\":\"TOM&#8217;S DRAG Katze Nelly L\"}]},{\"@type\":\"WebSite\",\"@id\":\"https:\/\/www.erresse-shop.it\/de\/#website\",\"url\":\"https:\/\/www.erresse-shop.it\/de\/\",\"name\":\"Erresse Shop\",\"description\":\"Articoli di qualit\u00e0 per la casa\",\"potentialAction\":[{\"@type\":\"SearchAction\",\"target\":{\"@type\":\"EntryPoint\",\"urlTemplate\":\"https:\/\/www.erresse-shop.it\/de\/?s={search_term_string}\"},\"query-input\":\"required name=search_term_string\"}],\"inLanguage\":\"de-DE\"}]}<\/script>\n<!-- \/ Yoast SEO Premium plugin. -->","yoast_head_json":{"title":"TOM'S DRAG Katze Nelly L - Erresse Shop","description":"Intellektuelle Eleganz in Katzengestalt. Eine raffinierte Skulptur mit harmonischer Ausstrahlung. Ein einzigartiges, handbemaltes St\u00fcck, das Ihnen ein","robots":{"index":"index","follow":"follow","max-snippet":"max-snippet:-1","max-image-preview":"max-image-preview:large","max-video-preview":"max-video-preview:-1"},"canonical":"https:\/\/www.erresse-shop.it\/de\/shop\/einrichtung-haus\/dekoartikel\/toms-drag-katze-nelly-l\/","og_locale":"de_DE","og_type":"article","og_title":"TOM'S DRAG Katze Nelly L","og_description":"Intellektuelle Eleganz in Katzengestalt. Eine raffinierte Skulptur mit harmonischer Ausstrahlung. Ein einzigartiges, handbemaltes St\u00fcck, das Ihnen ein","og_url":"https:\/\/www.erresse-shop.it\/de\/shop\/einrichtung-haus\/dekoartikel\/toms-drag-katze-nelly-l\/","og_site_name":"Erresse Shop","article_modified_time":"2026-02-03T08:32:01+00:00","og_image":[{"width":1200,"height":1200,"url":"https:\/\/www.erresse-shop.it\/wp-content\/uploads\/2025\/11\/TOMS-DRAG-Gatto-Nelly-L.jpg","type":"image\/jpeg"}],"twitter_card":"summary_large_image","schema":{"@context":"https:\/\/schema.org","@graph":[{"@type":"WebPage","@id":"https:\/\/www.erresse-shop.it\/de\/shop\/einrichtung-haus\/dekoartikel\/toms-drag-katze-nelly-l\/","url":"https:\/\/www.erresse-shop.it\/de\/shop\/einrichtung-haus\/dekoartikel\/toms-drag-katze-nelly-l\/","name":"TOM'S DRAG Katze Nelly L - Erresse Shop","isPartOf":{"@id":"https:\/\/www.erresse-shop.it\/de\/#website"},"datePublished":"2025-11-06T13:42:01+00:00","dateModified":"2026-02-03T08:32:01+00:00","description":"Intellektuelle Eleganz in Katzengestalt. Eine raffinierte Skulptur mit harmonischer Ausstrahlung. Ein einzigartiges, handbemaltes St\u00fcck, das Ihnen ein","breadcrumb":{"@id":"https:\/\/www.erresse-shop.it\/de\/shop\/einrichtung-haus\/dekoartikel\/toms-drag-katze-nelly-l\/#breadcrumb"},"inLanguage":"de-DE","potentialAction":[{"@type":"ReadAction","target":["https:\/\/www.erresse-shop.it\/de\/shop\/einrichtung-haus\/dekoartikel\/toms-drag-katze-nelly-l\/"]}]},{"@type":"BreadcrumbList","@id":"https:\/\/www.erresse-shop.it\/de\/shop\/einrichtung-haus\/dekoartikel\/toms-drag-katze-nelly-l\/#breadcrumb","itemListElement":[{"@type":"ListItem","position":1,"name":"Home","item":"https:\/\/www.erresse-shop.it\/de\/"},{"@type":"ListItem","position":2,"name":"Shop","item":"https:\/\/www.erresse-shop.it\/de\/shop\/"},{"@type":"ListItem","position":3,"name":"TOM&#8217;S DRAG Katze Nelly L"}]},{"@type":"WebSite","@id":"https:\/\/www.erresse-shop.it\/de\/#website","url":"https:\/\/www.erresse-shop.it\/de\/","name":"Erresse Shop","description":"Articoli di qualit\u00e0 per la casa","potentialAction":[{"@type":"SearchAction","target":{"@type":"EntryPoint","urlTemplate":"https:\/\/www.erresse-shop.it\/de\/?s={search_term_string}"},"query-input":"required name=search_term_string"}],"inLanguage":"de-DE"}]}},"df_price":89.95,"df_sale_price":89.95,"df_regular_price":122,"df_image_link":"https:\/\/www.erresse-shop.it\/wp-content\/uploads\/2025\/11\/TOMS-DRAG-Gatto-Nelly-L-300x300.jpg","_links":{"self":[{"href":"https:\/\/www.erresse-shop.it\/de\/wp-json\/wp\/v2\/product\/515858"}],"collection":[{"href":"https:\/\/www.erresse-shop.it\/de\/wp-json\/wp\/v2\/product"}],"about":[{"href":"https:\/\/www.erresse-shop.it\/de\/wp-json\/wp\/v2\/types\/product"}],"wp:featuredmedia":[{"embeddable":true,"href":"https:\/\/www.erresse-shop.it\/de\/wp-json\/wp\/v2\/media\/515867"}],"wp:attachment":[{"href":"https:\/\/www.erresse-shop.it\/de\/wp-json\/wp\/v2\/media?parent=515858"}],"wp:term":[{"taxonomy":"product_cat","embeddable":true,"href":"https:\/\/www.erresse-shop.it\/de\/wp-json\/wp\/v2\/product_cat?post=515858"},{"taxonomy":"product_tag","embeddable":true,"href":"https:\/\/www.erresse-shop.it\/de\/wp-json\/wp\/v2\/product_tag?post=515858"}],"curies":[{"name":"wp","href":"https:\/\/api.w.org\/{rel}","templated":true}]}}