{"id":515845,"date":"2025-11-06T13:30:31","date_gmt":"2025-11-06T13:30:33","guid":{"rendered":"https:\/\/www.erresse-shop.it\/?post_type=product&#038;p=515845"},"modified":"2026-02-03T08:35:46","modified_gmt":"2026-02-03T08:35:46","slug":"toms-drag-elefant-jumbo-l","status":"publish","type":"product","link":"https:\/\/www.erresse-shop.it\/de\/shop\/einrichtung-haus\/dekoartikel\/toms-drag-elefant-jumbo-l\/","title":{"rendered":"TOM&#8217;S DRAG Elefant Jumbo L"},"content":{"rendered":"<p>Ein farbenfroher und lebendiger Elefant<br \/>\nDie detailreiche Verarbeitung macht ihn einzigartig<br \/>\nEin k\u00fcnstlerischer Blickfang f\u00fcr Ihr Zuhause<\/p>\n<p><strong>Ma\u00dfe:<\/strong> 24 x 32 cm (H) mit Federn<br \/>\n<strong>Material:<\/strong> Marmorin<\/p>\n<p><strong>Der Elefant \u201eJumbo (L)\u201c<\/strong> ist ein echter Hingucker. Dieses Symbol f\u00fcr Gl\u00fcck und ein langes Leben tr\u00e4gt ein fantastisches Kost\u00fcm voller exotischer und verspielter Ornamente und erstrahlt in Regenbogenfarben. Mit seinem dekorativen Federkopfschmuck sieht er aus, als w\u00e4re er auf einem Karnevalsumzug. Was f\u00fcr eine wundervolle Welt!<\/p>\n","protected":false},"excerpt":{"rendered":"<p>Ein farbenfroher und lebendiger Elefant Die detailreiche Verarbeitung macht ihn einzigartig Ein k\u00fcnstlerischer Blickfang f\u00fcr Ihr Zuhause Ma\u00dfe: 24 x<\/p>\n","protected":false},"featured_media":515854,"template":"","meta":{"_acf_changed":false,"inline_featured_image":false},"product_cat":[6817,14442],"product_tag":[16994,16997],"acf":[],"yoast_head":"<!-- This site is optimized with the Yoast SEO Premium plugin v18.6 (Yoast SEO v19.13) - https:\/\/yoast.com\/wordpress\/plugins\/seo\/ -->\n<title>TOM&#039;S DRAG Elefant Jumbo L - Erresse Shop<\/title>\n<meta name=\"description\" content=\"Ein farbenfroher und lebendiger Elefant Die detailreiche Verarbeitung macht ihn einzigartig Ein k\u00fcnstlerischer Blickfang f\u00fcr Ihr Zuhause Ma\u00dfe: 24 x 32 cm\" \/>\n<meta name=\"robots\" content=\"index, follow, max-snippet:-1, max-image-preview:large, max-video-preview:-1\" \/>\n<link rel=\"canonical\" href=\"https:\/\/www.erresse-shop.it\/de\/shop\/einrichtung-haus\/dekoartikel\/toms-drag-elefant-jumbo-l\/\" \/>\n<meta property=\"og:locale\" content=\"de_DE\" \/>\n<meta property=\"og:type\" content=\"article\" \/>\n<meta property=\"og:title\" content=\"TOM&#039;S DRAG Elefant Jumbo L\" \/>\n<meta property=\"og:description\" content=\"Ein farbenfroher und lebendiger Elefant Die detailreiche Verarbeitung macht ihn einzigartig Ein k\u00fcnstlerischer Blickfang f\u00fcr Ihr Zuhause Ma\u00dfe: 24 x 32 cm\" \/>\n<meta property=\"og:url\" content=\"https:\/\/www.erresse-shop.it\/de\/shop\/einrichtung-haus\/dekoartikel\/toms-drag-elefant-jumbo-l\/\" \/>\n<meta property=\"og:site_name\" content=\"Erresse Shop\" \/>\n<meta property=\"article:modified_time\" content=\"2026-02-03T08:35:46+00:00\" \/>\n<meta property=\"og:image\" content=\"https:\/\/www.erresse-shop.it\/wp-content\/uploads\/2025\/11\/TOMS-DRAG-Elefante-Jumbo-L.jpg\" \/>\n\t<meta property=\"og:image:width\" content=\"1200\" \/>\n\t<meta property=\"og:image:height\" content=\"1200\" \/>\n\t<meta property=\"og:image:type\" content=\"image\/jpeg\" \/>\n<meta name=\"twitter:card\" content=\"summary_large_image\" \/>\n<script type=\"application\/ld+json\" class=\"yoast-schema-graph\">{\"@context\":\"https:\/\/schema.org\",\"@graph\":[{\"@type\":\"WebPage\",\"@id\":\"https:\/\/www.erresse-shop.it\/de\/shop\/einrichtung-haus\/dekoartikel\/toms-drag-elefant-jumbo-l\/\",\"url\":\"https:\/\/www.erresse-shop.it\/de\/shop\/einrichtung-haus\/dekoartikel\/toms-drag-elefant-jumbo-l\/\",\"name\":\"TOM'S DRAG Elefant Jumbo L - Erresse Shop\",\"isPartOf\":{\"@id\":\"https:\/\/www.erresse-shop.it\/de\/#website\"},\"datePublished\":\"2025-11-06T13:30:33+00:00\",\"dateModified\":\"2026-02-03T08:35:46+00:00\",\"description\":\"Ein farbenfroher und lebendiger Elefant Die detailreiche Verarbeitung macht ihn einzigartig Ein k\u00fcnstlerischer Blickfang f\u00fcr Ihr Zuhause Ma\u00dfe: 24 x 32 cm\",\"breadcrumb\":{\"@id\":\"https:\/\/www.erresse-shop.it\/de\/shop\/einrichtung-haus\/dekoartikel\/toms-drag-elefant-jumbo-l\/#breadcrumb\"},\"inLanguage\":\"de-DE\",\"potentialAction\":[{\"@type\":\"ReadAction\",\"target\":[\"https:\/\/www.erresse-shop.it\/de\/shop\/einrichtung-haus\/dekoartikel\/toms-drag-elefant-jumbo-l\/\"]}]},{\"@type\":\"BreadcrumbList\",\"@id\":\"https:\/\/www.erresse-shop.it\/de\/shop\/einrichtung-haus\/dekoartikel\/toms-drag-elefant-jumbo-l\/#breadcrumb\",\"itemListElement\":[{\"@type\":\"ListItem\",\"position\":1,\"name\":\"Home\",\"item\":\"https:\/\/www.erresse-shop.it\/de\/\"},{\"@type\":\"ListItem\",\"position\":2,\"name\":\"Shop\",\"item\":\"https:\/\/www.erresse-shop.it\/de\/shop\/\"},{\"@type\":\"ListItem\",\"position\":3,\"name\":\"TOM&#8217;S DRAG Elefant Jumbo L\"}]},{\"@type\":\"WebSite\",\"@id\":\"https:\/\/www.erresse-shop.it\/de\/#website\",\"url\":\"https:\/\/www.erresse-shop.it\/de\/\",\"name\":\"Erresse Shop\",\"description\":\"Articoli di qualit\u00e0 per la casa\",\"potentialAction\":[{\"@type\":\"SearchAction\",\"target\":{\"@type\":\"EntryPoint\",\"urlTemplate\":\"https:\/\/www.erresse-shop.it\/de\/?s={search_term_string}\"},\"query-input\":\"required name=search_term_string\"}],\"inLanguage\":\"de-DE\"}]}<\/script>\n<!-- \/ Yoast SEO Premium plugin. -->","yoast_head_json":{"title":"TOM'S DRAG Elefant Jumbo L - Erresse Shop","description":"Ein farbenfroher und lebendiger Elefant Die detailreiche Verarbeitung macht ihn einzigartig Ein k\u00fcnstlerischer Blickfang f\u00fcr Ihr Zuhause Ma\u00dfe: 24 x 32 cm","robots":{"index":"index","follow":"follow","max-snippet":"max-snippet:-1","max-image-preview":"max-image-preview:large","max-video-preview":"max-video-preview:-1"},"canonical":"https:\/\/www.erresse-shop.it\/de\/shop\/einrichtung-haus\/dekoartikel\/toms-drag-elefant-jumbo-l\/","og_locale":"de_DE","og_type":"article","og_title":"TOM'S DRAG Elefant Jumbo L","og_description":"Ein farbenfroher und lebendiger Elefant Die detailreiche Verarbeitung macht ihn einzigartig Ein k\u00fcnstlerischer Blickfang f\u00fcr Ihr Zuhause Ma\u00dfe: 24 x 32 cm","og_url":"https:\/\/www.erresse-shop.it\/de\/shop\/einrichtung-haus\/dekoartikel\/toms-drag-elefant-jumbo-l\/","og_site_name":"Erresse Shop","article_modified_time":"2026-02-03T08:35:46+00:00","og_image":[{"width":1200,"height":1200,"url":"https:\/\/www.erresse-shop.it\/wp-content\/uploads\/2025\/11\/TOMS-DRAG-Elefante-Jumbo-L.jpg","type":"image\/jpeg"}],"twitter_card":"summary_large_image","schema":{"@context":"https:\/\/schema.org","@graph":[{"@type":"WebPage","@id":"https:\/\/www.erresse-shop.it\/de\/shop\/einrichtung-haus\/dekoartikel\/toms-drag-elefant-jumbo-l\/","url":"https:\/\/www.erresse-shop.it\/de\/shop\/einrichtung-haus\/dekoartikel\/toms-drag-elefant-jumbo-l\/","name":"TOM'S DRAG Elefant Jumbo L - Erresse Shop","isPartOf":{"@id":"https:\/\/www.erresse-shop.it\/de\/#website"},"datePublished":"2025-11-06T13:30:33+00:00","dateModified":"2026-02-03T08:35:46+00:00","description":"Ein farbenfroher und lebendiger Elefant Die detailreiche Verarbeitung macht ihn einzigartig Ein k\u00fcnstlerischer Blickfang f\u00fcr Ihr Zuhause Ma\u00dfe: 24 x 32 cm","breadcrumb":{"@id":"https:\/\/www.erresse-shop.it\/de\/shop\/einrichtung-haus\/dekoartikel\/toms-drag-elefant-jumbo-l\/#breadcrumb"},"inLanguage":"de-DE","potentialAction":[{"@type":"ReadAction","target":["https:\/\/www.erresse-shop.it\/de\/shop\/einrichtung-haus\/dekoartikel\/toms-drag-elefant-jumbo-l\/"]}]},{"@type":"BreadcrumbList","@id":"https:\/\/www.erresse-shop.it\/de\/shop\/einrichtung-haus\/dekoartikel\/toms-drag-elefant-jumbo-l\/#breadcrumb","itemListElement":[{"@type":"ListItem","position":1,"name":"Home","item":"https:\/\/www.erresse-shop.it\/de\/"},{"@type":"ListItem","position":2,"name":"Shop","item":"https:\/\/www.erresse-shop.it\/de\/shop\/"},{"@type":"ListItem","position":3,"name":"TOM&#8217;S DRAG Elefant Jumbo L"}]},{"@type":"WebSite","@id":"https:\/\/www.erresse-shop.it\/de\/#website","url":"https:\/\/www.erresse-shop.it\/de\/","name":"Erresse Shop","description":"Articoli di qualit\u00e0 per la casa","potentialAction":[{"@type":"SearchAction","target":{"@type":"EntryPoint","urlTemplate":"https:\/\/www.erresse-shop.it\/de\/?s={search_term_string}"},"query-input":"required name=search_term_string"}],"inLanguage":"de-DE"}]}},"df_price":159.95,"df_sale_price":159.95,"df_regular_price":239,"df_image_link":"https:\/\/www.erresse-shop.it\/wp-content\/uploads\/2025\/11\/TOMS-DRAG-Elefante-Jumbo-L-300x300.jpg","_links":{"self":[{"href":"https:\/\/www.erresse-shop.it\/de\/wp-json\/wp\/v2\/product\/515845"}],"collection":[{"href":"https:\/\/www.erresse-shop.it\/de\/wp-json\/wp\/v2\/product"}],"about":[{"href":"https:\/\/www.erresse-shop.it\/de\/wp-json\/wp\/v2\/types\/product"}],"wp:featuredmedia":[{"embeddable":true,"href":"https:\/\/www.erresse-shop.it\/de\/wp-json\/wp\/v2\/media\/515854"}],"wp:attachment":[{"href":"https:\/\/www.erresse-shop.it\/de\/wp-json\/wp\/v2\/media?parent=515845"}],"wp:term":[{"taxonomy":"product_cat","embeddable":true,"href":"https:\/\/www.erresse-shop.it\/de\/wp-json\/wp\/v2\/product_cat?post=515845"},{"taxonomy":"product_tag","embeddable":true,"href":"https:\/\/www.erresse-shop.it\/de\/wp-json\/wp\/v2\/product_tag?post=515845"}],"curies":[{"name":"wp","href":"https:\/\/api.w.org\/{rel}","templated":true}]}}