{"id":515799,"date":"2025-11-06T11:36:29","date_gmt":"2025-11-06T11:36:30","guid":{"rendered":"https:\/\/www.erresse-shop.it\/?post_type=product&#038;p=515799"},"modified":"2026-02-03T08:45:01","modified_gmt":"2026-02-03T08:45:01","slug":"toms-drag-elefant-tuffi-l","status":"publish","type":"product","link":"https:\/\/www.erresse-shop.it\/de\/shop\/einrichtung-haus\/dekoartikel\/toms-drag-elefant-tuffi-l\/","title":{"rendered":"TOM&#8217;S DRAG Elefant Tuffi L"},"content":{"rendered":"<p>Majest\u00e4tischer Elefant mit zarter Ausstrahlung<br \/>\nHandgefertigt: Jedes St\u00fcck ist ein Unikat<br \/>\nBringt Ruhe und Harmonie in Ihr Zuhause<\/p>\n<p><strong>Material:<\/strong> Marmorino<br \/>\n<strong>Ma\u00dfe:<\/strong> 14 x 15 cm (mit Federn)<\/p>\n<p><strong>Der Elefant \u201eTuffi\u201c<\/strong> ist ein wahrer Gl\u00fccksbringer. Dieses Tier, ein Symbol f\u00fcr Gl\u00fcck und ein langes Leben, tr\u00e4gt ein fantastisches Kost\u00fcm voller exotischer und verspielter Ornamente in allen Farben des Regenbogens. Mit seinem dekorativen Federkopfschmuck wirkt er wie ein Karnevalsgast. Welch eine wundervolle Welt!<\/p>\n","protected":false},"excerpt":{"rendered":"<p>Majest\u00e4tischer Elefant mit zarter Ausstrahlung Handgefertigt: Jedes St\u00fcck ist ein Unikat Bringt Ruhe und Harmonie in Ihr Zuhause Material: Marmorino<\/p>\n","protected":false},"featured_media":515814,"template":"","meta":{"_acf_changed":false,"inline_featured_image":false},"product_cat":[6817,14442],"product_tag":[16994,17008,16997],"acf":[],"yoast_head":"<!-- This site is optimized with the Yoast SEO Premium plugin v18.6 (Yoast SEO v19.13) - https:\/\/yoast.com\/wordpress\/plugins\/seo\/ -->\n<title>TOM&#039;S DRAG Elefant Tuffi L - Erresse Shop<\/title>\n<meta name=\"description\" content=\"Majest\u00e4tischer Elefant mit zarter Ausstrahlung Handgefertigt: Jedes St\u00fcck ist ein Unikat Bringt Ruhe und Harmonie in Ihr Zuhause Material: Marmorino Ma\u00dfe:\" \/>\n<meta name=\"robots\" content=\"index, follow, max-snippet:-1, max-image-preview:large, max-video-preview:-1\" \/>\n<link rel=\"canonical\" href=\"https:\/\/www.erresse-shop.it\/de\/shop\/einrichtung-haus\/dekoartikel\/toms-drag-elefant-tuffi-l\/\" \/>\n<meta property=\"og:locale\" content=\"de_DE\" \/>\n<meta property=\"og:type\" content=\"article\" \/>\n<meta property=\"og:title\" content=\"TOM&#039;S DRAG Elefant Tuffi L\" \/>\n<meta property=\"og:description\" content=\"Majest\u00e4tischer Elefant mit zarter Ausstrahlung Handgefertigt: Jedes St\u00fcck ist ein Unikat Bringt Ruhe und Harmonie in Ihr Zuhause Material: Marmorino Ma\u00dfe:\" \/>\n<meta property=\"og:url\" content=\"https:\/\/www.erresse-shop.it\/de\/shop\/einrichtung-haus\/dekoartikel\/toms-drag-elefant-tuffi-l\/\" \/>\n<meta property=\"og:site_name\" content=\"Erresse Shop\" \/>\n<meta property=\"article:modified_time\" content=\"2026-02-03T08:45:01+00:00\" \/>\n<meta property=\"og:image\" content=\"https:\/\/www.erresse-shop.it\/wp-content\/uploads\/2025\/11\/TOMS-DRAG-Elefante-Tuffi-L.jpg\" \/>\n\t<meta property=\"og:image:width\" content=\"1200\" \/>\n\t<meta property=\"og:image:height\" content=\"1200\" \/>\n\t<meta property=\"og:image:type\" content=\"image\/jpeg\" \/>\n<meta name=\"twitter:card\" content=\"summary_large_image\" \/>\n<script type=\"application\/ld+json\" class=\"yoast-schema-graph\">{\"@context\":\"https:\/\/schema.org\",\"@graph\":[{\"@type\":\"WebPage\",\"@id\":\"https:\/\/www.erresse-shop.it\/de\/shop\/einrichtung-haus\/dekoartikel\/toms-drag-elefant-tuffi-l\/\",\"url\":\"https:\/\/www.erresse-shop.it\/de\/shop\/einrichtung-haus\/dekoartikel\/toms-drag-elefant-tuffi-l\/\",\"name\":\"TOM'S DRAG Elefant Tuffi L - Erresse Shop\",\"isPartOf\":{\"@id\":\"https:\/\/www.erresse-shop.it\/de\/#website\"},\"datePublished\":\"2025-11-06T11:36:30+00:00\",\"dateModified\":\"2026-02-03T08:45:01+00:00\",\"description\":\"Majest\u00e4tischer Elefant mit zarter Ausstrahlung Handgefertigt: Jedes St\u00fcck ist ein Unikat Bringt Ruhe und Harmonie in Ihr Zuhause Material: Marmorino Ma\u00dfe:\",\"breadcrumb\":{\"@id\":\"https:\/\/www.erresse-shop.it\/de\/shop\/einrichtung-haus\/dekoartikel\/toms-drag-elefant-tuffi-l\/#breadcrumb\"},\"inLanguage\":\"de-DE\",\"potentialAction\":[{\"@type\":\"ReadAction\",\"target\":[\"https:\/\/www.erresse-shop.it\/de\/shop\/einrichtung-haus\/dekoartikel\/toms-drag-elefant-tuffi-l\/\"]}]},{\"@type\":\"BreadcrumbList\",\"@id\":\"https:\/\/www.erresse-shop.it\/de\/shop\/einrichtung-haus\/dekoartikel\/toms-drag-elefant-tuffi-l\/#breadcrumb\",\"itemListElement\":[{\"@type\":\"ListItem\",\"position\":1,\"name\":\"Home\",\"item\":\"https:\/\/www.erresse-shop.it\/de\/\"},{\"@type\":\"ListItem\",\"position\":2,\"name\":\"Shop\",\"item\":\"https:\/\/www.erresse-shop.it\/de\/shop\/\"},{\"@type\":\"ListItem\",\"position\":3,\"name\":\"TOM&#8217;S DRAG Elefant Tuffi L\"}]},{\"@type\":\"WebSite\",\"@id\":\"https:\/\/www.erresse-shop.it\/de\/#website\",\"url\":\"https:\/\/www.erresse-shop.it\/de\/\",\"name\":\"Erresse Shop\",\"description\":\"Articoli di qualit\u00e0 per la casa\",\"potentialAction\":[{\"@type\":\"SearchAction\",\"target\":{\"@type\":\"EntryPoint\",\"urlTemplate\":\"https:\/\/www.erresse-shop.it\/de\/?s={search_term_string}\"},\"query-input\":\"required name=search_term_string\"}],\"inLanguage\":\"de-DE\"}]}<\/script>\n<!-- \/ Yoast SEO Premium plugin. -->","yoast_head_json":{"title":"TOM'S DRAG Elefant Tuffi L - Erresse Shop","description":"Majest\u00e4tischer Elefant mit zarter Ausstrahlung Handgefertigt: Jedes St\u00fcck ist ein Unikat Bringt Ruhe und Harmonie in Ihr Zuhause Material: Marmorino Ma\u00dfe:","robots":{"index":"index","follow":"follow","max-snippet":"max-snippet:-1","max-image-preview":"max-image-preview:large","max-video-preview":"max-video-preview:-1"},"canonical":"https:\/\/www.erresse-shop.it\/de\/shop\/einrichtung-haus\/dekoartikel\/toms-drag-elefant-tuffi-l\/","og_locale":"de_DE","og_type":"article","og_title":"TOM'S DRAG Elefant Tuffi L","og_description":"Majest\u00e4tischer Elefant mit zarter Ausstrahlung Handgefertigt: Jedes St\u00fcck ist ein Unikat Bringt Ruhe und Harmonie in Ihr Zuhause Material: Marmorino Ma\u00dfe:","og_url":"https:\/\/www.erresse-shop.it\/de\/shop\/einrichtung-haus\/dekoartikel\/toms-drag-elefant-tuffi-l\/","og_site_name":"Erresse Shop","article_modified_time":"2026-02-03T08:45:01+00:00","og_image":[{"width":1200,"height":1200,"url":"https:\/\/www.erresse-shop.it\/wp-content\/uploads\/2025\/11\/TOMS-DRAG-Elefante-Tuffi-L.jpg","type":"image\/jpeg"}],"twitter_card":"summary_large_image","schema":{"@context":"https:\/\/schema.org","@graph":[{"@type":"WebPage","@id":"https:\/\/www.erresse-shop.it\/de\/shop\/einrichtung-haus\/dekoartikel\/toms-drag-elefant-tuffi-l\/","url":"https:\/\/www.erresse-shop.it\/de\/shop\/einrichtung-haus\/dekoartikel\/toms-drag-elefant-tuffi-l\/","name":"TOM'S DRAG Elefant Tuffi L - Erresse Shop","isPartOf":{"@id":"https:\/\/www.erresse-shop.it\/de\/#website"},"datePublished":"2025-11-06T11:36:30+00:00","dateModified":"2026-02-03T08:45:01+00:00","description":"Majest\u00e4tischer Elefant mit zarter Ausstrahlung Handgefertigt: Jedes St\u00fcck ist ein Unikat Bringt Ruhe und Harmonie in Ihr Zuhause Material: Marmorino Ma\u00dfe:","breadcrumb":{"@id":"https:\/\/www.erresse-shop.it\/de\/shop\/einrichtung-haus\/dekoartikel\/toms-drag-elefant-tuffi-l\/#breadcrumb"},"inLanguage":"de-DE","potentialAction":[{"@type":"ReadAction","target":["https:\/\/www.erresse-shop.it\/de\/shop\/einrichtung-haus\/dekoartikel\/toms-drag-elefant-tuffi-l\/"]}]},{"@type":"BreadcrumbList","@id":"https:\/\/www.erresse-shop.it\/de\/shop\/einrichtung-haus\/dekoartikel\/toms-drag-elefant-tuffi-l\/#breadcrumb","itemListElement":[{"@type":"ListItem","position":1,"name":"Home","item":"https:\/\/www.erresse-shop.it\/de\/"},{"@type":"ListItem","position":2,"name":"Shop","item":"https:\/\/www.erresse-shop.it\/de\/shop\/"},{"@type":"ListItem","position":3,"name":"TOM&#8217;S DRAG Elefant Tuffi L"}]},{"@type":"WebSite","@id":"https:\/\/www.erresse-shop.it\/de\/#website","url":"https:\/\/www.erresse-shop.it\/de\/","name":"Erresse Shop","description":"Articoli di qualit\u00e0 per la casa","potentialAction":[{"@type":"SearchAction","target":{"@type":"EntryPoint","urlTemplate":"https:\/\/www.erresse-shop.it\/de\/?s={search_term_string}"},"query-input":"required name=search_term_string"}],"inLanguage":"de-DE"}]}},"df_price":66.95,"df_sale_price":66.95,"df_regular_price":78,"df_image_link":"https:\/\/www.erresse-shop.it\/wp-content\/uploads\/2025\/11\/TOMS-DRAG-Elefante-Tuffi-L-300x300.jpg","_links":{"self":[{"href":"https:\/\/www.erresse-shop.it\/de\/wp-json\/wp\/v2\/product\/515799"}],"collection":[{"href":"https:\/\/www.erresse-shop.it\/de\/wp-json\/wp\/v2\/product"}],"about":[{"href":"https:\/\/www.erresse-shop.it\/de\/wp-json\/wp\/v2\/types\/product"}],"wp:featuredmedia":[{"embeddable":true,"href":"https:\/\/www.erresse-shop.it\/de\/wp-json\/wp\/v2\/media\/515814"}],"wp:attachment":[{"href":"https:\/\/www.erresse-shop.it\/de\/wp-json\/wp\/v2\/media?parent=515799"}],"wp:term":[{"taxonomy":"product_cat","embeddable":true,"href":"https:\/\/www.erresse-shop.it\/de\/wp-json\/wp\/v2\/product_cat?post=515799"},{"taxonomy":"product_tag","embeddable":true,"href":"https:\/\/www.erresse-shop.it\/de\/wp-json\/wp\/v2\/product_tag?post=515799"}],"curies":[{"name":"wp","href":"https:\/\/api.w.org\/{rel}","templated":true}]}}