{"id":515193,"date":"2025-10-28T09:10:53","date_gmt":"2025-10-28T09:10:55","guid":{"rendered":"https:\/\/www.erresse-shop.it\/?post_type=product&#038;p=515193"},"modified":"2026-02-03T10:00:35","modified_gmt":"2026-02-03T10:00:35","slug":"toms-drag-katze-matilda-m","status":"publish","type":"product","link":"https:\/\/www.erresse-shop.it\/de\/shop\/einrichtung-haus\/dekoartikel\/toms-drag-katze-matilda-m\/","title":{"rendered":"TOM&#8217;S DRAG Katze Matilda M"},"content":{"rendered":"<p><strong>Ma\u00dfe:<\/strong> 34 x 23 cm,<br \/>\n<strong>Material:<\/strong> MDF<\/p>\n<p>Die Katze \u201eMathilda\u201c M ist eine echte Tom&#8217;s Drag Queen. Mit ihrem fantastischen Kost\u00fcm voller exotischer und verspielter Ornamente ist sie wie f\u00fcr einen Karnevalsumzug geschm\u00fcckt und erstrahlt in den Farben des Regenbogens. Was f\u00fcr eine wundervolle Welt! Mit Stoffkopfschmuck.<\/p>\n","protected":false},"excerpt":{"rendered":"<p>Ma\u00dfe: 34 x 23 cm, Material: MDF Die Katze \u201eMathilda\u201c M ist eine echte Tom&#8217;s Drag Queen. Mit ihrem fantastischen<\/p>\n","protected":false},"featured_media":515202,"template":"","meta":{"_acf_changed":false,"inline_featured_image":false},"product_cat":[6817,14442],"product_tag":[16994,17048,16997],"acf":[],"yoast_head":"<!-- This site is optimized with the Yoast SEO Premium plugin v18.6 (Yoast SEO v19.13) - https:\/\/yoast.com\/wordpress\/plugins\/seo\/ -->\n<title>TOM&#039;S DRAG Katze Matilda M - Erresse Shop<\/title>\n<meta name=\"description\" content=\"Ma\u00dfe: 34 x 23 cm, Material: MDF Die Katze \u201eMathilda\u201c M ist eine echte Tom&#039;s Drag Queen. Mit ihrem fantastischen Kost\u00fcm voller exotischer und verspielter\" \/>\n<meta name=\"robots\" content=\"index, follow, max-snippet:-1, max-image-preview:large, max-video-preview:-1\" \/>\n<link rel=\"canonical\" href=\"https:\/\/www.erresse-shop.it\/de\/shop\/einrichtung-haus\/dekoartikel\/toms-drag-katze-matilda-m\/\" \/>\n<meta property=\"og:locale\" content=\"de_DE\" \/>\n<meta property=\"og:type\" content=\"article\" \/>\n<meta property=\"og:title\" content=\"TOM&#039;S DRAG Katze Matilda M\" \/>\n<meta property=\"og:description\" content=\"Ma\u00dfe: 34 x 23 cm, Material: MDF Die Katze \u201eMathilda\u201c M ist eine echte Tom&#039;s Drag Queen. Mit ihrem fantastischen Kost\u00fcm voller exotischer und verspielter\" \/>\n<meta property=\"og:url\" content=\"https:\/\/www.erresse-shop.it\/de\/shop\/einrichtung-haus\/dekoartikel\/toms-drag-katze-matilda-m\/\" \/>\n<meta property=\"og:site_name\" content=\"Erresse Shop\" \/>\n<meta property=\"article:modified_time\" content=\"2026-02-03T10:00:35+00:00\" \/>\n<meta property=\"og:image\" content=\"https:\/\/www.erresse-shop.it\/wp-content\/uploads\/2025\/10\/TOMS-DRAG-Gatto-Matilda-M.jpg\" \/>\n\t<meta property=\"og:image:width\" content=\"1200\" \/>\n\t<meta property=\"og:image:height\" content=\"1200\" \/>\n\t<meta property=\"og:image:type\" content=\"image\/jpeg\" \/>\n<meta name=\"twitter:card\" content=\"summary_large_image\" \/>\n<script type=\"application\/ld+json\" class=\"yoast-schema-graph\">{\"@context\":\"https:\/\/schema.org\",\"@graph\":[{\"@type\":\"WebPage\",\"@id\":\"https:\/\/www.erresse-shop.it\/de\/shop\/einrichtung-haus\/dekoartikel\/toms-drag-katze-matilda-m\/\",\"url\":\"https:\/\/www.erresse-shop.it\/de\/shop\/einrichtung-haus\/dekoartikel\/toms-drag-katze-matilda-m\/\",\"name\":\"TOM'S DRAG Katze Matilda M - Erresse Shop\",\"isPartOf\":{\"@id\":\"https:\/\/www.erresse-shop.it\/de\/#website\"},\"datePublished\":\"2025-10-28T09:10:55+00:00\",\"dateModified\":\"2026-02-03T10:00:35+00:00\",\"description\":\"Ma\u00dfe: 34 x 23 cm, Material: MDF Die Katze \u201eMathilda\u201c M ist eine echte Tom's Drag Queen. Mit ihrem fantastischen Kost\u00fcm voller exotischer und verspielter\",\"breadcrumb\":{\"@id\":\"https:\/\/www.erresse-shop.it\/de\/shop\/einrichtung-haus\/dekoartikel\/toms-drag-katze-matilda-m\/#breadcrumb\"},\"inLanguage\":\"de-DE\",\"potentialAction\":[{\"@type\":\"ReadAction\",\"target\":[\"https:\/\/www.erresse-shop.it\/de\/shop\/einrichtung-haus\/dekoartikel\/toms-drag-katze-matilda-m\/\"]}]},{\"@type\":\"BreadcrumbList\",\"@id\":\"https:\/\/www.erresse-shop.it\/de\/shop\/einrichtung-haus\/dekoartikel\/toms-drag-katze-matilda-m\/#breadcrumb\",\"itemListElement\":[{\"@type\":\"ListItem\",\"position\":1,\"name\":\"Home\",\"item\":\"https:\/\/www.erresse-shop.it\/de\/\"},{\"@type\":\"ListItem\",\"position\":2,\"name\":\"Shop\",\"item\":\"https:\/\/www.erresse-shop.it\/de\/shop\/\"},{\"@type\":\"ListItem\",\"position\":3,\"name\":\"TOM&#8217;S DRAG Katze Matilda M\"}]},{\"@type\":\"WebSite\",\"@id\":\"https:\/\/www.erresse-shop.it\/de\/#website\",\"url\":\"https:\/\/www.erresse-shop.it\/de\/\",\"name\":\"Erresse Shop\",\"description\":\"Articoli di qualit\u00e0 per la casa\",\"potentialAction\":[{\"@type\":\"SearchAction\",\"target\":{\"@type\":\"EntryPoint\",\"urlTemplate\":\"https:\/\/www.erresse-shop.it\/de\/?s={search_term_string}\"},\"query-input\":\"required name=search_term_string\"}],\"inLanguage\":\"de-DE\"}]}<\/script>\n<!-- \/ Yoast SEO Premium plugin. -->","yoast_head_json":{"title":"TOM'S DRAG Katze Matilda M - Erresse Shop","description":"Ma\u00dfe: 34 x 23 cm, Material: MDF Die Katze \u201eMathilda\u201c M ist eine echte Tom's Drag Queen. Mit ihrem fantastischen Kost\u00fcm voller exotischer und verspielter","robots":{"index":"index","follow":"follow","max-snippet":"max-snippet:-1","max-image-preview":"max-image-preview:large","max-video-preview":"max-video-preview:-1"},"canonical":"https:\/\/www.erresse-shop.it\/de\/shop\/einrichtung-haus\/dekoartikel\/toms-drag-katze-matilda-m\/","og_locale":"de_DE","og_type":"article","og_title":"TOM'S DRAG Katze Matilda M","og_description":"Ma\u00dfe: 34 x 23 cm, Material: MDF Die Katze \u201eMathilda\u201c M ist eine echte Tom's Drag Queen. Mit ihrem fantastischen Kost\u00fcm voller exotischer und verspielter","og_url":"https:\/\/www.erresse-shop.it\/de\/shop\/einrichtung-haus\/dekoartikel\/toms-drag-katze-matilda-m\/","og_site_name":"Erresse Shop","article_modified_time":"2026-02-03T10:00:35+00:00","og_image":[{"width":1200,"height":1200,"url":"https:\/\/www.erresse-shop.it\/wp-content\/uploads\/2025\/10\/TOMS-DRAG-Gatto-Matilda-M.jpg","type":"image\/jpeg"}],"twitter_card":"summary_large_image","schema":{"@context":"https:\/\/schema.org","@graph":[{"@type":"WebPage","@id":"https:\/\/www.erresse-shop.it\/de\/shop\/einrichtung-haus\/dekoartikel\/toms-drag-katze-matilda-m\/","url":"https:\/\/www.erresse-shop.it\/de\/shop\/einrichtung-haus\/dekoartikel\/toms-drag-katze-matilda-m\/","name":"TOM'S DRAG Katze Matilda M - Erresse Shop","isPartOf":{"@id":"https:\/\/www.erresse-shop.it\/de\/#website"},"datePublished":"2025-10-28T09:10:55+00:00","dateModified":"2026-02-03T10:00:35+00:00","description":"Ma\u00dfe: 34 x 23 cm, Material: MDF Die Katze \u201eMathilda\u201c M ist eine echte Tom's Drag Queen. Mit ihrem fantastischen Kost\u00fcm voller exotischer und verspielter","breadcrumb":{"@id":"https:\/\/www.erresse-shop.it\/de\/shop\/einrichtung-haus\/dekoartikel\/toms-drag-katze-matilda-m\/#breadcrumb"},"inLanguage":"de-DE","potentialAction":[{"@type":"ReadAction","target":["https:\/\/www.erresse-shop.it\/de\/shop\/einrichtung-haus\/dekoartikel\/toms-drag-katze-matilda-m\/"]}]},{"@type":"BreadcrumbList","@id":"https:\/\/www.erresse-shop.it\/de\/shop\/einrichtung-haus\/dekoartikel\/toms-drag-katze-matilda-m\/#breadcrumb","itemListElement":[{"@type":"ListItem","position":1,"name":"Home","item":"https:\/\/www.erresse-shop.it\/de\/"},{"@type":"ListItem","position":2,"name":"Shop","item":"https:\/\/www.erresse-shop.it\/de\/shop\/"},{"@type":"ListItem","position":3,"name":"TOM&#8217;S DRAG Katze Matilda M"}]},{"@type":"WebSite","@id":"https:\/\/www.erresse-shop.it\/de\/#website","url":"https:\/\/www.erresse-shop.it\/de\/","name":"Erresse Shop","description":"Articoli di qualit\u00e0 per la casa","potentialAction":[{"@type":"SearchAction","target":{"@type":"EntryPoint","urlTemplate":"https:\/\/www.erresse-shop.it\/de\/?s={search_term_string}"},"query-input":"required name=search_term_string"}],"inLanguage":"de-DE"}]}},"df_price":96.2,"df_sale_price":96.2,"df_regular_price":185,"df_image_link":"https:\/\/www.erresse-shop.it\/wp-content\/uploads\/2025\/10\/TOMS-DRAG-Gatto-Matilda-M-300x300.jpg","_links":{"self":[{"href":"https:\/\/www.erresse-shop.it\/de\/wp-json\/wp\/v2\/product\/515193"}],"collection":[{"href":"https:\/\/www.erresse-shop.it\/de\/wp-json\/wp\/v2\/product"}],"about":[{"href":"https:\/\/www.erresse-shop.it\/de\/wp-json\/wp\/v2\/types\/product"}],"wp:featuredmedia":[{"embeddable":true,"href":"https:\/\/www.erresse-shop.it\/de\/wp-json\/wp\/v2\/media\/515202"}],"wp:attachment":[{"href":"https:\/\/www.erresse-shop.it\/de\/wp-json\/wp\/v2\/media?parent=515193"}],"wp:term":[{"taxonomy":"product_cat","embeddable":true,"href":"https:\/\/www.erresse-shop.it\/de\/wp-json\/wp\/v2\/product_cat?post=515193"},{"taxonomy":"product_tag","embeddable":true,"href":"https:\/\/www.erresse-shop.it\/de\/wp-json\/wp\/v2\/product_tag?post=515193"}],"curies":[{"name":"wp","href":"https:\/\/api.w.org\/{rel}","templated":true}]}}