{"id":515058,"date":"2025-10-28T07:48:23","date_gmt":"2025-10-28T07:48:24","guid":{"rendered":"https:\/\/www.erresse-shop.it\/?post_type=product&#038;p=515058"},"modified":"2026-02-03T10:14:36","modified_gmt":"2026-02-03T10:14:36","slug":"toms-drag-kommode-versailles-m","status":"publish","type":"product","link":"https:\/\/www.erresse-shop.it\/de\/shop\/einrichtung-haus\/moebel\/toms-drag-kommode-versailles-m\/","title":{"rendered":"TOM&#8217;S DRAG Kommode Versailles M"},"content":{"rendered":"<p><strong>Material:<\/strong>MDF<\/p>\n<p><strong>C\u00f3moda Versailles M<br \/>\n<\/strong>Wer ist nicht fasziniert vom Schloss Versailles, dem prachtvollen barocken Meisterwerk? Die Versailles Kollektion von Tom&#8217;s Drag zeigt, dass sich Tom&#8217;s Drags Stil und barocke Formensprache perfekt erg\u00e4nzen: Opulente Formen treffen auf ein Feuerwerk aus Farben und Mustern. Selbst in ansonsten minimalistisch eingerichteten Wohnungen bilden unsere Versailles M\u00f6bel eine unerwartete Symbiose mit schlichten, geradlinigen Einrichtungsgegenst\u00e4nden. Die Kommode Versailles M verf\u00fcgt \u00fcber zwei ausziehbare Schubladen. Bitte beachten Sie, dass die Goldpatina bewusst von Hand aufgetragen (nicht gespr\u00fcht!) wird und daher einige \u201eUnregelm\u00e4\u00dfigkeiten\u201c aufweist! Dies tr\u00e4gt zum individuellen Charakter dieser au\u00dfergew\u00f6hnlichen Serie bei.<\/p>\n<p><strong>Ma\u00dfe:<\/strong> \u00a036,5 x 54,5, H 68 cm<\/p>\n","protected":false},"excerpt":{"rendered":"<p>Material:MDF C\u00f3moda Versailles M Wer ist nicht fasziniert vom Schloss Versailles, dem prachtvollen barocken Meisterwerk? Die Versailles Kollektion von Tom&#8217;s<\/p>\n","protected":false},"featured_media":515079,"template":"","meta":{"_acf_changed":false,"inline_featured_image":false},"product_cat":[6817,17095],"product_tag":[17134],"acf":[],"yoast_head":"<!-- This site is optimized with the Yoast SEO Premium plugin v18.6 (Yoast SEO v19.13) - https:\/\/yoast.com\/wordpress\/plugins\/seo\/ -->\n<title>TOM&#039;S DRAG Kommode Versailles M - Erresse Shop<\/title>\n<meta name=\"description\" content=\"Material:MDF C\u00f3moda Versailles M Wer ist nicht fasziniert vom Schloss Versailles, dem prachtvollen barocken Meisterwerk? Die Versailles Kollektion von\" \/>\n<meta name=\"robots\" content=\"index, follow, max-snippet:-1, max-image-preview:large, max-video-preview:-1\" \/>\n<link rel=\"canonical\" href=\"https:\/\/www.erresse-shop.it\/de\/shop\/einrichtung-haus\/moebel\/toms-drag-kommode-versailles-m\/\" \/>\n<meta property=\"og:locale\" content=\"de_DE\" \/>\n<meta property=\"og:type\" content=\"article\" \/>\n<meta property=\"og:title\" content=\"TOM&#039;S DRAG Kommode Versailles M\" \/>\n<meta property=\"og:description\" content=\"Material:MDF C\u00f3moda Versailles M Wer ist nicht fasziniert vom Schloss Versailles, dem prachtvollen barocken Meisterwerk? Die Versailles Kollektion von\" \/>\n<meta property=\"og:url\" content=\"https:\/\/www.erresse-shop.it\/de\/shop\/einrichtung-haus\/moebel\/toms-drag-kommode-versailles-m\/\" \/>\n<meta property=\"og:site_name\" content=\"Erresse Shop\" \/>\n<meta property=\"article:modified_time\" content=\"2026-02-03T10:14:36+00:00\" \/>\n<meta property=\"og:image\" content=\"https:\/\/www.erresse-shop.it\/wp-content\/uploads\/2025\/10\/TOMS-DRAG-Cassettiera-Versailles-M.jpg\" \/>\n\t<meta property=\"og:image:width\" content=\"1200\" \/>\n\t<meta property=\"og:image:height\" content=\"1200\" \/>\n\t<meta property=\"og:image:type\" content=\"image\/jpeg\" \/>\n<meta name=\"twitter:card\" content=\"summary_large_image\" \/>\n<script type=\"application\/ld+json\" class=\"yoast-schema-graph\">{\"@context\":\"https:\/\/schema.org\",\"@graph\":[{\"@type\":\"WebPage\",\"@id\":\"https:\/\/www.erresse-shop.it\/de\/shop\/einrichtung-haus\/moebel\/toms-drag-kommode-versailles-m\/\",\"url\":\"https:\/\/www.erresse-shop.it\/de\/shop\/einrichtung-haus\/moebel\/toms-drag-kommode-versailles-m\/\",\"name\":\"TOM'S DRAG Kommode Versailles M - Erresse Shop\",\"isPartOf\":{\"@id\":\"https:\/\/www.erresse-shop.it\/de\/#website\"},\"datePublished\":\"2025-10-28T07:48:24+00:00\",\"dateModified\":\"2026-02-03T10:14:36+00:00\",\"description\":\"Material:MDF C\u00f3moda Versailles M Wer ist nicht fasziniert vom Schloss Versailles, dem prachtvollen barocken Meisterwerk? Die Versailles Kollektion von\",\"breadcrumb\":{\"@id\":\"https:\/\/www.erresse-shop.it\/de\/shop\/einrichtung-haus\/moebel\/toms-drag-kommode-versailles-m\/#breadcrumb\"},\"inLanguage\":\"de-DE\",\"potentialAction\":[{\"@type\":\"ReadAction\",\"target\":[\"https:\/\/www.erresse-shop.it\/de\/shop\/einrichtung-haus\/moebel\/toms-drag-kommode-versailles-m\/\"]}]},{\"@type\":\"BreadcrumbList\",\"@id\":\"https:\/\/www.erresse-shop.it\/de\/shop\/einrichtung-haus\/moebel\/toms-drag-kommode-versailles-m\/#breadcrumb\",\"itemListElement\":[{\"@type\":\"ListItem\",\"position\":1,\"name\":\"Home\",\"item\":\"https:\/\/www.erresse-shop.it\/de\/\"},{\"@type\":\"ListItem\",\"position\":2,\"name\":\"Shop\",\"item\":\"https:\/\/www.erresse-shop.it\/de\/shop\/\"},{\"@type\":\"ListItem\",\"position\":3,\"name\":\"TOM&#8217;S DRAG Kommode Versailles M\"}]},{\"@type\":\"WebSite\",\"@id\":\"https:\/\/www.erresse-shop.it\/de\/#website\",\"url\":\"https:\/\/www.erresse-shop.it\/de\/\",\"name\":\"Erresse Shop\",\"description\":\"Articoli di qualit\u00e0 per la casa\",\"potentialAction\":[{\"@type\":\"SearchAction\",\"target\":{\"@type\":\"EntryPoint\",\"urlTemplate\":\"https:\/\/www.erresse-shop.it\/de\/?s={search_term_string}\"},\"query-input\":\"required name=search_term_string\"}],\"inLanguage\":\"de-DE\"}]}<\/script>\n<!-- \/ Yoast SEO Premium plugin. -->","yoast_head_json":{"title":"TOM'S DRAG Kommode Versailles M - Erresse Shop","description":"Material:MDF C\u00f3moda Versailles M Wer ist nicht fasziniert vom Schloss Versailles, dem prachtvollen barocken Meisterwerk? Die Versailles Kollektion von","robots":{"index":"index","follow":"follow","max-snippet":"max-snippet:-1","max-image-preview":"max-image-preview:large","max-video-preview":"max-video-preview:-1"},"canonical":"https:\/\/www.erresse-shop.it\/de\/shop\/einrichtung-haus\/moebel\/toms-drag-kommode-versailles-m\/","og_locale":"de_DE","og_type":"article","og_title":"TOM'S DRAG Kommode Versailles M","og_description":"Material:MDF C\u00f3moda Versailles M Wer ist nicht fasziniert vom Schloss Versailles, dem prachtvollen barocken Meisterwerk? Die Versailles Kollektion von","og_url":"https:\/\/www.erresse-shop.it\/de\/shop\/einrichtung-haus\/moebel\/toms-drag-kommode-versailles-m\/","og_site_name":"Erresse Shop","article_modified_time":"2026-02-03T10:14:36+00:00","og_image":[{"width":1200,"height":1200,"url":"https:\/\/www.erresse-shop.it\/wp-content\/uploads\/2025\/10\/TOMS-DRAG-Cassettiera-Versailles-M.jpg","type":"image\/jpeg"}],"twitter_card":"summary_large_image","schema":{"@context":"https:\/\/schema.org","@graph":[{"@type":"WebPage","@id":"https:\/\/www.erresse-shop.it\/de\/shop\/einrichtung-haus\/moebel\/toms-drag-kommode-versailles-m\/","url":"https:\/\/www.erresse-shop.it\/de\/shop\/einrichtung-haus\/moebel\/toms-drag-kommode-versailles-m\/","name":"TOM'S DRAG Kommode Versailles M - Erresse Shop","isPartOf":{"@id":"https:\/\/www.erresse-shop.it\/de\/#website"},"datePublished":"2025-10-28T07:48:24+00:00","dateModified":"2026-02-03T10:14:36+00:00","description":"Material:MDF C\u00f3moda Versailles M Wer ist nicht fasziniert vom Schloss Versailles, dem prachtvollen barocken Meisterwerk? Die Versailles Kollektion von","breadcrumb":{"@id":"https:\/\/www.erresse-shop.it\/de\/shop\/einrichtung-haus\/moebel\/toms-drag-kommode-versailles-m\/#breadcrumb"},"inLanguage":"de-DE","potentialAction":[{"@type":"ReadAction","target":["https:\/\/www.erresse-shop.it\/de\/shop\/einrichtung-haus\/moebel\/toms-drag-kommode-versailles-m\/"]}]},{"@type":"BreadcrumbList","@id":"https:\/\/www.erresse-shop.it\/de\/shop\/einrichtung-haus\/moebel\/toms-drag-kommode-versailles-m\/#breadcrumb","itemListElement":[{"@type":"ListItem","position":1,"name":"Home","item":"https:\/\/www.erresse-shop.it\/de\/"},{"@type":"ListItem","position":2,"name":"Shop","item":"https:\/\/www.erresse-shop.it\/de\/shop\/"},{"@type":"ListItem","position":3,"name":"TOM&#8217;S DRAG Kommode Versailles M"}]},{"@type":"WebSite","@id":"https:\/\/www.erresse-shop.it\/de\/#website","url":"https:\/\/www.erresse-shop.it\/de\/","name":"Erresse Shop","description":"Articoli di qualit\u00e0 per la casa","potentialAction":[{"@type":"SearchAction","target":{"@type":"EntryPoint","urlTemplate":"https:\/\/www.erresse-shop.it\/de\/?s={search_term_string}"},"query-input":"required name=search_term_string"}],"inLanguage":"de-DE"}]}},"df_price":717.6,"df_sale_price":717.6,"df_regular_price":1380,"df_image_link":"https:\/\/www.erresse-shop.it\/wp-content\/uploads\/2025\/10\/TOMS-DRAG-Cassettiera-Versailles-M-300x300.jpg","_links":{"self":[{"href":"https:\/\/www.erresse-shop.it\/de\/wp-json\/wp\/v2\/product\/515058"}],"collection":[{"href":"https:\/\/www.erresse-shop.it\/de\/wp-json\/wp\/v2\/product"}],"about":[{"href":"https:\/\/www.erresse-shop.it\/de\/wp-json\/wp\/v2\/types\/product"}],"wp:featuredmedia":[{"embeddable":true,"href":"https:\/\/www.erresse-shop.it\/de\/wp-json\/wp\/v2\/media\/515079"}],"wp:attachment":[{"href":"https:\/\/www.erresse-shop.it\/de\/wp-json\/wp\/v2\/media?parent=515058"}],"wp:term":[{"taxonomy":"product_cat","embeddable":true,"href":"https:\/\/www.erresse-shop.it\/de\/wp-json\/wp\/v2\/product_cat?post=515058"},{"taxonomy":"product_tag","embeddable":true,"href":"https:\/\/www.erresse-shop.it\/de\/wp-json\/wp\/v2\/product_tag?post=515058"}],"curies":[{"name":"wp","href":"https:\/\/api.w.org\/{rel}","templated":true}]}}