{"id":514970,"date":"2025-10-27T14:35:11","date_gmt":"2025-10-27T14:35:12","guid":{"rendered":"https:\/\/www.erresse-shop.it\/?post_type=product&#038;p=514970"},"modified":"2026-02-03T10:26:30","modified_gmt":"2026-02-03T10:26:30","slug":"toms-drag-stuhl-versailles","status":"publish","type":"product","link":"https:\/\/www.erresse-shop.it\/de\/shop\/einrichtung-haus\/stuehle-und-sessel\/toms-drag-stuhl-versailles\/","title":{"rendered":"TOM&#8217;S DRAG Stuhl Versailles"},"content":{"rendered":"<p><strong>Material:<\/strong> MDF<\/p>\n<p><strong>Stuhl Versailles<br \/>\n<\/strong>Wer seinen \u201eDrag\u201c-M\u00f6beln einen kr\u00e4ftigen Farbtupfer verleiht, setzt damit ein klares Stil-Statement. Manche St\u00fccke sind exzentrischer und extravaganter als andere, doch alle ziehen die Blicke auf sich und sind absolute Blickf\u00e4nge in jedem Zuhause.<\/p>\n<p><strong>Ma\u00dfe<\/strong>: 60 x 60 x 108 cm<\/p>\n","protected":false},"excerpt":{"rendered":"<p>Material: MDF Stuhl Versailles Wer seinen \u201eDrag\u201c-M\u00f6beln einen kr\u00e4ftigen Farbtupfer verleiht, setzt damit ein klares Stil-Statement. Manche St\u00fccke sind exzentrischer<\/p>\n","protected":false},"featured_media":514985,"template":"","meta":{"_acf_changed":false,"inline_featured_image":false},"product_cat":[6817,14438],"product_tag":[21287],"acf":[],"yoast_head":"<!-- This site is optimized with the Yoast SEO Premium plugin v18.6 (Yoast SEO v19.13) - https:\/\/yoast.com\/wordpress\/plugins\/seo\/ -->\n<title>TOM&#039;S DRAG Stuhl Versailles - Erresse Shop<\/title>\n<meta name=\"description\" content=\"Material: MDF Stuhl Versailles Wer seinen \u201eDrag\u201c-M\u00f6beln einen kr\u00e4ftigen Farbtupfer verleiht, setzt damit ein klares Stil-Statement. Manche St\u00fccke sind\" \/>\n<meta name=\"robots\" content=\"index, follow, max-snippet:-1, max-image-preview:large, max-video-preview:-1\" \/>\n<link rel=\"canonical\" href=\"https:\/\/www.erresse-shop.it\/de\/shop\/einrichtung-haus\/stuehle-und-sessel\/toms-drag-stuhl-versailles\/\" \/>\n<meta property=\"og:locale\" content=\"de_DE\" \/>\n<meta property=\"og:type\" content=\"article\" \/>\n<meta property=\"og:title\" content=\"TOM&#039;S DRAG Stuhl Versailles\" \/>\n<meta property=\"og:description\" content=\"Material: MDF Stuhl Versailles Wer seinen \u201eDrag\u201c-M\u00f6beln einen kr\u00e4ftigen Farbtupfer verleiht, setzt damit ein klares Stil-Statement. Manche St\u00fccke sind\" \/>\n<meta property=\"og:url\" content=\"https:\/\/www.erresse-shop.it\/de\/shop\/einrichtung-haus\/stuehle-und-sessel\/toms-drag-stuhl-versailles\/\" \/>\n<meta property=\"og:site_name\" content=\"Erresse Shop\" \/>\n<meta property=\"article:modified_time\" content=\"2026-02-03T10:26:30+00:00\" \/>\n<meta property=\"og:image\" content=\"https:\/\/www.erresse-shop.it\/wp-content\/uploads\/2025\/10\/TOMS-DRAG-Sedia-Versailles.jpg\" \/>\n\t<meta property=\"og:image:width\" content=\"1200\" \/>\n\t<meta property=\"og:image:height\" content=\"1200\" \/>\n\t<meta property=\"og:image:type\" content=\"image\/jpeg\" \/>\n<meta name=\"twitter:card\" content=\"summary_large_image\" \/>\n<script type=\"application\/ld+json\" class=\"yoast-schema-graph\">{\"@context\":\"https:\/\/schema.org\",\"@graph\":[{\"@type\":\"WebPage\",\"@id\":\"https:\/\/www.erresse-shop.it\/de\/shop\/einrichtung-haus\/stuehle-und-sessel\/toms-drag-stuhl-versailles\/\",\"url\":\"https:\/\/www.erresse-shop.it\/de\/shop\/einrichtung-haus\/stuehle-und-sessel\/toms-drag-stuhl-versailles\/\",\"name\":\"TOM'S DRAG Stuhl Versailles - Erresse Shop\",\"isPartOf\":{\"@id\":\"https:\/\/www.erresse-shop.it\/de\/#website\"},\"datePublished\":\"2025-10-27T14:35:12+00:00\",\"dateModified\":\"2026-02-03T10:26:30+00:00\",\"description\":\"Material: MDF Stuhl Versailles Wer seinen \u201eDrag\u201c-M\u00f6beln einen kr\u00e4ftigen Farbtupfer verleiht, setzt damit ein klares Stil-Statement. Manche St\u00fccke sind\",\"breadcrumb\":{\"@id\":\"https:\/\/www.erresse-shop.it\/de\/shop\/einrichtung-haus\/stuehle-und-sessel\/toms-drag-stuhl-versailles\/#breadcrumb\"},\"inLanguage\":\"de-DE\",\"potentialAction\":[{\"@type\":\"ReadAction\",\"target\":[\"https:\/\/www.erresse-shop.it\/de\/shop\/einrichtung-haus\/stuehle-und-sessel\/toms-drag-stuhl-versailles\/\"]}]},{\"@type\":\"BreadcrumbList\",\"@id\":\"https:\/\/www.erresse-shop.it\/de\/shop\/einrichtung-haus\/stuehle-und-sessel\/toms-drag-stuhl-versailles\/#breadcrumb\",\"itemListElement\":[{\"@type\":\"ListItem\",\"position\":1,\"name\":\"Home\",\"item\":\"https:\/\/www.erresse-shop.it\/de\/\"},{\"@type\":\"ListItem\",\"position\":2,\"name\":\"Shop\",\"item\":\"https:\/\/www.erresse-shop.it\/de\/shop\/\"},{\"@type\":\"ListItem\",\"position\":3,\"name\":\"TOM&#8217;S DRAG Stuhl Versailles\"}]},{\"@type\":\"WebSite\",\"@id\":\"https:\/\/www.erresse-shop.it\/de\/#website\",\"url\":\"https:\/\/www.erresse-shop.it\/de\/\",\"name\":\"Erresse Shop\",\"description\":\"Articoli di qualit\u00e0 per la casa\",\"potentialAction\":[{\"@type\":\"SearchAction\",\"target\":{\"@type\":\"EntryPoint\",\"urlTemplate\":\"https:\/\/www.erresse-shop.it\/de\/?s={search_term_string}\"},\"query-input\":\"required name=search_term_string\"}],\"inLanguage\":\"de-DE\"}]}<\/script>\n<!-- \/ Yoast SEO Premium plugin. -->","yoast_head_json":{"title":"TOM'S DRAG Stuhl Versailles - Erresse Shop","description":"Material: MDF Stuhl Versailles Wer seinen \u201eDrag\u201c-M\u00f6beln einen kr\u00e4ftigen Farbtupfer verleiht, setzt damit ein klares Stil-Statement. Manche St\u00fccke sind","robots":{"index":"index","follow":"follow","max-snippet":"max-snippet:-1","max-image-preview":"max-image-preview:large","max-video-preview":"max-video-preview:-1"},"canonical":"https:\/\/www.erresse-shop.it\/de\/shop\/einrichtung-haus\/stuehle-und-sessel\/toms-drag-stuhl-versailles\/","og_locale":"de_DE","og_type":"article","og_title":"TOM'S DRAG Stuhl Versailles","og_description":"Material: MDF Stuhl Versailles Wer seinen \u201eDrag\u201c-M\u00f6beln einen kr\u00e4ftigen Farbtupfer verleiht, setzt damit ein klares Stil-Statement. Manche St\u00fccke sind","og_url":"https:\/\/www.erresse-shop.it\/de\/shop\/einrichtung-haus\/stuehle-und-sessel\/toms-drag-stuhl-versailles\/","og_site_name":"Erresse Shop","article_modified_time":"2026-02-03T10:26:30+00:00","og_image":[{"width":1200,"height":1200,"url":"https:\/\/www.erresse-shop.it\/wp-content\/uploads\/2025\/10\/TOMS-DRAG-Sedia-Versailles.jpg","type":"image\/jpeg"}],"twitter_card":"summary_large_image","schema":{"@context":"https:\/\/schema.org","@graph":[{"@type":"WebPage","@id":"https:\/\/www.erresse-shop.it\/de\/shop\/einrichtung-haus\/stuehle-und-sessel\/toms-drag-stuhl-versailles\/","url":"https:\/\/www.erresse-shop.it\/de\/shop\/einrichtung-haus\/stuehle-und-sessel\/toms-drag-stuhl-versailles\/","name":"TOM'S DRAG Stuhl Versailles - Erresse Shop","isPartOf":{"@id":"https:\/\/www.erresse-shop.it\/de\/#website"},"datePublished":"2025-10-27T14:35:12+00:00","dateModified":"2026-02-03T10:26:30+00:00","description":"Material: MDF Stuhl Versailles Wer seinen \u201eDrag\u201c-M\u00f6beln einen kr\u00e4ftigen Farbtupfer verleiht, setzt damit ein klares Stil-Statement. Manche St\u00fccke sind","breadcrumb":{"@id":"https:\/\/www.erresse-shop.it\/de\/shop\/einrichtung-haus\/stuehle-und-sessel\/toms-drag-stuhl-versailles\/#breadcrumb"},"inLanguage":"de-DE","potentialAction":[{"@type":"ReadAction","target":["https:\/\/www.erresse-shop.it\/de\/shop\/einrichtung-haus\/stuehle-und-sessel\/toms-drag-stuhl-versailles\/"]}]},{"@type":"BreadcrumbList","@id":"https:\/\/www.erresse-shop.it\/de\/shop\/einrichtung-haus\/stuehle-und-sessel\/toms-drag-stuhl-versailles\/#breadcrumb","itemListElement":[{"@type":"ListItem","position":1,"name":"Home","item":"https:\/\/www.erresse-shop.it\/de\/"},{"@type":"ListItem","position":2,"name":"Shop","item":"https:\/\/www.erresse-shop.it\/de\/shop\/"},{"@type":"ListItem","position":3,"name":"TOM&#8217;S DRAG Stuhl Versailles"}]},{"@type":"WebSite","@id":"https:\/\/www.erresse-shop.it\/de\/#website","url":"https:\/\/www.erresse-shop.it\/de\/","name":"Erresse Shop","description":"Articoli di qualit\u00e0 per la casa","potentialAction":[{"@type":"SearchAction","target":{"@type":"EntryPoint","urlTemplate":"https:\/\/www.erresse-shop.it\/de\/?s={search_term_string}"},"query-input":"required name=search_term_string"}],"inLanguage":"de-DE"}]}},"df_price":1107.6000000000001,"df_sale_price":1107.6000000000001,"df_regular_price":2130,"df_image_link":"https:\/\/www.erresse-shop.it\/wp-content\/uploads\/2025\/10\/TOMS-DRAG-Sedia-Versailles-300x300.jpg","_links":{"self":[{"href":"https:\/\/www.erresse-shop.it\/de\/wp-json\/wp\/v2\/product\/514970"}],"collection":[{"href":"https:\/\/www.erresse-shop.it\/de\/wp-json\/wp\/v2\/product"}],"about":[{"href":"https:\/\/www.erresse-shop.it\/de\/wp-json\/wp\/v2\/types\/product"}],"wp:featuredmedia":[{"embeddable":true,"href":"https:\/\/www.erresse-shop.it\/de\/wp-json\/wp\/v2\/media\/514985"}],"wp:attachment":[{"href":"https:\/\/www.erresse-shop.it\/de\/wp-json\/wp\/v2\/media?parent=514970"}],"wp:term":[{"taxonomy":"product_cat","embeddable":true,"href":"https:\/\/www.erresse-shop.it\/de\/wp-json\/wp\/v2\/product_cat?post=514970"},{"taxonomy":"product_tag","embeddable":true,"href":"https:\/\/www.erresse-shop.it\/de\/wp-json\/wp\/v2\/product_tag?post=514970"}],"curies":[{"name":"wp","href":"https:\/\/api.w.org\/{rel}","templated":true}]}}