{"id":514887,"date":"2025-10-27T13:13:35","date_gmt":"2025-10-27T13:13:37","guid":{"rendered":"https:\/\/www.erresse-shop.it\/?post_type=product&#038;p=514887"},"modified":"2026-02-03T10:41:07","modified_gmt":"2026-02-03T10:41:07","slug":"toms-drag-beistelltisch-versailles-silber","status":"publish","type":"product","link":"https:\/\/www.erresse-shop.it\/de\/shop\/einrichtung-haus\/moebel\/toms-drag-beistelltisch-versailles-silber\/","title":{"rendered":"TOM&#8217;S DRAG Beistelltisch Versailles Silber"},"content":{"rendered":"<p><strong>Material:<\/strong> MDF<\/p>\n<p><strong>Beistelltisch Versailles Silber<br \/>\n<\/strong> Eine kleine Schublade macht diesen Tisch zu einem echten Hingucker und Blickfang in jedem Zuhause. Ein kr\u00e4ftiger Farbtupfer auf einem auff\u00e4lligen M\u00f6belst\u00fcck ist ein sicheres Stil-Statement. Bitte beachten Sie, dass die silberne Patina bewusst von Hand aufgetragen (nicht aufgespr\u00fcht!) wird und daher einige Unregelm\u00e4\u00dfigkeiten aufweist! Dies tr\u00e4gt zum individuellen Charakter dieser au\u00dfergew\u00f6hnlichen Serie bei.<\/p>\n<p><strong>Ma\u00dfe:<\/strong> 50 x 50 cm, H 48 cm<\/p>\n","protected":false},"excerpt":{"rendered":"<p>Material: MDF Beistelltisch Versailles Silber Eine kleine Schublade macht diesen Tisch zu einem echten Hingucker und Blickfang in jedem Zuhause.<\/p>\n","protected":false},"featured_media":514902,"template":"","meta":{"_acf_changed":false,"inline_featured_image":false},"product_cat":[6817,17095],"product_tag":[17134],"acf":[],"yoast_head":"<!-- This site is optimized with the Yoast SEO Premium plugin v18.6 (Yoast SEO v19.13) - https:\/\/yoast.com\/wordpress\/plugins\/seo\/ -->\n<title>TOM&#039;S DRAG Beistelltisch Versailles Silber - Erresse Shop<\/title>\n<meta name=\"description\" content=\"Material: MDF Beistelltisch Versailles Silber Eine kleine Schublade macht diesen Tisch zu einem echten Hingucker und Blickfang in jedem Zuhause. Ein\" \/>\n<meta name=\"robots\" content=\"index, follow, max-snippet:-1, max-image-preview:large, max-video-preview:-1\" \/>\n<link rel=\"canonical\" href=\"https:\/\/www.erresse-shop.it\/de\/shop\/einrichtung-haus\/moebel\/toms-drag-beistelltisch-versailles-silber\/\" \/>\n<meta property=\"og:locale\" content=\"de_DE\" \/>\n<meta property=\"og:type\" content=\"article\" \/>\n<meta property=\"og:title\" content=\"TOM&#039;S DRAG Beistelltisch Versailles Silber\" \/>\n<meta property=\"og:description\" content=\"Material: MDF Beistelltisch Versailles Silber Eine kleine Schublade macht diesen Tisch zu einem echten Hingucker und Blickfang in jedem Zuhause. Ein\" \/>\n<meta property=\"og:url\" content=\"https:\/\/www.erresse-shop.it\/de\/shop\/einrichtung-haus\/moebel\/toms-drag-beistelltisch-versailles-silber\/\" \/>\n<meta property=\"og:site_name\" content=\"Erresse Shop\" \/>\n<meta property=\"article:modified_time\" content=\"2026-02-03T10:41:07+00:00\" \/>\n<meta property=\"og:image\" content=\"https:\/\/www.erresse-shop.it\/wp-content\/uploads\/2025\/10\/TOMS-DRAG-Tavolino-Versailles-Argento.jpg\" \/>\n\t<meta property=\"og:image:width\" content=\"1200\" \/>\n\t<meta property=\"og:image:height\" content=\"1200\" \/>\n\t<meta property=\"og:image:type\" content=\"image\/jpeg\" \/>\n<meta name=\"twitter:card\" content=\"summary_large_image\" \/>\n<script type=\"application\/ld+json\" class=\"yoast-schema-graph\">{\"@context\":\"https:\/\/schema.org\",\"@graph\":[{\"@type\":\"WebPage\",\"@id\":\"https:\/\/www.erresse-shop.it\/de\/shop\/einrichtung-haus\/moebel\/toms-drag-beistelltisch-versailles-silber\/\",\"url\":\"https:\/\/www.erresse-shop.it\/de\/shop\/einrichtung-haus\/moebel\/toms-drag-beistelltisch-versailles-silber\/\",\"name\":\"TOM'S DRAG Beistelltisch Versailles Silber - Erresse Shop\",\"isPartOf\":{\"@id\":\"https:\/\/www.erresse-shop.it\/de\/#website\"},\"datePublished\":\"2025-10-27T13:13:37+00:00\",\"dateModified\":\"2026-02-03T10:41:07+00:00\",\"description\":\"Material: MDF Beistelltisch Versailles Silber Eine kleine Schublade macht diesen Tisch zu einem echten Hingucker und Blickfang in jedem Zuhause. Ein\",\"breadcrumb\":{\"@id\":\"https:\/\/www.erresse-shop.it\/de\/shop\/einrichtung-haus\/moebel\/toms-drag-beistelltisch-versailles-silber\/#breadcrumb\"},\"inLanguage\":\"de-DE\",\"potentialAction\":[{\"@type\":\"ReadAction\",\"target\":[\"https:\/\/www.erresse-shop.it\/de\/shop\/einrichtung-haus\/moebel\/toms-drag-beistelltisch-versailles-silber\/\"]}]},{\"@type\":\"BreadcrumbList\",\"@id\":\"https:\/\/www.erresse-shop.it\/de\/shop\/einrichtung-haus\/moebel\/toms-drag-beistelltisch-versailles-silber\/#breadcrumb\",\"itemListElement\":[{\"@type\":\"ListItem\",\"position\":1,\"name\":\"Home\",\"item\":\"https:\/\/www.erresse-shop.it\/de\/\"},{\"@type\":\"ListItem\",\"position\":2,\"name\":\"Shop\",\"item\":\"https:\/\/www.erresse-shop.it\/de\/shop\/\"},{\"@type\":\"ListItem\",\"position\":3,\"name\":\"TOM&#8217;S DRAG Beistelltisch Versailles Silber\"}]},{\"@type\":\"WebSite\",\"@id\":\"https:\/\/www.erresse-shop.it\/de\/#website\",\"url\":\"https:\/\/www.erresse-shop.it\/de\/\",\"name\":\"Erresse Shop\",\"description\":\"Articoli di qualit\u00e0 per la casa\",\"potentialAction\":[{\"@type\":\"SearchAction\",\"target\":{\"@type\":\"EntryPoint\",\"urlTemplate\":\"https:\/\/www.erresse-shop.it\/de\/?s={search_term_string}\"},\"query-input\":\"required name=search_term_string\"}],\"inLanguage\":\"de-DE\"}]}<\/script>\n<!-- \/ Yoast SEO Premium plugin. -->","yoast_head_json":{"title":"TOM'S DRAG Beistelltisch Versailles Silber - Erresse Shop","description":"Material: MDF Beistelltisch Versailles Silber Eine kleine Schublade macht diesen Tisch zu einem echten Hingucker und Blickfang in jedem Zuhause. Ein","robots":{"index":"index","follow":"follow","max-snippet":"max-snippet:-1","max-image-preview":"max-image-preview:large","max-video-preview":"max-video-preview:-1"},"canonical":"https:\/\/www.erresse-shop.it\/de\/shop\/einrichtung-haus\/moebel\/toms-drag-beistelltisch-versailles-silber\/","og_locale":"de_DE","og_type":"article","og_title":"TOM'S DRAG Beistelltisch Versailles Silber","og_description":"Material: MDF Beistelltisch Versailles Silber Eine kleine Schublade macht diesen Tisch zu einem echten Hingucker und Blickfang in jedem Zuhause. Ein","og_url":"https:\/\/www.erresse-shop.it\/de\/shop\/einrichtung-haus\/moebel\/toms-drag-beistelltisch-versailles-silber\/","og_site_name":"Erresse Shop","article_modified_time":"2026-02-03T10:41:07+00:00","og_image":[{"width":1200,"height":1200,"url":"https:\/\/www.erresse-shop.it\/wp-content\/uploads\/2025\/10\/TOMS-DRAG-Tavolino-Versailles-Argento.jpg","type":"image\/jpeg"}],"twitter_card":"summary_large_image","schema":{"@context":"https:\/\/schema.org","@graph":[{"@type":"WebPage","@id":"https:\/\/www.erresse-shop.it\/de\/shop\/einrichtung-haus\/moebel\/toms-drag-beistelltisch-versailles-silber\/","url":"https:\/\/www.erresse-shop.it\/de\/shop\/einrichtung-haus\/moebel\/toms-drag-beistelltisch-versailles-silber\/","name":"TOM'S DRAG Beistelltisch Versailles Silber - Erresse Shop","isPartOf":{"@id":"https:\/\/www.erresse-shop.it\/de\/#website"},"datePublished":"2025-10-27T13:13:37+00:00","dateModified":"2026-02-03T10:41:07+00:00","description":"Material: MDF Beistelltisch Versailles Silber Eine kleine Schublade macht diesen Tisch zu einem echten Hingucker und Blickfang in jedem Zuhause. Ein","breadcrumb":{"@id":"https:\/\/www.erresse-shop.it\/de\/shop\/einrichtung-haus\/moebel\/toms-drag-beistelltisch-versailles-silber\/#breadcrumb"},"inLanguage":"de-DE","potentialAction":[{"@type":"ReadAction","target":["https:\/\/www.erresse-shop.it\/de\/shop\/einrichtung-haus\/moebel\/toms-drag-beistelltisch-versailles-silber\/"]}]},{"@type":"BreadcrumbList","@id":"https:\/\/www.erresse-shop.it\/de\/shop\/einrichtung-haus\/moebel\/toms-drag-beistelltisch-versailles-silber\/#breadcrumb","itemListElement":[{"@type":"ListItem","position":1,"name":"Home","item":"https:\/\/www.erresse-shop.it\/de\/"},{"@type":"ListItem","position":2,"name":"Shop","item":"https:\/\/www.erresse-shop.it\/de\/shop\/"},{"@type":"ListItem","position":3,"name":"TOM&#8217;S DRAG Beistelltisch Versailles Silber"}]},{"@type":"WebSite","@id":"https:\/\/www.erresse-shop.it\/de\/#website","url":"https:\/\/www.erresse-shop.it\/de\/","name":"Erresse Shop","description":"Articoli di qualit\u00e0 per la casa","potentialAction":[{"@type":"SearchAction","target":{"@type":"EntryPoint","urlTemplate":"https:\/\/www.erresse-shop.it\/de\/?s={search_term_string}"},"query-input":"required name=search_term_string"}],"inLanguage":"de-DE"}]}},"df_price":518.96,"df_sale_price":518.96,"df_regular_price":998,"df_image_link":"https:\/\/www.erresse-shop.it\/wp-content\/uploads\/2025\/10\/TOMS-DRAG-Tavolino-Versailles-Argento-300x300.jpg","_links":{"self":[{"href":"https:\/\/www.erresse-shop.it\/de\/wp-json\/wp\/v2\/product\/514887"}],"collection":[{"href":"https:\/\/www.erresse-shop.it\/de\/wp-json\/wp\/v2\/product"}],"about":[{"href":"https:\/\/www.erresse-shop.it\/de\/wp-json\/wp\/v2\/types\/product"}],"wp:featuredmedia":[{"embeddable":true,"href":"https:\/\/www.erresse-shop.it\/de\/wp-json\/wp\/v2\/media\/514902"}],"wp:attachment":[{"href":"https:\/\/www.erresse-shop.it\/de\/wp-json\/wp\/v2\/media?parent=514887"}],"wp:term":[{"taxonomy":"product_cat","embeddable":true,"href":"https:\/\/www.erresse-shop.it\/de\/wp-json\/wp\/v2\/product_cat?post=514887"},{"taxonomy":"product_tag","embeddable":true,"href":"https:\/\/www.erresse-shop.it\/de\/wp-json\/wp\/v2\/product_tag?post=514887"}],"curies":[{"name":"wp","href":"https:\/\/api.w.org\/{rel}","templated":true}]}}