{"id":514624,"date":"2025-10-22T13:43:22","date_gmt":"2025-10-22T13:43:23","guid":{"rendered":"https:\/\/www.erresse-shop.it\/?post_type=product&#038;p=514624"},"modified":"2026-02-04T07:04:26","modified_gmt":"2026-02-04T07:04:26","slug":"cookut-abnehmbarer-griff-la-merveilleuse-hingabe","status":"publish","type":"product","link":"https:\/\/www.erresse-shop.it\/de\/shop\/toepfe-pfannen\/deckel\/cookut-abnehmbarer-griff-la-merveilleuse-hingabe\/","title":{"rendered":"COOKUT Abnehmbarer Griff &#8220;La Merveilleuse&#8221; Hingabe"},"content":{"rendered":"<h4>Abnehmbarer langer Griff, kompatibel mit der gesamten Merveilleuse-Serie<\/h4>\n<div class=\"elementor-element elementor-element-a7d6bce elementor-widget elementor-widget-heading\" data-id=\"a7d6bce\" data-element_type=\"widget\" data-widget_type=\"heading.default\">\n<div class=\"elementor-widget-container\">\n<h2 class=\"elementor-heading-title ce-display-large\">Hauptmerkmale<\/h2>\n<ul>\n<li class=\"elementor-heading-title ce-display-large\">Lackiertes Metall<\/li>\n<li class=\"elementor-heading-title ce-display-large\">Holzgriffe<\/li>\n<li class=\"elementor-heading-title ce-display-large\">Griff aus geb\u00fcrstetem Aluminium<\/li>\n<li class=\"elementor-heading-title ce-display-large\">Abmessungen: 19 x \u00d8 3 cm<\/li>\n<li class=\"elementor-heading-title ce-display-large\">Nicht ofenfest; Denken Sie daran, zuerst die Griffe zu entfernen.<\/li>\n<li class=\"elementor-heading-title ce-display-large\"><strong>Die Griffe sind nur mit Werkzeugen der Merveilleuse-Reihe kompatibel.<\/strong><\/li>\n<\/ul>\n<\/div>\n<\/div>\n<section class=\"Elementor-element Elementor-element-42e09ab Elementor-section-full_width Elementor-section-height-default Elementor-section-height-default Elementor-section Elementor-top-section\" data-id=\"42e09ab\" data-element_type=\"section\">\n<div class=\"elementor-container Elementor-column-gap-wider\">\n<div class=\"elementor-row\">\n<div class=\"elementor-element Elementor-element-142e0e7 ce-widgets-space--gap Elementor-column Elementor-col-50 Elementor-top-column\" data-id=\"142e0e7\" data-element_type=\"column\">\n<div class=\"elementor-column-wrap Elementor-element-populated\">\n<div class=\"elementor-widget-wrap\">\n<div class=\"elementor-element Elementor-element-fd41405 long-description Elementor-widget Elementor-widget-product-description Elementor-widget-text-editor\" data-id=\"fd41405\" data-element_type=\"widget\" data-widget_type=\"product-description.default\">\n<div class=\"elementor-widget-container\">\n<div class=\"Elementor Elementor-1272030101\" data-=\"\">\n<div class=\"elementor-section-wrap\">\n<section class=\"elementor-element Elementor-element-48ca42a Elementor-section-full_width Elementor-section-height-default Elementor-section-height-default Elementor-section Elementor-top-section\" data-id=\"48ca42a\" data-element_type=\"section\">\n<div class=\"elementor-container Elementor-column-gap-default\">\n<div class=\"elementor-row\">\n<div class=\"elementor-element Elementor-element-f5e6b21 ce-widgets-space--gap Elementor-column Elementor-col-100 Elementor-top-column\" data-id=\"f5e6b21\" data-element_type=\"column\">\n<div class=\"elementor-column-wrap Elementor-element-populated\">\n<div class=\"elementor-widget-wrap\">\n<div class=\"elementor-element elementor-element-bd16dc0 Elementor-widget Elementor-widget-heading\" data-id=\"bd16dc0\" data-element_type=\"widget\" data-widget_type=\"heading.default\">\n<div class=\"elementor-widget-container\">\n<div class=\"elementor-element Elementor-element-0ccc105 Elementor-Widget Elementor-widget-heading\" data-id=\"0ccc105\" data-element_type=\"widget\" data-widget_type=\"heading.default\">\n<div class=\"elementor-widget-container\">\n<h2 class=\"elementor-heading-title ce-display-large\"><span dir=\"auto\">Seine Vorteile<\/span><\/h2>\n<\/div>\n<\/div>\n<div class=\"elementor-element Elementor-element-19a2ae9 Elementor-widget elementor-widget-text-editor\" data-id=\"19a2ae9\" data-element_type=\"widget\" data-widget_type=\"text-editor.default\">\n<div class=\"elementor-widget-container\">\n<div class=\"elementor-text-editor elementor-clearfix\">\n<ul>\n<li><b><span dir=\"auto\">Platzsparend:<\/span><\/b><span dir=\"auto\">Die abnehmbaren Griffe erm\u00f6glichen eine kompakte Aufbewahrung von T\u00f6pfen und Pfannen und optimieren so den Platz in Schubladen und Schr\u00e4nken.<\/span><\/li>\n<li><strong><span dir=\"auto\">Mehr Sicherheit: <\/span><\/strong><span dir=\"auto\">Das sichere Befestigungssystem sorgt f\u00fcr festen und stabilen Halt beim Kochen und verhindert so<\/span><strong><span dir=\"auto\"> Verbrennungsgefahr.<\/span><\/strong><\/li>\n<li><strong><span dir=\"auto\">Pflegeleicht: <\/span><\/strong><span dir=\"auto\">Die Griffe lassen sich abnehmen und erleichtern so die Reinigung und das H\u00e4ndewaschen.<\/span><\/li>\n<li><strong><span dir=\"auto\">Praktisch: <\/span><\/strong><span dir=\"auto\">Ein einziger Griff fasst mehrere Utensilien aus dem Sortiment und sorgt so f\u00fcr mehr Platz in der K\u00fcche. Ausr\u00fcstung.<\/span><\/li>\n<\/ul>\n<\/div>\n<\/div>\n<\/div>\n<\/div>\n<\/div>\n<\/div>\n<\/div>\n<\/div>\n<\/div>\n<\/div>\n<\/section>\n<\/div>\n<\/div>\n<\/div>\n<\/div>\n<\/div>\n<\/div>\n<\/div>\n<\/div>\n<\/div>\n<\/section>\n","protected":false},"excerpt":{"rendered":"<p>Abnehmbarer langer Griff, kompatibel mit der gesamten Merveilleuse-Serie Hauptmerkmale Lackiertes Metall Holzgriffe Griff aus geb\u00fcrstetem Aluminium Abmessungen: 19 x \u00d8<\/p>\n","protected":false},"featured_media":514633,"template":"","meta":{"_acf_changed":false,"inline_featured_image":false},"product_cat":[6802,6709],"product_tag":[11728,11801,11609,11605],"acf":[],"yoast_head":"<!-- This site is optimized with the Yoast SEO Premium plugin v18.6 (Yoast SEO v19.13) - https:\/\/yoast.com\/wordpress\/plugins\/seo\/ -->\n<title>COOKUT Abnehmbarer Griff &quot;La Merveilleuse&quot; Hingabe - Erresse Shop<\/title>\n<meta name=\"description\" content=\"Abnehmbarer langer Griff, kompatibel mit der gesamten Merveilleuse-Serie Hauptmerkmale Lackiertes Metall Holzgriffe Griff aus geb\u00fcrstetem Aluminium\" \/>\n<meta name=\"robots\" content=\"index, follow, max-snippet:-1, max-image-preview:large, max-video-preview:-1\" \/>\n<link rel=\"canonical\" href=\"https:\/\/www.erresse-shop.it\/de\/shop\/toepfe-pfannen\/deckel\/cookut-abnehmbarer-griff-la-merveilleuse-hingabe\/\" \/>\n<meta property=\"og:locale\" content=\"de_DE\" \/>\n<meta property=\"og:type\" content=\"article\" \/>\n<meta property=\"og:title\" content=\"COOKUT Abnehmbarer Griff &quot;La Merveilleuse&quot; Hingabe\" \/>\n<meta property=\"og:description\" content=\"Abnehmbarer langer Griff, kompatibel mit der gesamten Merveilleuse-Serie Hauptmerkmale Lackiertes Metall Holzgriffe Griff aus geb\u00fcrstetem Aluminium\" \/>\n<meta property=\"og:url\" content=\"https:\/\/www.erresse-shop.it\/de\/shop\/toepfe-pfannen\/deckel\/cookut-abnehmbarer-griff-la-merveilleuse-hingabe\/\" \/>\n<meta property=\"og:site_name\" content=\"Erresse Shop\" \/>\n<meta property=\"article:modified_time\" content=\"2026-02-04T07:04:26+00:00\" \/>\n<meta property=\"og:image\" content=\"https:\/\/www.erresse-shop.it\/wp-content\/uploads\/2025\/10\/COOKUT-Manico-Rimovibile-_La-Meravigliosa_-Passione.jpg\" \/>\n\t<meta property=\"og:image:width\" content=\"1200\" \/>\n\t<meta property=\"og:image:height\" content=\"1200\" \/>\n\t<meta property=\"og:image:type\" content=\"image\/jpeg\" \/>\n<meta name=\"twitter:card\" content=\"summary_large_image\" \/>\n<script type=\"application\/ld+json\" class=\"yoast-schema-graph\">{\"@context\":\"https:\/\/schema.org\",\"@graph\":[{\"@type\":\"WebPage\",\"@id\":\"https:\/\/www.erresse-shop.it\/de\/shop\/toepfe-pfannen\/deckel\/cookut-abnehmbarer-griff-la-merveilleuse-hingabe\/\",\"url\":\"https:\/\/www.erresse-shop.it\/de\/shop\/toepfe-pfannen\/deckel\/cookut-abnehmbarer-griff-la-merveilleuse-hingabe\/\",\"name\":\"COOKUT Abnehmbarer Griff \\\"La Merveilleuse\\\" Hingabe - Erresse Shop\",\"isPartOf\":{\"@id\":\"https:\/\/www.erresse-shop.it\/de\/#website\"},\"datePublished\":\"2025-10-22T13:43:23+00:00\",\"dateModified\":\"2026-02-04T07:04:26+00:00\",\"description\":\"Abnehmbarer langer Griff, kompatibel mit der gesamten Merveilleuse-Serie Hauptmerkmale Lackiertes Metall Holzgriffe Griff aus geb\u00fcrstetem Aluminium\",\"breadcrumb\":{\"@id\":\"https:\/\/www.erresse-shop.it\/de\/shop\/toepfe-pfannen\/deckel\/cookut-abnehmbarer-griff-la-merveilleuse-hingabe\/#breadcrumb\"},\"inLanguage\":\"de-DE\",\"potentialAction\":[{\"@type\":\"ReadAction\",\"target\":[\"https:\/\/www.erresse-shop.it\/de\/shop\/toepfe-pfannen\/deckel\/cookut-abnehmbarer-griff-la-merveilleuse-hingabe\/\"]}]},{\"@type\":\"BreadcrumbList\",\"@id\":\"https:\/\/www.erresse-shop.it\/de\/shop\/toepfe-pfannen\/deckel\/cookut-abnehmbarer-griff-la-merveilleuse-hingabe\/#breadcrumb\",\"itemListElement\":[{\"@type\":\"ListItem\",\"position\":1,\"name\":\"Home\",\"item\":\"https:\/\/www.erresse-shop.it\/de\/\"},{\"@type\":\"ListItem\",\"position\":2,\"name\":\"Shop\",\"item\":\"https:\/\/www.erresse-shop.it\/de\/shop\/\"},{\"@type\":\"ListItem\",\"position\":3,\"name\":\"COOKUT Abnehmbarer Griff &#8220;La Merveilleuse&#8221; Hingabe\"}]},{\"@type\":\"WebSite\",\"@id\":\"https:\/\/www.erresse-shop.it\/de\/#website\",\"url\":\"https:\/\/www.erresse-shop.it\/de\/\",\"name\":\"Erresse Shop\",\"description\":\"Articoli di qualit\u00e0 per la casa\",\"potentialAction\":[{\"@type\":\"SearchAction\",\"target\":{\"@type\":\"EntryPoint\",\"urlTemplate\":\"https:\/\/www.erresse-shop.it\/de\/?s={search_term_string}\"},\"query-input\":\"required name=search_term_string\"}],\"inLanguage\":\"de-DE\"}]}<\/script>\n<!-- \/ Yoast SEO Premium plugin. -->","yoast_head_json":{"title":"COOKUT Abnehmbarer Griff \"La Merveilleuse\" Hingabe - Erresse Shop","description":"Abnehmbarer langer Griff, kompatibel mit der gesamten Merveilleuse-Serie Hauptmerkmale Lackiertes Metall Holzgriffe Griff aus geb\u00fcrstetem Aluminium","robots":{"index":"index","follow":"follow","max-snippet":"max-snippet:-1","max-image-preview":"max-image-preview:large","max-video-preview":"max-video-preview:-1"},"canonical":"https:\/\/www.erresse-shop.it\/de\/shop\/toepfe-pfannen\/deckel\/cookut-abnehmbarer-griff-la-merveilleuse-hingabe\/","og_locale":"de_DE","og_type":"article","og_title":"COOKUT Abnehmbarer Griff \"La Merveilleuse\" Hingabe","og_description":"Abnehmbarer langer Griff, kompatibel mit der gesamten Merveilleuse-Serie Hauptmerkmale Lackiertes Metall Holzgriffe Griff aus geb\u00fcrstetem Aluminium","og_url":"https:\/\/www.erresse-shop.it\/de\/shop\/toepfe-pfannen\/deckel\/cookut-abnehmbarer-griff-la-merveilleuse-hingabe\/","og_site_name":"Erresse Shop","article_modified_time":"2026-02-04T07:04:26+00:00","og_image":[{"width":1200,"height":1200,"url":"https:\/\/www.erresse-shop.it\/wp-content\/uploads\/2025\/10\/COOKUT-Manico-Rimovibile-_La-Meravigliosa_-Passione.jpg","type":"image\/jpeg"}],"twitter_card":"summary_large_image","schema":{"@context":"https:\/\/schema.org","@graph":[{"@type":"WebPage","@id":"https:\/\/www.erresse-shop.it\/de\/shop\/toepfe-pfannen\/deckel\/cookut-abnehmbarer-griff-la-merveilleuse-hingabe\/","url":"https:\/\/www.erresse-shop.it\/de\/shop\/toepfe-pfannen\/deckel\/cookut-abnehmbarer-griff-la-merveilleuse-hingabe\/","name":"COOKUT Abnehmbarer Griff \"La Merveilleuse\" Hingabe - Erresse Shop","isPartOf":{"@id":"https:\/\/www.erresse-shop.it\/de\/#website"},"datePublished":"2025-10-22T13:43:23+00:00","dateModified":"2026-02-04T07:04:26+00:00","description":"Abnehmbarer langer Griff, kompatibel mit der gesamten Merveilleuse-Serie Hauptmerkmale Lackiertes Metall Holzgriffe Griff aus geb\u00fcrstetem Aluminium","breadcrumb":{"@id":"https:\/\/www.erresse-shop.it\/de\/shop\/toepfe-pfannen\/deckel\/cookut-abnehmbarer-griff-la-merveilleuse-hingabe\/#breadcrumb"},"inLanguage":"de-DE","potentialAction":[{"@type":"ReadAction","target":["https:\/\/www.erresse-shop.it\/de\/shop\/toepfe-pfannen\/deckel\/cookut-abnehmbarer-griff-la-merveilleuse-hingabe\/"]}]},{"@type":"BreadcrumbList","@id":"https:\/\/www.erresse-shop.it\/de\/shop\/toepfe-pfannen\/deckel\/cookut-abnehmbarer-griff-la-merveilleuse-hingabe\/#breadcrumb","itemListElement":[{"@type":"ListItem","position":1,"name":"Home","item":"https:\/\/www.erresse-shop.it\/de\/"},{"@type":"ListItem","position":2,"name":"Shop","item":"https:\/\/www.erresse-shop.it\/de\/shop\/"},{"@type":"ListItem","position":3,"name":"COOKUT Abnehmbarer Griff &#8220;La Merveilleuse&#8221; Hingabe"}]},{"@type":"WebSite","@id":"https:\/\/www.erresse-shop.it\/de\/#website","url":"https:\/\/www.erresse-shop.it\/de\/","name":"Erresse Shop","description":"Articoli di qualit\u00e0 per la casa","potentialAction":[{"@type":"SearchAction","target":{"@type":"EntryPoint","urlTemplate":"https:\/\/www.erresse-shop.it\/de\/?s={search_term_string}"},"query-input":"required name=search_term_string"}],"inLanguage":"de-DE"}]}},"df_price":34,"df_sale_price":34,"df_regular_price":34.9,"df_image_link":"https:\/\/www.erresse-shop.it\/wp-content\/uploads\/2025\/10\/COOKUT-Manico-Rimovibile-_La-Meravigliosa_-Passione-300x300.jpg","_links":{"self":[{"href":"https:\/\/www.erresse-shop.it\/de\/wp-json\/wp\/v2\/product\/514624"}],"collection":[{"href":"https:\/\/www.erresse-shop.it\/de\/wp-json\/wp\/v2\/product"}],"about":[{"href":"https:\/\/www.erresse-shop.it\/de\/wp-json\/wp\/v2\/types\/product"}],"wp:featuredmedia":[{"embeddable":true,"href":"https:\/\/www.erresse-shop.it\/de\/wp-json\/wp\/v2\/media\/514633"}],"wp:attachment":[{"href":"https:\/\/www.erresse-shop.it\/de\/wp-json\/wp\/v2\/media?parent=514624"}],"wp:term":[{"taxonomy":"product_cat","embeddable":true,"href":"https:\/\/www.erresse-shop.it\/de\/wp-json\/wp\/v2\/product_cat?post=514624"},{"taxonomy":"product_tag","embeddable":true,"href":"https:\/\/www.erresse-shop.it\/de\/wp-json\/wp\/v2\/product_tag?post=514624"}],"curies":[{"name":"wp","href":"https:\/\/api.w.org\/{rel}","templated":true}]}}