{"id":514461,"date":"2025-10-22T09:51:24","date_gmt":"2025-10-22T09:51:26","guid":{"rendered":"https:\/\/www.erresse-shop.it\/?post_type=product&#038;p=514461"},"modified":"2026-02-04T07:19:03","modified_gmt":"2026-02-04T07:19:03","slug":"cookut-deckel-la-merveilleuse-28-cm-hingabe","status":"publish","type":"product","link":"https:\/\/www.erresse-shop.it\/de\/shop\/toepfe-pfannen\/deckel\/cookut-deckel-la-merveilleuse-28-cm-hingabe\/","title":{"rendered":"COOKUT Deckel &#8220;La Merveilleuse&#8221; 28 cm Hingabe"},"content":{"rendered":"<h4><b><span dir=\"auto\">28 cm Deckel passend f\u00fcr die 28 <\/span><\/b>cm Pfanne \u201eLa Merveilleuse\u201c<\/h4>\n<div class=\"elementor-element Elementor-element-a7d6bce Elementor-widget Elementor-widget-heading\" data-id=\"a7d6bce\" data-element_type=\"widget\" data-widget_type=\"heading.default\">\n<div class=\"elementor-widget-container\">\n<h2 class=\"elementor-heading-title ce-display-large\"><span dir=\"auto\">Hauptmerkmale<\/span><\/h2>\n<\/div>\n<\/div>\n<div class=\"elementor-element Elementor-element-6a16ca0 Elementor-widget Elementor-widget-text-editor\" data-id=\"6a16ca0\" data-element_type=\"widget\" data-widget_type=\"text-editor.default\">\n<div class=\"elementor-widget-container\">\n<div class=\"elementor-text-editor elementor-clearfix\">\n<ul>\n<li><strong><span dir=\"auto\">Material:<\/span><\/strong><span dir=\"auto\">Nickelfreier Edelstahl*<\/span><\/li>\n<li><strong><span dir=\"auto\">Ma\u00dfe<\/span><\/strong><span dir=\"auto\">: 29 x 29 x 6 cm<\/span><\/li>\n<li><strong><span dir=\"auto\">W\u00e4rme- und energiesparend<\/span><\/strong><span dir=\"auto\">: H\u00e4lt die W\u00e4rme, verk\u00fcrzt die Garzeit und senkt den Energieverbrauch.<\/span><\/li>\n<li><strong><span dir=\"auto\">Erhaltung von Geschmack und Feuchtigkeit<\/span><\/strong><span dir=\"auto\">: H\u00e4lt die Feuchtigkeit in Lebensmitteln und intensiviert den Geschmack durch Erhalt der Aromen.<\/span><\/li>\n<li><strong><span dir=\"auto\">Sicherheit<\/span><\/strong><span dir=\"auto\">: Reduziert das \u00dcberlaufrisiko dank des Dampfableitungssystems.<\/span><\/li>\n<\/ul>\n<p><em><span dir=\"auto\">*Ohne Nickelzusatz. Die in der Lebensmittelkontaktschicht gemessenen Nickelspuren liegen unter 0,16 %.<\/span><\/em><\/p>\n<\/div>\n<\/div>\n<\/div>\n<section class=\"Elementor-element Elementor-element-42e09ab Elementor-section-full_width Elementor-section-height-default Elementor-section-height-default Elementor-section Elementor-top-section\" data-id=\"42e09ab\" data-element_type=\"section\">\n<div class=\"elementor-container Elementor-column-gap-wider\">\n<div class=\"elementor-row\">\n<div class=\"Elementor-Element Elementor-Element-142e0e7 ce-widgets-space--gap Elementor-Column Elementor-col-50 Elementor-Top-Column\" data-id=\"142e0e7\" data-element_type=\"column\">\n<div class=\"Elementor-column-wrap Elementor-element-populated\">\n<div class=\"elementor-widget-wrap\">\n<div class=\"elementor-element Elementor-element-fd41405 long-description Elementor-widget Elementor-widget-product-description Elementor-widget-text-editor\" data-id=\"fd41405\" data-element_type=\"widget\" data-widget_type=\"product-description.default\">\n<div class=\"elementor-widget-container\">\n<div class=\"Elementor Elementor-1272030101\" data-=\"\">\n<div class=\"elementor-section-wrap\">\n<section class=\"elementor-element Elementor-element-48ca42a Elementor-section-full_width Elementor-section-height-default Elementor-section-height-default Elementor-section Elementor-top-section\" data-id=\"48ca42a\" data-element_type=\"section\">\n<div class=\"elementor-container Elementor-column-gap-default\">\n<div class=\"elementor-row\">\n<div class=\"elementor-element Elementor-element-f5e6b21 ce-widgets-space--gap Elementor-column Elementor-col-100 Elementor-top-column\" data-id=\"f5e6b21\" data-element_type=\"column\">\n<div class=\"elementor-column-wrap Elementor-element-populated\">\n<div class=\"elementor-widget-wrap\">\n<div class=\"elementor-element Elementor-element-bd16dc0 Elementor-Widget Elementor-Widget-Heading\" data-id=\"bd16dc0\" data-element_type=\"widget\" data-widget_type=\"heading.default\">\n<div class=\"elementor-widget-container\">\n<h2 class=\"elementor-heading-title ce-display-large\"><span dir=\"auto\">Verwendung<\/span><\/h2>\n<\/div>\n<\/div>\n<div class=\"elementor-element Elementor-element-5d36a82 Elementor-Widget Elementor-widget-text-editor\" data-id=\"5d36a82\" data-element_type=\"widget\" data-widget_type=\"text-editor.default\">\n<div class=\"elementor-widget-container\">\n<div class=\"elementor-text-editor elementor-clearfix\">\n<ul>\n<li><strong><span dir=\"auto\">Backofenfest<\/span><\/strong><span dir=\"auto\"> : Der Deckel ist backofenfest bis zu einer maximalen Temperatur von 220 \u00b0C. Reinigen Sie die Au\u00dfenfl\u00e4che gr\u00fcndlich, bevor Sie den Deckel in den Backofen stellen, um Fleckenbildung zu vermeiden.<\/span><\/li>\n<li><strong><span dir=\"auto\">Handhabung<\/span><\/strong><span dir=\"auto\">: Verwenden Sie Topflappen oder Ofenhandschuhe, wenn Sie den Deckel nach l\u00e4ngerem Gebrauch oder nach dem Herausnehmen aus dem Backofen handhaben.<\/span><\/li>\n<li><strong><span dir=\"auto\">Allgemeine Vorsichtsma\u00dfnahmen<\/span><\/strong><span dir=\"auto\">: Lassen Sie den Deckel niemals ohne Topf auf einer direkten Hitzequelle liegen und vermeiden Sie St\u00f6\u00dfe, die ihn besch\u00e4digen k\u00f6nnten.<\/span><\/li>\n<\/ul>\n<\/div>\n<\/div>\n<\/div>\n<\/div>\n<\/div>\n<\/div>\n<\/div>\n<\/div>\n<\/section>\n<\/div>\n<\/div>\n<\/div>\n<\/div>\n<\/div>\n<\/div>\n<\/div>\n<\/div>\n<\/div>\n<\/section>\n<section class=\"&quot;Elementor-element\"><\/section>\n","protected":false},"excerpt":{"rendered":"<p>28 cm Deckel passend f\u00fcr die 28 cm Pfanne \u201eLa Merveilleuse\u201c Hauptmerkmale Material:Nickelfreier Edelstahl* Ma\u00dfe: 29 x 29 x 6<\/p>\n","protected":false},"featured_media":514481,"template":"","meta":{"_acf_changed":false,"inline_featured_image":false},"product_cat":[6802,6709],"product_tag":[11728,11801,11609,11605],"acf":[],"yoast_head":"<!-- This site is optimized with the Yoast SEO Premium plugin v18.6 (Yoast SEO v19.13) - https:\/\/yoast.com\/wordpress\/plugins\/seo\/ -->\n<title>COOKUT Deckel &quot;La Merveilleuse&quot; 28 cm Hingabe - Erresse Shop<\/title>\n<meta name=\"description\" content=\"28 cm Deckel passend f\u00fcr die 28 cm Pfanne \u201eLa Merveilleuse\u201c Hauptmerkmale Material:Nickelfreier Edelstahl* Ma\u00dfe: 29 x 29 x 6 cm W\u00e4rme- und energiesparend:\" \/>\n<meta name=\"robots\" content=\"index, follow, max-snippet:-1, max-image-preview:large, max-video-preview:-1\" \/>\n<link rel=\"canonical\" href=\"https:\/\/www.erresse-shop.it\/de\/shop\/toepfe-pfannen\/deckel\/cookut-deckel-la-merveilleuse-28-cm-hingabe\/\" \/>\n<meta property=\"og:locale\" content=\"de_DE\" \/>\n<meta property=\"og:type\" content=\"article\" \/>\n<meta property=\"og:title\" content=\"COOKUT Deckel &quot;La Merveilleuse&quot; 28 cm Hingabe\" \/>\n<meta property=\"og:description\" content=\"28 cm Deckel passend f\u00fcr die 28 cm Pfanne \u201eLa Merveilleuse\u201c Hauptmerkmale Material:Nickelfreier Edelstahl* Ma\u00dfe: 29 x 29 x 6 cm W\u00e4rme- und energiesparend:\" \/>\n<meta property=\"og:url\" content=\"https:\/\/www.erresse-shop.it\/de\/shop\/toepfe-pfannen\/deckel\/cookut-deckel-la-merveilleuse-28-cm-hingabe\/\" \/>\n<meta property=\"og:site_name\" content=\"Erresse Shop\" \/>\n<meta property=\"article:modified_time\" content=\"2026-02-04T07:19:03+00:00\" \/>\n<meta property=\"og:image\" content=\"https:\/\/www.erresse-shop.it\/wp-content\/uploads\/2025\/10\/COOKUT-Coperchio-_La-Meravigliosa_-28-cm-Passione.jpg\" \/>\n\t<meta property=\"og:image:width\" content=\"1200\" \/>\n\t<meta property=\"og:image:height\" content=\"1200\" \/>\n\t<meta property=\"og:image:type\" content=\"image\/jpeg\" \/>\n<meta name=\"twitter:card\" content=\"summary_large_image\" \/>\n<script type=\"application\/ld+json\" class=\"yoast-schema-graph\">{\"@context\":\"https:\/\/schema.org\",\"@graph\":[{\"@type\":\"WebPage\",\"@id\":\"https:\/\/www.erresse-shop.it\/de\/shop\/toepfe-pfannen\/deckel\/cookut-deckel-la-merveilleuse-28-cm-hingabe\/\",\"url\":\"https:\/\/www.erresse-shop.it\/de\/shop\/toepfe-pfannen\/deckel\/cookut-deckel-la-merveilleuse-28-cm-hingabe\/\",\"name\":\"COOKUT Deckel \\\"La Merveilleuse\\\" 28 cm Hingabe - Erresse Shop\",\"isPartOf\":{\"@id\":\"https:\/\/www.erresse-shop.it\/de\/#website\"},\"datePublished\":\"2025-10-22T09:51:26+00:00\",\"dateModified\":\"2026-02-04T07:19:03+00:00\",\"description\":\"28 cm Deckel passend f\u00fcr die 28 cm Pfanne \u201eLa Merveilleuse\u201c Hauptmerkmale Material:Nickelfreier Edelstahl* Ma\u00dfe: 29 x 29 x 6 cm W\u00e4rme- und energiesparend:\",\"breadcrumb\":{\"@id\":\"https:\/\/www.erresse-shop.it\/de\/shop\/toepfe-pfannen\/deckel\/cookut-deckel-la-merveilleuse-28-cm-hingabe\/#breadcrumb\"},\"inLanguage\":\"de-DE\",\"potentialAction\":[{\"@type\":\"ReadAction\",\"target\":[\"https:\/\/www.erresse-shop.it\/de\/shop\/toepfe-pfannen\/deckel\/cookut-deckel-la-merveilleuse-28-cm-hingabe\/\"]}]},{\"@type\":\"BreadcrumbList\",\"@id\":\"https:\/\/www.erresse-shop.it\/de\/shop\/toepfe-pfannen\/deckel\/cookut-deckel-la-merveilleuse-28-cm-hingabe\/#breadcrumb\",\"itemListElement\":[{\"@type\":\"ListItem\",\"position\":1,\"name\":\"Home\",\"item\":\"https:\/\/www.erresse-shop.it\/de\/\"},{\"@type\":\"ListItem\",\"position\":2,\"name\":\"Shop\",\"item\":\"https:\/\/www.erresse-shop.it\/de\/shop\/\"},{\"@type\":\"ListItem\",\"position\":3,\"name\":\"COOKUT Deckel &#8220;La Merveilleuse&#8221; 28 cm Hingabe\"}]},{\"@type\":\"WebSite\",\"@id\":\"https:\/\/www.erresse-shop.it\/de\/#website\",\"url\":\"https:\/\/www.erresse-shop.it\/de\/\",\"name\":\"Erresse Shop\",\"description\":\"Articoli di qualit\u00e0 per la casa\",\"potentialAction\":[{\"@type\":\"SearchAction\",\"target\":{\"@type\":\"EntryPoint\",\"urlTemplate\":\"https:\/\/www.erresse-shop.it\/de\/?s={search_term_string}\"},\"query-input\":\"required name=search_term_string\"}],\"inLanguage\":\"de-DE\"}]}<\/script>\n<!-- \/ Yoast SEO Premium plugin. -->","yoast_head_json":{"title":"COOKUT Deckel \"La Merveilleuse\" 28 cm Hingabe - Erresse Shop","description":"28 cm Deckel passend f\u00fcr die 28 cm Pfanne \u201eLa Merveilleuse\u201c Hauptmerkmale Material:Nickelfreier Edelstahl* Ma\u00dfe: 29 x 29 x 6 cm W\u00e4rme- und energiesparend:","robots":{"index":"index","follow":"follow","max-snippet":"max-snippet:-1","max-image-preview":"max-image-preview:large","max-video-preview":"max-video-preview:-1"},"canonical":"https:\/\/www.erresse-shop.it\/de\/shop\/toepfe-pfannen\/deckel\/cookut-deckel-la-merveilleuse-28-cm-hingabe\/","og_locale":"de_DE","og_type":"article","og_title":"COOKUT Deckel \"La Merveilleuse\" 28 cm Hingabe","og_description":"28 cm Deckel passend f\u00fcr die 28 cm Pfanne \u201eLa Merveilleuse\u201c Hauptmerkmale Material:Nickelfreier Edelstahl* Ma\u00dfe: 29 x 29 x 6 cm W\u00e4rme- und energiesparend:","og_url":"https:\/\/www.erresse-shop.it\/de\/shop\/toepfe-pfannen\/deckel\/cookut-deckel-la-merveilleuse-28-cm-hingabe\/","og_site_name":"Erresse Shop","article_modified_time":"2026-02-04T07:19:03+00:00","og_image":[{"width":1200,"height":1200,"url":"https:\/\/www.erresse-shop.it\/wp-content\/uploads\/2025\/10\/COOKUT-Coperchio-_La-Meravigliosa_-28-cm-Passione.jpg","type":"image\/jpeg"}],"twitter_card":"summary_large_image","schema":{"@context":"https:\/\/schema.org","@graph":[{"@type":"WebPage","@id":"https:\/\/www.erresse-shop.it\/de\/shop\/toepfe-pfannen\/deckel\/cookut-deckel-la-merveilleuse-28-cm-hingabe\/","url":"https:\/\/www.erresse-shop.it\/de\/shop\/toepfe-pfannen\/deckel\/cookut-deckel-la-merveilleuse-28-cm-hingabe\/","name":"COOKUT Deckel \"La Merveilleuse\" 28 cm Hingabe - Erresse Shop","isPartOf":{"@id":"https:\/\/www.erresse-shop.it\/de\/#website"},"datePublished":"2025-10-22T09:51:26+00:00","dateModified":"2026-02-04T07:19:03+00:00","description":"28 cm Deckel passend f\u00fcr die 28 cm Pfanne \u201eLa Merveilleuse\u201c Hauptmerkmale Material:Nickelfreier Edelstahl* Ma\u00dfe: 29 x 29 x 6 cm W\u00e4rme- und energiesparend:","breadcrumb":{"@id":"https:\/\/www.erresse-shop.it\/de\/shop\/toepfe-pfannen\/deckel\/cookut-deckel-la-merveilleuse-28-cm-hingabe\/#breadcrumb"},"inLanguage":"de-DE","potentialAction":[{"@type":"ReadAction","target":["https:\/\/www.erresse-shop.it\/de\/shop\/toepfe-pfannen\/deckel\/cookut-deckel-la-merveilleuse-28-cm-hingabe\/"]}]},{"@type":"BreadcrumbList","@id":"https:\/\/www.erresse-shop.it\/de\/shop\/toepfe-pfannen\/deckel\/cookut-deckel-la-merveilleuse-28-cm-hingabe\/#breadcrumb","itemListElement":[{"@type":"ListItem","position":1,"name":"Home","item":"https:\/\/www.erresse-shop.it\/de\/"},{"@type":"ListItem","position":2,"name":"Shop","item":"https:\/\/www.erresse-shop.it\/de\/shop\/"},{"@type":"ListItem","position":3,"name":"COOKUT Deckel &#8220;La Merveilleuse&#8221; 28 cm Hingabe"}]},{"@type":"WebSite","@id":"https:\/\/www.erresse-shop.it\/de\/#website","url":"https:\/\/www.erresse-shop.it\/de\/","name":"Erresse Shop","description":"Articoli di qualit\u00e0 per la casa","potentialAction":[{"@type":"SearchAction","target":{"@type":"EntryPoint","urlTemplate":"https:\/\/www.erresse-shop.it\/de\/?s={search_term_string}"},"query-input":"required name=search_term_string"}],"inLanguage":"de-DE"}]}},"df_price":39,"df_sale_price":39,"df_regular_price":39.9,"df_image_link":"https:\/\/www.erresse-shop.it\/wp-content\/uploads\/2025\/10\/COOKUT-Coperchio-_La-Meravigliosa_-28-cm-Passione-300x300.jpg","_links":{"self":[{"href":"https:\/\/www.erresse-shop.it\/de\/wp-json\/wp\/v2\/product\/514461"}],"collection":[{"href":"https:\/\/www.erresse-shop.it\/de\/wp-json\/wp\/v2\/product"}],"about":[{"href":"https:\/\/www.erresse-shop.it\/de\/wp-json\/wp\/v2\/types\/product"}],"wp:featuredmedia":[{"embeddable":true,"href":"https:\/\/www.erresse-shop.it\/de\/wp-json\/wp\/v2\/media\/514481"}],"wp:attachment":[{"href":"https:\/\/www.erresse-shop.it\/de\/wp-json\/wp\/v2\/media?parent=514461"}],"wp:term":[{"taxonomy":"product_cat","embeddable":true,"href":"https:\/\/www.erresse-shop.it\/de\/wp-json\/wp\/v2\/product_cat?post=514461"},{"taxonomy":"product_tag","embeddable":true,"href":"https:\/\/www.erresse-shop.it\/de\/wp-json\/wp\/v2\/product_tag?post=514461"}],"curies":[{"name":"wp","href":"https:\/\/api.w.org\/{rel}","templated":true}]}}