{"id":513017,"date":"2025-10-02T09:38:23","date_gmt":"2025-10-02T09:38:25","guid":{"rendered":"https:\/\/www.erresse-shop.it\/?post_type=product&#038;p=513017"},"modified":"2026-02-04T07:50:08","modified_gmt":"2026-02-04T07:50:08","slug":"le-creuset-brotform-aus-gusseisen-kirsche","status":"publish","type":"product","link":"https:\/\/www.erresse-shop.it\/de\/shop\/toepfe-pfannen\/toepfe-und-backformen\/le-creuset-brotform-aus-gusseisen-kirsche\/","title":{"rendered":"LE CREUSET Brotform aus Gusseisen Kirsche"},"content":{"rendered":"<div class=\"long-desc pt-1-2\">\n<p>Experimentieren Sie mit Ihrer Evolution Brotbackform verschiedene Rezepte. Sie besteht aus Gusseisen mit schwarzer Emaille-Innenseite und verf\u00fcgt \u00fcber gerade Seiten und Ecken f\u00fcr einfaches und gleichm\u00e4\u00dfiges Backen. Die gebogenen Griffe sorgen f\u00fcr sicheren Halt. Backen Sie damit Brot, Kuchen, Laibe und mehr.<\/p>\n<div class=\"long-desc pt-1-2\">\n<p>Details:<\/p>\n<div class=\"col-12 d-flex flex-column p-0 pt-1-2 border-image-top-2 border-image-bottom-2\">\n<div class=\"p-0 description-message t-style-2 t-swiss\">\n<ul>\n<li class=\"m-0\">Vielseitigkeit: Dieses Produkt ist backofen-, herd- und grillgeeignet.<\/li>\n<li class=\"m-0\">K\u00f6stliches Essen: Das emaillierte Gusseisen speichert die W\u00e4rme f\u00fcr gleichm\u00e4\u00dfiges Garen und Br\u00e4unen. Ihre k\u00f6stlichen Kreationen bleiben l\u00e4nger warm, auch am Tisch.<\/li>\n<li class=\"m-0\">Verbessert sich mit der Zeit: Die glasierte Innenseite entwickelt eine nat\u00fcrliche Patina, die fast wie eine Antihaftbeschichtung wirkt. Die Oberfl\u00e4che verhindert das Anhaften von Speisen, selbst bei geringer \u00d6lmenge. Das Produkt sollte nur mit Wasser abgesp\u00fclt werden.<\/li>\n<li class=\"m-0\">Klassenbester: Unsere Produkte werden aus den hochwertigsten Materialien in Fabriken auf der ganzen Welt gefertigt, um die Qualit\u00e4t zu gew\u00e4hrleisten, die Sie von Le Creuset erwarten.<\/li>\n<\/ul>\n<\/div>\n<\/div>\n<p>Material: Verglastes Gusseisen<br \/>\nHergestellt in: Frankreich<br \/>\nGarantie: Lebenslang<\/p>\n<p><strong>W\u00e4rmequelle:<\/strong><\/p>\n<ul>\n<li>Backofen<\/li>\n<li>Grillfunktion<\/li>\n<li>Elektroherd<\/li>\n<li>Ceranfeld<\/li>\n<li>Gasherd<\/li>\n<li>Induktionskochfeld<\/li>\n<\/ul>\n<p><strong>Reinigung und Pflege:<\/strong><\/p>\n<ul>\n<li>Warten Sie, bis das Produkt abgek\u00fchlt ist, bevor Sie es reinigen.<\/li>\n<li>Entfernen Sie R\u00fcckst\u00e4nde vom Boden und den Seiten des Produkts. Sollten Speisereste festsitzen, f\u00fcllen Sie das Produkt mit warmem Seifenwasser und lassen Sie es 15\u201320 Minuten einweichen, bevor Sie es wie gewohnt sp\u00fclen.Verwenden Sie auf keiner der Oberfl\u00e4chen Scheuermittel oder metallische, scheuernde oder sehr harte Schw\u00e4mme oder B\u00fcrsten.Nach dem Sp\u00fclen gr\u00fcndlich trocknen und an einem trockenen Ort aufbewahren.<\/li>\n<\/ul>\n<\/div>\n<\/div>\n","protected":false},"excerpt":{"rendered":"<p>Experimentieren Sie mit Ihrer Evolution Brotbackform verschiedene Rezepte. Sie besteht aus Gusseisen mit schwarzer Emaille-Innenseite und verf\u00fcgt \u00fcber gerade Seiten<\/p>\n","protected":false},"featured_media":513050,"template":"","meta":{"_acf_changed":false,"inline_featured_image":false},"product_cat":[6709,14806],"product_tag":[25088,19087,14827,11383,11385,21533,12315,25022,11897],"acf":[],"yoast_head":"<!-- This site is optimized with the Yoast SEO Premium plugin v18.6 (Yoast SEO v19.13) - https:\/\/yoast.com\/wordpress\/plugins\/seo\/ -->\n<title>LE CREUSET Brotform aus Gusseisen Kirsche - Erresse Shop<\/title>\n<meta name=\"description\" content=\"Experimentieren Sie mit Ihrer Evolution Brotbackform verschiedene Rezepte. Sie besteht aus Gusseisen mit schwarzer Emaille-Innenseite und verf\u00fcgt \u00fcber\" \/>\n<meta name=\"robots\" content=\"index, follow, max-snippet:-1, max-image-preview:large, max-video-preview:-1\" \/>\n<link rel=\"canonical\" href=\"https:\/\/www.erresse-shop.it\/de\/shop\/toepfe-pfannen\/toepfe-und-backformen\/le-creuset-brotform-aus-gusseisen-kirsche\/\" \/>\n<meta property=\"og:locale\" content=\"de_DE\" \/>\n<meta property=\"og:type\" content=\"article\" \/>\n<meta property=\"og:title\" content=\"LE CREUSET Brotform aus Gusseisen Kirsche\" \/>\n<meta property=\"og:description\" content=\"Experimentieren Sie mit Ihrer Evolution Brotbackform verschiedene Rezepte. Sie besteht aus Gusseisen mit schwarzer Emaille-Innenseite und verf\u00fcgt \u00fcber\" \/>\n<meta property=\"og:url\" content=\"https:\/\/www.erresse-shop.it\/de\/shop\/toepfe-pfannen\/toepfe-und-backformen\/le-creuset-brotform-aus-gusseisen-kirsche\/\" \/>\n<meta property=\"og:site_name\" content=\"Erresse Shop\" \/>\n<meta property=\"article:modified_time\" content=\"2026-02-04T07:50:08+00:00\" \/>\n<meta property=\"og:image\" content=\"https:\/\/www.erresse-shop.it\/wp-content\/uploads\/2025\/10\/LE-CREUSET-Stampo-Pane-in-ghisa-vetrificata-23-cm-Ciliegia.jpg\" \/>\n\t<meta property=\"og:image:width\" content=\"1200\" \/>\n\t<meta property=\"og:image:height\" content=\"1200\" \/>\n\t<meta property=\"og:image:type\" content=\"image\/jpeg\" \/>\n<meta name=\"twitter:card\" content=\"summary_large_image\" \/>\n<script type=\"application\/ld+json\" class=\"yoast-schema-graph\">{\"@context\":\"https:\/\/schema.org\",\"@graph\":[{\"@type\":\"WebPage\",\"@id\":\"https:\/\/www.erresse-shop.it\/de\/shop\/toepfe-pfannen\/toepfe-und-backformen\/le-creuset-brotform-aus-gusseisen-kirsche\/\",\"url\":\"https:\/\/www.erresse-shop.it\/de\/shop\/toepfe-pfannen\/toepfe-und-backformen\/le-creuset-brotform-aus-gusseisen-kirsche\/\",\"name\":\"LE CREUSET Brotform aus Gusseisen Kirsche - Erresse Shop\",\"isPartOf\":{\"@id\":\"https:\/\/www.erresse-shop.it\/de\/#website\"},\"datePublished\":\"2025-10-02T09:38:25+00:00\",\"dateModified\":\"2026-02-04T07:50:08+00:00\",\"description\":\"Experimentieren Sie mit Ihrer Evolution Brotbackform verschiedene Rezepte. Sie besteht aus Gusseisen mit schwarzer Emaille-Innenseite und verf\u00fcgt \u00fcber\",\"breadcrumb\":{\"@id\":\"https:\/\/www.erresse-shop.it\/de\/shop\/toepfe-pfannen\/toepfe-und-backformen\/le-creuset-brotform-aus-gusseisen-kirsche\/#breadcrumb\"},\"inLanguage\":\"de-DE\",\"potentialAction\":[{\"@type\":\"ReadAction\",\"target\":[\"https:\/\/www.erresse-shop.it\/de\/shop\/toepfe-pfannen\/toepfe-und-backformen\/le-creuset-brotform-aus-gusseisen-kirsche\/\"]}]},{\"@type\":\"BreadcrumbList\",\"@id\":\"https:\/\/www.erresse-shop.it\/de\/shop\/toepfe-pfannen\/toepfe-und-backformen\/le-creuset-brotform-aus-gusseisen-kirsche\/#breadcrumb\",\"itemListElement\":[{\"@type\":\"ListItem\",\"position\":1,\"name\":\"Home\",\"item\":\"https:\/\/www.erresse-shop.it\/de\/\"},{\"@type\":\"ListItem\",\"position\":2,\"name\":\"Shop\",\"item\":\"https:\/\/www.erresse-shop.it\/de\/shop\/\"},{\"@type\":\"ListItem\",\"position\":3,\"name\":\"LE CREUSET Brotform aus Gusseisen Kirsche\"}]},{\"@type\":\"WebSite\",\"@id\":\"https:\/\/www.erresse-shop.it\/de\/#website\",\"url\":\"https:\/\/www.erresse-shop.it\/de\/\",\"name\":\"Erresse Shop\",\"description\":\"Articoli di qualit\u00e0 per la casa\",\"potentialAction\":[{\"@type\":\"SearchAction\",\"target\":{\"@type\":\"EntryPoint\",\"urlTemplate\":\"https:\/\/www.erresse-shop.it\/de\/?s={search_term_string}\"},\"query-input\":\"required name=search_term_string\"}],\"inLanguage\":\"de-DE\"}]}<\/script>\n<!-- \/ Yoast SEO Premium plugin. -->","yoast_head_json":{"title":"LE CREUSET Brotform aus Gusseisen Kirsche - Erresse Shop","description":"Experimentieren Sie mit Ihrer Evolution Brotbackform verschiedene Rezepte. Sie besteht aus Gusseisen mit schwarzer Emaille-Innenseite und verf\u00fcgt \u00fcber","robots":{"index":"index","follow":"follow","max-snippet":"max-snippet:-1","max-image-preview":"max-image-preview:large","max-video-preview":"max-video-preview:-1"},"canonical":"https:\/\/www.erresse-shop.it\/de\/shop\/toepfe-pfannen\/toepfe-und-backformen\/le-creuset-brotform-aus-gusseisen-kirsche\/","og_locale":"de_DE","og_type":"article","og_title":"LE CREUSET Brotform aus Gusseisen Kirsche","og_description":"Experimentieren Sie mit Ihrer Evolution Brotbackform verschiedene Rezepte. Sie besteht aus Gusseisen mit schwarzer Emaille-Innenseite und verf\u00fcgt \u00fcber","og_url":"https:\/\/www.erresse-shop.it\/de\/shop\/toepfe-pfannen\/toepfe-und-backformen\/le-creuset-brotform-aus-gusseisen-kirsche\/","og_site_name":"Erresse Shop","article_modified_time":"2026-02-04T07:50:08+00:00","og_image":[{"width":1200,"height":1200,"url":"https:\/\/www.erresse-shop.it\/wp-content\/uploads\/2025\/10\/LE-CREUSET-Stampo-Pane-in-ghisa-vetrificata-23-cm-Ciliegia.jpg","type":"image\/jpeg"}],"twitter_card":"summary_large_image","schema":{"@context":"https:\/\/schema.org","@graph":[{"@type":"WebPage","@id":"https:\/\/www.erresse-shop.it\/de\/shop\/toepfe-pfannen\/toepfe-und-backformen\/le-creuset-brotform-aus-gusseisen-kirsche\/","url":"https:\/\/www.erresse-shop.it\/de\/shop\/toepfe-pfannen\/toepfe-und-backformen\/le-creuset-brotform-aus-gusseisen-kirsche\/","name":"LE CREUSET Brotform aus Gusseisen Kirsche - Erresse Shop","isPartOf":{"@id":"https:\/\/www.erresse-shop.it\/de\/#website"},"datePublished":"2025-10-02T09:38:25+00:00","dateModified":"2026-02-04T07:50:08+00:00","description":"Experimentieren Sie mit Ihrer Evolution Brotbackform verschiedene Rezepte. Sie besteht aus Gusseisen mit schwarzer Emaille-Innenseite und verf\u00fcgt \u00fcber","breadcrumb":{"@id":"https:\/\/www.erresse-shop.it\/de\/shop\/toepfe-pfannen\/toepfe-und-backformen\/le-creuset-brotform-aus-gusseisen-kirsche\/#breadcrumb"},"inLanguage":"de-DE","potentialAction":[{"@type":"ReadAction","target":["https:\/\/www.erresse-shop.it\/de\/shop\/toepfe-pfannen\/toepfe-und-backformen\/le-creuset-brotform-aus-gusseisen-kirsche\/"]}]},{"@type":"BreadcrumbList","@id":"https:\/\/www.erresse-shop.it\/de\/shop\/toepfe-pfannen\/toepfe-und-backformen\/le-creuset-brotform-aus-gusseisen-kirsche\/#breadcrumb","itemListElement":[{"@type":"ListItem","position":1,"name":"Home","item":"https:\/\/www.erresse-shop.it\/de\/"},{"@type":"ListItem","position":2,"name":"Shop","item":"https:\/\/www.erresse-shop.it\/de\/shop\/"},{"@type":"ListItem","position":3,"name":"LE CREUSET Brotform aus Gusseisen Kirsche"}]},{"@type":"WebSite","@id":"https:\/\/www.erresse-shop.it\/de\/#website","url":"https:\/\/www.erresse-shop.it\/de\/","name":"Erresse Shop","description":"Articoli di qualit\u00e0 per la casa","potentialAction":[{"@type":"SearchAction","target":{"@type":"EntryPoint","urlTemplate":"https:\/\/www.erresse-shop.it\/de\/?s={search_term_string}"},"query-input":"required name=search_term_string"}],"inLanguage":"de-DE"}]}},"df_price":117,"df_sale_price":117,"df_regular_price":195,"df_image_link":"https:\/\/www.erresse-shop.it\/wp-content\/uploads\/2025\/10\/LE-CREUSET-Stampo-Pane-in-ghisa-vetrificata-23-cm-Ciliegia-300x300.jpg","_links":{"self":[{"href":"https:\/\/www.erresse-shop.it\/de\/wp-json\/wp\/v2\/product\/513017"}],"collection":[{"href":"https:\/\/www.erresse-shop.it\/de\/wp-json\/wp\/v2\/product"}],"about":[{"href":"https:\/\/www.erresse-shop.it\/de\/wp-json\/wp\/v2\/types\/product"}],"wp:featuredmedia":[{"embeddable":true,"href":"https:\/\/www.erresse-shop.it\/de\/wp-json\/wp\/v2\/media\/513050"}],"wp:attachment":[{"href":"https:\/\/www.erresse-shop.it\/de\/wp-json\/wp\/v2\/media?parent=513017"}],"wp:term":[{"taxonomy":"product_cat","embeddable":true,"href":"https:\/\/www.erresse-shop.it\/de\/wp-json\/wp\/v2\/product_cat?post=513017"},{"taxonomy":"product_tag","embeddable":true,"href":"https:\/\/www.erresse-shop.it\/de\/wp-json\/wp\/v2\/product_tag?post=513017"}],"curies":[{"name":"wp","href":"https:\/\/api.w.org\/{rel}","templated":true}]}}