{"id":511955,"date":"2025-09-09T12:27:25","date_gmt":"2025-09-09T12:27:27","guid":{"rendered":"https:\/\/www.erresse-shop.it\/?post_type=product&#038;p=511955"},"modified":"2026-02-04T08:04:21","modified_gmt":"2026-02-04T08:04:21","slug":"cookut-pfanne-la-merveilleuse-28-cm-gruen","status":"publish","type":"product","link":"https:\/\/www.erresse-shop.it\/de\/shop\/toepfe-pfannen\/pfannen\/cookut-pfanne-la-merveilleuse-28-cm-gruen\/","title":{"rendered":"COOKUT Pfanne &#8220;La Merveilleuse&#8221; 28 cm Gr\u00fcn"},"content":{"rendered":"<h3>DIE SCH\u00d6NE EDELSTAHL-SERIE<\/h3>\n<h4>GESUNDES UND EINFACHES KOCHEN<\/h4>\n<p>Mehrschichtiger Edelstahl, nickelfrei, PFOA-frei und PFAS-frei, f\u00fcr gesundes, schnelles, pr\u00e4zises und gleichm\u00e4\u00dfiges Kochen.<\/p>\n<h4>GEEIGNET F\u00dcR ALLE HERDE, EINSCHLIESSLICH BACKOFEN<\/h4>\n<p>Kompatibel mit Induktion, Gas, Elektro, Glaskeramik und Back\u00f6fen, einschlie\u00dflich Grillen bis 220 \u00b0C.<\/p>\n<h4>MODERNES UND FARBENFROHES DESIGN<\/h4>\n<p>Eine komplette Palette an Pfannen und T\u00f6pfen in verschiedenen Farben.<\/p>\n<h4>ABNEHMBARE GRIFFE<\/h4>\n<p>Elegant und innovativ. Sie verf\u00fcgen \u00fcber einen unsichtbaren Clip-Mechanismus. Dieser einfache und robuste Mechanismus erm\u00f6glicht eine einfache Einhandbedienung.<\/p>\n<p><strong>La Meravigliosa Edelstahl ist mit Kupfer und Titan verst\u00e4rkt:<\/strong><\/p>\n<ul>\n<li>Nickelfreier Mehrschicht-Edelstahl, gekennzeichnet mit STEEL GREEN<\/li>\n<li>Kupferverst\u00e4rkt: F\u00f6rdert schnelles und gleichm\u00e4\u00dfiges Garen.<\/li>\n<li>Titanverst\u00e4rkt: Verbessert Festigkeit und Haltbarkeit.<\/li>\n<li>PFAS-frei: Kochen in Edelstahl ist nat\u00fcrlich PFAS-frei.<\/li>\n<\/ul>\n<p><strong>28 cm (2 bis 8 Personen, 4,6 l)<\/strong><\/p>\n<h2><span style=\"font-size: 14pt;\"><em><strong>Das Produkt enth\u00e4lt nur die Pfanne. Griff und Deckel sind nicht im Lieferumfang enthalten und m\u00fcssen separat erworben werden.<\/strong><\/em><\/span><\/h2>\n","protected":false},"excerpt":{"rendered":"<p>DIE SCH\u00d6NE EDELSTAHL-SERIE GESUNDES UND EINFACHES KOCHEN Mehrschichtiger Edelstahl, nickelfrei, PFOA-frei und PFAS-frei, f\u00fcr gesundes, schnelles, pr\u00e4zises und gleichm\u00e4\u00dfiges Kochen.<\/p>\n","protected":false},"featured_media":512082,"template":"","meta":{"_acf_changed":false,"inline_featured_image":false},"product_cat":[6709,14801],"product_tag":[11728,11605,15392],"acf":[],"yoast_head":"<!-- This site is optimized with the Yoast SEO Premium plugin v18.6 (Yoast SEO v19.13) - https:\/\/yoast.com\/wordpress\/plugins\/seo\/ -->\n<title>COOKUT Pfanne &quot;La Merveilleuse&quot; 28 cm Gr\u00fcn - Erresse Shop<\/title>\n<meta name=\"description\" content=\"DIE SCH\u00d6NE EDELSTAHL-SERIE GESUNDES UND EINFACHES KOCHEN Mehrschichtiger Edelstahl, nickelfrei, PFOA-frei und PFAS-frei, f\u00fcr gesundes, schnelles, pr\u00e4zises\" \/>\n<meta name=\"robots\" content=\"index, follow, max-snippet:-1, max-image-preview:large, max-video-preview:-1\" \/>\n<link rel=\"canonical\" href=\"https:\/\/www.erresse-shop.it\/de\/shop\/toepfe-pfannen\/pfannen\/cookut-pfanne-la-merveilleuse-28-cm-gruen\/\" \/>\n<meta property=\"og:locale\" content=\"de_DE\" \/>\n<meta property=\"og:type\" content=\"article\" \/>\n<meta property=\"og:title\" content=\"COOKUT Pfanne &quot;La Merveilleuse&quot; 28 cm Gr\u00fcn\" \/>\n<meta property=\"og:description\" content=\"DIE SCH\u00d6NE EDELSTAHL-SERIE GESUNDES UND EINFACHES KOCHEN Mehrschichtiger Edelstahl, nickelfrei, PFOA-frei und PFAS-frei, f\u00fcr gesundes, schnelles, pr\u00e4zises\" \/>\n<meta property=\"og:url\" content=\"https:\/\/www.erresse-shop.it\/de\/shop\/toepfe-pfannen\/pfannen\/cookut-pfanne-la-merveilleuse-28-cm-gruen\/\" \/>\n<meta property=\"og:site_name\" content=\"Erresse Shop\" \/>\n<meta property=\"article:modified_time\" content=\"2026-02-04T08:04:21+00:00\" \/>\n<meta property=\"og:image\" content=\"https:\/\/www.erresse-shop.it\/wp-content\/uploads\/2025\/09\/COOKUT-Padella-La-Meravigliosa-28-cm-Verde-1-1.jpg\" \/>\n\t<meta property=\"og:image:width\" content=\"1200\" \/>\n\t<meta property=\"og:image:height\" content=\"1200\" \/>\n\t<meta property=\"og:image:type\" content=\"image\/jpeg\" \/>\n<meta name=\"twitter:card\" content=\"summary_large_image\" \/>\n<script type=\"application\/ld+json\" class=\"yoast-schema-graph\">{\"@context\":\"https:\/\/schema.org\",\"@graph\":[{\"@type\":\"WebPage\",\"@id\":\"https:\/\/www.erresse-shop.it\/de\/shop\/toepfe-pfannen\/pfannen\/cookut-pfanne-la-merveilleuse-28-cm-gruen\/\",\"url\":\"https:\/\/www.erresse-shop.it\/de\/shop\/toepfe-pfannen\/pfannen\/cookut-pfanne-la-merveilleuse-28-cm-gruen\/\",\"name\":\"COOKUT Pfanne \\\"La Merveilleuse\\\" 28 cm Gr\u00fcn - Erresse Shop\",\"isPartOf\":{\"@id\":\"https:\/\/www.erresse-shop.it\/de\/#website\"},\"datePublished\":\"2025-09-09T12:27:27+00:00\",\"dateModified\":\"2026-02-04T08:04:21+00:00\",\"description\":\"DIE SCH\u00d6NE EDELSTAHL-SERIE GESUNDES UND EINFACHES KOCHEN Mehrschichtiger Edelstahl, nickelfrei, PFOA-frei und PFAS-frei, f\u00fcr gesundes, schnelles, pr\u00e4zises\",\"breadcrumb\":{\"@id\":\"https:\/\/www.erresse-shop.it\/de\/shop\/toepfe-pfannen\/pfannen\/cookut-pfanne-la-merveilleuse-28-cm-gruen\/#breadcrumb\"},\"inLanguage\":\"de-DE\",\"potentialAction\":[{\"@type\":\"ReadAction\",\"target\":[\"https:\/\/www.erresse-shop.it\/de\/shop\/toepfe-pfannen\/pfannen\/cookut-pfanne-la-merveilleuse-28-cm-gruen\/\"]}]},{\"@type\":\"BreadcrumbList\",\"@id\":\"https:\/\/www.erresse-shop.it\/de\/shop\/toepfe-pfannen\/pfannen\/cookut-pfanne-la-merveilleuse-28-cm-gruen\/#breadcrumb\",\"itemListElement\":[{\"@type\":\"ListItem\",\"position\":1,\"name\":\"Home\",\"item\":\"https:\/\/www.erresse-shop.it\/de\/\"},{\"@type\":\"ListItem\",\"position\":2,\"name\":\"Shop\",\"item\":\"https:\/\/www.erresse-shop.it\/de\/shop\/\"},{\"@type\":\"ListItem\",\"position\":3,\"name\":\"COOKUT Pfanne &#8220;La Merveilleuse&#8221; 28 cm Gr\u00fcn\"}]},{\"@type\":\"WebSite\",\"@id\":\"https:\/\/www.erresse-shop.it\/de\/#website\",\"url\":\"https:\/\/www.erresse-shop.it\/de\/\",\"name\":\"Erresse Shop\",\"description\":\"Articoli di qualit\u00e0 per la casa\",\"potentialAction\":[{\"@type\":\"SearchAction\",\"target\":{\"@type\":\"EntryPoint\",\"urlTemplate\":\"https:\/\/www.erresse-shop.it\/de\/?s={search_term_string}\"},\"query-input\":\"required name=search_term_string\"}],\"inLanguage\":\"de-DE\"}]}<\/script>\n<!-- \/ Yoast SEO Premium plugin. -->","yoast_head_json":{"title":"COOKUT Pfanne \"La Merveilleuse\" 28 cm Gr\u00fcn - Erresse Shop","description":"DIE SCH\u00d6NE EDELSTAHL-SERIE GESUNDES UND EINFACHES KOCHEN Mehrschichtiger Edelstahl, nickelfrei, PFOA-frei und PFAS-frei, f\u00fcr gesundes, schnelles, pr\u00e4zises","robots":{"index":"index","follow":"follow","max-snippet":"max-snippet:-1","max-image-preview":"max-image-preview:large","max-video-preview":"max-video-preview:-1"},"canonical":"https:\/\/www.erresse-shop.it\/de\/shop\/toepfe-pfannen\/pfannen\/cookut-pfanne-la-merveilleuse-28-cm-gruen\/","og_locale":"de_DE","og_type":"article","og_title":"COOKUT Pfanne \"La Merveilleuse\" 28 cm Gr\u00fcn","og_description":"DIE SCH\u00d6NE EDELSTAHL-SERIE GESUNDES UND EINFACHES KOCHEN Mehrschichtiger Edelstahl, nickelfrei, PFOA-frei und PFAS-frei, f\u00fcr gesundes, schnelles, pr\u00e4zises","og_url":"https:\/\/www.erresse-shop.it\/de\/shop\/toepfe-pfannen\/pfannen\/cookut-pfanne-la-merveilleuse-28-cm-gruen\/","og_site_name":"Erresse Shop","article_modified_time":"2026-02-04T08:04:21+00:00","og_image":[{"width":1200,"height":1200,"url":"https:\/\/www.erresse-shop.it\/wp-content\/uploads\/2025\/09\/COOKUT-Padella-La-Meravigliosa-28-cm-Verde-1-1.jpg","type":"image\/jpeg"}],"twitter_card":"summary_large_image","schema":{"@context":"https:\/\/schema.org","@graph":[{"@type":"WebPage","@id":"https:\/\/www.erresse-shop.it\/de\/shop\/toepfe-pfannen\/pfannen\/cookut-pfanne-la-merveilleuse-28-cm-gruen\/","url":"https:\/\/www.erresse-shop.it\/de\/shop\/toepfe-pfannen\/pfannen\/cookut-pfanne-la-merveilleuse-28-cm-gruen\/","name":"COOKUT Pfanne \"La Merveilleuse\" 28 cm Gr\u00fcn - Erresse Shop","isPartOf":{"@id":"https:\/\/www.erresse-shop.it\/de\/#website"},"datePublished":"2025-09-09T12:27:27+00:00","dateModified":"2026-02-04T08:04:21+00:00","description":"DIE SCH\u00d6NE EDELSTAHL-SERIE GESUNDES UND EINFACHES KOCHEN Mehrschichtiger Edelstahl, nickelfrei, PFOA-frei und PFAS-frei, f\u00fcr gesundes, schnelles, pr\u00e4zises","breadcrumb":{"@id":"https:\/\/www.erresse-shop.it\/de\/shop\/toepfe-pfannen\/pfannen\/cookut-pfanne-la-merveilleuse-28-cm-gruen\/#breadcrumb"},"inLanguage":"de-DE","potentialAction":[{"@type":"ReadAction","target":["https:\/\/www.erresse-shop.it\/de\/shop\/toepfe-pfannen\/pfannen\/cookut-pfanne-la-merveilleuse-28-cm-gruen\/"]}]},{"@type":"BreadcrumbList","@id":"https:\/\/www.erresse-shop.it\/de\/shop\/toepfe-pfannen\/pfannen\/cookut-pfanne-la-merveilleuse-28-cm-gruen\/#breadcrumb","itemListElement":[{"@type":"ListItem","position":1,"name":"Home","item":"https:\/\/www.erresse-shop.it\/de\/"},{"@type":"ListItem","position":2,"name":"Shop","item":"https:\/\/www.erresse-shop.it\/de\/shop\/"},{"@type":"ListItem","position":3,"name":"COOKUT Pfanne &#8220;La Merveilleuse&#8221; 28 cm Gr\u00fcn"}]},{"@type":"WebSite","@id":"https:\/\/www.erresse-shop.it\/de\/#website","url":"https:\/\/www.erresse-shop.it\/de\/","name":"Erresse Shop","description":"Articoli di qualit\u00e0 per la casa","potentialAction":[{"@type":"SearchAction","target":{"@type":"EntryPoint","urlTemplate":"https:\/\/www.erresse-shop.it\/de\/?s={search_term_string}"},"query-input":"required name=search_term_string"}],"inLanguage":"de-DE"}]}},"df_price":85,"df_sale_price":85,"df_regular_price":109.9,"df_image_link":"https:\/\/www.erresse-shop.it\/wp-content\/uploads\/2025\/09\/COOKUT-Padella-La-Meravigliosa-28-cm-Verde-1-1-300x300.jpg","_links":{"self":[{"href":"https:\/\/www.erresse-shop.it\/de\/wp-json\/wp\/v2\/product\/511955"}],"collection":[{"href":"https:\/\/www.erresse-shop.it\/de\/wp-json\/wp\/v2\/product"}],"about":[{"href":"https:\/\/www.erresse-shop.it\/de\/wp-json\/wp\/v2\/types\/product"}],"wp:featuredmedia":[{"embeddable":true,"href":"https:\/\/www.erresse-shop.it\/de\/wp-json\/wp\/v2\/media\/512082"}],"wp:attachment":[{"href":"https:\/\/www.erresse-shop.it\/de\/wp-json\/wp\/v2\/media?parent=511955"}],"wp:term":[{"taxonomy":"product_cat","embeddable":true,"href":"https:\/\/www.erresse-shop.it\/de\/wp-json\/wp\/v2\/product_cat?post=511955"},{"taxonomy":"product_tag","embeddable":true,"href":"https:\/\/www.erresse-shop.it\/de\/wp-json\/wp\/v2\/product_tag?post=511955"}],"curies":[{"name":"wp","href":"https:\/\/api.w.org\/{rel}","templated":true}]}}