{"id":511741,"date":"2025-09-08T13:37:06","date_gmt":"2025-09-08T13:37:06","guid":{"rendered":"https:\/\/www.erresse-shop.it\/?post_type=product&#038;p=511741"},"modified":"2025-09-08T13:50:10","modified_gmt":"2025-09-08T13:50:10","slug":"caso-design-weinkuehler-winecase-deluxe-inox","status":"publish","type":"product","link":"https:\/\/www.erresse-shop.it\/de\/shop\/kleine-elektrogeraete\/caso-design-weinkuehler-winecase-deluxe-inox\/","title":{"rendered":"CASO DESIGN Weink\u00fchler WineCase Deluxe Inox"},"content":{"rendered":"<h4>Genu\u00df bei perfekter Temperatur: das elegante CASO WineCase Deluxe Inox<\/h4>\n<p>Mit dem batteriebetriebenen Weink\u00fchler CASO WineCase Deluxe Inox servieren Sie Ihren Lieblingswein immer in der perfekten Temperatur.<\/p>\n<p>Ob am Esstisch, auf der Terrasse oder bei einem festlichen Anlass \u2013 das hochwertige Edelstahlgeh\u00e4use setzt Ihre Flasche stilvoll in Szene.<\/p>\n<p>Der Weink\u00fchler h\u00e4lt die Temperatur von vorgek\u00fchltem Wein, Sekt oder Champagner zuverl\u00e4ssig, sodass Sie Ihren G\u00e4sten jedes Mal ein perfektes Verkostungserlebnis bieten k\u00f6nnen.<\/p>\n<h4>Pr\u00e4zise Temperaturregelung f\u00fcr jeden Wein<\/h4>\n<p>Die Temperatur des WineCase Deluxe Inox l\u00e4sst sich \u00fcber das intuitive Touch-Bedienfeld von 5 bis 18 \u00b0C in pr\u00e4zisen 1-Grad-Schritten einstellen.<\/p>\n<p>So haben Sie die volle Kontrolle \u00fcber die ideale Trinktemperatur, passend f\u00fcr Wei\u00dfwein, Rotwein oder Sekt. Dank der digitalen LED-Anzeige haben Sie Ihre Einstellungen stets im Blick.<\/p>\n<h4>Maximale Flexibilit\u00e4t dank Akkubetrieb<\/h4>\n<p>Mit bis zu 120 Minuten Akkulaufzeit ist das WineCase Deluxe Inox flexibel und \u00fcberall einsetzbar, unabh\u00e4ngig von der Steckdose.<\/p>\n<p>Alternativ kann der Weink\u00fchler auch direkt mit einem Netzteil betrieben werden. Sein praktisches Design und die Kompatibilit\u00e4t mit Flaschen bis zu 90 mm Durchmesser machen ihn zum idealen Begleiter f\u00fcr jeden Anlass.<\/p>\n<h4>Elegantes Design und innovative Technologie<\/h4>\n<p>Das elegante Edelstahlgeh\u00e4use ist nicht nur \u00e4sthetisch ansprechend, sondern auch robust und langlebig.<\/p>\n<p>Das WineCase Deluxe Inox ist besonders leise und st\u00f6rt weder Gespr\u00e4che noch die Atmosph\u00e4re. Die Kombination aus \u00c4sthetik und Funktionalit\u00e4t macht es zu einem unverzichtbaren Accessoire f\u00fcr Weinliebhaber.<\/p>\n<p><strong>CASO WineCase Deluxe Inox \u2013 F\u00fcr Weinliebhaber, die das Besondere suchen.<br \/>\n<\/strong><\/p>\n<p><strong>Abmessungen (B x H x T cm): <\/strong>13,5 x 24,5 x 28 cm<strong><br \/>\nGewicht:<\/strong> 3,4 kg<strong><br \/>\nLeistung (Watt):<\/strong> 72<strong><br \/>\nSpannung: <\/strong>100\u2013240 V<\/p>\n","protected":false},"excerpt":{"rendered":"<p>Genu\u00df bei perfekter Temperatur: das elegante CASO WineCase Deluxe Inox Mit dem batteriebetriebenen Weink\u00fchler CASO WineCase Deluxe Inox servieren Sie<\/p>\n","protected":false},"featured_media":511760,"template":"","meta":{"_acf_changed":false,"inline_featured_image":false},"product_cat":[6703],"product_tag":[11415,11969,21413],"acf":[],"yoast_head":"<!-- This site is optimized with the Yoast SEO Premium plugin v18.6 (Yoast SEO v19.13) - https:\/\/yoast.com\/wordpress\/plugins\/seo\/ -->\n<title>MAGIMIX Juice Expert 3 + Gem\u00fcseschneider Schwarz<\/title>\n<meta name=\"description\" content=\"Entdecken Sie MAGIMIX Juice Expert 3 + Gem\u00fcseschneider Schwarz bei ErresseShop. Qualit\u00e4t, Stil und Funktionalit\u00e4t \u2013 jetzt online bestellen!\" \/>\n<meta name=\"robots\" content=\"index, follow, max-snippet:-1, max-image-preview:large, max-video-preview:-1\" \/>\n<link rel=\"canonical\" href=\"https:\/\/www.erresse-shop.it\/de\/shop\/kleine-elektrogeraete\/caso-design-weinkuehler-winecase-deluxe-inox\/\" \/>\n<meta property=\"og:locale\" content=\"de_DE\" \/>\n<meta property=\"og:type\" content=\"article\" \/>\n<meta property=\"og:title\" content=\"CASO DESIGN Weink\u00fchler WineCase Deluxe Inox\" \/>\n<meta property=\"og:description\" content=\"Entdecken Sie MAGIMIX Juice Expert 3 + Gem\u00fcseschneider Schwarz bei ErresseShop. Qualit\u00e4t, Stil und Funktionalit\u00e4t \u2013 jetzt online bestellen!\" \/>\n<meta property=\"og:url\" content=\"https:\/\/www.erresse-shop.it\/de\/shop\/kleine-elektrogeraete\/caso-design-weinkuehler-winecase-deluxe-inox\/\" \/>\n<meta property=\"og:site_name\" content=\"Erresse Shop\" \/>\n<meta property=\"article:modified_time\" content=\"2025-09-08T13:50:10+00:00\" \/>\n<meta property=\"og:image\" content=\"https:\/\/www.erresse-shop.it\/wp-content\/uploads\/2025\/09\/CASO-DESIGN-Raffreddatore-di-vino-WineCase-Deluxe-Inox.jpg\" \/>\n\t<meta property=\"og:image:width\" content=\"1200\" \/>\n\t<meta property=\"og:image:height\" content=\"1200\" \/>\n\t<meta property=\"og:image:type\" content=\"image\/jpeg\" \/>\n<meta name=\"twitter:card\" content=\"summary_large_image\" \/>\n<script type=\"application\/ld+json\" class=\"yoast-schema-graph\">{\"@context\":\"https:\/\/schema.org\",\"@graph\":[{\"@type\":\"WebPage\",\"@id\":\"https:\/\/www.erresse-shop.it\/de\/shop\/kleine-elektrogeraete\/caso-design-weinkuehler-winecase-deluxe-inox\/\",\"url\":\"https:\/\/www.erresse-shop.it\/de\/shop\/kleine-elektrogeraete\/caso-design-weinkuehler-winecase-deluxe-inox\/\",\"name\":\"MAGIMIX Juice Expert 3 + Gem\u00fcseschneider Schwarz\",\"isPartOf\":{\"@id\":\"https:\/\/www.erresse-shop.it\/de\/#website\"},\"datePublished\":\"2025-09-08T13:37:06+00:00\",\"dateModified\":\"2025-09-08T13:50:10+00:00\",\"description\":\"Entdecken Sie MAGIMIX Juice Expert 3 + Gem\u00fcseschneider Schwarz bei ErresseShop. Qualit\u00e4t, Stil und Funktionalit\u00e4t \u2013 jetzt online bestellen!\",\"breadcrumb\":{\"@id\":\"https:\/\/www.erresse-shop.it\/de\/shop\/kleine-elektrogeraete\/caso-design-weinkuehler-winecase-deluxe-inox\/#breadcrumb\"},\"inLanguage\":\"de-DE\",\"potentialAction\":[{\"@type\":\"ReadAction\",\"target\":[\"https:\/\/www.erresse-shop.it\/de\/shop\/kleine-elektrogeraete\/caso-design-weinkuehler-winecase-deluxe-inox\/\"]}]},{\"@type\":\"BreadcrumbList\",\"@id\":\"https:\/\/www.erresse-shop.it\/de\/shop\/kleine-elektrogeraete\/caso-design-weinkuehler-winecase-deluxe-inox\/#breadcrumb\",\"itemListElement\":[{\"@type\":\"ListItem\",\"position\":1,\"name\":\"Home\",\"item\":\"https:\/\/www.erresse-shop.it\/de\/\"},{\"@type\":\"ListItem\",\"position\":2,\"name\":\"Shop\",\"item\":\"https:\/\/www.erresse-shop.it\/de\/shop\/\"},{\"@type\":\"ListItem\",\"position\":3,\"name\":\"CASO DESIGN Weink\u00fchler WineCase Deluxe Inox\"}]},{\"@type\":\"WebSite\",\"@id\":\"https:\/\/www.erresse-shop.it\/de\/#website\",\"url\":\"https:\/\/www.erresse-shop.it\/de\/\",\"name\":\"Erresse Shop\",\"description\":\"Articoli di qualit\u00e0 per la casa\",\"potentialAction\":[{\"@type\":\"SearchAction\",\"target\":{\"@type\":\"EntryPoint\",\"urlTemplate\":\"https:\/\/www.erresse-shop.it\/de\/?s={search_term_string}\"},\"query-input\":\"required name=search_term_string\"}],\"inLanguage\":\"de-DE\"}]}<\/script>\n<!-- \/ Yoast SEO Premium plugin. -->","yoast_head_json":{"title":"MAGIMIX Juice Expert 3 + Gem\u00fcseschneider Schwarz","description":"Entdecken Sie MAGIMIX Juice Expert 3 + Gem\u00fcseschneider Schwarz bei ErresseShop. Qualit\u00e4t, Stil und Funktionalit\u00e4t \u2013 jetzt online bestellen!","robots":{"index":"index","follow":"follow","max-snippet":"max-snippet:-1","max-image-preview":"max-image-preview:large","max-video-preview":"max-video-preview:-1"},"canonical":"https:\/\/www.erresse-shop.it\/de\/shop\/kleine-elektrogeraete\/caso-design-weinkuehler-winecase-deluxe-inox\/","og_locale":"de_DE","og_type":"article","og_title":"CASO DESIGN Weink\u00fchler WineCase Deluxe Inox","og_description":"Entdecken Sie MAGIMIX Juice Expert 3 + Gem\u00fcseschneider Schwarz bei ErresseShop. Qualit\u00e4t, Stil und Funktionalit\u00e4t \u2013 jetzt online bestellen!","og_url":"https:\/\/www.erresse-shop.it\/de\/shop\/kleine-elektrogeraete\/caso-design-weinkuehler-winecase-deluxe-inox\/","og_site_name":"Erresse Shop","article_modified_time":"2025-09-08T13:50:10+00:00","og_image":[{"width":1200,"height":1200,"url":"https:\/\/www.erresse-shop.it\/wp-content\/uploads\/2025\/09\/CASO-DESIGN-Raffreddatore-di-vino-WineCase-Deluxe-Inox.jpg","type":"image\/jpeg"}],"twitter_card":"summary_large_image","schema":{"@context":"https:\/\/schema.org","@graph":[{"@type":"WebPage","@id":"https:\/\/www.erresse-shop.it\/de\/shop\/kleine-elektrogeraete\/caso-design-weinkuehler-winecase-deluxe-inox\/","url":"https:\/\/www.erresse-shop.it\/de\/shop\/kleine-elektrogeraete\/caso-design-weinkuehler-winecase-deluxe-inox\/","name":"MAGIMIX Juice Expert 3 + Gem\u00fcseschneider Schwarz","isPartOf":{"@id":"https:\/\/www.erresse-shop.it\/de\/#website"},"datePublished":"2025-09-08T13:37:06+00:00","dateModified":"2025-09-08T13:50:10+00:00","description":"Entdecken Sie MAGIMIX Juice Expert 3 + Gem\u00fcseschneider Schwarz bei ErresseShop. Qualit\u00e4t, Stil und Funktionalit\u00e4t \u2013 jetzt online bestellen!","breadcrumb":{"@id":"https:\/\/www.erresse-shop.it\/de\/shop\/kleine-elektrogeraete\/caso-design-weinkuehler-winecase-deluxe-inox\/#breadcrumb"},"inLanguage":"de-DE","potentialAction":[{"@type":"ReadAction","target":["https:\/\/www.erresse-shop.it\/de\/shop\/kleine-elektrogeraete\/caso-design-weinkuehler-winecase-deluxe-inox\/"]}]},{"@type":"BreadcrumbList","@id":"https:\/\/www.erresse-shop.it\/de\/shop\/kleine-elektrogeraete\/caso-design-weinkuehler-winecase-deluxe-inox\/#breadcrumb","itemListElement":[{"@type":"ListItem","position":1,"name":"Home","item":"https:\/\/www.erresse-shop.it\/de\/"},{"@type":"ListItem","position":2,"name":"Shop","item":"https:\/\/www.erresse-shop.it\/de\/shop\/"},{"@type":"ListItem","position":3,"name":"CASO DESIGN Weink\u00fchler WineCase Deluxe Inox"}]},{"@type":"WebSite","@id":"https:\/\/www.erresse-shop.it\/de\/#website","url":"https:\/\/www.erresse-shop.it\/de\/","name":"Erresse Shop","description":"Articoli di qualit\u00e0 per la casa","potentialAction":[{"@type":"SearchAction","target":{"@type":"EntryPoint","urlTemplate":"https:\/\/www.erresse-shop.it\/de\/?s={search_term_string}"},"query-input":"required name=search_term_string"}],"inLanguage":"de-DE"}]}},"df_price":199.99,"df_sale_price":199.99,"df_regular_price":199.99,"df_image_link":"https:\/\/www.erresse-shop.it\/wp-content\/uploads\/2025\/09\/CASO-DESIGN-Raffreddatore-di-vino-WineCase-Deluxe-Inox-300x300.jpg","_links":{"self":[{"href":"https:\/\/www.erresse-shop.it\/de\/wp-json\/wp\/v2\/product\/511741"}],"collection":[{"href":"https:\/\/www.erresse-shop.it\/de\/wp-json\/wp\/v2\/product"}],"about":[{"href":"https:\/\/www.erresse-shop.it\/de\/wp-json\/wp\/v2\/types\/product"}],"wp:featuredmedia":[{"embeddable":true,"href":"https:\/\/www.erresse-shop.it\/de\/wp-json\/wp\/v2\/media\/511760"}],"wp:attachment":[{"href":"https:\/\/www.erresse-shop.it\/de\/wp-json\/wp\/v2\/media?parent=511741"}],"wp:term":[{"taxonomy":"product_cat","embeddable":true,"href":"https:\/\/www.erresse-shop.it\/de\/wp-json\/wp\/v2\/product_cat?post=511741"},{"taxonomy":"product_tag","embeddable":true,"href":"https:\/\/www.erresse-shop.it\/de\/wp-json\/wp\/v2\/product_tag?post=511741"}],"curies":[{"name":"wp","href":"https:\/\/api.w.org\/{rel}","templated":true}]}}