{"id":511723,"date":"2025-09-08T13:18:22","date_gmt":"2025-09-08T13:18:22","guid":{"rendered":"https:\/\/www.erresse-shop.it\/?post_type=product&#038;p=511723"},"modified":"2025-09-08T13:31:51","modified_gmt":"2025-09-08T13:31:51","slug":"caso-design-weinkuehler-vinocase-black","status":"publish","type":"product","link":"https:\/\/www.erresse-shop.it\/de\/shop\/kleine-elektrogeraete\/caso-design-weinkuehler-vinocase-black\/","title":{"rendered":"CASO DESIGN Weink\u00fchler VinoCase Black"},"content":{"rendered":"<h4>CASO Design Tisch-Weink\u00fchler: Ihr Lieblingswein perfekt temperiert \u2013 direkt am Tisch.<\/h4>\n<p>Der Weink\u00fchler \u201eVinoCase Black\u201c von CASO Design macht es m\u00f6glich. Direkt am Tisch h\u00e4lt dieser elegante Weink\u00fchler eine Flasche Wein, Sekt oder andere Getr\u00e4nke auf der idealen Temperatur. Ideal f\u00fcr alle Weinliebhaber und eine tolle Geschenkidee.<\/p>\n<h4>Perfekte Serviertemperatur auf Knopfdruck<\/h4>\n<p>Die ideale Temperatur ist entscheidend f\u00fcr den vollen Genuss eines guten Weines.<\/p>\n<p>Mit dem VinoCase Black von CASO haben Sie die Temperatur Ihrer Flasche voll im Griff. Dank der elektronischen Einstellung k\u00f6nnen Sie die Temperatur pr\u00e4zise zwischen 5 und 18 Grad Celsius (bzw. zwischen 41 und 64 Grad Fahrenheit) in Ein-Grad-Schritten einstellen.<\/p>\n<p>Die wei\u00dfe LED-Temperaturanzeige mit praktischem Touch-Sensor macht die Bedienung kinderleicht und intuitiv. So ist Ihr Wein immer optimal temperiert, um sein Aroma voll zu entfalten.<\/p>\n<h4>Ein Genuss f\u00fcr alle Sinne: Leise und effizient<\/h4>\n<p>Neben seinem eleganten Design besticht das CASO VinoCase Black durch seinen extrem leisen Betrieb.<\/p>\n<p>Sie k\u00f6nnen es bequem an einem gem\u00fctlichen Abend nutzen, ohne von st\u00f6renden Ger\u00e4uschen abgelenkt zu werden. Dank seines kompakten Designs l\u00e4sst es sich zudem platzsparend verstauen und passt problemlos in kleinere R\u00e4ume oder K\u00fcchen.<\/p>\n<p><strong>Abmessungen: <\/strong>27 x 14 x 25 cm<strong><br \/>\n<strong>Gewicht: <\/strong><\/strong>1,2 kg<strong><strong><br \/>\n<strong>Leistung (Watt): <\/strong><\/strong><\/strong>72<strong><strong><strong><br \/>\n<strong>Spannung: <\/strong><\/strong><\/strong><\/strong>100\u2013240 V<\/p>\n","protected":false},"excerpt":{"rendered":"<p>CASO Design Tisch-Weink\u00fchler: Ihr Lieblingswein perfekt temperiert \u2013 direkt am Tisch. Der Weink\u00fchler \u201eVinoCase Black\u201c von CASO Design macht es<\/p>\n","protected":false},"featured_media":511736,"template":"","meta":{"_acf_changed":false,"inline_featured_image":false},"product_cat":[6703],"product_tag":[11415,11969,21413],"acf":[],"yoast_head":"<!-- This site is optimized with the Yoast SEO Premium plugin v18.6 (Yoast SEO v19.13) - https:\/\/yoast.com\/wordpress\/plugins\/seo\/ -->\n<title>MAGIMIX Juice Expert 3 + Gem\u00fcseschneider Schwarz<\/title>\n<meta name=\"description\" content=\"Entdecken Sie MAGIMIX Juice Expert 3 + Gem\u00fcseschneider Schwarz bei ErresseShop. Qualit\u00e4t, Stil und Funktionalit\u00e4t \u2013 jetzt online bestellen!\" \/>\n<meta name=\"robots\" content=\"index, follow, max-snippet:-1, max-image-preview:large, max-video-preview:-1\" \/>\n<link rel=\"canonical\" href=\"https:\/\/www.erresse-shop.it\/de\/shop\/kleine-elektrogeraete\/caso-design-weinkuehler-vinocase-black\/\" \/>\n<meta property=\"og:locale\" content=\"de_DE\" \/>\n<meta property=\"og:type\" content=\"article\" \/>\n<meta property=\"og:title\" content=\"CASO DESIGN Weink\u00fchler VinoCase Black\" \/>\n<meta property=\"og:description\" content=\"Entdecken Sie MAGIMIX Juice Expert 3 + Gem\u00fcseschneider Schwarz bei ErresseShop. Qualit\u00e4t, Stil und Funktionalit\u00e4t \u2013 jetzt online bestellen!\" \/>\n<meta property=\"og:url\" content=\"https:\/\/www.erresse-shop.it\/de\/shop\/kleine-elektrogeraete\/caso-design-weinkuehler-vinocase-black\/\" \/>\n<meta property=\"og:site_name\" content=\"Erresse Shop\" \/>\n<meta property=\"article:modified_time\" content=\"2025-09-08T13:31:51+00:00\" \/>\n<meta property=\"og:image\" content=\"https:\/\/www.erresse-shop.it\/wp-content\/uploads\/2025\/09\/CASO-DESIGN-Raffreddatore-di-vino-VinoCase-Black.jpg\" \/>\n\t<meta property=\"og:image:width\" content=\"1200\" \/>\n\t<meta property=\"og:image:height\" content=\"1200\" \/>\n\t<meta property=\"og:image:type\" content=\"image\/jpeg\" \/>\n<meta name=\"twitter:card\" content=\"summary_large_image\" \/>\n<script type=\"application\/ld+json\" class=\"yoast-schema-graph\">{\"@context\":\"https:\/\/schema.org\",\"@graph\":[{\"@type\":\"WebPage\",\"@id\":\"https:\/\/www.erresse-shop.it\/de\/shop\/kleine-elektrogeraete\/caso-design-weinkuehler-vinocase-black\/\",\"url\":\"https:\/\/www.erresse-shop.it\/de\/shop\/kleine-elektrogeraete\/caso-design-weinkuehler-vinocase-black\/\",\"name\":\"MAGIMIX Juice Expert 3 + Gem\u00fcseschneider Schwarz\",\"isPartOf\":{\"@id\":\"https:\/\/www.erresse-shop.it\/de\/#website\"},\"datePublished\":\"2025-09-08T13:18:22+00:00\",\"dateModified\":\"2025-09-08T13:31:51+00:00\",\"description\":\"Entdecken Sie MAGIMIX Juice Expert 3 + Gem\u00fcseschneider Schwarz bei ErresseShop. Qualit\u00e4t, Stil und Funktionalit\u00e4t \u2013 jetzt online bestellen!\",\"breadcrumb\":{\"@id\":\"https:\/\/www.erresse-shop.it\/de\/shop\/kleine-elektrogeraete\/caso-design-weinkuehler-vinocase-black\/#breadcrumb\"},\"inLanguage\":\"de-DE\",\"potentialAction\":[{\"@type\":\"ReadAction\",\"target\":[\"https:\/\/www.erresse-shop.it\/de\/shop\/kleine-elektrogeraete\/caso-design-weinkuehler-vinocase-black\/\"]}]},{\"@type\":\"BreadcrumbList\",\"@id\":\"https:\/\/www.erresse-shop.it\/de\/shop\/kleine-elektrogeraete\/caso-design-weinkuehler-vinocase-black\/#breadcrumb\",\"itemListElement\":[{\"@type\":\"ListItem\",\"position\":1,\"name\":\"Home\",\"item\":\"https:\/\/www.erresse-shop.it\/de\/\"},{\"@type\":\"ListItem\",\"position\":2,\"name\":\"Shop\",\"item\":\"https:\/\/www.erresse-shop.it\/de\/shop\/\"},{\"@type\":\"ListItem\",\"position\":3,\"name\":\"CASO DESIGN Weink\u00fchler VinoCase Black\"}]},{\"@type\":\"WebSite\",\"@id\":\"https:\/\/www.erresse-shop.it\/de\/#website\",\"url\":\"https:\/\/www.erresse-shop.it\/de\/\",\"name\":\"Erresse Shop\",\"description\":\"Articoli di qualit\u00e0 per la casa\",\"potentialAction\":[{\"@type\":\"SearchAction\",\"target\":{\"@type\":\"EntryPoint\",\"urlTemplate\":\"https:\/\/www.erresse-shop.it\/de\/?s={search_term_string}\"},\"query-input\":\"required name=search_term_string\"}],\"inLanguage\":\"de-DE\"}]}<\/script>\n<!-- \/ Yoast SEO Premium plugin. -->","yoast_head_json":{"title":"MAGIMIX Juice Expert 3 + Gem\u00fcseschneider Schwarz","description":"Entdecken Sie MAGIMIX Juice Expert 3 + Gem\u00fcseschneider Schwarz bei ErresseShop. Qualit\u00e4t, Stil und Funktionalit\u00e4t \u2013 jetzt online bestellen!","robots":{"index":"index","follow":"follow","max-snippet":"max-snippet:-1","max-image-preview":"max-image-preview:large","max-video-preview":"max-video-preview:-1"},"canonical":"https:\/\/www.erresse-shop.it\/de\/shop\/kleine-elektrogeraete\/caso-design-weinkuehler-vinocase-black\/","og_locale":"de_DE","og_type":"article","og_title":"CASO DESIGN Weink\u00fchler VinoCase Black","og_description":"Entdecken Sie MAGIMIX Juice Expert 3 + Gem\u00fcseschneider Schwarz bei ErresseShop. Qualit\u00e4t, Stil und Funktionalit\u00e4t \u2013 jetzt online bestellen!","og_url":"https:\/\/www.erresse-shop.it\/de\/shop\/kleine-elektrogeraete\/caso-design-weinkuehler-vinocase-black\/","og_site_name":"Erresse Shop","article_modified_time":"2025-09-08T13:31:51+00:00","og_image":[{"width":1200,"height":1200,"url":"https:\/\/www.erresse-shop.it\/wp-content\/uploads\/2025\/09\/CASO-DESIGN-Raffreddatore-di-vino-VinoCase-Black.jpg","type":"image\/jpeg"}],"twitter_card":"summary_large_image","schema":{"@context":"https:\/\/schema.org","@graph":[{"@type":"WebPage","@id":"https:\/\/www.erresse-shop.it\/de\/shop\/kleine-elektrogeraete\/caso-design-weinkuehler-vinocase-black\/","url":"https:\/\/www.erresse-shop.it\/de\/shop\/kleine-elektrogeraete\/caso-design-weinkuehler-vinocase-black\/","name":"MAGIMIX Juice Expert 3 + Gem\u00fcseschneider Schwarz","isPartOf":{"@id":"https:\/\/www.erresse-shop.it\/de\/#website"},"datePublished":"2025-09-08T13:18:22+00:00","dateModified":"2025-09-08T13:31:51+00:00","description":"Entdecken Sie MAGIMIX Juice Expert 3 + Gem\u00fcseschneider Schwarz bei ErresseShop. Qualit\u00e4t, Stil und Funktionalit\u00e4t \u2013 jetzt online bestellen!","breadcrumb":{"@id":"https:\/\/www.erresse-shop.it\/de\/shop\/kleine-elektrogeraete\/caso-design-weinkuehler-vinocase-black\/#breadcrumb"},"inLanguage":"de-DE","potentialAction":[{"@type":"ReadAction","target":["https:\/\/www.erresse-shop.it\/de\/shop\/kleine-elektrogeraete\/caso-design-weinkuehler-vinocase-black\/"]}]},{"@type":"BreadcrumbList","@id":"https:\/\/www.erresse-shop.it\/de\/shop\/kleine-elektrogeraete\/caso-design-weinkuehler-vinocase-black\/#breadcrumb","itemListElement":[{"@type":"ListItem","position":1,"name":"Home","item":"https:\/\/www.erresse-shop.it\/de\/"},{"@type":"ListItem","position":2,"name":"Shop","item":"https:\/\/www.erresse-shop.it\/de\/shop\/"},{"@type":"ListItem","position":3,"name":"CASO DESIGN Weink\u00fchler VinoCase Black"}]},{"@type":"WebSite","@id":"https:\/\/www.erresse-shop.it\/de\/#website","url":"https:\/\/www.erresse-shop.it\/de\/","name":"Erresse Shop","description":"Articoli di qualit\u00e0 per la casa","potentialAction":[{"@type":"SearchAction","target":{"@type":"EntryPoint","urlTemplate":"https:\/\/www.erresse-shop.it\/de\/?s={search_term_string}"},"query-input":"required name=search_term_string"}],"inLanguage":"de-DE"}]}},"df_price":119.99,"df_sale_price":119.99,"df_regular_price":119.99,"df_image_link":"https:\/\/www.erresse-shop.it\/wp-content\/uploads\/2025\/09\/CASO-DESIGN-Raffreddatore-di-vino-VinoCase-Black-300x300.jpg","_links":{"self":[{"href":"https:\/\/www.erresse-shop.it\/de\/wp-json\/wp\/v2\/product\/511723"}],"collection":[{"href":"https:\/\/www.erresse-shop.it\/de\/wp-json\/wp\/v2\/product"}],"about":[{"href":"https:\/\/www.erresse-shop.it\/de\/wp-json\/wp\/v2\/types\/product"}],"wp:featuredmedia":[{"embeddable":true,"href":"https:\/\/www.erresse-shop.it\/de\/wp-json\/wp\/v2\/media\/511736"}],"wp:attachment":[{"href":"https:\/\/www.erresse-shop.it\/de\/wp-json\/wp\/v2\/media?parent=511723"}],"wp:term":[{"taxonomy":"product_cat","embeddable":true,"href":"https:\/\/www.erresse-shop.it\/de\/wp-json\/wp\/v2\/product_cat?post=511723"},{"taxonomy":"product_tag","embeddable":true,"href":"https:\/\/www.erresse-shop.it\/de\/wp-json\/wp\/v2\/product_tag?post=511723"}],"curies":[{"name":"wp","href":"https:\/\/api.w.org\/{rel}","templated":true}]}}