{"id":511673,"date":"2025-09-08T06:18:47","date_gmt":"2025-09-08T06:18:47","guid":{"rendered":"https:\/\/www.erresse-shop.it\/?post_type=product&#038;p=511673"},"modified":"2025-09-08T06:38:08","modified_gmt":"2025-09-08T06:38:08","slug":"caso-design-milchaufschaeumer-cappulatte","status":"publish","type":"product","link":"https:\/\/www.erresse-shop.it\/de\/shop\/kleine-elektrogeraete\/milchaufschaumer\/caso-design-milchaufschaeumer-cappulatte\/","title":{"rendered":"CASO DESIGN Milchaufsch\u00e4umer CappuLatte"},"content":{"rendered":"<h4>CASO CappuLatte \u2013 Perfekter Milchschaum f\u00fcr unvergessliche Genussmomente<\/h4>\n<p>Der Design-Milchaufsch\u00e4umer CappuLatte bringt den Genuss von perfektem Milchschaum in Ihre K\u00fcche.<\/p>\n<p>Ob Cappuccino, Latte Macchiato oder cremiger Chai Latte \u2013 dieser elektrische Milchaufsch\u00e4umer zaubert im Handumdrehen weichen, aromatischen Schaum.<\/p>\n<p>Dank seiner Vielseitigkeit eignet er sich sowohl f\u00fcr Kuhmilch als auch f\u00fcr pflanzliche Alternativen wie Hafer-, Mandel- oder Sojamilch. Das hochwertige Glasdesign unterstreicht nicht nur seine Eleganz, sondern sorgt auch f\u00fcr eine moderne und elegante Optik.<\/p>\n<h4>Ein elektrischer Milchaufsch\u00e4umer f\u00fcr vielseitigen Genuss<\/h4>\n<p>Dieser Milchaufsch\u00e4umer ist mehr als nur ein einfaches Ger\u00e4t: Er ist ein Allrounder f\u00fcr hei\u00dfe und kalte Milchgetr\u00e4nke.<\/p>\n<p>Mit f\u00fcnf verschiedenen Funktionen bereiten Sie im Handumdrehen hei\u00dfen Milchschaum, hei\u00dfe Schokolade oder kalte Spezialit\u00e4ten wie Frapp\u00e9s zu. Besonders praktisch: Die abnehmbare Glaskanne erm\u00f6glicht pr\u00e4zises Milchgie\u00dfen \u2013 wie in einem professionellen Caf\u00e9.<\/p>\n<p>Perfekt f\u00fcr Momente, in denen Sie Ihre G\u00e4ste beeindrucken oder sich selbst verw\u00f6hnen m\u00f6chten.<\/p>\n<h4>Hygienisch, praktisch und einfach zu bedienen<\/h4>\n<p>Dank der sp\u00fclmaschinenfesten Komponenten \u2013 Milchaufsch\u00e4umbeh\u00e4lter, Deckel und R\u00fchrstab \u2013 ist die Reinigung ein Kinderspiel.<\/p>\n<p>Die intuitive One-Touch-Bedienung macht den elektrischen Milchaufsch\u00e4umer zum idealen Begleiter f\u00fcr den t\u00e4glichen Gebrauch. Mit einem Fassungsverm\u00f6gen von bis zu 250 ml zum Aufsch\u00e4umen von Milch und bis zu 400 ml zum Erhitzen von Milch ohne Aufsch\u00e4umen ist er auch ideal f\u00fcr gr\u00f6\u00dfere Portionen.<\/p>\n<h4>Milchaufsch\u00e4umen leicht gemacht, f\u00fcr jeden Geschmack<\/h4>\n<p>CappuLatte gibt Ihnen die Freiheit, Ihre Lieblingsgetr\u00e4nke individuell zuzubereiten.<\/p>\n<p>Ob extra schaumig f\u00fcr einen Cappuccino oder zart und cremig f\u00fcr einen Latte Macchiato \u2013 das Ergebnis ist immer perfekt ausgewogen.<\/p>\n<p>Dieser elektrische Milchaufsch\u00e4umer ist auch die beste Wahl f\u00fcr hei\u00dfe Schokolade, Chai Latte oder als Sahneersatz. Die LED-Funktionsanzeige und die automatische Abschaltung sorgen f\u00fcr einfache Bedienung und maximale Sicherheit.<\/p>\n<h4>Der beste Milchaufsch\u00e4umer f\u00fcr Ihre Genussmomente<\/h4>\n<p>Entscheiden Sie sich f\u00fcr den elektrischen Milchaufsch\u00e4umer CappuLatte und genie\u00dfen Sie die perfekte Kombination aus Design, Leistung und Benutzerfreundlichkeit.<\/p>\n<p>Dieses platzsparende Ger\u00e4t ist ideal f\u00fcr jede Familie und ein Muss f\u00fcr alle, die ihren Kaffeegenuss auf ein neues Niveau heben m\u00f6chten. Kaufen Sie ihn jetzt und genie\u00dfen Sie jeden Tag wie im Caf\u00e9!<\/p>\n<p><strong>Abmessungen: <\/strong>11,5 x 14,5 x 20,5<br \/>\n<strong>Fassungsverm\u00f6gen: <\/strong>400 ml<br \/>\n<strong>Gewicht: <\/strong>0,9 kg<br \/>\n<strong>Leistung (Watt): <\/strong>600<br \/>\n<strong>Spannung: <\/strong>220\u2013240 V~, 50\u201360 Hz<\/p>\n","protected":false},"excerpt":{"rendered":"<p>CASO CappuLatte \u2013 Perfekter Milchschaum f\u00fcr unvergessliche Genussmomente Der Design-Milchaufsch\u00e4umer CappuLatte bringt den Genuss von perfektem Milchschaum in Ihre K\u00fcche.<\/p>\n","protected":false},"featured_media":511692,"template":"","meta":{"_acf_changed":false,"inline_featured_image":false},"product_cat":[6703,20619],"product_tag":[11415,20627],"acf":[],"yoast_head":"<!-- This site is optimized with the Yoast SEO Premium plugin v18.6 (Yoast SEO v19.13) - https:\/\/yoast.com\/wordpress\/plugins\/seo\/ -->\n<title>MAGIMIX Juice Expert 3 + Gem\u00fcseschneider Schwarz<\/title>\n<meta name=\"description\" content=\"Entdecken Sie MAGIMIX Juice Expert 3 + Gem\u00fcseschneider Schwarz bei ErresseShop. Qualit\u00e4t, Stil und Funktionalit\u00e4t \u2013 jetzt online bestellen!\" \/>\n<meta name=\"robots\" content=\"index, follow, max-snippet:-1, max-image-preview:large, max-video-preview:-1\" \/>\n<link rel=\"canonical\" href=\"https:\/\/www.erresse-shop.it\/de\/shop\/kleine-elektrogeraete\/milchaufschaumer\/caso-design-milchaufschaeumer-cappulatte\/\" \/>\n<meta property=\"og:locale\" content=\"de_DE\" \/>\n<meta property=\"og:type\" content=\"article\" \/>\n<meta property=\"og:title\" content=\"CASO DESIGN Milchaufsch\u00e4umer CappuLatte\" \/>\n<meta property=\"og:description\" content=\"Entdecken Sie MAGIMIX Juice Expert 3 + Gem\u00fcseschneider Schwarz bei ErresseShop. Qualit\u00e4t, Stil und Funktionalit\u00e4t \u2013 jetzt online bestellen!\" \/>\n<meta property=\"og:url\" content=\"https:\/\/www.erresse-shop.it\/de\/shop\/kleine-elektrogeraete\/milchaufschaumer\/caso-design-milchaufschaeumer-cappulatte\/\" \/>\n<meta property=\"og:site_name\" content=\"Erresse Shop\" \/>\n<meta property=\"article:modified_time\" content=\"2025-09-08T06:38:08+00:00\" \/>\n<meta property=\"og:image\" content=\"https:\/\/www.erresse-shop.it\/wp-content\/uploads\/2025\/09\/CASO-DESIGN-Montalatte-CappuLatte.jpg\" \/>\n\t<meta property=\"og:image:width\" content=\"1200\" \/>\n\t<meta property=\"og:image:height\" content=\"1200\" \/>\n\t<meta property=\"og:image:type\" content=\"image\/jpeg\" \/>\n<meta name=\"twitter:card\" content=\"summary_large_image\" \/>\n<script type=\"application\/ld+json\" class=\"yoast-schema-graph\">{\"@context\":\"https:\/\/schema.org\",\"@graph\":[{\"@type\":\"WebPage\",\"@id\":\"https:\/\/www.erresse-shop.it\/de\/shop\/kleine-elektrogeraete\/milchaufschaumer\/caso-design-milchaufschaeumer-cappulatte\/\",\"url\":\"https:\/\/www.erresse-shop.it\/de\/shop\/kleine-elektrogeraete\/milchaufschaumer\/caso-design-milchaufschaeumer-cappulatte\/\",\"name\":\"MAGIMIX Juice Expert 3 + Gem\u00fcseschneider Schwarz\",\"isPartOf\":{\"@id\":\"https:\/\/www.erresse-shop.it\/de\/#website\"},\"datePublished\":\"2025-09-08T06:18:47+00:00\",\"dateModified\":\"2025-09-08T06:38:08+00:00\",\"description\":\"Entdecken Sie MAGIMIX Juice Expert 3 + Gem\u00fcseschneider Schwarz bei ErresseShop. Qualit\u00e4t, Stil und Funktionalit\u00e4t \u2013 jetzt online bestellen!\",\"breadcrumb\":{\"@id\":\"https:\/\/www.erresse-shop.it\/de\/shop\/kleine-elektrogeraete\/milchaufschaumer\/caso-design-milchaufschaeumer-cappulatte\/#breadcrumb\"},\"inLanguage\":\"de-DE\",\"potentialAction\":[{\"@type\":\"ReadAction\",\"target\":[\"https:\/\/www.erresse-shop.it\/de\/shop\/kleine-elektrogeraete\/milchaufschaumer\/caso-design-milchaufschaeumer-cappulatte\/\"]}]},{\"@type\":\"BreadcrumbList\",\"@id\":\"https:\/\/www.erresse-shop.it\/de\/shop\/kleine-elektrogeraete\/milchaufschaumer\/caso-design-milchaufschaeumer-cappulatte\/#breadcrumb\",\"itemListElement\":[{\"@type\":\"ListItem\",\"position\":1,\"name\":\"Home\",\"item\":\"https:\/\/www.erresse-shop.it\/de\/\"},{\"@type\":\"ListItem\",\"position\":2,\"name\":\"Shop\",\"item\":\"https:\/\/www.erresse-shop.it\/de\/shop\/\"},{\"@type\":\"ListItem\",\"position\":3,\"name\":\"CASO DESIGN Milchaufsch\u00e4umer CappuLatte\"}]},{\"@type\":\"WebSite\",\"@id\":\"https:\/\/www.erresse-shop.it\/de\/#website\",\"url\":\"https:\/\/www.erresse-shop.it\/de\/\",\"name\":\"Erresse Shop\",\"description\":\"Articoli di qualit\u00e0 per la casa\",\"potentialAction\":[{\"@type\":\"SearchAction\",\"target\":{\"@type\":\"EntryPoint\",\"urlTemplate\":\"https:\/\/www.erresse-shop.it\/de\/?s={search_term_string}\"},\"query-input\":\"required name=search_term_string\"}],\"inLanguage\":\"de-DE\"}]}<\/script>\n<!-- \/ Yoast SEO Premium plugin. -->","yoast_head_json":{"title":"MAGIMIX Juice Expert 3 + Gem\u00fcseschneider Schwarz","description":"Entdecken Sie MAGIMIX Juice Expert 3 + Gem\u00fcseschneider Schwarz bei ErresseShop. Qualit\u00e4t, Stil und Funktionalit\u00e4t \u2013 jetzt online bestellen!","robots":{"index":"index","follow":"follow","max-snippet":"max-snippet:-1","max-image-preview":"max-image-preview:large","max-video-preview":"max-video-preview:-1"},"canonical":"https:\/\/www.erresse-shop.it\/de\/shop\/kleine-elektrogeraete\/milchaufschaumer\/caso-design-milchaufschaeumer-cappulatte\/","og_locale":"de_DE","og_type":"article","og_title":"CASO DESIGN Milchaufsch\u00e4umer CappuLatte","og_description":"Entdecken Sie MAGIMIX Juice Expert 3 + Gem\u00fcseschneider Schwarz bei ErresseShop. Qualit\u00e4t, Stil und Funktionalit\u00e4t \u2013 jetzt online bestellen!","og_url":"https:\/\/www.erresse-shop.it\/de\/shop\/kleine-elektrogeraete\/milchaufschaumer\/caso-design-milchaufschaeumer-cappulatte\/","og_site_name":"Erresse Shop","article_modified_time":"2025-09-08T06:38:08+00:00","og_image":[{"width":1200,"height":1200,"url":"https:\/\/www.erresse-shop.it\/wp-content\/uploads\/2025\/09\/CASO-DESIGN-Montalatte-CappuLatte.jpg","type":"image\/jpeg"}],"twitter_card":"summary_large_image","schema":{"@context":"https:\/\/schema.org","@graph":[{"@type":"WebPage","@id":"https:\/\/www.erresse-shop.it\/de\/shop\/kleine-elektrogeraete\/milchaufschaumer\/caso-design-milchaufschaeumer-cappulatte\/","url":"https:\/\/www.erresse-shop.it\/de\/shop\/kleine-elektrogeraete\/milchaufschaumer\/caso-design-milchaufschaeumer-cappulatte\/","name":"MAGIMIX Juice Expert 3 + Gem\u00fcseschneider Schwarz","isPartOf":{"@id":"https:\/\/www.erresse-shop.it\/de\/#website"},"datePublished":"2025-09-08T06:18:47+00:00","dateModified":"2025-09-08T06:38:08+00:00","description":"Entdecken Sie MAGIMIX Juice Expert 3 + Gem\u00fcseschneider Schwarz bei ErresseShop. Qualit\u00e4t, Stil und Funktionalit\u00e4t \u2013 jetzt online bestellen!","breadcrumb":{"@id":"https:\/\/www.erresse-shop.it\/de\/shop\/kleine-elektrogeraete\/milchaufschaumer\/caso-design-milchaufschaeumer-cappulatte\/#breadcrumb"},"inLanguage":"de-DE","potentialAction":[{"@type":"ReadAction","target":["https:\/\/www.erresse-shop.it\/de\/shop\/kleine-elektrogeraete\/milchaufschaumer\/caso-design-milchaufschaeumer-cappulatte\/"]}]},{"@type":"BreadcrumbList","@id":"https:\/\/www.erresse-shop.it\/de\/shop\/kleine-elektrogeraete\/milchaufschaumer\/caso-design-milchaufschaeumer-cappulatte\/#breadcrumb","itemListElement":[{"@type":"ListItem","position":1,"name":"Home","item":"https:\/\/www.erresse-shop.it\/de\/"},{"@type":"ListItem","position":2,"name":"Shop","item":"https:\/\/www.erresse-shop.it\/de\/shop\/"},{"@type":"ListItem","position":3,"name":"CASO DESIGN Milchaufsch\u00e4umer CappuLatte"}]},{"@type":"WebSite","@id":"https:\/\/www.erresse-shop.it\/de\/#website","url":"https:\/\/www.erresse-shop.it\/de\/","name":"Erresse Shop","description":"Articoli di qualit\u00e0 per la casa","potentialAction":[{"@type":"SearchAction","target":{"@type":"EntryPoint","urlTemplate":"https:\/\/www.erresse-shop.it\/de\/?s={search_term_string}"},"query-input":"required name=search_term_string"}],"inLanguage":"de-DE"}]}},"df_price":69.99,"df_sale_price":69.99,"df_regular_price":69.99,"df_image_link":"https:\/\/www.erresse-shop.it\/wp-content\/uploads\/2025\/09\/CASO-DESIGN-Montalatte-CappuLatte-300x300.jpg","_links":{"self":[{"href":"https:\/\/www.erresse-shop.it\/de\/wp-json\/wp\/v2\/product\/511673"}],"collection":[{"href":"https:\/\/www.erresse-shop.it\/de\/wp-json\/wp\/v2\/product"}],"about":[{"href":"https:\/\/www.erresse-shop.it\/de\/wp-json\/wp\/v2\/types\/product"}],"wp:featuredmedia":[{"embeddable":true,"href":"https:\/\/www.erresse-shop.it\/de\/wp-json\/wp\/v2\/media\/511692"}],"wp:attachment":[{"href":"https:\/\/www.erresse-shop.it\/de\/wp-json\/wp\/v2\/media?parent=511673"}],"wp:term":[{"taxonomy":"product_cat","embeddable":true,"href":"https:\/\/www.erresse-shop.it\/de\/wp-json\/wp\/v2\/product_cat?post=511673"},{"taxonomy":"product_tag","embeddable":true,"href":"https:\/\/www.erresse-shop.it\/de\/wp-json\/wp\/v2\/product_tag?post=511673"}],"curies":[{"name":"wp","href":"https:\/\/api.w.org\/{rel}","templated":true}]}}