{"id":511650,"date":"2025-09-08T06:00:04","date_gmt":"2025-09-08T06:00:04","guid":{"rendered":"https:\/\/www.erresse-shop.it\/?post_type=product&#038;p=511650"},"modified":"2025-09-08T06:15:48","modified_gmt":"2025-09-08T06:15:48","slug":"caso-design-milchaufschaeumer-crema-choco-black","status":"publish","type":"product","link":"https:\/\/www.erresse-shop.it\/de\/shop\/kleine-elektrogeraete\/milchaufschaumer\/caso-design-milchaufschaeumer-crema-choco-black\/","title":{"rendered":"CASO DESIGN Milchaufsch\u00e4umer Crema &#038; Choco Black"},"content":{"rendered":"<h4>Kaffee und hei\u00dfe Schokolade wie ein Profi \u2013 mit CASO Crema &#038; Choco Black<\/h4>\n<p>Verf\u00fchrerischer Milchschaum, der jedes Getr\u00e4nk zu einem einzigartigen Erlebnis macht: Das bietet die CASO Crema &#038; Choco Black.<\/p>\n<p>Dieser Designer-Milchaufsch\u00e4umer vereint elegantes Design mit modernster Technologie f\u00fcr die m\u00fchelose Zubereitung von hei\u00dfen und kalten Milchgetr\u00e4nken.<\/p>\n<p>Ob Cappuccino, Latte Macchiato, hei\u00dfe Schokolade oder Eiskaffee \u2013 dieser Milchaufsch\u00e4umer liefert in wenigen Minuten perfekt schaumige und cremige Ergebnisse. Genie\u00dfen Sie Ihre Lieblingsgetr\u00e4nke in Coffeeshop-Qualit\u00e4t, wann immer Sie wollen.<\/p>\n<h4>Vielseitigkeit f\u00fcr verschiedene Milchsorten<\/h4>\n<p>Dank pr\u00e4ziser Temperaturregelung und Spezialfunktionen eignet sich die Crema &#038; Choco Black nicht nur f\u00fcr herk\u00f6mmliche Kuhmilch, sondern auch f\u00fcr pflanzliche Alternativen.<\/p>\n<p>Genie\u00dfen Sie den gleichen k\u00f6stlichen Milchschaum mit Hafer-, Mandel- oder Sojamilch. Dieser Milchaufsch\u00e4umer ist vielseitig genug, um die Anforderungen pflanzlicher Milch zu erf\u00fcllen, ohne Kompromisse bei der Schaumqualit\u00e4t einzugehen.<\/p>\n<p>Die Zubereitung hei\u00dfer Milchgetr\u00e4nke wie Caff\u00e8 Macchiato oder hei\u00dfer Schokolade ist ebenso einfach. Lassen Sie Ihrer Kreativit\u00e4t freien Lauf und kreieren Sie k\u00f6stliche Getr\u00e4nke, die Ihren Tag versch\u00f6nern.<\/p>\n<h4>Benutzerfreundlichkeit und elegantes Design<\/h4>\n<p>Die intuitive One-Touch-Bedienung und das LED-Display machen die Verwendung des CASO Crema &#038; Choco Black so einfach wie nie.<\/p>\n<p>Mit nur einem Klick w\u00e4hlen Sie die gew\u00fcnschte Funktion: Ob hei\u00dfer Milchschaum oder hei\u00dfe Milch, die integrierten Magneteins\u00e4tze des Ger\u00e4ts erledigen zuverl\u00e4ssig den Rest.<\/p>\n<p>Das elegante schwarze Design und die hochwertige Edelstahlfront verleihen dem Ger\u00e4t einen modernen Look, der perfekt in jede K\u00fcche passt. Der um 360\u00b0 drehbare Sockel sorgt f\u00fcr eine bequeme und flexible Nutzung.<\/p>\n<h4>Funktionalit\u00e4t und Leichtigkeit<\/h4>\n<p>CASO Crema &#038; Choco Black ist nicht nur leistungsstark, sondern auch praktisch. Mit einem Fassungsverm\u00f6gen von bis zu 250 ml Milchschaum und 350 ml hei\u00dfer Milch ist sie perfekt f\u00fcr den t\u00e4glichen Gebrauch, auch wenn es mal schnell gehen muss.<\/p>\n<p>Der Edelstahlbeh\u00e4lter mit w\u00e4rmeisoliertem Griff sorgt jederzeit f\u00fcr eine sichere Handhabung.<\/p>\n<p>Nach Gebrauch lassen sich die magnetischen Eins\u00e4tze, der Edelstahlbeh\u00e4lter und der Deckel problemlos in der Sp\u00fclmaschine reinigen, sodass Sie Ihre Getr\u00e4nke l\u00e4nger genie\u00dfen k\u00f6nnen.<\/p>\n<h4>Perfekte Ergebnisse f\u00fcr maximalen Kaffeegenuss<\/h4>\n<p>Ob perfekter Cappuccino, cremiger Frapp\u00e9 oder Ihre Lieblings-Hei\u00dfe Schokolade \u2013 Crema &#038; Choco Black liefert immer hervorragende Ergebnisse.<\/p>\n<p>Die automatische Abschaltung sch\u00fctzt Sie vor \u00dcberhitzung: ein zus\u00e4tzliches Sicherheitsmerkmal, das den t\u00e4glichen Gebrauch noch angenehmer macht.<\/p>\n<p>Genie\u00dfen Sie perfekten Milchschaum und hei\u00dfe Milch auf Knopfdruck, wann immer Sie wollen.<\/p>\n<p><strong>Abmessungen:<\/strong>12,5 x 16,5 x 22<br \/>\n<strong>Fassungsverm\u00f6gen:<\/strong> 350 ml<br \/>\n<strong>Gewicht:<\/strong>0,9 kg<br \/>\n<strong>Leistung (Watt):<\/strong>500<br \/>\n<strong>Spannung:<\/strong>220\u2013240 V~, 50\u201360 Hz<\/p>\n","protected":false},"excerpt":{"rendered":"<p>Kaffee und hei\u00dfe Schokolade wie ein Profi \u2013 mit CASO Crema &#038; Choco Black Verf\u00fchrerischer Milchschaum, der jedes Getr\u00e4nk zu<\/p>\n","protected":false},"featured_media":511669,"template":"","meta":{"_acf_changed":false,"inline_featured_image":false},"product_cat":[6703,20619],"product_tag":[11415,20627],"acf":[],"yoast_head":"<!-- This site is optimized with the Yoast SEO Premium plugin v18.6 (Yoast SEO v19.13) - https:\/\/yoast.com\/wordpress\/plugins\/seo\/ -->\n<title>MAGIMIX Juice Expert 3 + Gem\u00fcseschneider Schwarz<\/title>\n<meta name=\"description\" content=\"Entdecken Sie MAGIMIX Juice Expert 3 + Gem\u00fcseschneider Schwarz bei ErresseShop. Qualit\u00e4t, Stil und Funktionalit\u00e4t \u2013 jetzt online bestellen!\" \/>\n<meta name=\"robots\" content=\"index, follow, max-snippet:-1, max-image-preview:large, max-video-preview:-1\" \/>\n<link rel=\"canonical\" href=\"https:\/\/www.erresse-shop.it\/de\/shop\/kleine-elektrogeraete\/milchaufschaumer\/caso-design-milchaufschaeumer-crema-choco-black\/\" \/>\n<meta property=\"og:locale\" content=\"de_DE\" \/>\n<meta property=\"og:type\" content=\"article\" \/>\n<meta property=\"og:title\" content=\"CASO DESIGN Milchaufsch\u00e4umer Crema &amp; Choco Black\" \/>\n<meta property=\"og:description\" content=\"Entdecken Sie MAGIMIX Juice Expert 3 + Gem\u00fcseschneider Schwarz bei ErresseShop. Qualit\u00e4t, Stil und Funktionalit\u00e4t \u2013 jetzt online bestellen!\" \/>\n<meta property=\"og:url\" content=\"https:\/\/www.erresse-shop.it\/de\/shop\/kleine-elektrogeraete\/milchaufschaumer\/caso-design-milchaufschaeumer-crema-choco-black\/\" \/>\n<meta property=\"og:site_name\" content=\"Erresse Shop\" \/>\n<meta property=\"article:modified_time\" content=\"2025-09-08T06:15:48+00:00\" \/>\n<meta property=\"og:image\" content=\"https:\/\/www.erresse-shop.it\/wp-content\/uploads\/2025\/09\/CASO-DESIGN-Montalatte-Crema-e-Choco-Black.jpg\" \/>\n\t<meta property=\"og:image:width\" content=\"1200\" \/>\n\t<meta property=\"og:image:height\" content=\"1200\" \/>\n\t<meta property=\"og:image:type\" content=\"image\/jpeg\" \/>\n<meta name=\"twitter:card\" content=\"summary_large_image\" \/>\n<script type=\"application\/ld+json\" class=\"yoast-schema-graph\">{\"@context\":\"https:\/\/schema.org\",\"@graph\":[{\"@type\":\"WebPage\",\"@id\":\"https:\/\/www.erresse-shop.it\/de\/shop\/kleine-elektrogeraete\/milchaufschaumer\/caso-design-milchaufschaeumer-crema-choco-black\/\",\"url\":\"https:\/\/www.erresse-shop.it\/de\/shop\/kleine-elektrogeraete\/milchaufschaumer\/caso-design-milchaufschaeumer-crema-choco-black\/\",\"name\":\"MAGIMIX Juice Expert 3 + Gem\u00fcseschneider Schwarz\",\"isPartOf\":{\"@id\":\"https:\/\/www.erresse-shop.it\/de\/#website\"},\"datePublished\":\"2025-09-08T06:00:04+00:00\",\"dateModified\":\"2025-09-08T06:15:48+00:00\",\"description\":\"Entdecken Sie MAGIMIX Juice Expert 3 + Gem\u00fcseschneider Schwarz bei ErresseShop. Qualit\u00e4t, Stil und Funktionalit\u00e4t \u2013 jetzt online bestellen!\",\"breadcrumb\":{\"@id\":\"https:\/\/www.erresse-shop.it\/de\/shop\/kleine-elektrogeraete\/milchaufschaumer\/caso-design-milchaufschaeumer-crema-choco-black\/#breadcrumb\"},\"inLanguage\":\"de-DE\",\"potentialAction\":[{\"@type\":\"ReadAction\",\"target\":[\"https:\/\/www.erresse-shop.it\/de\/shop\/kleine-elektrogeraete\/milchaufschaumer\/caso-design-milchaufschaeumer-crema-choco-black\/\"]}]},{\"@type\":\"BreadcrumbList\",\"@id\":\"https:\/\/www.erresse-shop.it\/de\/shop\/kleine-elektrogeraete\/milchaufschaumer\/caso-design-milchaufschaeumer-crema-choco-black\/#breadcrumb\",\"itemListElement\":[{\"@type\":\"ListItem\",\"position\":1,\"name\":\"Home\",\"item\":\"https:\/\/www.erresse-shop.it\/de\/\"},{\"@type\":\"ListItem\",\"position\":2,\"name\":\"Shop\",\"item\":\"https:\/\/www.erresse-shop.it\/de\/shop\/\"},{\"@type\":\"ListItem\",\"position\":3,\"name\":\"CASO DESIGN Milchaufsch\u00e4umer Crema &#038; Choco Black\"}]},{\"@type\":\"WebSite\",\"@id\":\"https:\/\/www.erresse-shop.it\/de\/#website\",\"url\":\"https:\/\/www.erresse-shop.it\/de\/\",\"name\":\"Erresse Shop\",\"description\":\"Articoli di qualit\u00e0 per la casa\",\"potentialAction\":[{\"@type\":\"SearchAction\",\"target\":{\"@type\":\"EntryPoint\",\"urlTemplate\":\"https:\/\/www.erresse-shop.it\/de\/?s={search_term_string}\"},\"query-input\":\"required name=search_term_string\"}],\"inLanguage\":\"de-DE\"}]}<\/script>\n<!-- \/ Yoast SEO Premium plugin. -->","yoast_head_json":{"title":"MAGIMIX Juice Expert 3 + Gem\u00fcseschneider Schwarz","description":"Entdecken Sie MAGIMIX Juice Expert 3 + Gem\u00fcseschneider Schwarz bei ErresseShop. Qualit\u00e4t, Stil und Funktionalit\u00e4t \u2013 jetzt online bestellen!","robots":{"index":"index","follow":"follow","max-snippet":"max-snippet:-1","max-image-preview":"max-image-preview:large","max-video-preview":"max-video-preview:-1"},"canonical":"https:\/\/www.erresse-shop.it\/de\/shop\/kleine-elektrogeraete\/milchaufschaumer\/caso-design-milchaufschaeumer-crema-choco-black\/","og_locale":"de_DE","og_type":"article","og_title":"CASO DESIGN Milchaufsch\u00e4umer Crema & Choco Black","og_description":"Entdecken Sie MAGIMIX Juice Expert 3 + Gem\u00fcseschneider Schwarz bei ErresseShop. Qualit\u00e4t, Stil und Funktionalit\u00e4t \u2013 jetzt online bestellen!","og_url":"https:\/\/www.erresse-shop.it\/de\/shop\/kleine-elektrogeraete\/milchaufschaumer\/caso-design-milchaufschaeumer-crema-choco-black\/","og_site_name":"Erresse Shop","article_modified_time":"2025-09-08T06:15:48+00:00","og_image":[{"width":1200,"height":1200,"url":"https:\/\/www.erresse-shop.it\/wp-content\/uploads\/2025\/09\/CASO-DESIGN-Montalatte-Crema-e-Choco-Black.jpg","type":"image\/jpeg"}],"twitter_card":"summary_large_image","schema":{"@context":"https:\/\/schema.org","@graph":[{"@type":"WebPage","@id":"https:\/\/www.erresse-shop.it\/de\/shop\/kleine-elektrogeraete\/milchaufschaumer\/caso-design-milchaufschaeumer-crema-choco-black\/","url":"https:\/\/www.erresse-shop.it\/de\/shop\/kleine-elektrogeraete\/milchaufschaumer\/caso-design-milchaufschaeumer-crema-choco-black\/","name":"MAGIMIX Juice Expert 3 + Gem\u00fcseschneider Schwarz","isPartOf":{"@id":"https:\/\/www.erresse-shop.it\/de\/#website"},"datePublished":"2025-09-08T06:00:04+00:00","dateModified":"2025-09-08T06:15:48+00:00","description":"Entdecken Sie MAGIMIX Juice Expert 3 + Gem\u00fcseschneider Schwarz bei ErresseShop. Qualit\u00e4t, Stil und Funktionalit\u00e4t \u2013 jetzt online bestellen!","breadcrumb":{"@id":"https:\/\/www.erresse-shop.it\/de\/shop\/kleine-elektrogeraete\/milchaufschaumer\/caso-design-milchaufschaeumer-crema-choco-black\/#breadcrumb"},"inLanguage":"de-DE","potentialAction":[{"@type":"ReadAction","target":["https:\/\/www.erresse-shop.it\/de\/shop\/kleine-elektrogeraete\/milchaufschaumer\/caso-design-milchaufschaeumer-crema-choco-black\/"]}]},{"@type":"BreadcrumbList","@id":"https:\/\/www.erresse-shop.it\/de\/shop\/kleine-elektrogeraete\/milchaufschaumer\/caso-design-milchaufschaeumer-crema-choco-black\/#breadcrumb","itemListElement":[{"@type":"ListItem","position":1,"name":"Home","item":"https:\/\/www.erresse-shop.it\/de\/"},{"@type":"ListItem","position":2,"name":"Shop","item":"https:\/\/www.erresse-shop.it\/de\/shop\/"},{"@type":"ListItem","position":3,"name":"CASO DESIGN Milchaufsch\u00e4umer Crema &#038; Choco Black"}]},{"@type":"WebSite","@id":"https:\/\/www.erresse-shop.it\/de\/#website","url":"https:\/\/www.erresse-shop.it\/de\/","name":"Erresse Shop","description":"Articoli di qualit\u00e0 per la casa","potentialAction":[{"@type":"SearchAction","target":{"@type":"EntryPoint","urlTemplate":"https:\/\/www.erresse-shop.it\/de\/?s={search_term_string}"},"query-input":"required name=search_term_string"}],"inLanguage":"de-DE"}]}},"df_price":69.99,"df_sale_price":69.99,"df_regular_price":69.99,"df_image_link":"https:\/\/www.erresse-shop.it\/wp-content\/uploads\/2025\/09\/CASO-DESIGN-Montalatte-Crema-e-Choco-Black-300x300.jpg","_links":{"self":[{"href":"https:\/\/www.erresse-shop.it\/de\/wp-json\/wp\/v2\/product\/511650"}],"collection":[{"href":"https:\/\/www.erresse-shop.it\/de\/wp-json\/wp\/v2\/product"}],"about":[{"href":"https:\/\/www.erresse-shop.it\/de\/wp-json\/wp\/v2\/types\/product"}],"wp:featuredmedia":[{"embeddable":true,"href":"https:\/\/www.erresse-shop.it\/de\/wp-json\/wp\/v2\/media\/511669"}],"wp:attachment":[{"href":"https:\/\/www.erresse-shop.it\/de\/wp-json\/wp\/v2\/media?parent=511650"}],"wp:term":[{"taxonomy":"product_cat","embeddable":true,"href":"https:\/\/www.erresse-shop.it\/de\/wp-json\/wp\/v2\/product_cat?post=511650"},{"taxonomy":"product_tag","embeddable":true,"href":"https:\/\/www.erresse-shop.it\/de\/wp-json\/wp\/v2\/product_tag?post=511650"}],"curies":[{"name":"wp","href":"https:\/\/api.w.org\/{rel}","templated":true}]}}