{"id":511566,"date":"2025-09-05T12:22:30","date_gmt":"2025-09-05T12:22:30","guid":{"rendered":"https:\/\/www.erresse-shop.it\/?post_type=product&#038;p=511566"},"modified":"2025-09-05T12:35:13","modified_gmt":"2025-09-05T12:35:13","slug":"caso-design-allesschneider-multislicer","status":"publish","type":"product","link":"https:\/\/www.erresse-shop.it\/de\/shop\/kleine-elektrogeraete\/aufschnittmaschinen\/caso-design-allesschneider-multislicer\/","title":{"rendered":"CASO DESIGN Allesschneider MultiSlicer"},"content":{"rendered":"<h4>Schneiden, Raspeln, Raspeln: Der vielseitige CASO MultiSlicer<\/h4>\n<p>Bringen Sie neuen Schwung in Ihren K\u00fcchenalltag mit dem CASO MultiSlicer. Diese elektrische 5-in-1-Reibe vereint Komfort, Effizienz und Vielseitigkeit in einem kompakten Ger\u00e4t.<\/p>\n<p>Ob Obst, Gem\u00fcse, K\u00e4se, N\u00fcsse oder Schokolade \u2013 der MultiSlicer schneidet, raspelt und zerkleinert Ihre Zutaten m\u00fchelos und macht die Zubereitung k\u00f6stlicher Gerichte zum Kinderspiel.<\/p>\n<h4>Perfekte Ergebnisse dank innovativer Technologie<\/h4>\n<p>Mit seinen f\u00fcnf austauschbaren Aufs\u00e4tzen bietet der CASO MultiSlicer maximale Flexibilit\u00e4t. Ob d\u00fcnne Scheiben, grobe oder feine Julienne-Streifen, Raspeln oder Crimpen f\u00fcr kreative Gerichte \u2013 f\u00fcr jede Aufgabe finden Sie das passende Werkzeug.<\/p>\n<p>Dadurch eignet er sich ideal f\u00fcr die Zubereitung von Beilagen wie Kartoffelpuffern, knusprigen Pommes, geriebenem K\u00e4se oder frischen Salaten.<\/p>\n<h4>Sicher, schnell und einfach zu bedienen<\/h4>\n<p>Die gro\u00dfen und kleinen Einf\u00fcll\u00f6ffnungen erm\u00f6glichen die m\u00fchelose Verarbeitung von Zutaten wie ganzen Kartoffeln oder Zucchini.<\/p>\n<p>F\u00fcr maximale Sicherheit stoppt die Sicherheitsstoppfunktion das Ger\u00e4t sofort, wenn der gro\u00dfe Stopfer entfernt wird.<\/p>\n<p>Der leistungsstarke 80-Watt-Motor sorgt f\u00fcr schnelle, gleichm\u00e4\u00dfige Ergebnisse, w\u00e4hrend die One-Touch-Bedienung die Handhabung besonders einfach macht.<\/p>\n<h4>Leicht zu reinigen und platzsparend<\/h4>\n<p>Der CASO MultiSlicer ist so konzipiert, dass er sich nahtlos in Ihren Alltag integriert.<\/p>\n<p>Das abnehmbare Zubeh\u00f6r ist sp\u00fclmaschinenfest, was die Reinigung nach der Zubereitung besonders einfach macht.<\/p>\n<p>Dank seines kompakten Designs passt der MultiSlicer problemlos auch in kleinste K\u00fcchen.<\/p>\n<p><strong>Abmessungen:<\/strong>15,3 x 14 x 32,8 cm<br \/>\n<strong>Gewicht:<\/strong>1,81 kg<\/p>\n","protected":false},"excerpt":{"rendered":"<p>Schneiden, Raspeln, Raspeln: Der vielseitige CASO MultiSlicer Bringen Sie neuen Schwung in Ihren K\u00fcchenalltag mit dem CASO MultiSlicer. Diese elektrische<\/p>\n","protected":false},"featured_media":511591,"template":"","meta":{"_acf_changed":false,"inline_featured_image":false},"product_cat":[6703,17346],"product_tag":[21842,21845,11415,17355],"acf":[],"yoast_head":"<!-- This site is optimized with the Yoast SEO Premium plugin v18.6 (Yoast SEO v19.13) - https:\/\/yoast.com\/wordpress\/plugins\/seo\/ -->\n<title>MAGIMIX Juice Expert 3 + Gem\u00fcseschneider Schwarz<\/title>\n<meta name=\"description\" content=\"Entdecken Sie MAGIMIX Juice Expert 3 + Gem\u00fcseschneider Schwarz bei ErresseShop. Qualit\u00e4t, Stil und Funktionalit\u00e4t \u2013 jetzt online bestellen!\" \/>\n<meta name=\"robots\" content=\"index, follow, max-snippet:-1, max-image-preview:large, max-video-preview:-1\" \/>\n<link rel=\"canonical\" href=\"https:\/\/www.erresse-shop.it\/de\/shop\/kleine-elektrogeraete\/aufschnittmaschinen\/caso-design-allesschneider-multislicer\/\" \/>\n<meta property=\"og:locale\" content=\"de_DE\" \/>\n<meta property=\"og:type\" content=\"article\" \/>\n<meta property=\"og:title\" content=\"CASO DESIGN Allesschneider MultiSlicer\" \/>\n<meta property=\"og:description\" content=\"Entdecken Sie MAGIMIX Juice Expert 3 + Gem\u00fcseschneider Schwarz bei ErresseShop. Qualit\u00e4t, Stil und Funktionalit\u00e4t \u2013 jetzt online bestellen!\" \/>\n<meta property=\"og:url\" content=\"https:\/\/www.erresse-shop.it\/de\/shop\/kleine-elektrogeraete\/aufschnittmaschinen\/caso-design-allesschneider-multislicer\/\" \/>\n<meta property=\"og:site_name\" content=\"Erresse Shop\" \/>\n<meta property=\"article:modified_time\" content=\"2025-09-05T12:35:13+00:00\" \/>\n<meta property=\"og:image\" content=\"https:\/\/www.erresse-shop.it\/wp-content\/uploads\/2025\/09\/CASO-DESIGN-Affettatrice-MultiSlicer.jpg\" \/>\n\t<meta property=\"og:image:width\" content=\"1200\" \/>\n\t<meta property=\"og:image:height\" content=\"1200\" \/>\n\t<meta property=\"og:image:type\" content=\"image\/jpeg\" \/>\n<meta name=\"twitter:card\" content=\"summary_large_image\" \/>\n<script type=\"application\/ld+json\" class=\"yoast-schema-graph\">{\"@context\":\"https:\/\/schema.org\",\"@graph\":[{\"@type\":\"WebPage\",\"@id\":\"https:\/\/www.erresse-shop.it\/de\/shop\/kleine-elektrogeraete\/aufschnittmaschinen\/caso-design-allesschneider-multislicer\/\",\"url\":\"https:\/\/www.erresse-shop.it\/de\/shop\/kleine-elektrogeraete\/aufschnittmaschinen\/caso-design-allesschneider-multislicer\/\",\"name\":\"MAGIMIX Juice Expert 3 + Gem\u00fcseschneider Schwarz\",\"isPartOf\":{\"@id\":\"https:\/\/www.erresse-shop.it\/de\/#website\"},\"datePublished\":\"2025-09-05T12:22:30+00:00\",\"dateModified\":\"2025-09-05T12:35:13+00:00\",\"description\":\"Entdecken Sie MAGIMIX Juice Expert 3 + Gem\u00fcseschneider Schwarz bei ErresseShop. Qualit\u00e4t, Stil und Funktionalit\u00e4t \u2013 jetzt online bestellen!\",\"breadcrumb\":{\"@id\":\"https:\/\/www.erresse-shop.it\/de\/shop\/kleine-elektrogeraete\/aufschnittmaschinen\/caso-design-allesschneider-multislicer\/#breadcrumb\"},\"inLanguage\":\"de-DE\",\"potentialAction\":[{\"@type\":\"ReadAction\",\"target\":[\"https:\/\/www.erresse-shop.it\/de\/shop\/kleine-elektrogeraete\/aufschnittmaschinen\/caso-design-allesschneider-multislicer\/\"]}]},{\"@type\":\"BreadcrumbList\",\"@id\":\"https:\/\/www.erresse-shop.it\/de\/shop\/kleine-elektrogeraete\/aufschnittmaschinen\/caso-design-allesschneider-multislicer\/#breadcrumb\",\"itemListElement\":[{\"@type\":\"ListItem\",\"position\":1,\"name\":\"Home\",\"item\":\"https:\/\/www.erresse-shop.it\/de\/\"},{\"@type\":\"ListItem\",\"position\":2,\"name\":\"Shop\",\"item\":\"https:\/\/www.erresse-shop.it\/de\/shop\/\"},{\"@type\":\"ListItem\",\"position\":3,\"name\":\"CASO DESIGN Allesschneider MultiSlicer\"}]},{\"@type\":\"WebSite\",\"@id\":\"https:\/\/www.erresse-shop.it\/de\/#website\",\"url\":\"https:\/\/www.erresse-shop.it\/de\/\",\"name\":\"Erresse Shop\",\"description\":\"Articoli di qualit\u00e0 per la casa\",\"potentialAction\":[{\"@type\":\"SearchAction\",\"target\":{\"@type\":\"EntryPoint\",\"urlTemplate\":\"https:\/\/www.erresse-shop.it\/de\/?s={search_term_string}\"},\"query-input\":\"required name=search_term_string\"}],\"inLanguage\":\"de-DE\"}]}<\/script>\n<!-- \/ Yoast SEO Premium plugin. -->","yoast_head_json":{"title":"MAGIMIX Juice Expert 3 + Gem\u00fcseschneider Schwarz","description":"Entdecken Sie MAGIMIX Juice Expert 3 + Gem\u00fcseschneider Schwarz bei ErresseShop. Qualit\u00e4t, Stil und Funktionalit\u00e4t \u2013 jetzt online bestellen!","robots":{"index":"index","follow":"follow","max-snippet":"max-snippet:-1","max-image-preview":"max-image-preview:large","max-video-preview":"max-video-preview:-1"},"canonical":"https:\/\/www.erresse-shop.it\/de\/shop\/kleine-elektrogeraete\/aufschnittmaschinen\/caso-design-allesschneider-multislicer\/","og_locale":"de_DE","og_type":"article","og_title":"CASO DESIGN Allesschneider MultiSlicer","og_description":"Entdecken Sie MAGIMIX Juice Expert 3 + Gem\u00fcseschneider Schwarz bei ErresseShop. Qualit\u00e4t, Stil und Funktionalit\u00e4t \u2013 jetzt online bestellen!","og_url":"https:\/\/www.erresse-shop.it\/de\/shop\/kleine-elektrogeraete\/aufschnittmaschinen\/caso-design-allesschneider-multislicer\/","og_site_name":"Erresse Shop","article_modified_time":"2025-09-05T12:35:13+00:00","og_image":[{"width":1200,"height":1200,"url":"https:\/\/www.erresse-shop.it\/wp-content\/uploads\/2025\/09\/CASO-DESIGN-Affettatrice-MultiSlicer.jpg","type":"image\/jpeg"}],"twitter_card":"summary_large_image","schema":{"@context":"https:\/\/schema.org","@graph":[{"@type":"WebPage","@id":"https:\/\/www.erresse-shop.it\/de\/shop\/kleine-elektrogeraete\/aufschnittmaschinen\/caso-design-allesschneider-multislicer\/","url":"https:\/\/www.erresse-shop.it\/de\/shop\/kleine-elektrogeraete\/aufschnittmaschinen\/caso-design-allesschneider-multislicer\/","name":"MAGIMIX Juice Expert 3 + Gem\u00fcseschneider Schwarz","isPartOf":{"@id":"https:\/\/www.erresse-shop.it\/de\/#website"},"datePublished":"2025-09-05T12:22:30+00:00","dateModified":"2025-09-05T12:35:13+00:00","description":"Entdecken Sie MAGIMIX Juice Expert 3 + Gem\u00fcseschneider Schwarz bei ErresseShop. Qualit\u00e4t, Stil und Funktionalit\u00e4t \u2013 jetzt online bestellen!","breadcrumb":{"@id":"https:\/\/www.erresse-shop.it\/de\/shop\/kleine-elektrogeraete\/aufschnittmaschinen\/caso-design-allesschneider-multislicer\/#breadcrumb"},"inLanguage":"de-DE","potentialAction":[{"@type":"ReadAction","target":["https:\/\/www.erresse-shop.it\/de\/shop\/kleine-elektrogeraete\/aufschnittmaschinen\/caso-design-allesschneider-multislicer\/"]}]},{"@type":"BreadcrumbList","@id":"https:\/\/www.erresse-shop.it\/de\/shop\/kleine-elektrogeraete\/aufschnittmaschinen\/caso-design-allesschneider-multislicer\/#breadcrumb","itemListElement":[{"@type":"ListItem","position":1,"name":"Home","item":"https:\/\/www.erresse-shop.it\/de\/"},{"@type":"ListItem","position":2,"name":"Shop","item":"https:\/\/www.erresse-shop.it\/de\/shop\/"},{"@type":"ListItem","position":3,"name":"CASO DESIGN Allesschneider MultiSlicer"}]},{"@type":"WebSite","@id":"https:\/\/www.erresse-shop.it\/de\/#website","url":"https:\/\/www.erresse-shop.it\/de\/","name":"Erresse Shop","description":"Articoli di qualit\u00e0 per la casa","potentialAction":[{"@type":"SearchAction","target":{"@type":"EntryPoint","urlTemplate":"https:\/\/www.erresse-shop.it\/de\/?s={search_term_string}"},"query-input":"required name=search_term_string"}],"inLanguage":"de-DE"}]}},"df_price":69.99,"df_sale_price":69.99,"df_regular_price":69.99,"df_image_link":"https:\/\/www.erresse-shop.it\/wp-content\/uploads\/2025\/09\/CASO-DESIGN-Affettatrice-MultiSlicer-300x300.jpg","_links":{"self":[{"href":"https:\/\/www.erresse-shop.it\/de\/wp-json\/wp\/v2\/product\/511566"}],"collection":[{"href":"https:\/\/www.erresse-shop.it\/de\/wp-json\/wp\/v2\/product"}],"about":[{"href":"https:\/\/www.erresse-shop.it\/de\/wp-json\/wp\/v2\/types\/product"}],"wp:featuredmedia":[{"embeddable":true,"href":"https:\/\/www.erresse-shop.it\/de\/wp-json\/wp\/v2\/media\/511591"}],"wp:attachment":[{"href":"https:\/\/www.erresse-shop.it\/de\/wp-json\/wp\/v2\/media?parent=511566"}],"wp:term":[{"taxonomy":"product_cat","embeddable":true,"href":"https:\/\/www.erresse-shop.it\/de\/wp-json\/wp\/v2\/product_cat?post=511566"},{"taxonomy":"product_tag","embeddable":true,"href":"https:\/\/www.erresse-shop.it\/de\/wp-json\/wp\/v2\/product_tag?post=511566"}],"curies":[{"name":"wp","href":"https:\/\/api.w.org\/{rel}","templated":true}]}}