{"id":511549,"date":"2025-09-05T12:06:14","date_gmt":"2025-09-05T12:06:14","guid":{"rendered":"https:\/\/www.erresse-shop.it\/?post_type=product&#038;p=511549"},"modified":"2025-09-05T12:17:43","modified_gmt":"2025-09-05T12:17:43","slug":"caso-design-kaffeemaschine-espressogourmet-latte","status":"publish","type":"product","link":"https:\/\/www.erresse-shop.it\/de\/shop\/kleine-elektrogeraete\/kaffeemaschinen-espresso\/automatisch\/caso-design-kaffeemaschine-espressogourmet-latte\/","title":{"rendered":"CASO DESIGN Kaffeemaschine EspressoGourmet Latte"},"content":{"rendered":"<h4>Voller Kaffee und cremiger Milchschaum: CASO EspressoGourmet Latte<\/h4>\n<p>Mit der CASO Design EspressoGourmet Latte Siebtr\u00e4germaschine holen Sie sich feinsten Kaffeegenuss direkt nach Hause.<\/p>\n<p>Diese hochwertige Siebtr\u00e4germaschine aus Edelstahl vereint elegantes Design mit modernster Technologie und erm\u00f6glicht Ihnen einen vollmundigen Espresso, einen cremigen Cappuccino, einen k\u00f6stlichen Latte Macchiato und viele weitere Espressospezialit\u00e4ten.<\/p>\n<h4>One-Touch-Milchaufsch\u00e4umsystem f\u00fcr cremigen Genuss<\/h4>\n<p>Dank der leistungsstarken 20-bar-ULKA-Pumpe und dem hochwertigen Zweikreis-Thermoblock-System mit Vorbr\u00fchfunktion zaubern Sie Kaffeespezialit\u00e4ten mit perfekter Crema und vollem Aroma.<\/p>\n<p>Das One-Touch-Milchaufsch\u00e4umsystem liefert cremigen Milchschaum auf Knopfdruck \u2013 ideal f\u00fcr Latte Macchiato und andere Milchsorten, egal ob Sie normale Milch oder Milchalternativen verwenden.<\/p>\n<h4>Individuelle Kaffeeausgabe und Tassenw\u00e4rmer<\/h4>\n<p>Dank der Multifunktionstasten k\u00f6nnen Sie Ihre Kaffeeausgabe individuell anpassen und auch gr\u00f6\u00dfere Gl\u00e4ser bis zu einer H\u00f6he von 13,5 cm bedienen.<\/p>\n<p>Der integrierte Tassenw\u00e4rmer h\u00e4lt Tassen warm und sorgt daf\u00fcr, dass der Kaffee immer die perfekte Temperatur hat. Das \u00fcbersichtliche LCD-Display und die praktischen Reinigungs- und Entkalkungsfunktionen machen die Maschine besonders einfach zu bedienen und zu pflegen.<\/p>\n<h4>Umfangreiches Zubeh\u00f6r f\u00fcr vielseitige Kaffeezubereitung<\/h4>\n<p>Der abnehmbare, transparente 1,3-Liter-Wassertank und der 700-ml-Milchbeh\u00e4lter bieten ausreichend Vorrat f\u00fcr mehrere Tassen, ohne dass Sie h\u00e4ufig nachf\u00fcllen m\u00fcssen.<\/p>\n<p>Im Lieferumfang enthalten sind ein Edelstahll\u00f6ffel, ein schwerer Metallstampfer mit Holzgriff, zwei doppelwandige und zwei einwandige Edelstahlfilter f\u00fcr 1 und 2 Tassen sowie ein ESE-Padfilter und ein Edelstahl-Filterhalter.<\/p>\n<p>Mit der EspressoGourmet Latte entscheiden Sie sich nicht nur f\u00fcr eine Siebtr\u00e4germaschine, sondern f\u00fcr ein komplettes Kaffeeerlebnis. \u00dcberzeugen Sie sich von der Qualit\u00e4t und Funktionalit\u00e4t dieser Maschine und genie\u00dfen Sie t\u00e4glich Ihren Lieblingskaffee wie ein Barista.<\/p>\n<p><strong>Abmessungen: <\/strong>44 x 22 x 30,5 cm<br \/>\n<strong>Gewicht: <\/strong>3,67 kg<br \/>\n<strong>Leistung (Watt): <\/strong>1350<br \/>\n<strong>Spannung: <\/strong>220\u2013240 V~, 50\u201360 Hz<\/p>\n","protected":false},"excerpt":{"rendered":"<p>Voller Kaffee und cremiger Milchschaum: CASO EspressoGourmet Latte Mit der CASO Design EspressoGourmet Latte Siebtr\u00e4germaschine holen Sie sich feinsten Kaffeegenuss<\/p>\n","protected":false},"featured_media":511562,"template":"","meta":{"_acf_changed":false,"inline_featured_image":false},"product_cat":[6733,6703,25361],"product_tag":[11638,11415,23231,11619],"acf":[],"yoast_head":"<!-- This site is optimized with the Yoast SEO Premium plugin v18.6 (Yoast SEO v19.13) - https:\/\/yoast.com\/wordpress\/plugins\/seo\/ -->\n<title>MAGIMIX Juice Expert 3 + Gem\u00fcseschneider Schwarz<\/title>\n<meta name=\"description\" content=\"Entdecken Sie MAGIMIX Juice Expert 3 + Gem\u00fcseschneider Schwarz bei ErresseShop. Qualit\u00e4t, Stil und Funktionalit\u00e4t \u2013 jetzt online bestellen!\" \/>\n<meta name=\"robots\" content=\"index, follow, max-snippet:-1, max-image-preview:large, max-video-preview:-1\" \/>\n<link rel=\"canonical\" href=\"https:\/\/www.erresse-shop.it\/de\/shop\/kleine-elektrogeraete\/kaffeemaschinen-espresso\/automatisch\/caso-design-kaffeemaschine-espressogourmet-latte\/\" \/>\n<meta property=\"og:locale\" content=\"de_DE\" \/>\n<meta property=\"og:type\" content=\"article\" \/>\n<meta property=\"og:title\" content=\"CASO DESIGN Kaffeemaschine EspressoGourmet Latte\" \/>\n<meta property=\"og:description\" content=\"Entdecken Sie MAGIMIX Juice Expert 3 + Gem\u00fcseschneider Schwarz bei ErresseShop. Qualit\u00e4t, Stil und Funktionalit\u00e4t \u2013 jetzt online bestellen!\" \/>\n<meta property=\"og:url\" content=\"https:\/\/www.erresse-shop.it\/de\/shop\/kleine-elektrogeraete\/kaffeemaschinen-espresso\/automatisch\/caso-design-kaffeemaschine-espressogourmet-latte\/\" \/>\n<meta property=\"og:site_name\" content=\"Erresse Shop\" \/>\n<meta property=\"article:modified_time\" content=\"2025-09-05T12:17:43+00:00\" \/>\n<meta property=\"og:image\" content=\"https:\/\/www.erresse-shop.it\/wp-content\/uploads\/2025\/09\/CASO-DESIGN-Macchina-da-Caffe-EspressoGourmet-Latte.jpg\" \/>\n\t<meta property=\"og:image:width\" content=\"1200\" \/>\n\t<meta property=\"og:image:height\" content=\"1200\" \/>\n\t<meta property=\"og:image:type\" content=\"image\/jpeg\" \/>\n<meta name=\"twitter:card\" content=\"summary_large_image\" \/>\n<script type=\"application\/ld+json\" class=\"yoast-schema-graph\">{\"@context\":\"https:\/\/schema.org\",\"@graph\":[{\"@type\":\"WebPage\",\"@id\":\"https:\/\/www.erresse-shop.it\/de\/shop\/kleine-elektrogeraete\/kaffeemaschinen-espresso\/automatisch\/caso-design-kaffeemaschine-espressogourmet-latte\/\",\"url\":\"https:\/\/www.erresse-shop.it\/de\/shop\/kleine-elektrogeraete\/kaffeemaschinen-espresso\/automatisch\/caso-design-kaffeemaschine-espressogourmet-latte\/\",\"name\":\"MAGIMIX Juice Expert 3 + Gem\u00fcseschneider Schwarz\",\"isPartOf\":{\"@id\":\"https:\/\/www.erresse-shop.it\/de\/#website\"},\"datePublished\":\"2025-09-05T12:06:14+00:00\",\"dateModified\":\"2025-09-05T12:17:43+00:00\",\"description\":\"Entdecken Sie MAGIMIX Juice Expert 3 + Gem\u00fcseschneider Schwarz bei ErresseShop. Qualit\u00e4t, Stil und Funktionalit\u00e4t \u2013 jetzt online bestellen!\",\"breadcrumb\":{\"@id\":\"https:\/\/www.erresse-shop.it\/de\/shop\/kleine-elektrogeraete\/kaffeemaschinen-espresso\/automatisch\/caso-design-kaffeemaschine-espressogourmet-latte\/#breadcrumb\"},\"inLanguage\":\"de-DE\",\"potentialAction\":[{\"@type\":\"ReadAction\",\"target\":[\"https:\/\/www.erresse-shop.it\/de\/shop\/kleine-elektrogeraete\/kaffeemaschinen-espresso\/automatisch\/caso-design-kaffeemaschine-espressogourmet-latte\/\"]}]},{\"@type\":\"BreadcrumbList\",\"@id\":\"https:\/\/www.erresse-shop.it\/de\/shop\/kleine-elektrogeraete\/kaffeemaschinen-espresso\/automatisch\/caso-design-kaffeemaschine-espressogourmet-latte\/#breadcrumb\",\"itemListElement\":[{\"@type\":\"ListItem\",\"position\":1,\"name\":\"Home\",\"item\":\"https:\/\/www.erresse-shop.it\/de\/\"},{\"@type\":\"ListItem\",\"position\":2,\"name\":\"Shop\",\"item\":\"https:\/\/www.erresse-shop.it\/de\/shop\/\"},{\"@type\":\"ListItem\",\"position\":3,\"name\":\"CASO DESIGN Kaffeemaschine EspressoGourmet Latte\"}]},{\"@type\":\"WebSite\",\"@id\":\"https:\/\/www.erresse-shop.it\/de\/#website\",\"url\":\"https:\/\/www.erresse-shop.it\/de\/\",\"name\":\"Erresse Shop\",\"description\":\"Articoli di qualit\u00e0 per la casa\",\"potentialAction\":[{\"@type\":\"SearchAction\",\"target\":{\"@type\":\"EntryPoint\",\"urlTemplate\":\"https:\/\/www.erresse-shop.it\/de\/?s={search_term_string}\"},\"query-input\":\"required name=search_term_string\"}],\"inLanguage\":\"de-DE\"}]}<\/script>\n<!-- \/ Yoast SEO Premium plugin. -->","yoast_head_json":{"title":"MAGIMIX Juice Expert 3 + Gem\u00fcseschneider Schwarz","description":"Entdecken Sie MAGIMIX Juice Expert 3 + Gem\u00fcseschneider Schwarz bei ErresseShop. Qualit\u00e4t, Stil und Funktionalit\u00e4t \u2013 jetzt online bestellen!","robots":{"index":"index","follow":"follow","max-snippet":"max-snippet:-1","max-image-preview":"max-image-preview:large","max-video-preview":"max-video-preview:-1"},"canonical":"https:\/\/www.erresse-shop.it\/de\/shop\/kleine-elektrogeraete\/kaffeemaschinen-espresso\/automatisch\/caso-design-kaffeemaschine-espressogourmet-latte\/","og_locale":"de_DE","og_type":"article","og_title":"CASO DESIGN Kaffeemaschine EspressoGourmet Latte","og_description":"Entdecken Sie MAGIMIX Juice Expert 3 + Gem\u00fcseschneider Schwarz bei ErresseShop. Qualit\u00e4t, Stil und Funktionalit\u00e4t \u2013 jetzt online bestellen!","og_url":"https:\/\/www.erresse-shop.it\/de\/shop\/kleine-elektrogeraete\/kaffeemaschinen-espresso\/automatisch\/caso-design-kaffeemaschine-espressogourmet-latte\/","og_site_name":"Erresse Shop","article_modified_time":"2025-09-05T12:17:43+00:00","og_image":[{"width":1200,"height":1200,"url":"https:\/\/www.erresse-shop.it\/wp-content\/uploads\/2025\/09\/CASO-DESIGN-Macchina-da-Caffe-EspressoGourmet-Latte.jpg","type":"image\/jpeg"}],"twitter_card":"summary_large_image","schema":{"@context":"https:\/\/schema.org","@graph":[{"@type":"WebPage","@id":"https:\/\/www.erresse-shop.it\/de\/shop\/kleine-elektrogeraete\/kaffeemaschinen-espresso\/automatisch\/caso-design-kaffeemaschine-espressogourmet-latte\/","url":"https:\/\/www.erresse-shop.it\/de\/shop\/kleine-elektrogeraete\/kaffeemaschinen-espresso\/automatisch\/caso-design-kaffeemaschine-espressogourmet-latte\/","name":"MAGIMIX Juice Expert 3 + Gem\u00fcseschneider Schwarz","isPartOf":{"@id":"https:\/\/www.erresse-shop.it\/de\/#website"},"datePublished":"2025-09-05T12:06:14+00:00","dateModified":"2025-09-05T12:17:43+00:00","description":"Entdecken Sie MAGIMIX Juice Expert 3 + Gem\u00fcseschneider Schwarz bei ErresseShop. Qualit\u00e4t, Stil und Funktionalit\u00e4t \u2013 jetzt online bestellen!","breadcrumb":{"@id":"https:\/\/www.erresse-shop.it\/de\/shop\/kleine-elektrogeraete\/kaffeemaschinen-espresso\/automatisch\/caso-design-kaffeemaschine-espressogourmet-latte\/#breadcrumb"},"inLanguage":"de-DE","potentialAction":[{"@type":"ReadAction","target":["https:\/\/www.erresse-shop.it\/de\/shop\/kleine-elektrogeraete\/kaffeemaschinen-espresso\/automatisch\/caso-design-kaffeemaschine-espressogourmet-latte\/"]}]},{"@type":"BreadcrumbList","@id":"https:\/\/www.erresse-shop.it\/de\/shop\/kleine-elektrogeraete\/kaffeemaschinen-espresso\/automatisch\/caso-design-kaffeemaschine-espressogourmet-latte\/#breadcrumb","itemListElement":[{"@type":"ListItem","position":1,"name":"Home","item":"https:\/\/www.erresse-shop.it\/de\/"},{"@type":"ListItem","position":2,"name":"Shop","item":"https:\/\/www.erresse-shop.it\/de\/shop\/"},{"@type":"ListItem","position":3,"name":"CASO DESIGN Kaffeemaschine EspressoGourmet Latte"}]},{"@type":"WebSite","@id":"https:\/\/www.erresse-shop.it\/de\/#website","url":"https:\/\/www.erresse-shop.it\/de\/","name":"Erresse Shop","description":"Articoli di qualit\u00e0 per la casa","potentialAction":[{"@type":"SearchAction","target":{"@type":"EntryPoint","urlTemplate":"https:\/\/www.erresse-shop.it\/de\/?s={search_term_string}"},"query-input":"required name=search_term_string"}],"inLanguage":"de-DE"}]}},"df_price":249.99,"df_sale_price":249.99,"df_regular_price":249.99,"df_image_link":"https:\/\/www.erresse-shop.it\/wp-content\/uploads\/2025\/09\/CASO-DESIGN-Macchina-da-Caffe-EspressoGourmet-Latte-300x300.jpg","_links":{"self":[{"href":"https:\/\/www.erresse-shop.it\/de\/wp-json\/wp\/v2\/product\/511549"}],"collection":[{"href":"https:\/\/www.erresse-shop.it\/de\/wp-json\/wp\/v2\/product"}],"about":[{"href":"https:\/\/www.erresse-shop.it\/de\/wp-json\/wp\/v2\/types\/product"}],"wp:featuredmedia":[{"embeddable":true,"href":"https:\/\/www.erresse-shop.it\/de\/wp-json\/wp\/v2\/media\/511562"}],"wp:attachment":[{"href":"https:\/\/www.erresse-shop.it\/de\/wp-json\/wp\/v2\/media?parent=511549"}],"wp:term":[{"taxonomy":"product_cat","embeddable":true,"href":"https:\/\/www.erresse-shop.it\/de\/wp-json\/wp\/v2\/product_cat?post=511549"},{"taxonomy":"product_tag","embeddable":true,"href":"https:\/\/www.erresse-shop.it\/de\/wp-json\/wp\/v2\/product_tag?post=511549"}],"curies":[{"name":"wp","href":"https:\/\/api.w.org\/{rel}","templated":true}]}}