{"id":511480,"date":"2025-09-05T10:12:45","date_gmt":"2025-09-05T10:12:45","guid":{"rendered":"https:\/\/www.erresse-shop.it\/?post_type=product&#038;p=511480"},"modified":"2025-09-05T10:22:42","modified_gmt":"2025-09-05T10:22:42","slug":"caso-design-wasserkocher-wk-2200","status":"publish","type":"product","link":"https:\/\/www.erresse-shop.it\/de\/shop\/kleine-elektrogeraete\/elektrische-wasserkocher\/caso-design-wasserkocher-wk-2200\/","title":{"rendered":"CASO DESIGN Wasserkocher WK 2200"},"content":{"rendered":"<h3>F\u00fcr alle Tee- und Kaffeeliebhaber<\/h3>\n<h4>Der Wasserkocher WK 2200 von CASO Design.<\/h4>\n<p>Teekenner und Kaffeeliebhaber wissen seit langem, dass das zum Aufbr\u00fchen verwendete Wasser nicht \u00fcber den Siedepunkt hinaus erhitzt werden sollte.<\/p>\n<p>Tee br\u00fcht man am besten mit 70\u201380 \u00b0C Wasser, Kaffee bevorzugt eine Br\u00fchtemperatur von 90 \u00b0C. Das Aufkochen und Abk\u00fchlen auf die exakte Temperatur braucht Zeit und erfordert ein Thermometer.<\/p>\n<p>Mit dem Wasserkocher WK 2200 von CASO Design geht das einfacher: pr\u00e4zise und zuverl\u00e4ssig.<\/p>\n<p>Der Wasserkocher WK 2200 besticht durch sein schlankes und elegantes Design. Der geb\u00fcrstete Edelstahlrahmen mit w\u00e4rmeisolierendem schwarzen Griff ist kabellos.<\/p>\n<p>Er steht auf einem Sockel mit intuitivem Bedienfeld und blauem LED-Display, das eine pr\u00e4zise Temperaturregelung erm\u00f6glicht: Bei gleichbleibend pr\u00e4ziser Temperaturregelung kann das Wasser in 10-\u00b0C-Schritten von 40 bis 100 \u00b0C auf die gew\u00fcnschte Temperatur erhitzt werden. Die aktuelle Wassertemperatur wird angezeigt.<\/p>\n<p>Der Countdown-Timer informiert \u00fcber die ben\u00f6tigte Zeit bis zum Erreichen der gew\u00fcnschten Temperatur. Ideal f\u00fcr die perfekte Zubereitung verschiedener Teesorten, Babynahrung oder auch W\u00e4rmflaschenwasser.<\/p>\n<p>Der CASO Design WK 2200 Wasserkocher verf\u00fcgt \u00fcber einen Edelstahl-Wasserfilter, eine Wasserstandsanzeige, eine automatische Abschaltung und eine Kabelaufwicklung. Ein akustisches Signal signalisiert, wenn die gew\u00e4hlte Heiztemperatur erreicht ist.<\/p>\n<p>Perfekter Tee und Kaffee zubereiten \u2013 so einfach geht das.<\/p>\n<p><strong>Ma\u00dfe:<\/strong> 19,5 x 15 x 24 cm<br \/>\n<strong>Gewicht:<\/strong> 1,2<br \/>\n<strong>Leistung (Watt):<\/strong> 2.200 Watt<br \/>\n<strong>Spannung:<\/strong> 220\u2013240 V~, 50\u201360 Hz<\/p>\n","protected":false},"excerpt":{"rendered":"<p>F\u00fcr alle Tee- und Kaffeeliebhaber Der Wasserkocher WK 2200 von CASO Design. Teekenner und Kaffeeliebhaber wissen seit langem, dass das<\/p>\n","protected":false},"featured_media":511499,"template":"","meta":{"_acf_changed":false,"inline_featured_image":false},"product_cat":[6874,6703],"product_tag":[11652,11877,11415,21049],"acf":[],"yoast_head":"<!-- This site is optimized with the Yoast SEO Premium plugin v18.6 (Yoast SEO v19.13) - https:\/\/yoast.com\/wordpress\/plugins\/seo\/ -->\n<title>MAGIMIX Juice Expert 3 + Gem\u00fcseschneider Schwarz<\/title>\n<meta name=\"description\" content=\"Entdecken Sie MAGIMIX Juice Expert 3 + Gem\u00fcseschneider Schwarz bei ErresseShop. Qualit\u00e4t, Stil und Funktionalit\u00e4t \u2013 jetzt online bestellen!\" \/>\n<meta name=\"robots\" content=\"index, follow, max-snippet:-1, max-image-preview:large, max-video-preview:-1\" \/>\n<link rel=\"canonical\" href=\"https:\/\/www.erresse-shop.it\/de\/shop\/kleine-elektrogeraete\/elektrische-wasserkocher\/caso-design-wasserkocher-wk-2200\/\" \/>\n<meta property=\"og:locale\" content=\"de_DE\" \/>\n<meta property=\"og:type\" content=\"article\" \/>\n<meta property=\"og:title\" content=\"CASO DESIGN Wasserkocher WK 2200\" \/>\n<meta property=\"og:description\" content=\"Entdecken Sie MAGIMIX Juice Expert 3 + Gem\u00fcseschneider Schwarz bei ErresseShop. Qualit\u00e4t, Stil und Funktionalit\u00e4t \u2013 jetzt online bestellen!\" \/>\n<meta property=\"og:url\" content=\"https:\/\/www.erresse-shop.it\/de\/shop\/kleine-elektrogeraete\/elektrische-wasserkocher\/caso-design-wasserkocher-wk-2200\/\" \/>\n<meta property=\"og:site_name\" content=\"Erresse Shop\" \/>\n<meta property=\"article:modified_time\" content=\"2025-09-05T10:22:42+00:00\" \/>\n<meta property=\"og:image\" content=\"https:\/\/www.erresse-shop.it\/wp-content\/uploads\/2025\/09\/CASO-DESIGN-Bollitore-Elettrico-WK-2200.jpg\" \/>\n\t<meta property=\"og:image:width\" content=\"1200\" \/>\n\t<meta property=\"og:image:height\" content=\"1200\" \/>\n\t<meta property=\"og:image:type\" content=\"image\/jpeg\" \/>\n<meta name=\"twitter:card\" content=\"summary_large_image\" \/>\n<script type=\"application\/ld+json\" class=\"yoast-schema-graph\">{\"@context\":\"https:\/\/schema.org\",\"@graph\":[{\"@type\":\"WebPage\",\"@id\":\"https:\/\/www.erresse-shop.it\/de\/shop\/kleine-elektrogeraete\/elektrische-wasserkocher\/caso-design-wasserkocher-wk-2200\/\",\"url\":\"https:\/\/www.erresse-shop.it\/de\/shop\/kleine-elektrogeraete\/elektrische-wasserkocher\/caso-design-wasserkocher-wk-2200\/\",\"name\":\"MAGIMIX Juice Expert 3 + Gem\u00fcseschneider Schwarz\",\"isPartOf\":{\"@id\":\"https:\/\/www.erresse-shop.it\/de\/#website\"},\"datePublished\":\"2025-09-05T10:12:45+00:00\",\"dateModified\":\"2025-09-05T10:22:42+00:00\",\"description\":\"Entdecken Sie MAGIMIX Juice Expert 3 + Gem\u00fcseschneider Schwarz bei ErresseShop. Qualit\u00e4t, Stil und Funktionalit\u00e4t \u2013 jetzt online bestellen!\",\"breadcrumb\":{\"@id\":\"https:\/\/www.erresse-shop.it\/de\/shop\/kleine-elektrogeraete\/elektrische-wasserkocher\/caso-design-wasserkocher-wk-2200\/#breadcrumb\"},\"inLanguage\":\"de-DE\",\"potentialAction\":[{\"@type\":\"ReadAction\",\"target\":[\"https:\/\/www.erresse-shop.it\/de\/shop\/kleine-elektrogeraete\/elektrische-wasserkocher\/caso-design-wasserkocher-wk-2200\/\"]}]},{\"@type\":\"BreadcrumbList\",\"@id\":\"https:\/\/www.erresse-shop.it\/de\/shop\/kleine-elektrogeraete\/elektrische-wasserkocher\/caso-design-wasserkocher-wk-2200\/#breadcrumb\",\"itemListElement\":[{\"@type\":\"ListItem\",\"position\":1,\"name\":\"Home\",\"item\":\"https:\/\/www.erresse-shop.it\/de\/\"},{\"@type\":\"ListItem\",\"position\":2,\"name\":\"Shop\",\"item\":\"https:\/\/www.erresse-shop.it\/de\/shop\/\"},{\"@type\":\"ListItem\",\"position\":3,\"name\":\"CASO DESIGN Wasserkocher WK 2200\"}]},{\"@type\":\"WebSite\",\"@id\":\"https:\/\/www.erresse-shop.it\/de\/#website\",\"url\":\"https:\/\/www.erresse-shop.it\/de\/\",\"name\":\"Erresse Shop\",\"description\":\"Articoli di qualit\u00e0 per la casa\",\"potentialAction\":[{\"@type\":\"SearchAction\",\"target\":{\"@type\":\"EntryPoint\",\"urlTemplate\":\"https:\/\/www.erresse-shop.it\/de\/?s={search_term_string}\"},\"query-input\":\"required name=search_term_string\"}],\"inLanguage\":\"de-DE\"}]}<\/script>\n<!-- \/ Yoast SEO Premium plugin. -->","yoast_head_json":{"title":"MAGIMIX Juice Expert 3 + Gem\u00fcseschneider Schwarz","description":"Entdecken Sie MAGIMIX Juice Expert 3 + Gem\u00fcseschneider Schwarz bei ErresseShop. Qualit\u00e4t, Stil und Funktionalit\u00e4t \u2013 jetzt online bestellen!","robots":{"index":"index","follow":"follow","max-snippet":"max-snippet:-1","max-image-preview":"max-image-preview:large","max-video-preview":"max-video-preview:-1"},"canonical":"https:\/\/www.erresse-shop.it\/de\/shop\/kleine-elektrogeraete\/elektrische-wasserkocher\/caso-design-wasserkocher-wk-2200\/","og_locale":"de_DE","og_type":"article","og_title":"CASO DESIGN Wasserkocher WK 2200","og_description":"Entdecken Sie MAGIMIX Juice Expert 3 + Gem\u00fcseschneider Schwarz bei ErresseShop. Qualit\u00e4t, Stil und Funktionalit\u00e4t \u2013 jetzt online bestellen!","og_url":"https:\/\/www.erresse-shop.it\/de\/shop\/kleine-elektrogeraete\/elektrische-wasserkocher\/caso-design-wasserkocher-wk-2200\/","og_site_name":"Erresse Shop","article_modified_time":"2025-09-05T10:22:42+00:00","og_image":[{"width":1200,"height":1200,"url":"https:\/\/www.erresse-shop.it\/wp-content\/uploads\/2025\/09\/CASO-DESIGN-Bollitore-Elettrico-WK-2200.jpg","type":"image\/jpeg"}],"twitter_card":"summary_large_image","schema":{"@context":"https:\/\/schema.org","@graph":[{"@type":"WebPage","@id":"https:\/\/www.erresse-shop.it\/de\/shop\/kleine-elektrogeraete\/elektrische-wasserkocher\/caso-design-wasserkocher-wk-2200\/","url":"https:\/\/www.erresse-shop.it\/de\/shop\/kleine-elektrogeraete\/elektrische-wasserkocher\/caso-design-wasserkocher-wk-2200\/","name":"MAGIMIX Juice Expert 3 + Gem\u00fcseschneider Schwarz","isPartOf":{"@id":"https:\/\/www.erresse-shop.it\/de\/#website"},"datePublished":"2025-09-05T10:12:45+00:00","dateModified":"2025-09-05T10:22:42+00:00","description":"Entdecken Sie MAGIMIX Juice Expert 3 + Gem\u00fcseschneider Schwarz bei ErresseShop. Qualit\u00e4t, Stil und Funktionalit\u00e4t \u2013 jetzt online bestellen!","breadcrumb":{"@id":"https:\/\/www.erresse-shop.it\/de\/shop\/kleine-elektrogeraete\/elektrische-wasserkocher\/caso-design-wasserkocher-wk-2200\/#breadcrumb"},"inLanguage":"de-DE","potentialAction":[{"@type":"ReadAction","target":["https:\/\/www.erresse-shop.it\/de\/shop\/kleine-elektrogeraete\/elektrische-wasserkocher\/caso-design-wasserkocher-wk-2200\/"]}]},{"@type":"BreadcrumbList","@id":"https:\/\/www.erresse-shop.it\/de\/shop\/kleine-elektrogeraete\/elektrische-wasserkocher\/caso-design-wasserkocher-wk-2200\/#breadcrumb","itemListElement":[{"@type":"ListItem","position":1,"name":"Home","item":"https:\/\/www.erresse-shop.it\/de\/"},{"@type":"ListItem","position":2,"name":"Shop","item":"https:\/\/www.erresse-shop.it\/de\/shop\/"},{"@type":"ListItem","position":3,"name":"CASO DESIGN Wasserkocher WK 2200"}]},{"@type":"WebSite","@id":"https:\/\/www.erresse-shop.it\/de\/#website","url":"https:\/\/www.erresse-shop.it\/de\/","name":"Erresse Shop","description":"Articoli di qualit\u00e0 per la casa","potentialAction":[{"@type":"SearchAction","target":{"@type":"EntryPoint","urlTemplate":"https:\/\/www.erresse-shop.it\/de\/?s={search_term_string}"},"query-input":"required name=search_term_string"}],"inLanguage":"de-DE"}]}},"df_price":69.99,"df_sale_price":69.99,"df_regular_price":69.99,"df_image_link":"https:\/\/www.erresse-shop.it\/wp-content\/uploads\/2025\/09\/CASO-DESIGN-Bollitore-Elettrico-WK-2200-300x300.jpg","_links":{"self":[{"href":"https:\/\/www.erresse-shop.it\/de\/wp-json\/wp\/v2\/product\/511480"}],"collection":[{"href":"https:\/\/www.erresse-shop.it\/de\/wp-json\/wp\/v2\/product"}],"about":[{"href":"https:\/\/www.erresse-shop.it\/de\/wp-json\/wp\/v2\/types\/product"}],"wp:featuredmedia":[{"embeddable":true,"href":"https:\/\/www.erresse-shop.it\/de\/wp-json\/wp\/v2\/media\/511499"}],"wp:attachment":[{"href":"https:\/\/www.erresse-shop.it\/de\/wp-json\/wp\/v2\/media?parent=511480"}],"wp:term":[{"taxonomy":"product_cat","embeddable":true,"href":"https:\/\/www.erresse-shop.it\/de\/wp-json\/wp\/v2\/product_cat?post=511480"},{"taxonomy":"product_tag","embeddable":true,"href":"https:\/\/www.erresse-shop.it\/de\/wp-json\/wp\/v2\/product_tag?post=511480"}],"curies":[{"name":"wp","href":"https:\/\/api.w.org\/{rel}","templated":true}]}}