{"id":511374,"date":"2025-09-05T08:46:54","date_gmt":"2025-09-05T08:46:54","guid":{"rendered":"https:\/\/www.erresse-shop.it\/?post_type=product&#038;p=511374"},"modified":"2025-09-05T09:21:24","modified_gmt":"2025-09-05T09:21:24","slug":"caso-design-kaffeemaschine-caffe-crema-touch","status":"publish","type":"product","link":"https:\/\/www.erresse-shop.it\/de\/shop\/kleine-elektrogeraete\/kaffeemaschinen-espresso\/automatisch\/caso-design-kaffeemaschine-caffe-crema-touch\/","title":{"rendered":"CASO DESIGN Kaffeemaschine Caff\u00e9 Crema Touch"},"content":{"rendered":"<h4>CASO Design \u201eCaf\u00e9 Crema Touch\u201c Kaffeevollautomat: Gro\u00dfe Kaffeevielfalt auf Knopfdruck.<\/h4>\n<p>Wer vielf\u00e4ltige Kaffeespezialit\u00e4ten in Siebtr\u00e4gerqualit\u00e4t genie\u00dfen m\u00f6chte und Wert auf \u00c4sthetik legt, wird den Caf\u00e9 Crema Touch von CASO Design lieben.<\/p>\n<p>Dieser Kaffeevollautomat besticht durch sein elegantes \u00c4u\u00dferes und das gro\u00dfe Touch-Display sowie durch sein hochwertiges Innenleben. Er ist intuitiv zu bedienen und leicht zu reinigen.<\/p>\n<p>Der Caf\u00e9 Crema Touch bietet alles, was sich anspruchsvolle Kaffeegenie\u00dfer von einem modernen Kaffeevollautomaten w\u00fcnschen.<\/p>\n<h4>Gro\u00dfe Auswahl feinster Kaffeespezialit\u00e4ten<\/h4>\n<p>Was darf es heute sein? Ein schneller Espresso, ein Latte Macchiato mit cremigem Milchschaum oder einfach nur hei\u00dfes Wasser? Es gibt eine gro\u00dfe Auswahl an feinen Kaffeespezialit\u00e4ten mit und ohne Milchschaum.<\/p>\n<p>Die Bedienung des Caf\u00e9 Crema Touch ist kinderleicht. Das moderne und \u00fcbersichtliche LED-Touchdisplay verf\u00fcgt \u00fcber Direktwahltasten, mit denen Sie individuelle Kaffeespezialit\u00e4ten und -mischungen per Fingertipp ausw\u00e4hlen k\u00f6nnen.<\/p>\n<p>Mit einem Doppeltipp k\u00f6nnen Sie bei bestimmten Spezialit\u00e4ten direkt eine gro\u00dfe Portion zubereiten.<\/p>\n<h4>Alles f\u00fcr ein perfektes Kaffeeerlebnis<\/h4>\n<p>Dank des innovativen Heizsystems ist die Caf\u00e9 Crema Touch im Handumdrehen einsatzbereit.<\/p>\n<p>Das hochwertige, stufenlos einstellbare Kegelmahlwerk aus Edelstahl arbeitet leise und zuverl\u00e4ssig.<\/p>\n<p>Die Vorbr\u00fchfunktion verleiht dem Kaffee ein besonders vollmundiges Aroma. In Kombination mit dem cremigen Milchschaum wird diese Kaffeespezialit\u00e4t zu einem unverwechselbaren Genuss.<\/p>\n<p>Um auch h\u00f6chste Latte Macchiato-Gl\u00e4ser problemlos f\u00fcllen zu k\u00f6nnen, lassen sich Kaffee- und Milchauslauf bis zu einer H\u00f6he von 16 Zentimetern verstellen. Der separate Milchtank kann zwischen den Anwendungen im K\u00fchlschrank aufbewahrt werden, sodass die Milch immer frisch bleibt.<\/p>\n<p><strong>Abmessungen:<\/strong>42,5 x 18 x 33,5 cm<strong><br \/>\nGewicht:<\/strong>8,25 kg<br \/>\n<strong>Leistung (Watt):<\/strong>1350<br \/>\n<strong>Spannung:<\/strong>220\u2013240 V~, 50\u201360 Hz<\/p>\n","protected":false},"excerpt":{"rendered":"<p>CASO Design \u201eCaf\u00e9 Crema Touch\u201c Kaffeevollautomat: Gro\u00dfe Kaffeevielfalt auf Knopfdruck. Wer vielf\u00e4ltige Kaffeespezialit\u00e4ten in Siebtr\u00e4gerqualit\u00e4t genie\u00dfen m\u00f6chte und Wert auf<\/p>\n","protected":false},"featured_media":511423,"template":"","meta":{"_acf_changed":false,"inline_featured_image":false},"product_cat":[6733,6703,25361],"product_tag":[11638,11415,23231,11619],"acf":[],"yoast_head":"<!-- This site is optimized with the Yoast SEO Premium plugin v18.6 (Yoast SEO v19.13) - https:\/\/yoast.com\/wordpress\/plugins\/seo\/ -->\n<title>MAGIMIX Juice Expert 3 + Gem\u00fcseschneider Schwarz<\/title>\n<meta name=\"description\" content=\"Entdecken Sie MAGIMIX Juice Expert 3 + Gem\u00fcseschneider Schwarz bei ErresseShop. Qualit\u00e4t, Stil und Funktionalit\u00e4t \u2013 jetzt online bestellen!\" \/>\n<meta name=\"robots\" content=\"index, follow, max-snippet:-1, max-image-preview:large, max-video-preview:-1\" \/>\n<link rel=\"canonical\" href=\"https:\/\/www.erresse-shop.it\/de\/shop\/kleine-elektrogeraete\/kaffeemaschinen-espresso\/automatisch\/caso-design-kaffeemaschine-caffe-crema-touch\/\" \/>\n<meta property=\"og:locale\" content=\"de_DE\" \/>\n<meta property=\"og:type\" content=\"article\" \/>\n<meta property=\"og:title\" content=\"CASO DESIGN Kaffeemaschine Caff\u00e9 Crema Touch\" \/>\n<meta property=\"og:description\" content=\"Entdecken Sie MAGIMIX Juice Expert 3 + Gem\u00fcseschneider Schwarz bei ErresseShop. Qualit\u00e4t, Stil und Funktionalit\u00e4t \u2013 jetzt online bestellen!\" \/>\n<meta property=\"og:url\" content=\"https:\/\/www.erresse-shop.it\/de\/shop\/kleine-elektrogeraete\/kaffeemaschinen-espresso\/automatisch\/caso-design-kaffeemaschine-caffe-crema-touch\/\" \/>\n<meta property=\"og:site_name\" content=\"Erresse Shop\" \/>\n<meta property=\"article:modified_time\" content=\"2025-09-05T09:21:24+00:00\" \/>\n<meta property=\"og:image\" content=\"https:\/\/www.erresse-shop.it\/wp-content\/uploads\/2025\/09\/CASO-DESIGN-Macchina-da-Caffe-Caffe-Crema-Touch.jpg\" \/>\n\t<meta property=\"og:image:width\" content=\"1200\" \/>\n\t<meta property=\"og:image:height\" content=\"1200\" \/>\n\t<meta property=\"og:image:type\" content=\"image\/jpeg\" \/>\n<meta name=\"twitter:card\" content=\"summary_large_image\" \/>\n<script type=\"application\/ld+json\" class=\"yoast-schema-graph\">{\"@context\":\"https:\/\/schema.org\",\"@graph\":[{\"@type\":\"WebPage\",\"@id\":\"https:\/\/www.erresse-shop.it\/de\/shop\/kleine-elektrogeraete\/kaffeemaschinen-espresso\/automatisch\/caso-design-kaffeemaschine-caffe-crema-touch\/\",\"url\":\"https:\/\/www.erresse-shop.it\/de\/shop\/kleine-elektrogeraete\/kaffeemaschinen-espresso\/automatisch\/caso-design-kaffeemaschine-caffe-crema-touch\/\",\"name\":\"MAGIMIX Juice Expert 3 + Gem\u00fcseschneider Schwarz\",\"isPartOf\":{\"@id\":\"https:\/\/www.erresse-shop.it\/de\/#website\"},\"datePublished\":\"2025-09-05T08:46:54+00:00\",\"dateModified\":\"2025-09-05T09:21:24+00:00\",\"description\":\"Entdecken Sie MAGIMIX Juice Expert 3 + Gem\u00fcseschneider Schwarz bei ErresseShop. Qualit\u00e4t, Stil und Funktionalit\u00e4t \u2013 jetzt online bestellen!\",\"breadcrumb\":{\"@id\":\"https:\/\/www.erresse-shop.it\/de\/shop\/kleine-elektrogeraete\/kaffeemaschinen-espresso\/automatisch\/caso-design-kaffeemaschine-caffe-crema-touch\/#breadcrumb\"},\"inLanguage\":\"de-DE\",\"potentialAction\":[{\"@type\":\"ReadAction\",\"target\":[\"https:\/\/www.erresse-shop.it\/de\/shop\/kleine-elektrogeraete\/kaffeemaschinen-espresso\/automatisch\/caso-design-kaffeemaschine-caffe-crema-touch\/\"]}]},{\"@type\":\"BreadcrumbList\",\"@id\":\"https:\/\/www.erresse-shop.it\/de\/shop\/kleine-elektrogeraete\/kaffeemaschinen-espresso\/automatisch\/caso-design-kaffeemaschine-caffe-crema-touch\/#breadcrumb\",\"itemListElement\":[{\"@type\":\"ListItem\",\"position\":1,\"name\":\"Home\",\"item\":\"https:\/\/www.erresse-shop.it\/de\/\"},{\"@type\":\"ListItem\",\"position\":2,\"name\":\"Shop\",\"item\":\"https:\/\/www.erresse-shop.it\/de\/shop\/\"},{\"@type\":\"ListItem\",\"position\":3,\"name\":\"CASO DESIGN Kaffeemaschine Caff\u00e9 Crema Touch\"}]},{\"@type\":\"WebSite\",\"@id\":\"https:\/\/www.erresse-shop.it\/de\/#website\",\"url\":\"https:\/\/www.erresse-shop.it\/de\/\",\"name\":\"Erresse Shop\",\"description\":\"Articoli di qualit\u00e0 per la casa\",\"potentialAction\":[{\"@type\":\"SearchAction\",\"target\":{\"@type\":\"EntryPoint\",\"urlTemplate\":\"https:\/\/www.erresse-shop.it\/de\/?s={search_term_string}\"},\"query-input\":\"required name=search_term_string\"}],\"inLanguage\":\"de-DE\"}]}<\/script>\n<!-- \/ Yoast SEO Premium plugin. -->","yoast_head_json":{"title":"MAGIMIX Juice Expert 3 + Gem\u00fcseschneider Schwarz","description":"Entdecken Sie MAGIMIX Juice Expert 3 + Gem\u00fcseschneider Schwarz bei ErresseShop. Qualit\u00e4t, Stil und Funktionalit\u00e4t \u2013 jetzt online bestellen!","robots":{"index":"index","follow":"follow","max-snippet":"max-snippet:-1","max-image-preview":"max-image-preview:large","max-video-preview":"max-video-preview:-1"},"canonical":"https:\/\/www.erresse-shop.it\/de\/shop\/kleine-elektrogeraete\/kaffeemaschinen-espresso\/automatisch\/caso-design-kaffeemaschine-caffe-crema-touch\/","og_locale":"de_DE","og_type":"article","og_title":"CASO DESIGN Kaffeemaschine Caff\u00e9 Crema Touch","og_description":"Entdecken Sie MAGIMIX Juice Expert 3 + Gem\u00fcseschneider Schwarz bei ErresseShop. Qualit\u00e4t, Stil und Funktionalit\u00e4t \u2013 jetzt online bestellen!","og_url":"https:\/\/www.erresse-shop.it\/de\/shop\/kleine-elektrogeraete\/kaffeemaschinen-espresso\/automatisch\/caso-design-kaffeemaschine-caffe-crema-touch\/","og_site_name":"Erresse Shop","article_modified_time":"2025-09-05T09:21:24+00:00","og_image":[{"width":1200,"height":1200,"url":"https:\/\/www.erresse-shop.it\/wp-content\/uploads\/2025\/09\/CASO-DESIGN-Macchina-da-Caffe-Caffe-Crema-Touch.jpg","type":"image\/jpeg"}],"twitter_card":"summary_large_image","schema":{"@context":"https:\/\/schema.org","@graph":[{"@type":"WebPage","@id":"https:\/\/www.erresse-shop.it\/de\/shop\/kleine-elektrogeraete\/kaffeemaschinen-espresso\/automatisch\/caso-design-kaffeemaschine-caffe-crema-touch\/","url":"https:\/\/www.erresse-shop.it\/de\/shop\/kleine-elektrogeraete\/kaffeemaschinen-espresso\/automatisch\/caso-design-kaffeemaschine-caffe-crema-touch\/","name":"MAGIMIX Juice Expert 3 + Gem\u00fcseschneider Schwarz","isPartOf":{"@id":"https:\/\/www.erresse-shop.it\/de\/#website"},"datePublished":"2025-09-05T08:46:54+00:00","dateModified":"2025-09-05T09:21:24+00:00","description":"Entdecken Sie MAGIMIX Juice Expert 3 + Gem\u00fcseschneider Schwarz bei ErresseShop. Qualit\u00e4t, Stil und Funktionalit\u00e4t \u2013 jetzt online bestellen!","breadcrumb":{"@id":"https:\/\/www.erresse-shop.it\/de\/shop\/kleine-elektrogeraete\/kaffeemaschinen-espresso\/automatisch\/caso-design-kaffeemaschine-caffe-crema-touch\/#breadcrumb"},"inLanguage":"de-DE","potentialAction":[{"@type":"ReadAction","target":["https:\/\/www.erresse-shop.it\/de\/shop\/kleine-elektrogeraete\/kaffeemaschinen-espresso\/automatisch\/caso-design-kaffeemaschine-caffe-crema-touch\/"]}]},{"@type":"BreadcrumbList","@id":"https:\/\/www.erresse-shop.it\/de\/shop\/kleine-elektrogeraete\/kaffeemaschinen-espresso\/automatisch\/caso-design-kaffeemaschine-caffe-crema-touch\/#breadcrumb","itemListElement":[{"@type":"ListItem","position":1,"name":"Home","item":"https:\/\/www.erresse-shop.it\/de\/"},{"@type":"ListItem","position":2,"name":"Shop","item":"https:\/\/www.erresse-shop.it\/de\/shop\/"},{"@type":"ListItem","position":3,"name":"CASO DESIGN Kaffeemaschine Caff\u00e9 Crema Touch"}]},{"@type":"WebSite","@id":"https:\/\/www.erresse-shop.it\/de\/#website","url":"https:\/\/www.erresse-shop.it\/de\/","name":"Erresse Shop","description":"Articoli di qualit\u00e0 per la casa","potentialAction":[{"@type":"SearchAction","target":{"@type":"EntryPoint","urlTemplate":"https:\/\/www.erresse-shop.it\/de\/?s={search_term_string}"},"query-input":"required name=search_term_string"}],"inLanguage":"de-DE"}]}},"df_price":549,"df_sale_price":549,"df_regular_price":549,"df_image_link":"https:\/\/www.erresse-shop.it\/wp-content\/uploads\/2025\/09\/CASO-DESIGN-Macchina-da-Caffe-Caffe-Crema-Touch-300x300.jpg","_links":{"self":[{"href":"https:\/\/www.erresse-shop.it\/de\/wp-json\/wp\/v2\/product\/511374"}],"collection":[{"href":"https:\/\/www.erresse-shop.it\/de\/wp-json\/wp\/v2\/product"}],"about":[{"href":"https:\/\/www.erresse-shop.it\/de\/wp-json\/wp\/v2\/types\/product"}],"wp:featuredmedia":[{"embeddable":true,"href":"https:\/\/www.erresse-shop.it\/de\/wp-json\/wp\/v2\/media\/511423"}],"wp:attachment":[{"href":"https:\/\/www.erresse-shop.it\/de\/wp-json\/wp\/v2\/media?parent=511374"}],"wp:term":[{"taxonomy":"product_cat","embeddable":true,"href":"https:\/\/www.erresse-shop.it\/de\/wp-json\/wp\/v2\/product_cat?post=511374"},{"taxonomy":"product_tag","embeddable":true,"href":"https:\/\/www.erresse-shop.it\/de\/wp-json\/wp\/v2\/product_tag?post=511374"}],"curies":[{"name":"wp","href":"https:\/\/api.w.org\/{rel}","templated":true}]}}