{"id":511270,"date":"2025-09-05T07:16:47","date_gmt":"2025-09-05T07:16:47","guid":{"rendered":"https:\/\/www.erresse-shop.it\/?post_type=product&#038;p=511270"},"modified":"2025-09-05T07:34:46","modified_gmt":"2025-09-05T07:34:46","slug":"caso-design-juicefit-pro-extraktor","status":"publish","type":"product","link":"https:\/\/www.erresse-shop.it\/de\/shop\/kleine-elektrogeraete\/extraktoren-und-zentrifugen\/caso-design-juicefit-pro-extraktor\/","title":{"rendered":"CASO DESIGN JuiceFit Pro Extraktor"},"content":{"rendered":"<h4><strong>CASO Design \u201eJuiceFit Pro\u201c Slow Juicer \u2013 Mehr Saft, mehr Vitamine, mehr Geschmack<\/strong><\/h4>\n<p>Der neue JuiceFit Pro Slow Juicer von CASO Design entsaftet Obst, Gem\u00fcse und Kr\u00e4uter schonend mit nur 40 U\/min.<\/p>\n<p>Die langsam rotierende Schnecke reduziert die W\u00e4rmeentwicklung und erh\u00e4lt so wertvolle Vitamine, Enzyme, Spurenelemente und Mineralstoffe: perfekt f\u00fcr einen gesunden Start in den Tag oder als Vitaminschub zwischendurch.<\/p>\n<p>Durch die langsame Extraktion ist die Saftausbeute bis zu 30 % h\u00f6her als bei herk\u00f6mmlichen Entsaftern.<\/p>\n<p>Der 250-Watt-Slow Juicer JuiceFit Pro von CASO Design holt das Beste aus Obst und Gem\u00fcse heraus und eignet sich sowohl f\u00fcr hartes als auch f\u00fcr weiches Obst.<\/p>\n<p>Das Ergebnis ist ein frischer, cremiger und vollmundiger Saft, der nicht nur k\u00f6stlich und aromatisch schmeckt, sondern auch reich an Vitaminen und N\u00e4hrstoffen ist.<\/p>\n<h4>Entsaften ganzer Fr\u00fcchte (XL-Einf\u00fcllschlauch)<\/h4>\n<p>Der extragro\u00dfe Einf\u00fcllschlauch des JuiceFit Pro mit einem Durchmesser von 130 mm ist besonders praktisch: Ganze Fr\u00fcchte wie \u00c4pfel oder Birnen k\u00f6nnen komplett in den Entsafter eingef\u00fcllt werden, ohne dass sie vorher gesch\u00e4lt und geschnitten werden m\u00fcssen.<\/p>\n<p>Der hochwertige Slow Juicer eignet sich auch perfekt zum Entsaften von Ingwer oder Gem\u00fcse wie Sellerie, Brokkoli und Spinat.<\/p>\n<p>Sollten Sie unerwartet eine weitere Zutat hinzuf\u00fcgen, ist dies problemlos m\u00f6glich, da die Sicherheitsstoppfunktion die Rotation stoppt, sobald Sie den Deckel \u00f6ffnen.<\/p>\n<p>F\u00fcr die Zubereitung von Mixs\u00e4ften schlie\u00dfen Sie einfach den Ausguss: Der Saft verbleibt in der Filterkammer und wird direkt gemixt.<\/p>\n<h4>Erg\u00e4nzung f\u00fcr M\u00fcsli, Suppen und mehr.<\/h4>\n<p>Das restliche Fruchtfleisch wird in einem 1-Liter-Beh\u00e4lter aufgefangen und eignet sich beispielsweise perfekt als Erg\u00e4nzung f\u00fcr M\u00fcsli, Suppen oder Salate.<\/p>\n<p>Der gepresste Saft flie\u00dft in einen weiteren 1-Liter-Beh\u00e4lter oder direkt in ein Glas. Mit seinem hochwertigen, mattschwarzen Geh\u00e4use ist dieser schlanke Slow Juicer auch optisch ein Hingucker.<\/p>\n<p>Dank der einfachen Montage mit nur wenigen Komponenten ist er sofort einsatzbereit. Dank der abnehmbaren Teile l\u00e4sst er sich nicht nur schnell und einfach reinigen, sondern auch platzsparend verstauen.<\/p>\n<p><strong>Ma\u00dfe: <\/strong>20 x 22 x 43,5 cm<strong><br \/>\n<\/strong><strong>Gewicht: <\/strong>4,72 kg<br \/>\n<strong>Leistung (Watt): <\/strong>250<br \/>\n<strong>Spannung: <\/strong>220\u2013240 V~, 50\u201360 Hz<br \/>\n<strong>U\/min: <\/strong>40<br \/>\n<strong>Steckertyp: <\/strong>Schuko-Stecker<br \/>\n<strong>Kabell\u00e4nge: <\/strong> 90 cm<\/p>\n","protected":false},"excerpt":{"rendered":"<p>CASO Design \u201eJuiceFit Pro\u201c Slow Juicer \u2013 Mehr Saft, mehr Vitamine, mehr Geschmack Der neue JuiceFit Pro Slow Juicer von<\/p>\n","protected":false},"featured_media":511301,"template":"","meta":{"_acf_changed":false,"inline_featured_image":false},"product_cat":[6868,6703],"product_tag":[11927,11943,21822],"acf":[],"yoast_head":"<!-- This site is optimized with the Yoast SEO Premium plugin v18.6 (Yoast SEO v19.13) - https:\/\/yoast.com\/wordpress\/plugins\/seo\/ -->\n<title>MAGIMIX Juice Expert 3 + Gem\u00fcseschneider Schwarz<\/title>\n<meta name=\"description\" content=\"Entdecken Sie MAGIMIX Juice Expert 3 + Gem\u00fcseschneider Schwarz bei ErresseShop. Qualit\u00e4t, Stil und Funktionalit\u00e4t \u2013 jetzt online bestellen!\" \/>\n<meta name=\"robots\" content=\"index, follow, max-snippet:-1, max-image-preview:large, max-video-preview:-1\" \/>\n<link rel=\"canonical\" href=\"https:\/\/www.erresse-shop.it\/de\/shop\/kleine-elektrogeraete\/extraktoren-und-zentrifugen\/caso-design-juicefit-pro-extraktor\/\" \/>\n<meta property=\"og:locale\" content=\"de_DE\" \/>\n<meta property=\"og:type\" content=\"article\" \/>\n<meta property=\"og:title\" content=\"CASO DESIGN JuiceFit Pro Extraktor\" \/>\n<meta property=\"og:description\" content=\"Entdecken Sie MAGIMIX Juice Expert 3 + Gem\u00fcseschneider Schwarz bei ErresseShop. Qualit\u00e4t, Stil und Funktionalit\u00e4t \u2013 jetzt online bestellen!\" \/>\n<meta property=\"og:url\" content=\"https:\/\/www.erresse-shop.it\/de\/shop\/kleine-elektrogeraete\/extraktoren-und-zentrifugen\/caso-design-juicefit-pro-extraktor\/\" \/>\n<meta property=\"og:site_name\" content=\"Erresse Shop\" \/>\n<meta property=\"article:modified_time\" content=\"2025-09-05T07:34:46+00:00\" \/>\n<meta property=\"og:image\" content=\"https:\/\/www.erresse-shop.it\/wp-content\/uploads\/2025\/09\/CASO-DESIGN-Estrattore-JuiceFit-Pro.jpg\" \/>\n\t<meta property=\"og:image:width\" content=\"1200\" \/>\n\t<meta property=\"og:image:height\" content=\"1200\" \/>\n\t<meta property=\"og:image:type\" content=\"image\/jpeg\" \/>\n<meta name=\"twitter:card\" content=\"summary_large_image\" \/>\n<script type=\"application\/ld+json\" class=\"yoast-schema-graph\">{\"@context\":\"https:\/\/schema.org\",\"@graph\":[{\"@type\":\"WebPage\",\"@id\":\"https:\/\/www.erresse-shop.it\/de\/shop\/kleine-elektrogeraete\/extraktoren-und-zentrifugen\/caso-design-juicefit-pro-extraktor\/\",\"url\":\"https:\/\/www.erresse-shop.it\/de\/shop\/kleine-elektrogeraete\/extraktoren-und-zentrifugen\/caso-design-juicefit-pro-extraktor\/\",\"name\":\"MAGIMIX Juice Expert 3 + Gem\u00fcseschneider Schwarz\",\"isPartOf\":{\"@id\":\"https:\/\/www.erresse-shop.it\/de\/#website\"},\"datePublished\":\"2025-09-05T07:16:47+00:00\",\"dateModified\":\"2025-09-05T07:34:46+00:00\",\"description\":\"Entdecken Sie MAGIMIX Juice Expert 3 + Gem\u00fcseschneider Schwarz bei ErresseShop. Qualit\u00e4t, Stil und Funktionalit\u00e4t \u2013 jetzt online bestellen!\",\"breadcrumb\":{\"@id\":\"https:\/\/www.erresse-shop.it\/de\/shop\/kleine-elektrogeraete\/extraktoren-und-zentrifugen\/caso-design-juicefit-pro-extraktor\/#breadcrumb\"},\"inLanguage\":\"de-DE\",\"potentialAction\":[{\"@type\":\"ReadAction\",\"target\":[\"https:\/\/www.erresse-shop.it\/de\/shop\/kleine-elektrogeraete\/extraktoren-und-zentrifugen\/caso-design-juicefit-pro-extraktor\/\"]}]},{\"@type\":\"BreadcrumbList\",\"@id\":\"https:\/\/www.erresse-shop.it\/de\/shop\/kleine-elektrogeraete\/extraktoren-und-zentrifugen\/caso-design-juicefit-pro-extraktor\/#breadcrumb\",\"itemListElement\":[{\"@type\":\"ListItem\",\"position\":1,\"name\":\"Home\",\"item\":\"https:\/\/www.erresse-shop.it\/de\/\"},{\"@type\":\"ListItem\",\"position\":2,\"name\":\"Shop\",\"item\":\"https:\/\/www.erresse-shop.it\/de\/shop\/\"},{\"@type\":\"ListItem\",\"position\":3,\"name\":\"CASO DESIGN JuiceFit Pro Extraktor\"}]},{\"@type\":\"WebSite\",\"@id\":\"https:\/\/www.erresse-shop.it\/de\/#website\",\"url\":\"https:\/\/www.erresse-shop.it\/de\/\",\"name\":\"Erresse Shop\",\"description\":\"Articoli di qualit\u00e0 per la casa\",\"potentialAction\":[{\"@type\":\"SearchAction\",\"target\":{\"@type\":\"EntryPoint\",\"urlTemplate\":\"https:\/\/www.erresse-shop.it\/de\/?s={search_term_string}\"},\"query-input\":\"required name=search_term_string\"}],\"inLanguage\":\"de-DE\"}]}<\/script>\n<!-- \/ Yoast SEO Premium plugin. -->","yoast_head_json":{"title":"MAGIMIX Juice Expert 3 + Gem\u00fcseschneider Schwarz","description":"Entdecken Sie MAGIMIX Juice Expert 3 + Gem\u00fcseschneider Schwarz bei ErresseShop. Qualit\u00e4t, Stil und Funktionalit\u00e4t \u2013 jetzt online bestellen!","robots":{"index":"index","follow":"follow","max-snippet":"max-snippet:-1","max-image-preview":"max-image-preview:large","max-video-preview":"max-video-preview:-1"},"canonical":"https:\/\/www.erresse-shop.it\/de\/shop\/kleine-elektrogeraete\/extraktoren-und-zentrifugen\/caso-design-juicefit-pro-extraktor\/","og_locale":"de_DE","og_type":"article","og_title":"CASO DESIGN JuiceFit Pro Extraktor","og_description":"Entdecken Sie MAGIMIX Juice Expert 3 + Gem\u00fcseschneider Schwarz bei ErresseShop. Qualit\u00e4t, Stil und Funktionalit\u00e4t \u2013 jetzt online bestellen!","og_url":"https:\/\/www.erresse-shop.it\/de\/shop\/kleine-elektrogeraete\/extraktoren-und-zentrifugen\/caso-design-juicefit-pro-extraktor\/","og_site_name":"Erresse Shop","article_modified_time":"2025-09-05T07:34:46+00:00","og_image":[{"width":1200,"height":1200,"url":"https:\/\/www.erresse-shop.it\/wp-content\/uploads\/2025\/09\/CASO-DESIGN-Estrattore-JuiceFit-Pro.jpg","type":"image\/jpeg"}],"twitter_card":"summary_large_image","schema":{"@context":"https:\/\/schema.org","@graph":[{"@type":"WebPage","@id":"https:\/\/www.erresse-shop.it\/de\/shop\/kleine-elektrogeraete\/extraktoren-und-zentrifugen\/caso-design-juicefit-pro-extraktor\/","url":"https:\/\/www.erresse-shop.it\/de\/shop\/kleine-elektrogeraete\/extraktoren-und-zentrifugen\/caso-design-juicefit-pro-extraktor\/","name":"MAGIMIX Juice Expert 3 + Gem\u00fcseschneider Schwarz","isPartOf":{"@id":"https:\/\/www.erresse-shop.it\/de\/#website"},"datePublished":"2025-09-05T07:16:47+00:00","dateModified":"2025-09-05T07:34:46+00:00","description":"Entdecken Sie MAGIMIX Juice Expert 3 + Gem\u00fcseschneider Schwarz bei ErresseShop. Qualit\u00e4t, Stil und Funktionalit\u00e4t \u2013 jetzt online bestellen!","breadcrumb":{"@id":"https:\/\/www.erresse-shop.it\/de\/shop\/kleine-elektrogeraete\/extraktoren-und-zentrifugen\/caso-design-juicefit-pro-extraktor\/#breadcrumb"},"inLanguage":"de-DE","potentialAction":[{"@type":"ReadAction","target":["https:\/\/www.erresse-shop.it\/de\/shop\/kleine-elektrogeraete\/extraktoren-und-zentrifugen\/caso-design-juicefit-pro-extraktor\/"]}]},{"@type":"BreadcrumbList","@id":"https:\/\/www.erresse-shop.it\/de\/shop\/kleine-elektrogeraete\/extraktoren-und-zentrifugen\/caso-design-juicefit-pro-extraktor\/#breadcrumb","itemListElement":[{"@type":"ListItem","position":1,"name":"Home","item":"https:\/\/www.erresse-shop.it\/de\/"},{"@type":"ListItem","position":2,"name":"Shop","item":"https:\/\/www.erresse-shop.it\/de\/shop\/"},{"@type":"ListItem","position":3,"name":"CASO DESIGN JuiceFit Pro Extraktor"}]},{"@type":"WebSite","@id":"https:\/\/www.erresse-shop.it\/de\/#website","url":"https:\/\/www.erresse-shop.it\/de\/","name":"Erresse Shop","description":"Articoli di qualit\u00e0 per la casa","potentialAction":[{"@type":"SearchAction","target":{"@type":"EntryPoint","urlTemplate":"https:\/\/www.erresse-shop.it\/de\/?s={search_term_string}"},"query-input":"required name=search_term_string"}],"inLanguage":"de-DE"}]}},"df_price":199.99,"df_sale_price":199.99,"df_regular_price":199.99,"df_image_link":"https:\/\/www.erresse-shop.it\/wp-content\/uploads\/2025\/09\/CASO-DESIGN-Estrattore-JuiceFit-Pro-300x300.jpg","_links":{"self":[{"href":"https:\/\/www.erresse-shop.it\/de\/wp-json\/wp\/v2\/product\/511270"}],"collection":[{"href":"https:\/\/www.erresse-shop.it\/de\/wp-json\/wp\/v2\/product"}],"about":[{"href":"https:\/\/www.erresse-shop.it\/de\/wp-json\/wp\/v2\/types\/product"}],"wp:featuredmedia":[{"embeddable":true,"href":"https:\/\/www.erresse-shop.it\/de\/wp-json\/wp\/v2\/media\/511301"}],"wp:attachment":[{"href":"https:\/\/www.erresse-shop.it\/de\/wp-json\/wp\/v2\/media?parent=511270"}],"wp:term":[{"taxonomy":"product_cat","embeddable":true,"href":"https:\/\/www.erresse-shop.it\/de\/wp-json\/wp\/v2\/product_cat?post=511270"},{"taxonomy":"product_tag","embeddable":true,"href":"https:\/\/www.erresse-shop.it\/de\/wp-json\/wp\/v2\/product_tag?post=511270"}],"curies":[{"name":"wp","href":"https:\/\/api.w.org\/{rel}","templated":true}]}}