{"id":511186,"date":"2025-09-04T13:29:10","date_gmt":"2025-09-04T13:29:12","guid":{"rendered":"https:\/\/www.erresse-shop.it\/?post_type=product&#038;p=511186"},"modified":"2025-09-04T13:46:46","modified_gmt":"2025-09-04T13:46:46","slug":"caso-design-mikrowelle-mg-25-ecostyle-ceramic","status":"publish","type":"product","link":"https:\/\/www.erresse-shop.it\/de\/shop\/kleine-elektrogeraete\/oefen\/caso-design-mikrowelle-mg-25-ecostyle-ceramic\/","title":{"rendered":"CASO DESIGN Mikrowelle MG 25 Ecostyle Ceramic"},"content":{"rendered":"<p><strong>Testsieger: CASO Design MG 25 Ecostyle Ceramic. Herausragende Leistung mit Mikrowelle und Grill<\/strong><\/p>\n<p>Die Caso MG 25 Ecostyle Ceramic Mikrowelle erweist sich als echter Testsieger.<\/p>\n<p>Im renommierten \u201eHaus &#038; Garten Test\u201c Ausgabe 5\/2022 erhielt dieses Kombiger\u00e4t die hervorragende Note 1,3 und best\u00e4tigte damit seine hervorragende Leistung und hohe Produktqualit\u00e4t.<\/p>\n<p>Mit seiner innovativen Technologie und seinem eleganten Design ist der MG 25 Ecostyle Ceramic die ideale Erg\u00e4nzung f\u00fcr jede moderne K\u00fcche.<\/p>\n<p><strong>Innovatives Design f\u00fcr optimale Ergebnisse<\/strong><\/p>\n<p>Das Besondere am MG 25 Ecostyle Ceramic ist sein hochwertiger, hitzebest\u00e4ndiger Borosilikatglasboden, der f\u00fcr eine gleichm\u00e4\u00dfige Mikrowellenverteilung sorgt. Dadurch werden Speisen optimal erhitzt, ohne dass ein Drehteller erforderlich ist. Dadurch entsteht eine deutlich gr\u00f6\u00dfere nutzbare Oberfl\u00e4che \u2013 ideal f\u00fcr gro\u00dfe, quadratische Auflaufformen. Das glatte Glasdesign erleichtert zudem die Reinigung und sorgt f\u00fcr einen stets hygienischen Garraum.<\/p>\n<p><strong>Leistungsstarker Garraum f\u00fcr vielseitige Anwendungen<\/strong><\/p>\n<p>Mit einem Garraumvolumen von ca. 25 Litern bietet die MG 25 Ecostyle Ceramic ausreichend Platz f\u00fcr die Zubereitung vielf\u00e4ltiger Gerichte.<\/p>\n<p>Die Mikrowelle verf\u00fcgt \u00fcber einen leistungsstarken 900-Watt-Backofen, w\u00e4hrend der integrierte 1000-Watt-Quarzgrill f\u00fcr gleichm\u00e4\u00dfiges Br\u00e4unen ohne Vorheizen sorgt.<\/p>\n<p>Dank innovativer Technologie k\u00f6nnen Sie auf bis zu zwei Ebenen gleichzeitig garen \u2013 besonders praktisch f\u00fcr gr\u00f6\u00dfere Mahlzeiten.<\/p>\n<p><strong>Intuitive Steuerung und vielseitige Programme<\/strong><\/p>\n<p>Der intuitive Bedienknopf macht die Bedienung der MG 25 Ecostyle Ceramic kinderleicht.<\/p>\n<p>Mit f\u00fcnf verschiedenen Mikrowelleneinstellungen, drei Kombinationsprogrammen (Mikrowelle + Grill) und einem reinen Grillprogramm sind Sie f\u00fcr jede kulinarische Herausforderung bestens ger\u00fcstet.<\/p>\n<p>Der pr\u00e4zise 30-Minuten-Timer mit Garzeitende-Signal sorgt f\u00fcr perfekte Garergebnisse und verhindert R\u00e4tselraten beim Kochen.<\/p>\n<p><strong>Abmessungen:<\/strong>42 x 50 x 29<br \/>\n<strong>Gewicht:<\/strong>13,9 kg<br \/>\n<strong>Grill (Watt):<\/strong>1000<strong><br \/>\nMikrowelle (Watt):<\/strong>900<strong><br \/>\nSpannung:<\/strong>230 V~, 50 Hz, 230\u2013240 V~, 50 Hz<\/p>\n","protected":false},"excerpt":{"rendered":"<p>Testsieger: CASO Design MG 25 Ecostyle Ceramic. Herausragende Leistung mit Mikrowelle und Grill Die Caso MG 25 Ecostyle Ceramic Mikrowelle<\/p>\n","protected":false},"featured_media":511194,"template":"","meta":{"_acf_changed":false,"inline_featured_image":false},"product_cat":[6703,15659],"product_tag":[11415,24416,11555,12211,11718,21084],"acf":[],"yoast_head":"<!-- This site is optimized with the Yoast SEO Premium plugin v18.6 (Yoast SEO v19.13) - https:\/\/yoast.com\/wordpress\/plugins\/seo\/ -->\n<title>MAGIMIX Gelato Expert<\/title>\n<meta name=\"description\" content=\"Entdecken Sie MAGIMIX Gelato Expert bei ErresseShop. Qualit\u00e4t, Stil und Funktionalit\u00e4t \u2013 jetzt online bestellen!\" \/>\n<meta name=\"robots\" content=\"index, follow, max-snippet:-1, max-image-preview:large, max-video-preview:-1\" \/>\n<link rel=\"canonical\" href=\"https:\/\/www.erresse-shop.it\/de\/shop\/kleine-elektrogeraete\/oefen\/caso-design-mikrowelle-mg-25-ecostyle-ceramic\/\" \/>\n<meta property=\"og:locale\" content=\"de_DE\" \/>\n<meta property=\"og:type\" content=\"article\" \/>\n<meta property=\"og:title\" content=\"CASO DESIGN Mikrowelle MG 25 Ecostyle Ceramic\" \/>\n<meta property=\"og:description\" content=\"Entdecken Sie MAGIMIX Gelato Expert bei ErresseShop. Qualit\u00e4t, Stil und Funktionalit\u00e4t \u2013 jetzt online bestellen!\" \/>\n<meta property=\"og:url\" content=\"https:\/\/www.erresse-shop.it\/de\/shop\/kleine-elektrogeraete\/oefen\/caso-design-mikrowelle-mg-25-ecostyle-ceramic\/\" \/>\n<meta property=\"og:site_name\" content=\"Erresse Shop\" \/>\n<meta property=\"article:modified_time\" content=\"2025-09-04T13:46:46+00:00\" \/>\n<meta property=\"og:image\" content=\"https:\/\/www.erresse-shop.it\/wp-content\/uploads\/2025\/09\/CASO-DESIGN-Microonde-MG-25-Ecostyle-Ceramic.jpg\" \/>\n\t<meta property=\"og:image:width\" content=\"1200\" \/>\n\t<meta property=\"og:image:height\" content=\"1200\" \/>\n\t<meta property=\"og:image:type\" content=\"image\/jpeg\" \/>\n<meta name=\"twitter:card\" content=\"summary_large_image\" \/>\n<script type=\"application\/ld+json\" class=\"yoast-schema-graph\">{\"@context\":\"https:\/\/schema.org\",\"@graph\":[{\"@type\":\"WebPage\",\"@id\":\"https:\/\/www.erresse-shop.it\/de\/shop\/kleine-elektrogeraete\/oefen\/caso-design-mikrowelle-mg-25-ecostyle-ceramic\/\",\"url\":\"https:\/\/www.erresse-shop.it\/de\/shop\/kleine-elektrogeraete\/oefen\/caso-design-mikrowelle-mg-25-ecostyle-ceramic\/\",\"name\":\"MAGIMIX Gelato Expert\",\"isPartOf\":{\"@id\":\"https:\/\/www.erresse-shop.it\/de\/#website\"},\"datePublished\":\"2025-09-04T13:29:12+00:00\",\"dateModified\":\"2025-09-04T13:46:46+00:00\",\"description\":\"Entdecken Sie MAGIMIX Gelato Expert bei ErresseShop. Qualit\u00e4t, Stil und Funktionalit\u00e4t \u2013 jetzt online bestellen!\",\"breadcrumb\":{\"@id\":\"https:\/\/www.erresse-shop.it\/de\/shop\/kleine-elektrogeraete\/oefen\/caso-design-mikrowelle-mg-25-ecostyle-ceramic\/#breadcrumb\"},\"inLanguage\":\"de-DE\",\"potentialAction\":[{\"@type\":\"ReadAction\",\"target\":[\"https:\/\/www.erresse-shop.it\/de\/shop\/kleine-elektrogeraete\/oefen\/caso-design-mikrowelle-mg-25-ecostyle-ceramic\/\"]}]},{\"@type\":\"BreadcrumbList\",\"@id\":\"https:\/\/www.erresse-shop.it\/de\/shop\/kleine-elektrogeraete\/oefen\/caso-design-mikrowelle-mg-25-ecostyle-ceramic\/#breadcrumb\",\"itemListElement\":[{\"@type\":\"ListItem\",\"position\":1,\"name\":\"Home\",\"item\":\"https:\/\/www.erresse-shop.it\/de\/\"},{\"@type\":\"ListItem\",\"position\":2,\"name\":\"Shop\",\"item\":\"https:\/\/www.erresse-shop.it\/de\/shop\/\"},{\"@type\":\"ListItem\",\"position\":3,\"name\":\"CASO DESIGN Mikrowelle MG 25 Ecostyle Ceramic\"}]},{\"@type\":\"WebSite\",\"@id\":\"https:\/\/www.erresse-shop.it\/de\/#website\",\"url\":\"https:\/\/www.erresse-shop.it\/de\/\",\"name\":\"Erresse Shop\",\"description\":\"Articoli di qualit\u00e0 per la casa\",\"potentialAction\":[{\"@type\":\"SearchAction\",\"target\":{\"@type\":\"EntryPoint\",\"urlTemplate\":\"https:\/\/www.erresse-shop.it\/de\/?s={search_term_string}\"},\"query-input\":\"required name=search_term_string\"}],\"inLanguage\":\"de-DE\"}]}<\/script>\n<!-- \/ Yoast SEO Premium plugin. -->","yoast_head_json":{"title":"MAGIMIX Gelato Expert","description":"Entdecken Sie MAGIMIX Gelato Expert bei ErresseShop. Qualit\u00e4t, Stil und Funktionalit\u00e4t \u2013 jetzt online bestellen!","robots":{"index":"index","follow":"follow","max-snippet":"max-snippet:-1","max-image-preview":"max-image-preview:large","max-video-preview":"max-video-preview:-1"},"canonical":"https:\/\/www.erresse-shop.it\/de\/shop\/kleine-elektrogeraete\/oefen\/caso-design-mikrowelle-mg-25-ecostyle-ceramic\/","og_locale":"de_DE","og_type":"article","og_title":"CASO DESIGN Mikrowelle MG 25 Ecostyle Ceramic","og_description":"Entdecken Sie MAGIMIX Gelato Expert bei ErresseShop. Qualit\u00e4t, Stil und Funktionalit\u00e4t \u2013 jetzt online bestellen!","og_url":"https:\/\/www.erresse-shop.it\/de\/shop\/kleine-elektrogeraete\/oefen\/caso-design-mikrowelle-mg-25-ecostyle-ceramic\/","og_site_name":"Erresse Shop","article_modified_time":"2025-09-04T13:46:46+00:00","og_image":[{"width":1200,"height":1200,"url":"https:\/\/www.erresse-shop.it\/wp-content\/uploads\/2025\/09\/CASO-DESIGN-Microonde-MG-25-Ecostyle-Ceramic.jpg","type":"image\/jpeg"}],"twitter_card":"summary_large_image","schema":{"@context":"https:\/\/schema.org","@graph":[{"@type":"WebPage","@id":"https:\/\/www.erresse-shop.it\/de\/shop\/kleine-elektrogeraete\/oefen\/caso-design-mikrowelle-mg-25-ecostyle-ceramic\/","url":"https:\/\/www.erresse-shop.it\/de\/shop\/kleine-elektrogeraete\/oefen\/caso-design-mikrowelle-mg-25-ecostyle-ceramic\/","name":"MAGIMIX Gelato Expert","isPartOf":{"@id":"https:\/\/www.erresse-shop.it\/de\/#website"},"datePublished":"2025-09-04T13:29:12+00:00","dateModified":"2025-09-04T13:46:46+00:00","description":"Entdecken Sie MAGIMIX Gelato Expert bei ErresseShop. Qualit\u00e4t, Stil und Funktionalit\u00e4t \u2013 jetzt online bestellen!","breadcrumb":{"@id":"https:\/\/www.erresse-shop.it\/de\/shop\/kleine-elektrogeraete\/oefen\/caso-design-mikrowelle-mg-25-ecostyle-ceramic\/#breadcrumb"},"inLanguage":"de-DE","potentialAction":[{"@type":"ReadAction","target":["https:\/\/www.erresse-shop.it\/de\/shop\/kleine-elektrogeraete\/oefen\/caso-design-mikrowelle-mg-25-ecostyle-ceramic\/"]}]},{"@type":"BreadcrumbList","@id":"https:\/\/www.erresse-shop.it\/de\/shop\/kleine-elektrogeraete\/oefen\/caso-design-mikrowelle-mg-25-ecostyle-ceramic\/#breadcrumb","itemListElement":[{"@type":"ListItem","position":1,"name":"Home","item":"https:\/\/www.erresse-shop.it\/de\/"},{"@type":"ListItem","position":2,"name":"Shop","item":"https:\/\/www.erresse-shop.it\/de\/shop\/"},{"@type":"ListItem","position":3,"name":"CASO DESIGN Mikrowelle MG 25 Ecostyle Ceramic"}]},{"@type":"WebSite","@id":"https:\/\/www.erresse-shop.it\/de\/#website","url":"https:\/\/www.erresse-shop.it\/de\/","name":"Erresse Shop","description":"Articoli di qualit\u00e0 per la casa","potentialAction":[{"@type":"SearchAction","target":{"@type":"EntryPoint","urlTemplate":"https:\/\/www.erresse-shop.it\/de\/?s={search_term_string}"},"query-input":"required name=search_term_string"}],"inLanguage":"de-DE"}]}},"df_price":169.99,"df_sale_price":169.99,"df_regular_price":169.99,"df_image_link":"https:\/\/www.erresse-shop.it\/wp-content\/uploads\/2025\/09\/CASO-DESIGN-Microonde-MG-25-Ecostyle-Ceramic-300x300.jpg","_links":{"self":[{"href":"https:\/\/www.erresse-shop.it\/de\/wp-json\/wp\/v2\/product\/511186"}],"collection":[{"href":"https:\/\/www.erresse-shop.it\/de\/wp-json\/wp\/v2\/product"}],"about":[{"href":"https:\/\/www.erresse-shop.it\/de\/wp-json\/wp\/v2\/types\/product"}],"wp:featuredmedia":[{"embeddable":true,"href":"https:\/\/www.erresse-shop.it\/de\/wp-json\/wp\/v2\/media\/511194"}],"wp:attachment":[{"href":"https:\/\/www.erresse-shop.it\/de\/wp-json\/wp\/v2\/media?parent=511186"}],"wp:term":[{"taxonomy":"product_cat","embeddable":true,"href":"https:\/\/www.erresse-shop.it\/de\/wp-json\/wp\/v2\/product_cat?post=511186"},{"taxonomy":"product_tag","embeddable":true,"href":"https:\/\/www.erresse-shop.it\/de\/wp-json\/wp\/v2\/product_tag?post=511186"}],"curies":[{"name":"wp","href":"https:\/\/api.w.org\/{rel}","templated":true}]}}