{"id":511173,"date":"2025-09-04T12:59:50","date_gmt":"2025-09-04T12:59:50","guid":{"rendered":"https:\/\/www.erresse-shop.it\/?post_type=product&#038;p=511173"},"modified":"2025-09-04T13:20:14","modified_gmt":"2025-09-04T13:20:14","slug":"caso-design-mikrowelle-mg-20-ceramic-menu","status":"publish","type":"product","link":"https:\/\/www.erresse-shop.it\/de\/shop\/kleine-elektrogeraete\/oefen\/caso-design-mikrowelle-mg-20-ceramic-menu\/","title":{"rendered":"CASO DESIGN Mikrowelle MG 20 Ceramic Menu"},"content":{"rendered":"<p><strong>CASO MG 20 Ceramic Menu: Kochvergn\u00fcgen auf Knopfdruck<\/strong><\/p>\n<p>Mit seinem ger\u00e4umigen 20-Liter-Garraum und dem hochwertigen Edelstahl-Innenraum wird jede Zubereitung zum Vergn\u00fcgen.<\/p>\n<p>Die erstklassige Verarbeitung und das durchdachte Bedienkonzept wurden bereits von Haus &#038; Garten Test mit der Note 2,0 (gut) ausgezeichnet und best\u00e4tigen die au\u00dfergew\u00f6hnliche Qualit\u00e4t.<\/p>\n<p><strong>Innovative Technologie f\u00fcr gleichm\u00e4\u00dfiges Garen<\/strong><\/p>\n<p>Dank des flachen Borosilikatglasbodens mit Mikrowellenreflektor wird die Hitze optimal im Garraum verteilt.<\/p>\n<p>Das sorgt f\u00fcr besonders gleichm\u00e4\u00dfiges Erhitzen und Garen ohne Drehteller. Dies erm\u00f6glicht die Verwendung von quadratischen Backblechen und bietet mehr Platz f\u00fcr gr\u00f6\u00dfere Gerichte.<\/p>\n<p>Ob knackiges Gem\u00fcse, saftiges Fleisch oder perfekt geschmolzener K\u00e4se \u2013 diese Mikrowelle bereitet jedes Gericht perfekt zu.<\/p>\n<p><strong>Leistungsstark und vielseitig<\/strong><\/p>\n<p>Mit 800 Watt Mikrowellenleistung und 1000 Watt Grillfunktion bietet die CASO MG 20 Ceramic Menu zahlreiche Zubereitungsm\u00f6glichkeiten.<\/p>\n<p>F\u00fcnf Leistungsstufen und 14 automatische Garprogramme garantieren maximale Flexibilit\u00e4t: vom Schnellauftauen \u00fcber schonendes Garen bis hin zum knusprigen Gratinieren.<\/p>\n<p>Zus\u00e4tzlich stehen zwei Kombiprogramme zur Verf\u00fcgung, die Mikrowellen- und Grillfunktionen perfekt kombinieren. So wird jedes Gericht mit minimalem Aufwand zum Genuss.<\/p>\n<p><strong>Doppelte Effizienz mit dem praktischen Ausziehgrill<\/strong><\/p>\n<p>Besonders praktisch ist der mitgelieferte Grill, mit dem Sie auf zwei Ebenen gleichzeitig auftauen und garen k\u00f6nnen.<\/p>\n<p>So sparen Sie wertvolle Zeit und nutzen Ihre Mikrowelle noch effizienter. Ob mehrere Portionen oder verschiedene Gerichte \u2013 mit der CASO MG 20 Ceramic Menu gelingen Mahlzeiten schnell und einfach.<\/p>\n<p>Komfortable Bedienung und anpassbare Funktionen<br \/>\nDie Mikrowelle verf\u00fcgt \u00fcber ein digitales Display mit Uhr und Timer f\u00fcr eine pr\u00e4zise Steuerung.<\/p>\n<p>Besonders praktisch ist die individuell einstellbare Soundfunktion: Wer einen leisen Betrieb bevorzugt, kann die Signalt\u00f6ne einfach abschalten \u2013 ideal f\u00fcr Familien mit Kindern oder zum Kochen bis sp\u00e4t in die Nacht.<\/p>\n<p>Das intuitive Bedienfeld erm\u00f6glicht eine schnelle und einfache Einrichtung aller Programme.<\/p>\n<p><strong>Leicht zu reinigen und elegantes Design<\/strong><\/p>\n<p>Hygiene und Wartungsfreundlichkeit stehen bei der CASO MG 20 Ceramic Menu an erster Stelle.<\/p>\n<p>Der Edelstahl-Innenraum ist besonders leicht zu reinigen, w\u00e4hrend der glatte Glasboden die Reinigung vereinfacht. Da kein Drehteller vorhanden ist, gibt es keine versteckten Ecken, in denen sich Speisereste ansammeln k\u00f6nnen.<\/p>\n<p>Mit ihrem modernen und eleganten Design wird die Mikrowelle zum Hingucker in jeder K\u00fcche.<\/p>\n<p><strong>Ma\u00dfe:<\/strong> 40 x 46 x 27 cm<br \/>\n<strong>Gewicht:<\/strong> 12,3 kg<br \/>\n<strong>Grill (Watt): 1<\/strong>000<br \/>\n<strong>Mikrowelle (Watt):<\/strong> 800<br \/>\n<strong>Spannung:<\/strong> 230\u2013240 V~, 50 Hz<\/p>\n","protected":false},"excerpt":{"rendered":"<p>CASO MG 20 Ceramic Menu: Kochvergn\u00fcgen auf Knopfdruck Mit seinem ger\u00e4umigen 20-Liter-Garraum und dem hochwertigen Edelstahl-Innenraum wird jede Zubereitung zum<\/p>\n","protected":false},"featured_media":511181,"template":"","meta":{"_acf_changed":false,"inline_featured_image":false},"product_cat":[6703,15659],"product_tag":[11415,24416,11555,12211,11718,21084],"acf":[],"yoast_head":"<!-- This site is optimized with the Yoast SEO Premium plugin v18.6 (Yoast SEO v19.13) - https:\/\/yoast.com\/wordpress\/plugins\/seo\/ -->\n<title>MAGIMIX Gelato Expert<\/title>\n<meta name=\"description\" content=\"Entdecken Sie MAGIMIX Gelato Expert bei ErresseShop. Qualit\u00e4t, Stil und Funktionalit\u00e4t \u2013 jetzt online bestellen!\" \/>\n<meta name=\"robots\" content=\"index, follow, max-snippet:-1, max-image-preview:large, max-video-preview:-1\" \/>\n<link rel=\"canonical\" href=\"https:\/\/www.erresse-shop.it\/de\/shop\/kleine-elektrogeraete\/oefen\/caso-design-mikrowelle-mg-20-ceramic-menu\/\" \/>\n<meta property=\"og:locale\" content=\"de_DE\" \/>\n<meta property=\"og:type\" content=\"article\" \/>\n<meta property=\"og:title\" content=\"CASO DESIGN Mikrowelle MG 20 Ceramic Menu\" \/>\n<meta property=\"og:description\" content=\"Entdecken Sie MAGIMIX Gelato Expert bei ErresseShop. Qualit\u00e4t, Stil und Funktionalit\u00e4t \u2013 jetzt online bestellen!\" \/>\n<meta property=\"og:url\" content=\"https:\/\/www.erresse-shop.it\/de\/shop\/kleine-elektrogeraete\/oefen\/caso-design-mikrowelle-mg-20-ceramic-menu\/\" \/>\n<meta property=\"og:site_name\" content=\"Erresse Shop\" \/>\n<meta property=\"article:modified_time\" content=\"2025-09-04T13:20:14+00:00\" \/>\n<meta property=\"og:image\" content=\"https:\/\/www.erresse-shop.it\/wp-content\/uploads\/2025\/09\/CASO-DESIGN-Microonde-MG-20-Ceramic-Menu.jpg\" \/>\n\t<meta property=\"og:image:width\" content=\"1200\" \/>\n\t<meta property=\"og:image:height\" content=\"1200\" \/>\n\t<meta property=\"og:image:type\" content=\"image\/jpeg\" \/>\n<meta name=\"twitter:card\" content=\"summary_large_image\" \/>\n<script type=\"application\/ld+json\" class=\"yoast-schema-graph\">{\"@context\":\"https:\/\/schema.org\",\"@graph\":[{\"@type\":\"WebPage\",\"@id\":\"https:\/\/www.erresse-shop.it\/de\/shop\/kleine-elektrogeraete\/oefen\/caso-design-mikrowelle-mg-20-ceramic-menu\/\",\"url\":\"https:\/\/www.erresse-shop.it\/de\/shop\/kleine-elektrogeraete\/oefen\/caso-design-mikrowelle-mg-20-ceramic-menu\/\",\"name\":\"MAGIMIX Gelato Expert\",\"isPartOf\":{\"@id\":\"https:\/\/www.erresse-shop.it\/de\/#website\"},\"datePublished\":\"2025-09-04T12:59:50+00:00\",\"dateModified\":\"2025-09-04T13:20:14+00:00\",\"description\":\"Entdecken Sie MAGIMIX Gelato Expert bei ErresseShop. Qualit\u00e4t, Stil und Funktionalit\u00e4t \u2013 jetzt online bestellen!\",\"breadcrumb\":{\"@id\":\"https:\/\/www.erresse-shop.it\/de\/shop\/kleine-elektrogeraete\/oefen\/caso-design-mikrowelle-mg-20-ceramic-menu\/#breadcrumb\"},\"inLanguage\":\"de-DE\",\"potentialAction\":[{\"@type\":\"ReadAction\",\"target\":[\"https:\/\/www.erresse-shop.it\/de\/shop\/kleine-elektrogeraete\/oefen\/caso-design-mikrowelle-mg-20-ceramic-menu\/\"]}]},{\"@type\":\"BreadcrumbList\",\"@id\":\"https:\/\/www.erresse-shop.it\/de\/shop\/kleine-elektrogeraete\/oefen\/caso-design-mikrowelle-mg-20-ceramic-menu\/#breadcrumb\",\"itemListElement\":[{\"@type\":\"ListItem\",\"position\":1,\"name\":\"Home\",\"item\":\"https:\/\/www.erresse-shop.it\/de\/\"},{\"@type\":\"ListItem\",\"position\":2,\"name\":\"Shop\",\"item\":\"https:\/\/www.erresse-shop.it\/de\/shop\/\"},{\"@type\":\"ListItem\",\"position\":3,\"name\":\"CASO DESIGN Mikrowelle MG 20 Ceramic Menu\"}]},{\"@type\":\"WebSite\",\"@id\":\"https:\/\/www.erresse-shop.it\/de\/#website\",\"url\":\"https:\/\/www.erresse-shop.it\/de\/\",\"name\":\"Erresse Shop\",\"description\":\"Articoli di qualit\u00e0 per la casa\",\"potentialAction\":[{\"@type\":\"SearchAction\",\"target\":{\"@type\":\"EntryPoint\",\"urlTemplate\":\"https:\/\/www.erresse-shop.it\/de\/?s={search_term_string}\"},\"query-input\":\"required name=search_term_string\"}],\"inLanguage\":\"de-DE\"}]}<\/script>\n<!-- \/ Yoast SEO Premium plugin. -->","yoast_head_json":{"title":"MAGIMIX Gelato Expert","description":"Entdecken Sie MAGIMIX Gelato Expert bei ErresseShop. Qualit\u00e4t, Stil und Funktionalit\u00e4t \u2013 jetzt online bestellen!","robots":{"index":"index","follow":"follow","max-snippet":"max-snippet:-1","max-image-preview":"max-image-preview:large","max-video-preview":"max-video-preview:-1"},"canonical":"https:\/\/www.erresse-shop.it\/de\/shop\/kleine-elektrogeraete\/oefen\/caso-design-mikrowelle-mg-20-ceramic-menu\/","og_locale":"de_DE","og_type":"article","og_title":"CASO DESIGN Mikrowelle MG 20 Ceramic Menu","og_description":"Entdecken Sie MAGIMIX Gelato Expert bei ErresseShop. Qualit\u00e4t, Stil und Funktionalit\u00e4t \u2013 jetzt online bestellen!","og_url":"https:\/\/www.erresse-shop.it\/de\/shop\/kleine-elektrogeraete\/oefen\/caso-design-mikrowelle-mg-20-ceramic-menu\/","og_site_name":"Erresse Shop","article_modified_time":"2025-09-04T13:20:14+00:00","og_image":[{"width":1200,"height":1200,"url":"https:\/\/www.erresse-shop.it\/wp-content\/uploads\/2025\/09\/CASO-DESIGN-Microonde-MG-20-Ceramic-Menu.jpg","type":"image\/jpeg"}],"twitter_card":"summary_large_image","schema":{"@context":"https:\/\/schema.org","@graph":[{"@type":"WebPage","@id":"https:\/\/www.erresse-shop.it\/de\/shop\/kleine-elektrogeraete\/oefen\/caso-design-mikrowelle-mg-20-ceramic-menu\/","url":"https:\/\/www.erresse-shop.it\/de\/shop\/kleine-elektrogeraete\/oefen\/caso-design-mikrowelle-mg-20-ceramic-menu\/","name":"MAGIMIX Gelato Expert","isPartOf":{"@id":"https:\/\/www.erresse-shop.it\/de\/#website"},"datePublished":"2025-09-04T12:59:50+00:00","dateModified":"2025-09-04T13:20:14+00:00","description":"Entdecken Sie MAGIMIX Gelato Expert bei ErresseShop. Qualit\u00e4t, Stil und Funktionalit\u00e4t \u2013 jetzt online bestellen!","breadcrumb":{"@id":"https:\/\/www.erresse-shop.it\/de\/shop\/kleine-elektrogeraete\/oefen\/caso-design-mikrowelle-mg-20-ceramic-menu\/#breadcrumb"},"inLanguage":"de-DE","potentialAction":[{"@type":"ReadAction","target":["https:\/\/www.erresse-shop.it\/de\/shop\/kleine-elektrogeraete\/oefen\/caso-design-mikrowelle-mg-20-ceramic-menu\/"]}]},{"@type":"BreadcrumbList","@id":"https:\/\/www.erresse-shop.it\/de\/shop\/kleine-elektrogeraete\/oefen\/caso-design-mikrowelle-mg-20-ceramic-menu\/#breadcrumb","itemListElement":[{"@type":"ListItem","position":1,"name":"Home","item":"https:\/\/www.erresse-shop.it\/de\/"},{"@type":"ListItem","position":2,"name":"Shop","item":"https:\/\/www.erresse-shop.it\/de\/shop\/"},{"@type":"ListItem","position":3,"name":"CASO DESIGN Mikrowelle MG 20 Ceramic Menu"}]},{"@type":"WebSite","@id":"https:\/\/www.erresse-shop.it\/de\/#website","url":"https:\/\/www.erresse-shop.it\/de\/","name":"Erresse Shop","description":"Articoli di qualit\u00e0 per la casa","potentialAction":[{"@type":"SearchAction","target":{"@type":"EntryPoint","urlTemplate":"https:\/\/www.erresse-shop.it\/de\/?s={search_term_string}"},"query-input":"required name=search_term_string"}],"inLanguage":"de-DE"}]}},"df_price":149.99,"df_sale_price":149.99,"df_regular_price":149.99,"df_image_link":"https:\/\/www.erresse-shop.it\/wp-content\/uploads\/2025\/09\/CASO-DESIGN-Microonde-MG-20-Ceramic-Menu-300x300.jpg","_links":{"self":[{"href":"https:\/\/www.erresse-shop.it\/de\/wp-json\/wp\/v2\/product\/511173"}],"collection":[{"href":"https:\/\/www.erresse-shop.it\/de\/wp-json\/wp\/v2\/product"}],"about":[{"href":"https:\/\/www.erresse-shop.it\/de\/wp-json\/wp\/v2\/types\/product"}],"wp:featuredmedia":[{"embeddable":true,"href":"https:\/\/www.erresse-shop.it\/de\/wp-json\/wp\/v2\/media\/511181"}],"wp:attachment":[{"href":"https:\/\/www.erresse-shop.it\/de\/wp-json\/wp\/v2\/media?parent=511173"}],"wp:term":[{"taxonomy":"product_cat","embeddable":true,"href":"https:\/\/www.erresse-shop.it\/de\/wp-json\/wp\/v2\/product_cat?post=511173"},{"taxonomy":"product_tag","embeddable":true,"href":"https:\/\/www.erresse-shop.it\/de\/wp-json\/wp\/v2\/product_tag?post=511173"}],"curies":[{"name":"wp","href":"https:\/\/api.w.org\/{rel}","templated":true}]}}