{"id":511159,"date":"2025-09-04T12:16:36","date_gmt":"2025-09-04T12:16:36","guid":{"rendered":"https:\/\/www.erresse-shop.it\/?post_type=product&#038;p=511159"},"modified":"2025-09-04T12:36:06","modified_gmt":"2025-09-04T12:36:06","slug":"caso-design-mikrowelle-mg-20-ecostyle-ceramic","status":"publish","type":"product","link":"https:\/\/www.erresse-shop.it\/de\/shop\/kleine-elektrogeraete\/oefen\/caso-design-mikrowelle-mg-20-ecostyle-ceramic\/","title":{"rendered":"CASO DESIGN Mikrowelle MG 20 Ecostyle Ceramic"},"content":{"rendered":"<p><strong>CASO Design MG 20 Ecostyle Ceramic: Die perfekte Kombination aus Mikrowelle und Grill<\/strong><\/p>\n<p>Die MG 20 Ecostyle Ceramic ist die ideale L\u00f6sung f\u00fcr alle, die Wert auf Effizienz und Vielseitigkeit in der K\u00fcche legen.<\/p>\n<p>Dank ihres innovativen Bodens mit Mikrowellenreflektor sorgt sie f\u00fcr optimale Erw\u00e4rmung und gleichm\u00e4\u00dfige Wellenverteilung.<\/p>\n<p>Das sorgt nicht nur f\u00fcr perfekte Garergebnisse, sondern spart auch Zeit und Energie.<\/p>\n<p>Das hochwertige, hitzebest\u00e4ndige Borosilikatglas sorgt f\u00fcr au\u00dfergew\u00f6hnliche Leistung und h\u00e4lt den t\u00e4glichen Anforderungen in der K\u00fcche problemlos stand.<\/p>\n<p><strong>Maximale Nutzfl\u00e4che ohne Drehteller<\/strong><\/p>\n<p>Einzigartig an dieser Mikrowelle ist der Verzicht auf einen Drehteller.<\/p>\n<p>Dadurch entsteht eine deutlich gr\u00f6\u00dfere Nutzfl\u00e4che, ideal insbesondere f\u00fcr gro\u00dfe, quadratische Auflaufformen.<\/p>\n<p>Der flache Boden bietet mehr Platz und Flexibilit\u00e4t beim Garen und Aufw\u00e4rmen, sodass Sie auch gr\u00f6\u00dfere Gerichte problemlos zubereiten k\u00f6nnen. Die glatte Oberfl\u00e4che ist zudem sehr pflegeleicht und vereinfacht die Reinigung erheblich, sodass Sie mehr Zeit f\u00fcr den Genuss Ihrer Gerichte haben.<\/p>\n<p><strong>Leistungsstark und vielseitig<\/strong><\/p>\n<p>Mit einer Mikrowellenleistung von 700 Watt und einer Grillleistung von 1000 Watt bietet das Modell MG 20 Ecostyle Ceramic au\u00dfergew\u00f6hnliche Leistung.<\/p>\n<p>Erw\u00e4rmen Sie Speisen nicht nur schnell und effizient, sondern bereiten Sie dank der leistungsstarken Grillfunktion auch knusprige, perfekt gebr\u00e4unte Gerichte zu.<\/p>\n<p>Der intuitive Drehregler erm\u00f6glicht eine einfache und schnelle Bedienung, w\u00e4hrend das elegante silberne Geh\u00e4use Ihrer K\u00fcche einen modernen Look verleiht.<\/p>\n<p><strong>Einfache Reinigung und Pflege<\/strong><\/p>\n<p>Der Innenraum der MG 20 Ecostyle Ceramic Mikrowelle ist mit einer hochwertigen Caso-Clean-Schutzbeschichtung versehen und somit leicht zu reinigen.<\/p>\n<p>Nach dem Garen lassen sich R\u00fcckst\u00e4nde leicht entfernen, was die Reinigung und Pflege der Mikrowelle deutlich vereinfacht.<\/p>\n<p>Der pr\u00e4zise 30-Minuten-Timer mit Signalton am Ende der Garzeit sorgt daf\u00fcr, dass Ihre Gerichte immer p\u00fcnktlich fertig sind. Die f\u00fcnf Mikrowellen-Leistungsstufen und drei Kombinationsprogramme bieten vielf\u00e4ltige Garoptionen.<\/p>\n<p><strong>Ma\u00dfe:<\/strong> 40 x 46,5 x 27 cm<br \/>\n<strong>Gewicht:<\/strong> 12 kg<br \/>\n<strong>Grill (Watt):<\/strong> 1000<br \/>\n<strong>Mikrowelle (Watt):<\/strong> 700<br \/>\n<strong>Spannung:<\/strong> 230\u2013240 V~, 50 Hz<br \/>\n<strong>Steckertyp:<\/strong> Schukostecker<br \/>\n<strong>Kabell\u00e4nge:<\/strong> 100 cm<\/p>\n","protected":false},"excerpt":{"rendered":"<p>CASO Design MG 20 Ecostyle Ceramic: Die perfekte Kombination aus Mikrowelle und Grill Die MG 20 Ecostyle Ceramic ist die<\/p>\n","protected":false},"featured_media":511167,"template":"","meta":{"_acf_changed":false,"inline_featured_image":false},"product_cat":[6703,15659],"product_tag":[11415,24416,11555,12211,11718,21084],"acf":[],"yoast_head":"<!-- This site is optimized with the Yoast SEO Premium plugin v18.6 (Yoast SEO v19.13) - https:\/\/yoast.com\/wordpress\/plugins\/seo\/ -->\n<title>MAGIMIX Gelato Expert<\/title>\n<meta name=\"description\" content=\"Entdecken Sie MAGIMIX Gelato Expert bei ErresseShop. Qualit\u00e4t, Stil und Funktionalit\u00e4t \u2013 jetzt online bestellen!\" \/>\n<meta name=\"robots\" content=\"index, follow, max-snippet:-1, max-image-preview:large, max-video-preview:-1\" \/>\n<link rel=\"canonical\" href=\"https:\/\/www.erresse-shop.it\/de\/shop\/kleine-elektrogeraete\/oefen\/caso-design-mikrowelle-mg-20-ecostyle-ceramic\/\" \/>\n<meta property=\"og:locale\" content=\"de_DE\" \/>\n<meta property=\"og:type\" content=\"article\" \/>\n<meta property=\"og:title\" content=\"CASO DESIGN Mikrowelle MG 20 Ecostyle Ceramic\" \/>\n<meta property=\"og:description\" content=\"Entdecken Sie MAGIMIX Gelato Expert bei ErresseShop. Qualit\u00e4t, Stil und Funktionalit\u00e4t \u2013 jetzt online bestellen!\" \/>\n<meta property=\"og:url\" content=\"https:\/\/www.erresse-shop.it\/de\/shop\/kleine-elektrogeraete\/oefen\/caso-design-mikrowelle-mg-20-ecostyle-ceramic\/\" \/>\n<meta property=\"og:site_name\" content=\"Erresse Shop\" \/>\n<meta property=\"article:modified_time\" content=\"2025-09-04T12:36:06+00:00\" \/>\n<meta property=\"og:image\" content=\"https:\/\/www.erresse-shop.it\/wp-content\/uploads\/2025\/09\/CASO-DESIGN-Microonde-MG-20-Ecostyle-Ceramic.jpg\" \/>\n\t<meta property=\"og:image:width\" content=\"1200\" \/>\n\t<meta property=\"og:image:height\" content=\"1200\" \/>\n\t<meta property=\"og:image:type\" content=\"image\/jpeg\" \/>\n<meta name=\"twitter:card\" content=\"summary_large_image\" \/>\n<script type=\"application\/ld+json\" class=\"yoast-schema-graph\">{\"@context\":\"https:\/\/schema.org\",\"@graph\":[{\"@type\":\"WebPage\",\"@id\":\"https:\/\/www.erresse-shop.it\/de\/shop\/kleine-elektrogeraete\/oefen\/caso-design-mikrowelle-mg-20-ecostyle-ceramic\/\",\"url\":\"https:\/\/www.erresse-shop.it\/de\/shop\/kleine-elektrogeraete\/oefen\/caso-design-mikrowelle-mg-20-ecostyle-ceramic\/\",\"name\":\"MAGIMIX Gelato Expert\",\"isPartOf\":{\"@id\":\"https:\/\/www.erresse-shop.it\/de\/#website\"},\"datePublished\":\"2025-09-04T12:16:36+00:00\",\"dateModified\":\"2025-09-04T12:36:06+00:00\",\"description\":\"Entdecken Sie MAGIMIX Gelato Expert bei ErresseShop. Qualit\u00e4t, Stil und Funktionalit\u00e4t \u2013 jetzt online bestellen!\",\"breadcrumb\":{\"@id\":\"https:\/\/www.erresse-shop.it\/de\/shop\/kleine-elektrogeraete\/oefen\/caso-design-mikrowelle-mg-20-ecostyle-ceramic\/#breadcrumb\"},\"inLanguage\":\"de-DE\",\"potentialAction\":[{\"@type\":\"ReadAction\",\"target\":[\"https:\/\/www.erresse-shop.it\/de\/shop\/kleine-elektrogeraete\/oefen\/caso-design-mikrowelle-mg-20-ecostyle-ceramic\/\"]}]},{\"@type\":\"BreadcrumbList\",\"@id\":\"https:\/\/www.erresse-shop.it\/de\/shop\/kleine-elektrogeraete\/oefen\/caso-design-mikrowelle-mg-20-ecostyle-ceramic\/#breadcrumb\",\"itemListElement\":[{\"@type\":\"ListItem\",\"position\":1,\"name\":\"Home\",\"item\":\"https:\/\/www.erresse-shop.it\/de\/\"},{\"@type\":\"ListItem\",\"position\":2,\"name\":\"Shop\",\"item\":\"https:\/\/www.erresse-shop.it\/de\/shop\/\"},{\"@type\":\"ListItem\",\"position\":3,\"name\":\"CASO DESIGN Mikrowelle MG 20 Ecostyle Ceramic\"}]},{\"@type\":\"WebSite\",\"@id\":\"https:\/\/www.erresse-shop.it\/de\/#website\",\"url\":\"https:\/\/www.erresse-shop.it\/de\/\",\"name\":\"Erresse Shop\",\"description\":\"Articoli di qualit\u00e0 per la casa\",\"potentialAction\":[{\"@type\":\"SearchAction\",\"target\":{\"@type\":\"EntryPoint\",\"urlTemplate\":\"https:\/\/www.erresse-shop.it\/de\/?s={search_term_string}\"},\"query-input\":\"required name=search_term_string\"}],\"inLanguage\":\"de-DE\"}]}<\/script>\n<!-- \/ Yoast SEO Premium plugin. -->","yoast_head_json":{"title":"MAGIMIX Gelato Expert","description":"Entdecken Sie MAGIMIX Gelato Expert bei ErresseShop. Qualit\u00e4t, Stil und Funktionalit\u00e4t \u2013 jetzt online bestellen!","robots":{"index":"index","follow":"follow","max-snippet":"max-snippet:-1","max-image-preview":"max-image-preview:large","max-video-preview":"max-video-preview:-1"},"canonical":"https:\/\/www.erresse-shop.it\/de\/shop\/kleine-elektrogeraete\/oefen\/caso-design-mikrowelle-mg-20-ecostyle-ceramic\/","og_locale":"de_DE","og_type":"article","og_title":"CASO DESIGN Mikrowelle MG 20 Ecostyle Ceramic","og_description":"Entdecken Sie MAGIMIX Gelato Expert bei ErresseShop. Qualit\u00e4t, Stil und Funktionalit\u00e4t \u2013 jetzt online bestellen!","og_url":"https:\/\/www.erresse-shop.it\/de\/shop\/kleine-elektrogeraete\/oefen\/caso-design-mikrowelle-mg-20-ecostyle-ceramic\/","og_site_name":"Erresse Shop","article_modified_time":"2025-09-04T12:36:06+00:00","og_image":[{"width":1200,"height":1200,"url":"https:\/\/www.erresse-shop.it\/wp-content\/uploads\/2025\/09\/CASO-DESIGN-Microonde-MG-20-Ecostyle-Ceramic.jpg","type":"image\/jpeg"}],"twitter_card":"summary_large_image","schema":{"@context":"https:\/\/schema.org","@graph":[{"@type":"WebPage","@id":"https:\/\/www.erresse-shop.it\/de\/shop\/kleine-elektrogeraete\/oefen\/caso-design-mikrowelle-mg-20-ecostyle-ceramic\/","url":"https:\/\/www.erresse-shop.it\/de\/shop\/kleine-elektrogeraete\/oefen\/caso-design-mikrowelle-mg-20-ecostyle-ceramic\/","name":"MAGIMIX Gelato Expert","isPartOf":{"@id":"https:\/\/www.erresse-shop.it\/de\/#website"},"datePublished":"2025-09-04T12:16:36+00:00","dateModified":"2025-09-04T12:36:06+00:00","description":"Entdecken Sie MAGIMIX Gelato Expert bei ErresseShop. Qualit\u00e4t, Stil und Funktionalit\u00e4t \u2013 jetzt online bestellen!","breadcrumb":{"@id":"https:\/\/www.erresse-shop.it\/de\/shop\/kleine-elektrogeraete\/oefen\/caso-design-mikrowelle-mg-20-ecostyle-ceramic\/#breadcrumb"},"inLanguage":"de-DE","potentialAction":[{"@type":"ReadAction","target":["https:\/\/www.erresse-shop.it\/de\/shop\/kleine-elektrogeraete\/oefen\/caso-design-mikrowelle-mg-20-ecostyle-ceramic\/"]}]},{"@type":"BreadcrumbList","@id":"https:\/\/www.erresse-shop.it\/de\/shop\/kleine-elektrogeraete\/oefen\/caso-design-mikrowelle-mg-20-ecostyle-ceramic\/#breadcrumb","itemListElement":[{"@type":"ListItem","position":1,"name":"Home","item":"https:\/\/www.erresse-shop.it\/de\/"},{"@type":"ListItem","position":2,"name":"Shop","item":"https:\/\/www.erresse-shop.it\/de\/shop\/"},{"@type":"ListItem","position":3,"name":"CASO DESIGN Mikrowelle MG 20 Ecostyle Ceramic"}]},{"@type":"WebSite","@id":"https:\/\/www.erresse-shop.it\/de\/#website","url":"https:\/\/www.erresse-shop.it\/de\/","name":"Erresse Shop","description":"Articoli di qualit\u00e0 per la casa","potentialAction":[{"@type":"SearchAction","target":{"@type":"EntryPoint","urlTemplate":"https:\/\/www.erresse-shop.it\/de\/?s={search_term_string}"},"query-input":"required name=search_term_string"}],"inLanguage":"de-DE"}]}},"df_price":149.99,"df_sale_price":149.99,"df_regular_price":149.99,"df_image_link":"https:\/\/www.erresse-shop.it\/wp-content\/uploads\/2025\/09\/CASO-DESIGN-Microonde-MG-20-Ecostyle-Ceramic-300x300.jpg","_links":{"self":[{"href":"https:\/\/www.erresse-shop.it\/de\/wp-json\/wp\/v2\/product\/511159"}],"collection":[{"href":"https:\/\/www.erresse-shop.it\/de\/wp-json\/wp\/v2\/product"}],"about":[{"href":"https:\/\/www.erresse-shop.it\/de\/wp-json\/wp\/v2\/types\/product"}],"wp:featuredmedia":[{"embeddable":true,"href":"https:\/\/www.erresse-shop.it\/de\/wp-json\/wp\/v2\/media\/511167"}],"wp:attachment":[{"href":"https:\/\/www.erresse-shop.it\/de\/wp-json\/wp\/v2\/media?parent=511159"}],"wp:term":[{"taxonomy":"product_cat","embeddable":true,"href":"https:\/\/www.erresse-shop.it\/de\/wp-json\/wp\/v2\/product_cat?post=511159"},{"taxonomy":"product_tag","embeddable":true,"href":"https:\/\/www.erresse-shop.it\/de\/wp-json\/wp\/v2\/product_tag?post=511159"}],"curies":[{"name":"wp","href":"https:\/\/api.w.org\/{rel}","templated":true}]}}