{"id":511103,"date":"2025-09-01T14:15:08","date_gmt":"2025-09-01T14:15:11","guid":{"rendered":"https:\/\/www.erresse-shop.it\/?post_type=product&#038;p=511103"},"modified":"2025-09-04T05:50:43","modified_gmt":"2025-09-04T05:50:43","slug":"magimix-gelato-expert-copia","status":"publish","type":"product","link":"https:\/\/www.erresse-shop.it\/de\/shop\/kleine-elektrogeraete\/eismaschinen\/magimix-gelato-expert-copia\/","title":{"rendered":"CASO DESIGN Eismaschine IceCreamer"},"content":{"rendered":"<p><strong>CASO Design Eiscreme- und Joghurtbereiter &#8220;IceCreamer&#8221; \u2013 Schmelzt auf der Zunge.<\/strong><\/p>\n<p>Mit dem praktischen 2-in-1-Eiscreme- und Joghurtbereiter bereiten Sie ganz einfach selbstgemachtes Eis, Sorbets, Frozen Yogurt, Naturjoghurt und mehr zu \u2013 ganz nach Ihrem Geschmack, ganz ohne k\u00fcnstliche Zusatzstoffe.<\/p>\n<p><strong>Lust auf selbstgemachtes Eis?<\/strong><\/p>\n<p>Kein Problem: Mit dem CASO Design Eiscremebereiter kreieren Sie Ihre eigenen, einzigartigen Rezepte.<\/p>\n<p>Ob normales Eis, fluffiges Softeis, Fruchtsorbet, cremiger Joghurt oder erfrischender Frozen Yogurt \u2013 alles ist m\u00f6glich, denn der Eiscremebereiter ist ein echter Allrounder.<\/p>\n<p>Und das Beste: Sie k\u00f6nnen sofort loslegen, kein Vork\u00fchlen n\u00f6tig.<\/p>\n<p><strong>Ihre Ideen, Ihre Regeln.<\/strong><\/p>\n<p>Sie k\u00f6nnen Ihre Lieblingskreationen mit Kuhmilch oder Pflanzenmilch zubereiten.<\/p>\n<p>Und falls Ihnen pl\u00f6tzlich eine neue Idee kommt, k\u00f6nnen Sie jederzeit \u00fcber die praktische Einf\u00fcll\u00f6ffnung weitere Zutaten nach Belieben hinzuf\u00fcgen.<\/p>\n<p>Sobald Ihr Traumeis fertig ist, k\u00f6nnen Sie es bis zu 60 Minuten im Eisbereiter k\u00fchl halten \u2013 perfekt f\u00fcr die n\u00e4chste Eisparty mit Freunden.<\/p>\n<p><strong>Ma\u00dfe: 28,5 x 43 x 28 cm<br \/>\n<strong>Gewicht: 11,8 kg<br \/>\n<strong>Leistung (Watt): 180<br \/>\n<strong>Spannung: 220\u2013240 V~, 50 Hz<br \/>\n<strong>Steckertyp: Schuko-Stecker<br \/>\n<strong>Kabell\u00e4nge: 115 cm<\/p>\n","protected":false},"excerpt":{"rendered":"<p>CASO Design Eiscreme- und Joghurtbereiter &#8220;IceCreamer&#8221; \u2013 Schmelzt auf der Zunge. Mit dem praktischen 2-in-1-Eiscreme- und Joghurtbereiter bereiten Sie ganz<\/p>\n","protected":false},"featured_media":511111,"template":"","meta":{"_acf_changed":false,"inline_featured_image":false},"product_cat":[6739,6703],"product_tag":[23911,23661,19309,19308,11415,24416,11718,25022],"acf":[],"yoast_head":"<!-- This site is optimized with the Yoast SEO Premium plugin v18.6 (Yoast SEO v19.13) - https:\/\/yoast.com\/wordpress\/plugins\/seo\/ -->\n<title>MAGIMIX Gelato Expert<\/title>\n<meta name=\"description\" content=\"Entdecken Sie MAGIMIX Gelato Expert bei ErresseShop. Qualit\u00e4t, Stil und Funktionalit\u00e4t \u2013 jetzt online bestellen!\" \/>\n<meta name=\"robots\" content=\"index, follow, max-snippet:-1, max-image-preview:large, max-video-preview:-1\" \/>\n<link rel=\"canonical\" href=\"https:\/\/www.erresse-shop.it\/de\/shop\/kleine-elektrogeraete\/eismaschinen\/magimix-gelato-expert-copia\/\" \/>\n<meta property=\"og:locale\" content=\"de_DE\" \/>\n<meta property=\"og:type\" content=\"article\" \/>\n<meta property=\"og:title\" content=\"CASO DESIGN Eismaschine IceCreamer\" \/>\n<meta property=\"og:description\" content=\"Entdecken Sie MAGIMIX Gelato Expert bei ErresseShop. Qualit\u00e4t, Stil und Funktionalit\u00e4t \u2013 jetzt online bestellen!\" \/>\n<meta property=\"og:url\" content=\"https:\/\/www.erresse-shop.it\/de\/shop\/kleine-elektrogeraete\/eismaschinen\/magimix-gelato-expert-copia\/\" \/>\n<meta property=\"og:site_name\" content=\"Erresse Shop\" \/>\n<meta property=\"article:modified_time\" content=\"2025-09-04T05:50:43+00:00\" \/>\n<meta property=\"og:image\" content=\"https:\/\/www.erresse-shop.it\/wp-content\/uploads\/2025\/09\/CASO-DESIGN-Gelatiera-IceCreamer.jpg\" \/>\n\t<meta property=\"og:image:width\" content=\"1200\" \/>\n\t<meta property=\"og:image:height\" content=\"1200\" \/>\n\t<meta property=\"og:image:type\" content=\"image\/jpeg\" \/>\n<meta name=\"twitter:card\" content=\"summary_large_image\" \/>\n<script type=\"application\/ld+json\" class=\"yoast-schema-graph\">{\"@context\":\"https:\/\/schema.org\",\"@graph\":[{\"@type\":\"WebPage\",\"@id\":\"https:\/\/www.erresse-shop.it\/de\/shop\/kleine-elektrogeraete\/eismaschinen\/magimix-gelato-expert-copia\/\",\"url\":\"https:\/\/www.erresse-shop.it\/de\/shop\/kleine-elektrogeraete\/eismaschinen\/magimix-gelato-expert-copia\/\",\"name\":\"MAGIMIX Gelato Expert\",\"isPartOf\":{\"@id\":\"https:\/\/www.erresse-shop.it\/de\/#website\"},\"datePublished\":\"2025-09-01T14:15:11+00:00\",\"dateModified\":\"2025-09-04T05:50:43+00:00\",\"description\":\"Entdecken Sie MAGIMIX Gelato Expert bei ErresseShop. Qualit\u00e4t, Stil und Funktionalit\u00e4t \u2013 jetzt online bestellen!\",\"breadcrumb\":{\"@id\":\"https:\/\/www.erresse-shop.it\/de\/shop\/kleine-elektrogeraete\/eismaschinen\/magimix-gelato-expert-copia\/#breadcrumb\"},\"inLanguage\":\"de-DE\",\"potentialAction\":[{\"@type\":\"ReadAction\",\"target\":[\"https:\/\/www.erresse-shop.it\/de\/shop\/kleine-elektrogeraete\/eismaschinen\/magimix-gelato-expert-copia\/\"]}]},{\"@type\":\"BreadcrumbList\",\"@id\":\"https:\/\/www.erresse-shop.it\/de\/shop\/kleine-elektrogeraete\/eismaschinen\/magimix-gelato-expert-copia\/#breadcrumb\",\"itemListElement\":[{\"@type\":\"ListItem\",\"position\":1,\"name\":\"Home\",\"item\":\"https:\/\/www.erresse-shop.it\/de\/\"},{\"@type\":\"ListItem\",\"position\":2,\"name\":\"Shop\",\"item\":\"https:\/\/www.erresse-shop.it\/de\/shop\/\"},{\"@type\":\"ListItem\",\"position\":3,\"name\":\"CASO DESIGN Eismaschine IceCreamer\"}]},{\"@type\":\"WebSite\",\"@id\":\"https:\/\/www.erresse-shop.it\/de\/#website\",\"url\":\"https:\/\/www.erresse-shop.it\/de\/\",\"name\":\"Erresse Shop\",\"description\":\"Articoli di qualit\u00e0 per la casa\",\"potentialAction\":[{\"@type\":\"SearchAction\",\"target\":{\"@type\":\"EntryPoint\",\"urlTemplate\":\"https:\/\/www.erresse-shop.it\/de\/?s={search_term_string}\"},\"query-input\":\"required name=search_term_string\"}],\"inLanguage\":\"de-DE\"}]}<\/script>\n<!-- \/ Yoast SEO Premium plugin. -->","yoast_head_json":{"title":"MAGIMIX Gelato Expert","description":"Entdecken Sie MAGIMIX Gelato Expert bei ErresseShop. Qualit\u00e4t, Stil und Funktionalit\u00e4t \u2013 jetzt online bestellen!","robots":{"index":"index","follow":"follow","max-snippet":"max-snippet:-1","max-image-preview":"max-image-preview:large","max-video-preview":"max-video-preview:-1"},"canonical":"https:\/\/www.erresse-shop.it\/de\/shop\/kleine-elektrogeraete\/eismaschinen\/magimix-gelato-expert-copia\/","og_locale":"de_DE","og_type":"article","og_title":"CASO DESIGN Eismaschine IceCreamer","og_description":"Entdecken Sie MAGIMIX Gelato Expert bei ErresseShop. Qualit\u00e4t, Stil und Funktionalit\u00e4t \u2013 jetzt online bestellen!","og_url":"https:\/\/www.erresse-shop.it\/de\/shop\/kleine-elektrogeraete\/eismaschinen\/magimix-gelato-expert-copia\/","og_site_name":"Erresse Shop","article_modified_time":"2025-09-04T05:50:43+00:00","og_image":[{"width":1200,"height":1200,"url":"https:\/\/www.erresse-shop.it\/wp-content\/uploads\/2025\/09\/CASO-DESIGN-Gelatiera-IceCreamer.jpg","type":"image\/jpeg"}],"twitter_card":"summary_large_image","schema":{"@context":"https:\/\/schema.org","@graph":[{"@type":"WebPage","@id":"https:\/\/www.erresse-shop.it\/de\/shop\/kleine-elektrogeraete\/eismaschinen\/magimix-gelato-expert-copia\/","url":"https:\/\/www.erresse-shop.it\/de\/shop\/kleine-elektrogeraete\/eismaschinen\/magimix-gelato-expert-copia\/","name":"MAGIMIX Gelato Expert","isPartOf":{"@id":"https:\/\/www.erresse-shop.it\/de\/#website"},"datePublished":"2025-09-01T14:15:11+00:00","dateModified":"2025-09-04T05:50:43+00:00","description":"Entdecken Sie MAGIMIX Gelato Expert bei ErresseShop. Qualit\u00e4t, Stil und Funktionalit\u00e4t \u2013 jetzt online bestellen!","breadcrumb":{"@id":"https:\/\/www.erresse-shop.it\/de\/shop\/kleine-elektrogeraete\/eismaschinen\/magimix-gelato-expert-copia\/#breadcrumb"},"inLanguage":"de-DE","potentialAction":[{"@type":"ReadAction","target":["https:\/\/www.erresse-shop.it\/de\/shop\/kleine-elektrogeraete\/eismaschinen\/magimix-gelato-expert-copia\/"]}]},{"@type":"BreadcrumbList","@id":"https:\/\/www.erresse-shop.it\/de\/shop\/kleine-elektrogeraete\/eismaschinen\/magimix-gelato-expert-copia\/#breadcrumb","itemListElement":[{"@type":"ListItem","position":1,"name":"Home","item":"https:\/\/www.erresse-shop.it\/de\/"},{"@type":"ListItem","position":2,"name":"Shop","item":"https:\/\/www.erresse-shop.it\/de\/shop\/"},{"@type":"ListItem","position":3,"name":"CASO DESIGN Eismaschine IceCreamer"}]},{"@type":"WebSite","@id":"https:\/\/www.erresse-shop.it\/de\/#website","url":"https:\/\/www.erresse-shop.it\/de\/","name":"Erresse Shop","description":"Articoli di qualit\u00e0 per la casa","potentialAction":[{"@type":"SearchAction","target":{"@type":"EntryPoint","urlTemplate":"https:\/\/www.erresse-shop.it\/de\/?s={search_term_string}"},"query-input":"required name=search_term_string"}],"inLanguage":"de-DE"}]}},"df_price":349.99,"df_sale_price":349.99,"df_regular_price":349.99,"df_image_link":"https:\/\/www.erresse-shop.it\/wp-content\/uploads\/2025\/09\/CASO-DESIGN-Gelatiera-IceCreamer-300x300.jpg","_links":{"self":[{"href":"https:\/\/www.erresse-shop.it\/de\/wp-json\/wp\/v2\/product\/511103"}],"collection":[{"href":"https:\/\/www.erresse-shop.it\/de\/wp-json\/wp\/v2\/product"}],"about":[{"href":"https:\/\/www.erresse-shop.it\/de\/wp-json\/wp\/v2\/types\/product"}],"wp:featuredmedia":[{"embeddable":true,"href":"https:\/\/www.erresse-shop.it\/de\/wp-json\/wp\/v2\/media\/511111"}],"wp:attachment":[{"href":"https:\/\/www.erresse-shop.it\/de\/wp-json\/wp\/v2\/media?parent=511103"}],"wp:term":[{"taxonomy":"product_cat","embeddable":true,"href":"https:\/\/www.erresse-shop.it\/de\/wp-json\/wp\/v2\/product_cat?post=511103"},{"taxonomy":"product_tag","embeddable":true,"href":"https:\/\/www.erresse-shop.it\/de\/wp-json\/wp\/v2\/product_tag?post=511103"}],"curies":[{"name":"wp","href":"https:\/\/api.w.org\/{rel}","templated":true}]}}