{"id":510976,"date":"2025-08-27T08:47:33","date_gmt":"2025-08-27T08:47:33","guid":{"rendered":"https:\/\/www.erresse-shop.it\/?post_type=product&#038;p=510976"},"modified":"2025-08-27T09:00:27","modified_gmt":"2025-08-27T09:00:27","slug":"caso-design-kuechenwaage-kitchen-duo","status":"publish","type":"product","link":"https:\/\/www.erresse-shop.it\/de\/shop\/kleine-elektrogeraete\/skalen\/caso-design-kuechenwaage-kitchen-duo\/","title":{"rendered":"CASO DESIGN K\u00fcchenwaage Kitchen Duo"},"content":{"rendered":"<p><strong>F\u00fcr perfekte K\u00fcchenorganisation und pr\u00e4zise Ergebnisse<\/strong><\/p>\n<p>Mit der KitchenDuo K\u00fcchenwaage sind Sie f\u00fcr jede Herausforderung in K\u00fcche und Backen ger\u00fcstet.<br \/>\nSie eignet sich nicht nur zum Abwiegen von Zutaten f\u00fcr leckere Rezepte, sondern auch zum pr\u00e4zisen Abmessen von Kr\u00e4utern, Gew\u00fcrzen und vielem mehr.<\/p>\n<p><strong>Zwei Waagen in einem Ger\u00e4t<\/strong><\/p>\n<p>Diese innovative K\u00fcchenwaage vereint zwei Waagen in einem praktischen Ger\u00e4t.<br \/>\nDie Standardwaage erm\u00f6glicht das Abwiegen von bis zu 15 kg in 1-g-Schritten, w\u00e4hrend die Feinwaage pr\u00e4zise Messungen bis zu 1 kg in 0,1-g-Schritten erm\u00f6glicht.<\/p>\n<p>Mit verschiedenen Ma\u00dfeinheiten wie Gramm, Unzen und Milliliter wiegen Sie Ihre Zutaten individuell und nach Bedarf ab. Ob amerikanisches Rezept oder traditionelles deutsches Backrezept \u2013 die KitchenDuo K\u00fcchenwaage passt sich flexibel an.<\/p>\n<p>Die HOLD-Funktion zeigt Ihnen das zuletzt gemessene Gewicht permanent an, selbst wenn das Display abgedeckt ist. So behalten Sie auch bei l\u00e4ngeren Kochvorg\u00e4ngen immer den \u00dcberblick.<\/p>\n<p>Hochwertiges Design<\/p>\n<p>Die KitchenDuo K\u00fcchenwaage \u00fcberzeugt nicht nur durch ihre Funktionalit\u00e4t, sondern auch durch ihr ansprechendes Design.<br \/>\nDie Anti-Fingerprint-Edelstahloberfl\u00e4che verhindert, dass Fingerabdr\u00fccke Spuren hinterlassen.<\/p>\n<p>Einfache Bedienung<\/p>\n<p>Das gro\u00dfe LED-Display mit Touch-Sensor erm\u00f6glicht eine intuitive Bedienung. Die automatische Abschaltfunktion spart zudem Energie und verl\u00e4ngert die Batterielaufzeit.<\/p>\n<p>Mit der Tara-Funktion k\u00f6nnen Sie ganz einfach weitere Zutaten hinzuf\u00fcgen, ohne bereits abgewogene Zutaten entnehmen zu m\u00fcssen. So gelingen selbst komplexe Rezepte zum Kinderspiel.<\/p>\n<p>Ma\u00dfe: 20 x 24 x 4 cm<br \/>\nGewicht: 0,72 kg<\/p>\n","protected":false},"excerpt":{"rendered":"<p>F\u00fcr perfekte K\u00fcchenorganisation und pr\u00e4zise Ergebnisse Mit der KitchenDuo K\u00fcchenwaage sind Sie f\u00fcr jede Herausforderung in K\u00fcche und Backen ger\u00fcstet.<\/p>\n","protected":false},"featured_media":511009,"template":"","meta":{"_acf_changed":false,"inline_featured_image":false},"product_cat":[6703,25978],"product_tag":[23911,13727],"acf":[],"yoast_head":"<!-- This site is optimized with the Yoast SEO Premium plugin v18.6 (Yoast SEO v19.13) - https:\/\/yoast.com\/wordpress\/plugins\/seo\/ -->\n<title>SMEG K\u00fcchenwaage Gr\u00fcn<\/title>\n<meta name=\"description\" content=\"Entdecken Sie SMEG K\u00fcchenwaage Gr\u00fcn bei ErresseShop. Qualit\u00e4t, Stil und Funktionalit\u00e4t \u2013 jetzt online bestellen!\" \/>\n<meta name=\"robots\" content=\"index, follow, max-snippet:-1, max-image-preview:large, max-video-preview:-1\" \/>\n<link rel=\"canonical\" href=\"https:\/\/www.erresse-shop.it\/de\/shop\/kleine-elektrogeraete\/skalen\/caso-design-kuechenwaage-kitchen-duo\/\" \/>\n<meta property=\"og:locale\" content=\"de_DE\" \/>\n<meta property=\"og:type\" content=\"article\" \/>\n<meta property=\"og:title\" content=\"CASO DESIGN K\u00fcchenwaage Kitchen Duo\" \/>\n<meta property=\"og:description\" content=\"Entdecken Sie SMEG K\u00fcchenwaage Gr\u00fcn bei ErresseShop. Qualit\u00e4t, Stil und Funktionalit\u00e4t \u2013 jetzt online bestellen!\" \/>\n<meta property=\"og:url\" content=\"https:\/\/www.erresse-shop.it\/de\/shop\/kleine-elektrogeraete\/skalen\/caso-design-kuechenwaage-kitchen-duo\/\" \/>\n<meta property=\"og:site_name\" content=\"Erresse Shop\" \/>\n<meta property=\"article:modified_time\" content=\"2025-08-27T09:00:27+00:00\" \/>\n<meta property=\"og:image\" content=\"https:\/\/www.erresse-shop.it\/wp-content\/uploads\/2025\/08\/CASO-DESIGN-Bilancia-da-Cucina-Kitchen-Duo.jpg\" \/>\n\t<meta property=\"og:image:width\" content=\"1200\" \/>\n\t<meta property=\"og:image:height\" content=\"1200\" \/>\n\t<meta property=\"og:image:type\" content=\"image\/jpeg\" \/>\n<meta name=\"twitter:card\" content=\"summary_large_image\" \/>\n<script type=\"application\/ld+json\" class=\"yoast-schema-graph\">{\"@context\":\"https:\/\/schema.org\",\"@graph\":[{\"@type\":\"WebPage\",\"@id\":\"https:\/\/www.erresse-shop.it\/de\/shop\/kleine-elektrogeraete\/skalen\/caso-design-kuechenwaage-kitchen-duo\/\",\"url\":\"https:\/\/www.erresse-shop.it\/de\/shop\/kleine-elektrogeraete\/skalen\/caso-design-kuechenwaage-kitchen-duo\/\",\"name\":\"SMEG K\u00fcchenwaage Gr\u00fcn\",\"isPartOf\":{\"@id\":\"https:\/\/www.erresse-shop.it\/de\/#website\"},\"datePublished\":\"2025-08-27T08:47:33+00:00\",\"dateModified\":\"2025-08-27T09:00:27+00:00\",\"description\":\"Entdecken Sie SMEG K\u00fcchenwaage Gr\u00fcn bei ErresseShop. Qualit\u00e4t, Stil und Funktionalit\u00e4t \u2013 jetzt online bestellen!\",\"breadcrumb\":{\"@id\":\"https:\/\/www.erresse-shop.it\/de\/shop\/kleine-elektrogeraete\/skalen\/caso-design-kuechenwaage-kitchen-duo\/#breadcrumb\"},\"inLanguage\":\"de-DE\",\"potentialAction\":[{\"@type\":\"ReadAction\",\"target\":[\"https:\/\/www.erresse-shop.it\/de\/shop\/kleine-elektrogeraete\/skalen\/caso-design-kuechenwaage-kitchen-duo\/\"]}]},{\"@type\":\"BreadcrumbList\",\"@id\":\"https:\/\/www.erresse-shop.it\/de\/shop\/kleine-elektrogeraete\/skalen\/caso-design-kuechenwaage-kitchen-duo\/#breadcrumb\",\"itemListElement\":[{\"@type\":\"ListItem\",\"position\":1,\"name\":\"Home\",\"item\":\"https:\/\/www.erresse-shop.it\/de\/\"},{\"@type\":\"ListItem\",\"position\":2,\"name\":\"Shop\",\"item\":\"https:\/\/www.erresse-shop.it\/de\/shop\/\"},{\"@type\":\"ListItem\",\"position\":3,\"name\":\"CASO DESIGN K\u00fcchenwaage Kitchen Duo\"}]},{\"@type\":\"WebSite\",\"@id\":\"https:\/\/www.erresse-shop.it\/de\/#website\",\"url\":\"https:\/\/www.erresse-shop.it\/de\/\",\"name\":\"Erresse Shop\",\"description\":\"Articoli di qualit\u00e0 per la casa\",\"potentialAction\":[{\"@type\":\"SearchAction\",\"target\":{\"@type\":\"EntryPoint\",\"urlTemplate\":\"https:\/\/www.erresse-shop.it\/de\/?s={search_term_string}\"},\"query-input\":\"required name=search_term_string\"}],\"inLanguage\":\"de-DE\"}]}<\/script>\n<!-- \/ Yoast SEO Premium plugin. -->","yoast_head_json":{"title":"SMEG K\u00fcchenwaage Gr\u00fcn","description":"Entdecken Sie SMEG K\u00fcchenwaage Gr\u00fcn bei ErresseShop. Qualit\u00e4t, Stil und Funktionalit\u00e4t \u2013 jetzt online bestellen!","robots":{"index":"index","follow":"follow","max-snippet":"max-snippet:-1","max-image-preview":"max-image-preview:large","max-video-preview":"max-video-preview:-1"},"canonical":"https:\/\/www.erresse-shop.it\/de\/shop\/kleine-elektrogeraete\/skalen\/caso-design-kuechenwaage-kitchen-duo\/","og_locale":"de_DE","og_type":"article","og_title":"CASO DESIGN K\u00fcchenwaage Kitchen Duo","og_description":"Entdecken Sie SMEG K\u00fcchenwaage Gr\u00fcn bei ErresseShop. Qualit\u00e4t, Stil und Funktionalit\u00e4t \u2013 jetzt online bestellen!","og_url":"https:\/\/www.erresse-shop.it\/de\/shop\/kleine-elektrogeraete\/skalen\/caso-design-kuechenwaage-kitchen-duo\/","og_site_name":"Erresse Shop","article_modified_time":"2025-08-27T09:00:27+00:00","og_image":[{"width":1200,"height":1200,"url":"https:\/\/www.erresse-shop.it\/wp-content\/uploads\/2025\/08\/CASO-DESIGN-Bilancia-da-Cucina-Kitchen-Duo.jpg","type":"image\/jpeg"}],"twitter_card":"summary_large_image","schema":{"@context":"https:\/\/schema.org","@graph":[{"@type":"WebPage","@id":"https:\/\/www.erresse-shop.it\/de\/shop\/kleine-elektrogeraete\/skalen\/caso-design-kuechenwaage-kitchen-duo\/","url":"https:\/\/www.erresse-shop.it\/de\/shop\/kleine-elektrogeraete\/skalen\/caso-design-kuechenwaage-kitchen-duo\/","name":"SMEG K\u00fcchenwaage Gr\u00fcn","isPartOf":{"@id":"https:\/\/www.erresse-shop.it\/de\/#website"},"datePublished":"2025-08-27T08:47:33+00:00","dateModified":"2025-08-27T09:00:27+00:00","description":"Entdecken Sie SMEG K\u00fcchenwaage Gr\u00fcn bei ErresseShop. Qualit\u00e4t, Stil und Funktionalit\u00e4t \u2013 jetzt online bestellen!","breadcrumb":{"@id":"https:\/\/www.erresse-shop.it\/de\/shop\/kleine-elektrogeraete\/skalen\/caso-design-kuechenwaage-kitchen-duo\/#breadcrumb"},"inLanguage":"de-DE","potentialAction":[{"@type":"ReadAction","target":["https:\/\/www.erresse-shop.it\/de\/shop\/kleine-elektrogeraete\/skalen\/caso-design-kuechenwaage-kitchen-duo\/"]}]},{"@type":"BreadcrumbList","@id":"https:\/\/www.erresse-shop.it\/de\/shop\/kleine-elektrogeraete\/skalen\/caso-design-kuechenwaage-kitchen-duo\/#breadcrumb","itemListElement":[{"@type":"ListItem","position":1,"name":"Home","item":"https:\/\/www.erresse-shop.it\/de\/"},{"@type":"ListItem","position":2,"name":"Shop","item":"https:\/\/www.erresse-shop.it\/de\/shop\/"},{"@type":"ListItem","position":3,"name":"CASO DESIGN K\u00fcchenwaage Kitchen Duo"}]},{"@type":"WebSite","@id":"https:\/\/www.erresse-shop.it\/de\/#website","url":"https:\/\/www.erresse-shop.it\/de\/","name":"Erresse Shop","description":"Articoli di qualit\u00e0 per la casa","potentialAction":[{"@type":"SearchAction","target":{"@type":"EntryPoint","urlTemplate":"https:\/\/www.erresse-shop.it\/de\/?s={search_term_string}"},"query-input":"required name=search_term_string"}],"inLanguage":"de-DE"}]}},"df_price":39.99,"df_sale_price":39.99,"df_regular_price":39.99,"df_image_link":"https:\/\/www.erresse-shop.it\/wp-content\/uploads\/2025\/08\/CASO-DESIGN-Bilancia-da-Cucina-Kitchen-Duo-300x300.jpg","_links":{"self":[{"href":"https:\/\/www.erresse-shop.it\/de\/wp-json\/wp\/v2\/product\/510976"}],"collection":[{"href":"https:\/\/www.erresse-shop.it\/de\/wp-json\/wp\/v2\/product"}],"about":[{"href":"https:\/\/www.erresse-shop.it\/de\/wp-json\/wp\/v2\/types\/product"}],"wp:featuredmedia":[{"embeddable":true,"href":"https:\/\/www.erresse-shop.it\/de\/wp-json\/wp\/v2\/media\/511009"}],"wp:attachment":[{"href":"https:\/\/www.erresse-shop.it\/de\/wp-json\/wp\/v2\/media?parent=510976"}],"wp:term":[{"taxonomy":"product_cat","embeddable":true,"href":"https:\/\/www.erresse-shop.it\/de\/wp-json\/wp\/v2\/product_cat?post=510976"},{"taxonomy":"product_tag","embeddable":true,"href":"https:\/\/www.erresse-shop.it\/de\/wp-json\/wp\/v2\/product_tag?post=510976"}],"curies":[{"name":"wp","href":"https:\/\/api.w.org\/{rel}","templated":true}]}}