{"id":510928,"date":"2025-08-27T08:10:31","date_gmt":"2025-08-27T08:10:31","guid":{"rendered":"https:\/\/www.erresse-shop.it\/?post_type=product&#038;p=510928"},"modified":"2025-08-27T08:31:10","modified_gmt":"2025-08-27T08:31:10","slug":"caso-design-kuechenwaage-kitchen-ecostyle","status":"publish","type":"product","link":"https:\/\/www.erresse-shop.it\/de\/shop\/kleine-elektrogeraete\/skalen\/caso-design-kuechenwaage-kitchen-ecostyle\/","title":{"rendered":"CASO DESIGN K\u00fcchenwaage Kitchen Ecostyle"},"content":{"rendered":"<p><strong>CASO Design \u201eKitchen Ecostyle\u201c \u2013 Nachhaltige, batterielose K\u00fcchenwaage<\/strong><\/p>\n<p>In einer Zeit, in der Nachhaltigkeit immer wichtiger wird, pr\u00e4sentieren wir mit der Kitchen Ecostyle eine revolution\u00e4re K\u00fcchenwaage, die sich durch ihren Umweltschutz auszeichnet.<br \/>\nIm Gegensatz zu herk\u00f6mmlichen Waagen ben\u00f6tigt sie keine Batterien. Sie erzeugt kinetische Energie durch einfaches Bewegen des Waagenbeins. Das schont nicht nur die Umwelt, sondern auch Ihren Geldbeutel.<\/p>\n<p><strong>Pr\u00e4zise Messergebnisse f\u00fcr jedes Rezept<\/strong><\/p>\n<p>Die Kitchen Ecostyle bietet nicht nur umweltfreundliche L\u00f6sungen, sondern \u00fcberzeugt auch durch ihre Pr\u00e4zision. Mit ihrer gut lesbaren Digitalanzeige liefert sie zuverl\u00e4ssige Messergebnisse in Gramm, Unzen und Milliliter f\u00fcr Wasser und Milch.<br \/>\nOb Sie ein komplexes Geb\u00e4ckrezept ausprobieren oder die Zutaten f\u00fcr Ihr Lieblingsgericht abmessen \u2013 diese Waage ist immer an Ihrer Seite.<\/p>\n<p><strong>Vielseitigkeit und Funktionalit\u00e4t in einem Ger\u00e4t<\/strong><\/p>\n<p>Dank ihrer Waage, die bis zu 5 kg in 1-g-Schritten wiegt, ist die Kitchen Ecostyle \u00e4u\u00dferst vielseitig. Sie eignet sich perfekt f\u00fcr alle Koch- und Backprojekte und bietet maximale Pr\u00e4zision.<br \/>\nDie praktische Tara-Funktion erm\u00f6glicht das Abwiegen von Zutaten in verschiedenen Beh\u00e4ltern, ohne sich um das Gewicht des Beh\u00e4lters k\u00fcmmern zu m\u00fcssen. Dar\u00fcber hinaus besticht die Waage durch ihr flaches und kompaktes Design aus geb\u00fcrstetem Edelstahl f\u00fcr eine einfache Handhabung.<\/p>\n<p><strong>Anpassbar an jede Sch\u00fcsselgr\u00f6\u00dfe<\/strong><\/p>\n<p>Nicht nur umweltfreundlich und pr\u00e4zise, \u200b\u200bsondern auch \u00e4u\u00dferst anpassungsf\u00e4hig: Die Kitchen Ecostyle kann je nach Sch\u00fcsselgr\u00f6\u00dfe geschlossen oder offen verwendet werden.<br \/>\nF\u00fcr Sch\u00fcsselb\u00f6den von 5 bis 12 cm Durchmesser wird die Waage geschlossen verwendet, w\u00e4hrend f\u00fcr Sch\u00fcsselb\u00f6den von 9 bis 18 cm Durchmesser die offene Verwendung ideal ist. Diese Flexibilit\u00e4t macht sie zu einem unverzichtbaren Werkzeug in jeder K\u00fcche.<\/p>\n<p><strong>Abmessungen:<\/strong> 22 x 6,5 x 3 cm<br \/>\n<strong>Gewicht:<\/strong> 0,2 kg<\/p>\n","protected":false},"excerpt":{"rendered":"<p>CASO Design \u201eKitchen Ecostyle\u201c \u2013 Nachhaltige, batterielose K\u00fcchenwaage In einer Zeit, in der Nachhaltigkeit immer wichtiger wird, pr\u00e4sentieren wir mit<\/p>\n","protected":false},"featured_media":510966,"template":"","meta":{"_acf_changed":false,"inline_featured_image":false},"product_cat":[6703,25978],"product_tag":[23911,13727],"acf":[],"yoast_head":"<!-- This site is optimized with the Yoast SEO Premium plugin v18.6 (Yoast SEO v19.13) - https:\/\/yoast.com\/wordpress\/plugins\/seo\/ -->\n<title>SMEG K\u00fcchenwaage Gr\u00fcn<\/title>\n<meta name=\"description\" content=\"Entdecken Sie SMEG K\u00fcchenwaage Gr\u00fcn bei ErresseShop. Qualit\u00e4t, Stil und Funktionalit\u00e4t \u2013 jetzt online bestellen!\" \/>\n<meta name=\"robots\" content=\"index, follow, max-snippet:-1, max-image-preview:large, max-video-preview:-1\" \/>\n<link rel=\"canonical\" href=\"https:\/\/www.erresse-shop.it\/de\/shop\/kleine-elektrogeraete\/skalen\/caso-design-kuechenwaage-kitchen-ecostyle\/\" \/>\n<meta property=\"og:locale\" content=\"de_DE\" \/>\n<meta property=\"og:type\" content=\"article\" \/>\n<meta property=\"og:title\" content=\"CASO DESIGN K\u00fcchenwaage Kitchen Ecostyle\" \/>\n<meta property=\"og:description\" content=\"Entdecken Sie SMEG K\u00fcchenwaage Gr\u00fcn bei ErresseShop. Qualit\u00e4t, Stil und Funktionalit\u00e4t \u2013 jetzt online bestellen!\" \/>\n<meta property=\"og:url\" content=\"https:\/\/www.erresse-shop.it\/de\/shop\/kleine-elektrogeraete\/skalen\/caso-design-kuechenwaage-kitchen-ecostyle\/\" \/>\n<meta property=\"og:site_name\" content=\"Erresse Shop\" \/>\n<meta property=\"article:modified_time\" content=\"2025-08-27T08:31:10+00:00\" \/>\n<meta property=\"og:image\" content=\"https:\/\/www.erresse-shop.it\/wp-content\/uploads\/2025\/08\/CASO-DESIGN-Bilancia-da-Cucina-Kitchen-Ecostyle.jpg\" \/>\n\t<meta property=\"og:image:width\" content=\"1200\" \/>\n\t<meta property=\"og:image:height\" content=\"1200\" \/>\n\t<meta property=\"og:image:type\" content=\"image\/jpeg\" \/>\n<meta name=\"twitter:card\" content=\"summary_large_image\" \/>\n<script type=\"application\/ld+json\" class=\"yoast-schema-graph\">{\"@context\":\"https:\/\/schema.org\",\"@graph\":[{\"@type\":\"WebPage\",\"@id\":\"https:\/\/www.erresse-shop.it\/de\/shop\/kleine-elektrogeraete\/skalen\/caso-design-kuechenwaage-kitchen-ecostyle\/\",\"url\":\"https:\/\/www.erresse-shop.it\/de\/shop\/kleine-elektrogeraete\/skalen\/caso-design-kuechenwaage-kitchen-ecostyle\/\",\"name\":\"SMEG K\u00fcchenwaage Gr\u00fcn\",\"isPartOf\":{\"@id\":\"https:\/\/www.erresse-shop.it\/de\/#website\"},\"datePublished\":\"2025-08-27T08:10:31+00:00\",\"dateModified\":\"2025-08-27T08:31:10+00:00\",\"description\":\"Entdecken Sie SMEG K\u00fcchenwaage Gr\u00fcn bei ErresseShop. Qualit\u00e4t, Stil und Funktionalit\u00e4t \u2013 jetzt online bestellen!\",\"breadcrumb\":{\"@id\":\"https:\/\/www.erresse-shop.it\/de\/shop\/kleine-elektrogeraete\/skalen\/caso-design-kuechenwaage-kitchen-ecostyle\/#breadcrumb\"},\"inLanguage\":\"de-DE\",\"potentialAction\":[{\"@type\":\"ReadAction\",\"target\":[\"https:\/\/www.erresse-shop.it\/de\/shop\/kleine-elektrogeraete\/skalen\/caso-design-kuechenwaage-kitchen-ecostyle\/\"]}]},{\"@type\":\"BreadcrumbList\",\"@id\":\"https:\/\/www.erresse-shop.it\/de\/shop\/kleine-elektrogeraete\/skalen\/caso-design-kuechenwaage-kitchen-ecostyle\/#breadcrumb\",\"itemListElement\":[{\"@type\":\"ListItem\",\"position\":1,\"name\":\"Home\",\"item\":\"https:\/\/www.erresse-shop.it\/de\/\"},{\"@type\":\"ListItem\",\"position\":2,\"name\":\"Shop\",\"item\":\"https:\/\/www.erresse-shop.it\/de\/shop\/\"},{\"@type\":\"ListItem\",\"position\":3,\"name\":\"CASO DESIGN K\u00fcchenwaage Kitchen Ecostyle\"}]},{\"@type\":\"WebSite\",\"@id\":\"https:\/\/www.erresse-shop.it\/de\/#website\",\"url\":\"https:\/\/www.erresse-shop.it\/de\/\",\"name\":\"Erresse Shop\",\"description\":\"Articoli di qualit\u00e0 per la casa\",\"potentialAction\":[{\"@type\":\"SearchAction\",\"target\":{\"@type\":\"EntryPoint\",\"urlTemplate\":\"https:\/\/www.erresse-shop.it\/de\/?s={search_term_string}\"},\"query-input\":\"required name=search_term_string\"}],\"inLanguage\":\"de-DE\"}]}<\/script>\n<!-- \/ Yoast SEO Premium plugin. -->","yoast_head_json":{"title":"SMEG K\u00fcchenwaage Gr\u00fcn","description":"Entdecken Sie SMEG K\u00fcchenwaage Gr\u00fcn bei ErresseShop. Qualit\u00e4t, Stil und Funktionalit\u00e4t \u2013 jetzt online bestellen!","robots":{"index":"index","follow":"follow","max-snippet":"max-snippet:-1","max-image-preview":"max-image-preview:large","max-video-preview":"max-video-preview:-1"},"canonical":"https:\/\/www.erresse-shop.it\/de\/shop\/kleine-elektrogeraete\/skalen\/caso-design-kuechenwaage-kitchen-ecostyle\/","og_locale":"de_DE","og_type":"article","og_title":"CASO DESIGN K\u00fcchenwaage Kitchen Ecostyle","og_description":"Entdecken Sie SMEG K\u00fcchenwaage Gr\u00fcn bei ErresseShop. Qualit\u00e4t, Stil und Funktionalit\u00e4t \u2013 jetzt online bestellen!","og_url":"https:\/\/www.erresse-shop.it\/de\/shop\/kleine-elektrogeraete\/skalen\/caso-design-kuechenwaage-kitchen-ecostyle\/","og_site_name":"Erresse Shop","article_modified_time":"2025-08-27T08:31:10+00:00","og_image":[{"width":1200,"height":1200,"url":"https:\/\/www.erresse-shop.it\/wp-content\/uploads\/2025\/08\/CASO-DESIGN-Bilancia-da-Cucina-Kitchen-Ecostyle.jpg","type":"image\/jpeg"}],"twitter_card":"summary_large_image","schema":{"@context":"https:\/\/schema.org","@graph":[{"@type":"WebPage","@id":"https:\/\/www.erresse-shop.it\/de\/shop\/kleine-elektrogeraete\/skalen\/caso-design-kuechenwaage-kitchen-ecostyle\/","url":"https:\/\/www.erresse-shop.it\/de\/shop\/kleine-elektrogeraete\/skalen\/caso-design-kuechenwaage-kitchen-ecostyle\/","name":"SMEG K\u00fcchenwaage Gr\u00fcn","isPartOf":{"@id":"https:\/\/www.erresse-shop.it\/de\/#website"},"datePublished":"2025-08-27T08:10:31+00:00","dateModified":"2025-08-27T08:31:10+00:00","description":"Entdecken Sie SMEG K\u00fcchenwaage Gr\u00fcn bei ErresseShop. Qualit\u00e4t, Stil und Funktionalit\u00e4t \u2013 jetzt online bestellen!","breadcrumb":{"@id":"https:\/\/www.erresse-shop.it\/de\/shop\/kleine-elektrogeraete\/skalen\/caso-design-kuechenwaage-kitchen-ecostyle\/#breadcrumb"},"inLanguage":"de-DE","potentialAction":[{"@type":"ReadAction","target":["https:\/\/www.erresse-shop.it\/de\/shop\/kleine-elektrogeraete\/skalen\/caso-design-kuechenwaage-kitchen-ecostyle\/"]}]},{"@type":"BreadcrumbList","@id":"https:\/\/www.erresse-shop.it\/de\/shop\/kleine-elektrogeraete\/skalen\/caso-design-kuechenwaage-kitchen-ecostyle\/#breadcrumb","itemListElement":[{"@type":"ListItem","position":1,"name":"Home","item":"https:\/\/www.erresse-shop.it\/de\/"},{"@type":"ListItem","position":2,"name":"Shop","item":"https:\/\/www.erresse-shop.it\/de\/shop\/"},{"@type":"ListItem","position":3,"name":"CASO DESIGN K\u00fcchenwaage Kitchen Ecostyle"}]},{"@type":"WebSite","@id":"https:\/\/www.erresse-shop.it\/de\/#website","url":"https:\/\/www.erresse-shop.it\/de\/","name":"Erresse Shop","description":"Articoli di qualit\u00e0 per la casa","potentialAction":[{"@type":"SearchAction","target":{"@type":"EntryPoint","urlTemplate":"https:\/\/www.erresse-shop.it\/de\/?s={search_term_string}"},"query-input":"required name=search_term_string"}],"inLanguage":"de-DE"}]}},"df_price":24.99,"df_sale_price":24.99,"df_regular_price":24.99,"df_image_link":"https:\/\/www.erresse-shop.it\/wp-content\/uploads\/2025\/08\/CASO-DESIGN-Bilancia-da-Cucina-Kitchen-Ecostyle-300x300.jpg","_links":{"self":[{"href":"https:\/\/www.erresse-shop.it\/de\/wp-json\/wp\/v2\/product\/510928"}],"collection":[{"href":"https:\/\/www.erresse-shop.it\/de\/wp-json\/wp\/v2\/product"}],"about":[{"href":"https:\/\/www.erresse-shop.it\/de\/wp-json\/wp\/v2\/types\/product"}],"wp:featuredmedia":[{"embeddable":true,"href":"https:\/\/www.erresse-shop.it\/de\/wp-json\/wp\/v2\/media\/510966"}],"wp:attachment":[{"href":"https:\/\/www.erresse-shop.it\/de\/wp-json\/wp\/v2\/media?parent=510928"}],"wp:term":[{"taxonomy":"product_cat","embeddable":true,"href":"https:\/\/www.erresse-shop.it\/de\/wp-json\/wp\/v2\/product_cat?post=510928"},{"taxonomy":"product_tag","embeddable":true,"href":"https:\/\/www.erresse-shop.it\/de\/wp-json\/wp\/v2\/product_tag?post=510928"}],"curies":[{"name":"wp","href":"https:\/\/api.w.org\/{rel}","templated":true}]}}