{"id":510830,"date":"2025-08-27T06:57:14","date_gmt":"2025-08-27T06:57:14","guid":{"rendered":"https:\/\/www.erresse-shop.it\/?post_type=product&#038;p=510830"},"modified":"2025-08-27T07:16:41","modified_gmt":"2025-08-27T07:16:41","slug":"magimix-elektrischer-crepe-maker-cm-1300","status":"publish","type":"product","link":"https:\/\/www.erresse-shop.it\/de\/shop\/kleine-elektrogeraete\/magimix-elektrischer-crepe-maker-cm-1300\/","title":{"rendered":"MAGIMIX Elektrischer Cr\u00eape-Maker CM 1300"},"content":{"rendered":"<p><strong>Jahrmarktduft in Ihrer K\u00fcche<\/strong><\/p>\n<p>Wer kennt nicht diese magischen Momente, wenn der Duft frisch gebackener Cr\u00eapes auf einem Weihnachtsmarkt oder in einem Vergn\u00fcgungspark in der Luft liegt?<br \/>\nMit der CM 1300 Cr\u00eapi\u00e8re von CASO Design holen Sie sich dieses Gef\u00fchl nach Hause. Keine Warteschlangen mehr, kein Warten in der K\u00e4lte: Nur Sie, Ihre Lieblingszutaten und der einladende Duft goldbrauner, frisch gebackener XL-Cr\u00eapes, frisch aus Ihrer K\u00fcche.<br \/>\nOb s\u00fc\u00df mit Zimt und Zucker oder herzhaft mit K\u00e4se und Schinken \u2013 Ihrer Fantasie sind keine Grenzen gesetzt.<\/p>\n<p><strong>Professionelle Cr\u00eapes \u2013 ganz einfach zu Hause zubereitet<\/strong><\/p>\n<p>Das Geheimnis echter Cr\u00eape-Qualit\u00e4t liegt in der Technologie.<br \/>\nDie CM 1300 Cr\u00eapi\u00e8re wurde von CASO Design entwickelt, um das Kocherlebnis auf ein neues Niveau zu heben. Mit seiner extragro\u00dfen Grillfl\u00e4che von 33 cm Durchmesser bietet er ausreichend Platz f\u00fcr gro\u00dfz\u00fcgige, hauchd\u00fcnne Cr\u00eapes \u2013 wie im Freizeitpark.<br \/>\nDa kein Pfannenrand erforderlich ist, lassen sich die Cr\u00eapes gleichm\u00e4\u00dfig verteilen und perfekt wenden.<\/p>\n<p><strong>Gleichm\u00e4\u00dfige Hitze f\u00fcr perfekte Ergebnisse<\/strong><\/p>\n<p>Dank eines verschwei\u00dften Heizelements wird die gesamte Grillfl\u00e4che besonders gleichm\u00e4\u00dfig erhitzt: ein entscheidender Vorteil gegen\u00fcber herk\u00f6mmlichen Pfannen oder g\u00fcnstigeren Ger\u00e4ten.<br \/>\nDie hochwertige ILAG Antihaftbeschichtung sorgt daf\u00fcr, dass nichts anhaftet und die Cr\u00eapes auch ohne Fettzugabe wie frisch aus dem Ofen gegart werden.<br \/>\nMit acht Temperaturstufen, die bequem \u00fcber einen praktischen Schieberegler eingestellt werden k\u00f6nnen, haben Sie die volle Kontrolle \u00fcber Ihre Cr\u00eape-Kreationen.<\/p>\n<p><strong>Elegantes Design und einfache Bedienung<\/strong><\/p>\n<p>Der Cr\u00eape-Maker ist nicht nur funktional, sondern auch \u00e4sthetisch ansprechend: Das zylindrische Design aus geb\u00fcrstetem Edelstahl ist modern, kompakt und ein echter Hingucker in jeder K\u00fcche.<br \/>\nEine integrierte LED-Anzeige zeigt an, wann die optimale Temperatur erreicht ist, und sorgt so f\u00fcr perfekt gegarte Cr\u00eapes. Dank seines geringen Gewichts von nur 1,9 kg l\u00e4sst sich das Ger\u00e4t zudem einfach verstauen und transportieren \u2013 perfekt f\u00fcr spontane Genussmomente.<\/p>\n<p><strong>Alles f\u00fcr den perfekten Start<\/strong><\/p>\n<p>Damit Sie sofort loslegen k\u00f6nnen, enth\u00e4lt das Set einen Cr\u00eape-Teiler und einen Cr\u00eape-Heber aus Holz \u2013 genau wie die Profis. Alles, was Sie brauchen, ist ein einfacher Cr\u00eape-Teig und eine kreative Idee f\u00fcr die F\u00fcllung.<\/p>\n<p>Der CM 1300 ist somit ideal f\u00fcr Familien, Genie\u00dfer und alle, die ihre G\u00e4ste mit etwas Besonderem verw\u00f6hnen m\u00f6chten.<\/p>\n<p><strong>Ma\u00dfe:<\/strong> 35,5 x 33 x 10 cm <strong><br \/>\nGewicht:<\/strong> 1,9 kg<br \/>\n<strong>Leistung (Watt):<\/strong> 1300 <strong><br \/>\nSpannung:<\/strong> 220\u2013240 V~, 50\u201360 Hz<\/p>\n","protected":false},"excerpt":{"rendered":"<p>Jahrmarktduft in Ihrer K\u00fcche Wer kennt nicht diese magischen Momente, wenn der Duft frisch gebackener Cr\u00eapes auf einem Weihnachtsmarkt oder<\/p>\n","protected":false},"featured_media":510847,"template":"","meta":{"_acf_changed":false,"inline_featured_image":false},"product_cat":[6703],"product_tag":[12327,12202,23262],"acf":[],"yoast_head":"<!-- This site is optimized with the Yoast SEO Premium plugin v18.6 (Yoast SEO v19.13) - https:\/\/yoast.com\/wordpress\/plugins\/seo\/ -->\n<title>MAGIMIX Elektrischer Cr\u00eape-Maker CM 1300 - Erresse Shop<\/title>\n<meta name=\"description\" content=\"Jahrmarktduft in Ihrer K\u00fcche Wer kennt nicht diese magischen Momente, wenn der Duft frisch gebackener Cr\u00eapes auf einem Weihnachtsmarkt oder in einem\" \/>\n<meta name=\"robots\" content=\"index, follow, max-snippet:-1, max-image-preview:large, max-video-preview:-1\" \/>\n<link rel=\"canonical\" href=\"https:\/\/www.erresse-shop.it\/de\/shop\/kleine-elektrogeraete\/magimix-elektrischer-crepe-maker-cm-1300\/\" \/>\n<meta property=\"og:locale\" content=\"de_DE\" \/>\n<meta property=\"og:type\" content=\"article\" \/>\n<meta property=\"og:title\" content=\"MAGIMIX Elektrischer Cr\u00eape-Maker CM 1300\" \/>\n<meta property=\"og:description\" content=\"Jahrmarktduft in Ihrer K\u00fcche Wer kennt nicht diese magischen Momente, wenn der Duft frisch gebackener Cr\u00eapes auf einem Weihnachtsmarkt oder in einem\" \/>\n<meta property=\"og:url\" content=\"https:\/\/www.erresse-shop.it\/de\/shop\/kleine-elektrogeraete\/magimix-elektrischer-crepe-maker-cm-1300\/\" \/>\n<meta property=\"og:site_name\" content=\"Erresse Shop\" \/>\n<meta property=\"article:modified_time\" content=\"2025-08-27T07:16:41+00:00\" \/>\n<meta property=\"og:image\" content=\"https:\/\/www.erresse-shop.it\/wp-content\/uploads\/2025\/08\/CASO-DESIGN-Crepiera-Elettrica-CM-1300.jpg\" \/>\n\t<meta property=\"og:image:width\" content=\"1200\" \/>\n\t<meta property=\"og:image:height\" content=\"1200\" \/>\n\t<meta property=\"og:image:type\" content=\"image\/jpeg\" \/>\n<meta name=\"twitter:card\" content=\"summary_large_image\" \/>\n<script type=\"application\/ld+json\" class=\"yoast-schema-graph\">{\"@context\":\"https:\/\/schema.org\",\"@graph\":[{\"@type\":\"WebPage\",\"@id\":\"https:\/\/www.erresse-shop.it\/de\/shop\/kleine-elektrogeraete\/magimix-elektrischer-crepe-maker-cm-1300\/\",\"url\":\"https:\/\/www.erresse-shop.it\/de\/shop\/kleine-elektrogeraete\/magimix-elektrischer-crepe-maker-cm-1300\/\",\"name\":\"MAGIMIX Elektrischer Cr\u00eape-Maker CM 1300 - Erresse Shop\",\"isPartOf\":{\"@id\":\"https:\/\/www.erresse-shop.it\/de\/#website\"},\"datePublished\":\"2025-08-27T06:57:14+00:00\",\"dateModified\":\"2025-08-27T07:16:41+00:00\",\"description\":\"Jahrmarktduft in Ihrer K\u00fcche Wer kennt nicht diese magischen Momente, wenn der Duft frisch gebackener Cr\u00eapes auf einem Weihnachtsmarkt oder in einem\",\"breadcrumb\":{\"@id\":\"https:\/\/www.erresse-shop.it\/de\/shop\/kleine-elektrogeraete\/magimix-elektrischer-crepe-maker-cm-1300\/#breadcrumb\"},\"inLanguage\":\"de-DE\",\"potentialAction\":[{\"@type\":\"ReadAction\",\"target\":[\"https:\/\/www.erresse-shop.it\/de\/shop\/kleine-elektrogeraete\/magimix-elektrischer-crepe-maker-cm-1300\/\"]}]},{\"@type\":\"BreadcrumbList\",\"@id\":\"https:\/\/www.erresse-shop.it\/de\/shop\/kleine-elektrogeraete\/magimix-elektrischer-crepe-maker-cm-1300\/#breadcrumb\",\"itemListElement\":[{\"@type\":\"ListItem\",\"position\":1,\"name\":\"Home\",\"item\":\"https:\/\/www.erresse-shop.it\/de\/\"},{\"@type\":\"ListItem\",\"position\":2,\"name\":\"Shop\",\"item\":\"https:\/\/www.erresse-shop.it\/de\/shop\/\"},{\"@type\":\"ListItem\",\"position\":3,\"name\":\"MAGIMIX Elektrischer Cr\u00eape-Maker CM 1300\"}]},{\"@type\":\"WebSite\",\"@id\":\"https:\/\/www.erresse-shop.it\/de\/#website\",\"url\":\"https:\/\/www.erresse-shop.it\/de\/\",\"name\":\"Erresse Shop\",\"description\":\"Articoli di qualit\u00e0 per la casa\",\"potentialAction\":[{\"@type\":\"SearchAction\",\"target\":{\"@type\":\"EntryPoint\",\"urlTemplate\":\"https:\/\/www.erresse-shop.it\/de\/?s={search_term_string}\"},\"query-input\":\"required name=search_term_string\"}],\"inLanguage\":\"de-DE\"}]}<\/script>\n<!-- \/ Yoast SEO Premium plugin. -->","yoast_head_json":{"title":"MAGIMIX Elektrischer Cr\u00eape-Maker CM 1300 - Erresse Shop","description":"Jahrmarktduft in Ihrer K\u00fcche Wer kennt nicht diese magischen Momente, wenn der Duft frisch gebackener Cr\u00eapes auf einem Weihnachtsmarkt oder in einem","robots":{"index":"index","follow":"follow","max-snippet":"max-snippet:-1","max-image-preview":"max-image-preview:large","max-video-preview":"max-video-preview:-1"},"canonical":"https:\/\/www.erresse-shop.it\/de\/shop\/kleine-elektrogeraete\/magimix-elektrischer-crepe-maker-cm-1300\/","og_locale":"de_DE","og_type":"article","og_title":"MAGIMIX Elektrischer Cr\u00eape-Maker CM 1300","og_description":"Jahrmarktduft in Ihrer K\u00fcche Wer kennt nicht diese magischen Momente, wenn der Duft frisch gebackener Cr\u00eapes auf einem Weihnachtsmarkt oder in einem","og_url":"https:\/\/www.erresse-shop.it\/de\/shop\/kleine-elektrogeraete\/magimix-elektrischer-crepe-maker-cm-1300\/","og_site_name":"Erresse Shop","article_modified_time":"2025-08-27T07:16:41+00:00","og_image":[{"width":1200,"height":1200,"url":"https:\/\/www.erresse-shop.it\/wp-content\/uploads\/2025\/08\/CASO-DESIGN-Crepiera-Elettrica-CM-1300.jpg","type":"image\/jpeg"}],"twitter_card":"summary_large_image","schema":{"@context":"https:\/\/schema.org","@graph":[{"@type":"WebPage","@id":"https:\/\/www.erresse-shop.it\/de\/shop\/kleine-elektrogeraete\/magimix-elektrischer-crepe-maker-cm-1300\/","url":"https:\/\/www.erresse-shop.it\/de\/shop\/kleine-elektrogeraete\/magimix-elektrischer-crepe-maker-cm-1300\/","name":"MAGIMIX Elektrischer Cr\u00eape-Maker CM 1300 - Erresse Shop","isPartOf":{"@id":"https:\/\/www.erresse-shop.it\/de\/#website"},"datePublished":"2025-08-27T06:57:14+00:00","dateModified":"2025-08-27T07:16:41+00:00","description":"Jahrmarktduft in Ihrer K\u00fcche Wer kennt nicht diese magischen Momente, wenn der Duft frisch gebackener Cr\u00eapes auf einem Weihnachtsmarkt oder in einem","breadcrumb":{"@id":"https:\/\/www.erresse-shop.it\/de\/shop\/kleine-elektrogeraete\/magimix-elektrischer-crepe-maker-cm-1300\/#breadcrumb"},"inLanguage":"de-DE","potentialAction":[{"@type":"ReadAction","target":["https:\/\/www.erresse-shop.it\/de\/shop\/kleine-elektrogeraete\/magimix-elektrischer-crepe-maker-cm-1300\/"]}]},{"@type":"BreadcrumbList","@id":"https:\/\/www.erresse-shop.it\/de\/shop\/kleine-elektrogeraete\/magimix-elektrischer-crepe-maker-cm-1300\/#breadcrumb","itemListElement":[{"@type":"ListItem","position":1,"name":"Home","item":"https:\/\/www.erresse-shop.it\/de\/"},{"@type":"ListItem","position":2,"name":"Shop","item":"https:\/\/www.erresse-shop.it\/de\/shop\/"},{"@type":"ListItem","position":3,"name":"MAGIMIX Elektrischer Cr\u00eape-Maker CM 1300"}]},{"@type":"WebSite","@id":"https:\/\/www.erresse-shop.it\/de\/#website","url":"https:\/\/www.erresse-shop.it\/de\/","name":"Erresse Shop","description":"Articoli di qualit\u00e0 per la casa","potentialAction":[{"@type":"SearchAction","target":{"@type":"EntryPoint","urlTemplate":"https:\/\/www.erresse-shop.it\/de\/?s={search_term_string}"},"query-input":"required name=search_term_string"}],"inLanguage":"de-DE"}]}},"df_price":54.99,"df_sale_price":54.99,"df_regular_price":54.99,"df_image_link":"https:\/\/www.erresse-shop.it\/wp-content\/uploads\/2025\/08\/CASO-DESIGN-Crepiera-Elettrica-CM-1300-300x300.jpg","_links":{"self":[{"href":"https:\/\/www.erresse-shop.it\/de\/wp-json\/wp\/v2\/product\/510830"}],"collection":[{"href":"https:\/\/www.erresse-shop.it\/de\/wp-json\/wp\/v2\/product"}],"about":[{"href":"https:\/\/www.erresse-shop.it\/de\/wp-json\/wp\/v2\/types\/product"}],"wp:featuredmedia":[{"embeddable":true,"href":"https:\/\/www.erresse-shop.it\/de\/wp-json\/wp\/v2\/media\/510847"}],"wp:attachment":[{"href":"https:\/\/www.erresse-shop.it\/de\/wp-json\/wp\/v2\/media?parent=510830"}],"wp:term":[{"taxonomy":"product_cat","embeddable":true,"href":"https:\/\/www.erresse-shop.it\/de\/wp-json\/wp\/v2\/product_cat?post=510830"},{"taxonomy":"product_tag","embeddable":true,"href":"https:\/\/www.erresse-shop.it\/de\/wp-json\/wp\/v2\/product_tag?post=510830"}],"curies":[{"name":"wp","href":"https:\/\/api.w.org\/{rel}","templated":true}]}}