{"id":510806,"date":"2025-08-27T06:34:21","date_gmt":"2025-08-27T06:34:25","guid":{"rendered":"https:\/\/www.erresse-shop.it\/?post_type=product&#038;p=510806"},"modified":"2025-08-27T06:53:49","modified_gmt":"2025-08-27T06:53:49","slug":"magimix-fleishwolf-fw-2000","status":"publish","type":"product","link":"https:\/\/www.erresse-shop.it\/de\/shop\/kleine-elektrogeraete\/kuechenmaschinen\/magimix-fleishwolf-fw-2000\/","title":{"rendered":"MAGIMIX Fleishwolf FW 2000"},"content":{"rendered":"<p><strong>CASO Design &#8220;FW 2000&#8221; Fleischwolf \u2013 Perfekte Verarbeitung f\u00fcr Ihre K\u00fcche<\/strong><\/p>\n<p>Dieses au\u00dfergew\u00f6hnliche Ger\u00e4t verwandelt Ihre K\u00fcche in ein Gourmetlabor, in dem Sie immer genau wissen, was in Ihren Gerichten steckt.<br \/>\nMit seinem robusten Geh\u00e4use aus Aluminiumdruckguss und den hochwertigen Edelstahlklingen bietet der FW 2000 nicht nur Langlebigkeit, sondern auch erstklassige Leistung.<\/p>\n<p><strong>Beeindruckende Leistung<\/strong><\/p>\n<p>Der FW 2000 ist mit einem leistungsstarken Motor ausgestattet, der mit einer Nennleistung von 800 Watt und einer Maximalleistung von 2000 Watt alle Ihre Anforderungen problemlos erf\u00fcllt.<br \/>\nOb fein gehacktes Fleisch oder grobe Wurst, dieser Fleischwolf verarbeitet bis zu 2,5 kg Fleisch pro Minute und sorgt so f\u00fcr effizientes Arbeiten auch bei gro\u00dfen Mengen.<\/p>\n<p><strong>Pr\u00e4zise und vielseitige Schneidergebnisse<\/strong><\/p>\n<p>Die hochwertigen Edelstahlklingen und verschiedenen Schneids\u00e4tze machen den FW 2000 zu einem unverzichtbaren K\u00fcchenhelfer.<br \/>\nMit drei Edelstahl-Schneids\u00e4tzen (3 mm, 5 mm und 8 mm) k\u00f6nnen Sie die Konsistenz Ihrer Fleischzubereitungen individuell anpassen.<\/p>\n<p>Mitgeliefertes Zubeh\u00f6r wie der Wurstf\u00fcller und der Teigaufsatz erweitern das Anwendungsspektrum und lassen Ihrer Kreativit\u00e4t freien Lauf.<\/p>\n<p><strong>Benutzerfreundlich im Fokus<\/strong><\/p>\n<p>Der Fleischwolf FW 2000 ist nicht nur leistungsstark, sondern auch \u00e4u\u00dferst benutzerfreundlich.<br \/>\nDer leicht abnehmbare Aufsatz und die gro\u00dfe Einf\u00fcllschale aus Aluminium sorgen f\u00fcr eine komfortable Bedienung.<br \/>\nDank Vorw\u00e4rts- und R\u00fcckw\u00e4rtslauf sowie zwei Geschwindigkeitsstufen k\u00f6nnen Sie den Fleischwolf an Ihre Bed\u00fcrfnisse anpassen und Verstopfungen m\u00fchelos beseitigen.<\/p>\n<p><strong>Abmessungen:<\/strong>18 x 37 x 35,5 cm<br \/>\n<strong>Gewicht:<\/strong>5,5 kg<br \/>\n<strong>Leistung (Watt):<\/strong>2000<br \/>\n<strong>Spannung:<\/strong>220\u2013240 V~, 50\u201360 Hz<\/p>\n","protected":false},"excerpt":{"rendered":"<p>CASO Design &#8220;FW 2000&#8221; Fleischwolf \u2013 Perfekte Verarbeitung f\u00fcr Ihre K\u00fcche Dieses au\u00dfergew\u00f6hnliche Ger\u00e4t verwandelt Ihre K\u00fcche in ein Gourmetlabor,<\/p>\n","protected":false},"featured_media":510824,"template":"","meta":{"_acf_changed":false,"inline_featured_image":false},"product_cat":[6703,6721],"product_tag":[12327,17957,23262],"acf":[],"yoast_head":"<!-- This site is optimized with the Yoast SEO Premium plugin v18.6 (Yoast SEO v19.13) - https:\/\/yoast.com\/wordpress\/plugins\/seo\/ -->\n<title>MAGIMIX Fleishwolf FW 2000 - Erresse Shop<\/title>\n<meta name=\"description\" content=\"CASO Design &quot;FW 2000&quot; Fleischwolf \u2013 Perfekte Verarbeitung f\u00fcr Ihre K\u00fcche Dieses au\u00dfergew\u00f6hnliche Ger\u00e4t verwandelt Ihre K\u00fcche in ein Gourmetlabor, in dem\" \/>\n<meta name=\"robots\" content=\"index, follow, max-snippet:-1, max-image-preview:large, max-video-preview:-1\" \/>\n<link rel=\"canonical\" href=\"https:\/\/www.erresse-shop.it\/de\/shop\/kleine-elektrogeraete\/kuechenmaschinen\/magimix-fleishwolf-fw-2000\/\" \/>\n<meta property=\"og:locale\" content=\"de_DE\" \/>\n<meta property=\"og:type\" content=\"article\" \/>\n<meta property=\"og:title\" content=\"MAGIMIX Fleishwolf FW 2000\" \/>\n<meta property=\"og:description\" content=\"CASO Design &quot;FW 2000&quot; Fleischwolf \u2013 Perfekte Verarbeitung f\u00fcr Ihre K\u00fcche Dieses au\u00dfergew\u00f6hnliche Ger\u00e4t verwandelt Ihre K\u00fcche in ein Gourmetlabor, in dem\" \/>\n<meta property=\"og:url\" content=\"https:\/\/www.erresse-shop.it\/de\/shop\/kleine-elektrogeraete\/kuechenmaschinen\/magimix-fleishwolf-fw-2000\/\" \/>\n<meta property=\"og:site_name\" content=\"Erresse Shop\" \/>\n<meta property=\"article:modified_time\" content=\"2025-08-27T06:53:49+00:00\" \/>\n<meta property=\"og:image\" content=\"https:\/\/www.erresse-shop.it\/wp-content\/uploads\/2025\/08\/CASO-DESIGN-Tritacarne-FW-2000.jpg\" \/>\n\t<meta property=\"og:image:width\" content=\"1200\" \/>\n\t<meta property=\"og:image:height\" content=\"1200\" \/>\n\t<meta property=\"og:image:type\" content=\"image\/jpeg\" \/>\n<meta name=\"twitter:card\" content=\"summary_large_image\" \/>\n<script type=\"application\/ld+json\" class=\"yoast-schema-graph\">{\"@context\":\"https:\/\/schema.org\",\"@graph\":[{\"@type\":\"WebPage\",\"@id\":\"https:\/\/www.erresse-shop.it\/de\/shop\/kleine-elektrogeraete\/kuechenmaschinen\/magimix-fleishwolf-fw-2000\/\",\"url\":\"https:\/\/www.erresse-shop.it\/de\/shop\/kleine-elektrogeraete\/kuechenmaschinen\/magimix-fleishwolf-fw-2000\/\",\"name\":\"MAGIMIX Fleishwolf FW 2000 - Erresse Shop\",\"isPartOf\":{\"@id\":\"https:\/\/www.erresse-shop.it\/de\/#website\"},\"datePublished\":\"2025-08-27T06:34:25+00:00\",\"dateModified\":\"2025-08-27T06:53:49+00:00\",\"description\":\"CASO Design \\\"FW 2000\\\" Fleischwolf \u2013 Perfekte Verarbeitung f\u00fcr Ihre K\u00fcche Dieses au\u00dfergew\u00f6hnliche Ger\u00e4t verwandelt Ihre K\u00fcche in ein Gourmetlabor, in dem\",\"breadcrumb\":{\"@id\":\"https:\/\/www.erresse-shop.it\/de\/shop\/kleine-elektrogeraete\/kuechenmaschinen\/magimix-fleishwolf-fw-2000\/#breadcrumb\"},\"inLanguage\":\"de-DE\",\"potentialAction\":[{\"@type\":\"ReadAction\",\"target\":[\"https:\/\/www.erresse-shop.it\/de\/shop\/kleine-elektrogeraete\/kuechenmaschinen\/magimix-fleishwolf-fw-2000\/\"]}]},{\"@type\":\"BreadcrumbList\",\"@id\":\"https:\/\/www.erresse-shop.it\/de\/shop\/kleine-elektrogeraete\/kuechenmaschinen\/magimix-fleishwolf-fw-2000\/#breadcrumb\",\"itemListElement\":[{\"@type\":\"ListItem\",\"position\":1,\"name\":\"Home\",\"item\":\"https:\/\/www.erresse-shop.it\/de\/\"},{\"@type\":\"ListItem\",\"position\":2,\"name\":\"Shop\",\"item\":\"https:\/\/www.erresse-shop.it\/de\/shop\/\"},{\"@type\":\"ListItem\",\"position\":3,\"name\":\"MAGIMIX Fleishwolf FW 2000\"}]},{\"@type\":\"WebSite\",\"@id\":\"https:\/\/www.erresse-shop.it\/de\/#website\",\"url\":\"https:\/\/www.erresse-shop.it\/de\/\",\"name\":\"Erresse Shop\",\"description\":\"Articoli di qualit\u00e0 per la casa\",\"potentialAction\":[{\"@type\":\"SearchAction\",\"target\":{\"@type\":\"EntryPoint\",\"urlTemplate\":\"https:\/\/www.erresse-shop.it\/de\/?s={search_term_string}\"},\"query-input\":\"required name=search_term_string\"}],\"inLanguage\":\"de-DE\"}]}<\/script>\n<!-- \/ Yoast SEO Premium plugin. -->","yoast_head_json":{"title":"MAGIMIX Fleishwolf FW 2000 - Erresse Shop","description":"CASO Design \"FW 2000\" Fleischwolf \u2013 Perfekte Verarbeitung f\u00fcr Ihre K\u00fcche Dieses au\u00dfergew\u00f6hnliche Ger\u00e4t verwandelt Ihre K\u00fcche in ein Gourmetlabor, in dem","robots":{"index":"index","follow":"follow","max-snippet":"max-snippet:-1","max-image-preview":"max-image-preview:large","max-video-preview":"max-video-preview:-1"},"canonical":"https:\/\/www.erresse-shop.it\/de\/shop\/kleine-elektrogeraete\/kuechenmaschinen\/magimix-fleishwolf-fw-2000\/","og_locale":"de_DE","og_type":"article","og_title":"MAGIMIX Fleishwolf FW 2000","og_description":"CASO Design \"FW 2000\" Fleischwolf \u2013 Perfekte Verarbeitung f\u00fcr Ihre K\u00fcche Dieses au\u00dfergew\u00f6hnliche Ger\u00e4t verwandelt Ihre K\u00fcche in ein Gourmetlabor, in dem","og_url":"https:\/\/www.erresse-shop.it\/de\/shop\/kleine-elektrogeraete\/kuechenmaschinen\/magimix-fleishwolf-fw-2000\/","og_site_name":"Erresse Shop","article_modified_time":"2025-08-27T06:53:49+00:00","og_image":[{"width":1200,"height":1200,"url":"https:\/\/www.erresse-shop.it\/wp-content\/uploads\/2025\/08\/CASO-DESIGN-Tritacarne-FW-2000.jpg","type":"image\/jpeg"}],"twitter_card":"summary_large_image","schema":{"@context":"https:\/\/schema.org","@graph":[{"@type":"WebPage","@id":"https:\/\/www.erresse-shop.it\/de\/shop\/kleine-elektrogeraete\/kuechenmaschinen\/magimix-fleishwolf-fw-2000\/","url":"https:\/\/www.erresse-shop.it\/de\/shop\/kleine-elektrogeraete\/kuechenmaschinen\/magimix-fleishwolf-fw-2000\/","name":"MAGIMIX Fleishwolf FW 2000 - Erresse Shop","isPartOf":{"@id":"https:\/\/www.erresse-shop.it\/de\/#website"},"datePublished":"2025-08-27T06:34:25+00:00","dateModified":"2025-08-27T06:53:49+00:00","description":"CASO Design \"FW 2000\" Fleischwolf \u2013 Perfekte Verarbeitung f\u00fcr Ihre K\u00fcche Dieses au\u00dfergew\u00f6hnliche Ger\u00e4t verwandelt Ihre K\u00fcche in ein Gourmetlabor, in dem","breadcrumb":{"@id":"https:\/\/www.erresse-shop.it\/de\/shop\/kleine-elektrogeraete\/kuechenmaschinen\/magimix-fleishwolf-fw-2000\/#breadcrumb"},"inLanguage":"de-DE","potentialAction":[{"@type":"ReadAction","target":["https:\/\/www.erresse-shop.it\/de\/shop\/kleine-elektrogeraete\/kuechenmaschinen\/magimix-fleishwolf-fw-2000\/"]}]},{"@type":"BreadcrumbList","@id":"https:\/\/www.erresse-shop.it\/de\/shop\/kleine-elektrogeraete\/kuechenmaschinen\/magimix-fleishwolf-fw-2000\/#breadcrumb","itemListElement":[{"@type":"ListItem","position":1,"name":"Home","item":"https:\/\/www.erresse-shop.it\/de\/"},{"@type":"ListItem","position":2,"name":"Shop","item":"https:\/\/www.erresse-shop.it\/de\/shop\/"},{"@type":"ListItem","position":3,"name":"MAGIMIX Fleishwolf FW 2000"}]},{"@type":"WebSite","@id":"https:\/\/www.erresse-shop.it\/de\/#website","url":"https:\/\/www.erresse-shop.it\/de\/","name":"Erresse Shop","description":"Articoli di qualit\u00e0 per la casa","potentialAction":[{"@type":"SearchAction","target":{"@type":"EntryPoint","urlTemplate":"https:\/\/www.erresse-shop.it\/de\/?s={search_term_string}"},"query-input":"required name=search_term_string"}],"inLanguage":"de-DE"}]}},"df_price":159.99,"df_sale_price":159.99,"df_regular_price":159.99,"df_image_link":"https:\/\/www.erresse-shop.it\/wp-content\/uploads\/2025\/08\/CASO-DESIGN-Tritacarne-FW-2000-300x300.jpg","_links":{"self":[{"href":"https:\/\/www.erresse-shop.it\/de\/wp-json\/wp\/v2\/product\/510806"}],"collection":[{"href":"https:\/\/www.erresse-shop.it\/de\/wp-json\/wp\/v2\/product"}],"about":[{"href":"https:\/\/www.erresse-shop.it\/de\/wp-json\/wp\/v2\/types\/product"}],"wp:featuredmedia":[{"embeddable":true,"href":"https:\/\/www.erresse-shop.it\/de\/wp-json\/wp\/v2\/media\/510824"}],"wp:attachment":[{"href":"https:\/\/www.erresse-shop.it\/de\/wp-json\/wp\/v2\/media?parent=510806"}],"wp:term":[{"taxonomy":"product_cat","embeddable":true,"href":"https:\/\/www.erresse-shop.it\/de\/wp-json\/wp\/v2\/product_cat?post=510806"},{"taxonomy":"product_tag","embeddable":true,"href":"https:\/\/www.erresse-shop.it\/de\/wp-json\/wp\/v2\/product_tag?post=510806"}],"curies":[{"name":"wp","href":"https:\/\/api.w.org\/{rel}","templated":true}]}}