{"id":510787,"date":"2025-08-26T13:28:17","date_gmt":"2025-08-26T13:28:19","guid":{"rendered":"https:\/\/www.erresse-shop.it\/?post_type=product&#038;p=510787"},"modified":"2025-08-27T06:28:36","modified_gmt":"2025-08-27T06:28:36","slug":"caso-design-grillplatte-steakmaster-pro","status":"publish","type":"product","link":"https:\/\/www.erresse-shop.it\/de\/shop\/kleine-elektrogeraete\/grills-und-barbecues\/caso-design-grillplatte-steakmaster-pro\/","title":{"rendered":"CASO DESIGN Grillplatte SteakMaster Pro"},"content":{"rendered":"<p><strong>CASO SteakMaster Pro: Perfektion f\u00fcr Ihr Grillvergn\u00fcgen<\/strong><\/p>\n<p>Der CASO SteakMaster Pro ist der perfekte Elektrogrill f\u00fcr alle, die vielseitig, einfach und pr\u00e4zise grillen m\u00f6chten. Dank seiner 3-in-1-Funktionalit\u00e4t bleiben keine W\u00fcnsche offen: Ob saftige Steaks, zarter Fisch oder knusprige Paninis \u2013 jedes Gericht gelingt m\u00fchelos.<br \/>\nMit seinen leistungsstarken 2000 Watt heizt er schnell auf und sorgt f\u00fcr eine gleichm\u00e4\u00dfige W\u00e4rmeverteilung, sodass Ihr Grillgut perfekt gegart wird und auf der Zunge zergeht.<br \/>\nDer SteakMaster Pro bringt das perfekte Grillerlebnis direkt in Ihre K\u00fcche.<\/p>\n<p><strong>Pr\u00e4zises Grillen mit dem integrierten Grillthermometer<\/strong><\/p>\n<p>Dank des integrierten Kerntemperaturf\u00fchlers grillen Sie jetzt jedes Grillgut mit maximaler Pr\u00e4zision. Der SteakMaster Pro ermittelt die exakte Kerntemperatur, sodass Fleisch, Gefl\u00fcgel, Fisch oder Gem\u00fcse immer genau nach Ihren W\u00fcnschen gegart werden.<br \/>\nKeine b\u00f6sen \u00dcberraschungen mehr: Sie k\u00f6nnen sich auf perfekte Grillergebnisse verlassen. Dank der manuell einstellbaren Temperatur von 80 bis 240 \u00b0C und dem Timer bis zu 60 Minuten l\u00e4sst sich der Grill ganz an Ihre Bed\u00fcrfnisse anpassen.<\/p>\n<p><strong>Vielseitigkeit f\u00fcr jedes Grillerlebnis<\/strong><\/p>\n<p>Dank der 3-in-1-Funktion k\u00f6nnen Sie den Grill ganz nach Ihren Bed\u00fcrfnissen nutzen. Als Kontaktgrill backt er Paninis und Sandwiches goldbraun und knusprig. Als Full-Size- oder Half-Size-Grillplatte eignet er sich perfekt f\u00fcr gr\u00f6\u00dfere Grillpartys und XXL-Grillen.<br \/>\nNach dem Aufklappen verwandelt sich der Grill in einen XXL-Tischgrill mit einer beeindruckenden Grillfl\u00e4che von ca. 1.632 cm\u00b2. Diese Gr\u00f6\u00dfe eignet sich perfekt zum Grillen mehrerer Portionen gleichzeitig \u2013 ideal f\u00fcr Familien oder Grillabende mit Freunden.<\/p>\n<p><strong>Leicht zu reinigen dank Antihaftbeschichtung<\/strong><\/p>\n<p>Der SteakMaster Pro ist nicht nur leistungsstark, sondern auch leicht zu reinigen. Die abnehmbaren Grillplatten sind mit einer hochwertigen Antihaftbeschichtung versehen, die ein Anhaften des Grillguts verhindert.<br \/>\nSowohl die geriffelten als auch die glatten Grillplatten sind PFAS-frei und sp\u00fclmaschinenfest. Das macht die Reinigung nach dem Grillen zum Kinderspiel.<br \/>\nDer Grill verf\u00fcgt au\u00dferdem \u00fcber eine herausnehmbare Fettauffangschale, die herabtropfendes Fett und \u00d6l auff\u00e4ngt und so die Reinigung noch einfacher macht.<\/p>\n<p><strong>Bequeme Bedienung mit digitalem Touch-Bedienfeld<\/strong><\/p>\n<p>SteakMaster Pro bietet eine intuitive Bedienung \u00fcber ein digitales Touch-Bedienfeld. Die praktische Programmauswahl f\u00fcr Burger\/Paninis, Gefl\u00fcgel, W\u00fcrstchen, Fleisch, Fisch und Gem\u00fcse macht das Grillen besonders einfach.<br \/>\nMit nur wenigen Klicks w\u00e4hlen Sie das passende Programm f\u00fcr Ihr Grillgut und entspannen sich, w\u00e4hrend der Grill den Rest erledigt. F\u00fcr noch mehr Flexibilit\u00e4t k\u00f6nnen Sie Temperatur und Garzeit auch manuell einstellen \u2013 f\u00fcr perfekte Ergebnisse.<\/p>\n<p><strong>Abmessungen:<\/strong> 35 x 42,5 x 18,5 cm<br \/>\n<strong>Gewicht:<\/strong> 8,15 kg<br \/>\n<strong>Leistung (Watt):<\/strong> 2000<strong><br \/>\nSpannung:<\/strong> 220\u2013240 V, 50\/60 Hz<br \/>\n<strong>Steckertyp:<\/strong> Schuko<\/p>\n","protected":false},"excerpt":{"rendered":"<p>CASO SteakMaster Pro: Perfektion f\u00fcr Ihr Grillvergn\u00fcgen Der CASO SteakMaster Pro ist der perfekte Elektrogrill f\u00fcr alle, die vielseitig, einfach<\/p>\n","protected":false},"featured_media":510779,"template":"","meta":{"_acf_changed":false,"inline_featured_image":false},"product_cat":[6703,13378],"product_tag":[12327,11415,12210,12211],"acf":[],"yoast_head":"<!-- This site is optimized with the Yoast SEO Premium plugin v18.6 (Yoast SEO v19.13) - https:\/\/yoast.com\/wordpress\/plugins\/seo\/ -->\n<title>KITCHENAID Kessel 1,7 L Kaiserrot<\/title>\n<meta name=\"description\" content=\"Entdecken Sie KITCHENAID Kessel 1,7 L Kaiserrot bei ErresseShop. Qualit\u00e4t, Stil und Funktionalit\u00e4t \u2013 jetzt online bestellen!\" \/>\n<meta name=\"robots\" content=\"index, follow, max-snippet:-1, max-image-preview:large, max-video-preview:-1\" \/>\n<link rel=\"canonical\" href=\"https:\/\/www.erresse-shop.it\/de\/shop\/kleine-elektrogeraete\/grills-und-barbecues\/caso-design-grillplatte-steakmaster-pro\/\" \/>\n<meta property=\"og:locale\" content=\"de_DE\" \/>\n<meta property=\"og:type\" content=\"article\" \/>\n<meta property=\"og:title\" content=\"CASO DESIGN Grillplatte SteakMaster Pro\" \/>\n<meta property=\"og:description\" content=\"Entdecken Sie KITCHENAID Kessel 1,7 L Kaiserrot bei ErresseShop. Qualit\u00e4t, Stil und Funktionalit\u00e4t \u2013 jetzt online bestellen!\" \/>\n<meta property=\"og:url\" content=\"https:\/\/www.erresse-shop.it\/de\/shop\/kleine-elektrogeraete\/grills-und-barbecues\/caso-design-grillplatte-steakmaster-pro\/\" \/>\n<meta property=\"og:site_name\" content=\"Erresse Shop\" \/>\n<meta property=\"article:modified_time\" content=\"2025-08-27T06:28:36+00:00\" \/>\n<meta property=\"og:image\" content=\"https:\/\/www.erresse-shop.it\/wp-content\/uploads\/2025\/08\/CASO-DESIGN-Piastra-per-Grigliare-SteakChef.jpg\" \/>\n\t<meta property=\"og:image:width\" content=\"1200\" \/>\n\t<meta property=\"og:image:height\" content=\"1200\" \/>\n\t<meta property=\"og:image:type\" content=\"image\/jpeg\" \/>\n<meta name=\"twitter:card\" content=\"summary_large_image\" \/>\n<script type=\"application\/ld+json\" class=\"yoast-schema-graph\">{\"@context\":\"https:\/\/schema.org\",\"@graph\":[{\"@type\":\"WebPage\",\"@id\":\"https:\/\/www.erresse-shop.it\/de\/shop\/kleine-elektrogeraete\/grills-und-barbecues\/caso-design-grillplatte-steakmaster-pro\/\",\"url\":\"https:\/\/www.erresse-shop.it\/de\/shop\/kleine-elektrogeraete\/grills-und-barbecues\/caso-design-grillplatte-steakmaster-pro\/\",\"name\":\"KITCHENAID Kessel 1,7 L Kaiserrot\",\"isPartOf\":{\"@id\":\"https:\/\/www.erresse-shop.it\/de\/#website\"},\"datePublished\":\"2025-08-26T13:28:19+00:00\",\"dateModified\":\"2025-08-27T06:28:36+00:00\",\"description\":\"Entdecken Sie KITCHENAID Kessel 1,7 L Kaiserrot bei ErresseShop. Qualit\u00e4t, Stil und Funktionalit\u00e4t \u2013 jetzt online bestellen!\",\"breadcrumb\":{\"@id\":\"https:\/\/www.erresse-shop.it\/de\/shop\/kleine-elektrogeraete\/grills-und-barbecues\/caso-design-grillplatte-steakmaster-pro\/#breadcrumb\"},\"inLanguage\":\"de-DE\",\"potentialAction\":[{\"@type\":\"ReadAction\",\"target\":[\"https:\/\/www.erresse-shop.it\/de\/shop\/kleine-elektrogeraete\/grills-und-barbecues\/caso-design-grillplatte-steakmaster-pro\/\"]}]},{\"@type\":\"BreadcrumbList\",\"@id\":\"https:\/\/www.erresse-shop.it\/de\/shop\/kleine-elektrogeraete\/grills-und-barbecues\/caso-design-grillplatte-steakmaster-pro\/#breadcrumb\",\"itemListElement\":[{\"@type\":\"ListItem\",\"position\":1,\"name\":\"Home\",\"item\":\"https:\/\/www.erresse-shop.it\/de\/\"},{\"@type\":\"ListItem\",\"position\":2,\"name\":\"Shop\",\"item\":\"https:\/\/www.erresse-shop.it\/de\/shop\/\"},{\"@type\":\"ListItem\",\"position\":3,\"name\":\"CASO DESIGN Grillplatte SteakMaster Pro\"}]},{\"@type\":\"WebSite\",\"@id\":\"https:\/\/www.erresse-shop.it\/de\/#website\",\"url\":\"https:\/\/www.erresse-shop.it\/de\/\",\"name\":\"Erresse Shop\",\"description\":\"Articoli di qualit\u00e0 per la casa\",\"potentialAction\":[{\"@type\":\"SearchAction\",\"target\":{\"@type\":\"EntryPoint\",\"urlTemplate\":\"https:\/\/www.erresse-shop.it\/de\/?s={search_term_string}\"},\"query-input\":\"required name=search_term_string\"}],\"inLanguage\":\"de-DE\"}]}<\/script>\n<!-- \/ Yoast SEO Premium plugin. -->","yoast_head_json":{"title":"KITCHENAID Kessel 1,7 L Kaiserrot","description":"Entdecken Sie KITCHENAID Kessel 1,7 L Kaiserrot bei ErresseShop. Qualit\u00e4t, Stil und Funktionalit\u00e4t \u2013 jetzt online bestellen!","robots":{"index":"index","follow":"follow","max-snippet":"max-snippet:-1","max-image-preview":"max-image-preview:large","max-video-preview":"max-video-preview:-1"},"canonical":"https:\/\/www.erresse-shop.it\/de\/shop\/kleine-elektrogeraete\/grills-und-barbecues\/caso-design-grillplatte-steakmaster-pro\/","og_locale":"de_DE","og_type":"article","og_title":"CASO DESIGN Grillplatte SteakMaster Pro","og_description":"Entdecken Sie KITCHENAID Kessel 1,7 L Kaiserrot bei ErresseShop. Qualit\u00e4t, Stil und Funktionalit\u00e4t \u2013 jetzt online bestellen!","og_url":"https:\/\/www.erresse-shop.it\/de\/shop\/kleine-elektrogeraete\/grills-und-barbecues\/caso-design-grillplatte-steakmaster-pro\/","og_site_name":"Erresse Shop","article_modified_time":"2025-08-27T06:28:36+00:00","og_image":[{"width":1200,"height":1200,"url":"https:\/\/www.erresse-shop.it\/wp-content\/uploads\/2025\/08\/CASO-DESIGN-Piastra-per-Grigliare-SteakChef.jpg","type":"image\/jpeg"}],"twitter_card":"summary_large_image","schema":{"@context":"https:\/\/schema.org","@graph":[{"@type":"WebPage","@id":"https:\/\/www.erresse-shop.it\/de\/shop\/kleine-elektrogeraete\/grills-und-barbecues\/caso-design-grillplatte-steakmaster-pro\/","url":"https:\/\/www.erresse-shop.it\/de\/shop\/kleine-elektrogeraete\/grills-und-barbecues\/caso-design-grillplatte-steakmaster-pro\/","name":"KITCHENAID Kessel 1,7 L Kaiserrot","isPartOf":{"@id":"https:\/\/www.erresse-shop.it\/de\/#website"},"datePublished":"2025-08-26T13:28:19+00:00","dateModified":"2025-08-27T06:28:36+00:00","description":"Entdecken Sie KITCHENAID Kessel 1,7 L Kaiserrot bei ErresseShop. Qualit\u00e4t, Stil und Funktionalit\u00e4t \u2013 jetzt online bestellen!","breadcrumb":{"@id":"https:\/\/www.erresse-shop.it\/de\/shop\/kleine-elektrogeraete\/grills-und-barbecues\/caso-design-grillplatte-steakmaster-pro\/#breadcrumb"},"inLanguage":"de-DE","potentialAction":[{"@type":"ReadAction","target":["https:\/\/www.erresse-shop.it\/de\/shop\/kleine-elektrogeraete\/grills-und-barbecues\/caso-design-grillplatte-steakmaster-pro\/"]}]},{"@type":"BreadcrumbList","@id":"https:\/\/www.erresse-shop.it\/de\/shop\/kleine-elektrogeraete\/grills-und-barbecues\/caso-design-grillplatte-steakmaster-pro\/#breadcrumb","itemListElement":[{"@type":"ListItem","position":1,"name":"Home","item":"https:\/\/www.erresse-shop.it\/de\/"},{"@type":"ListItem","position":2,"name":"Shop","item":"https:\/\/www.erresse-shop.it\/de\/shop\/"},{"@type":"ListItem","position":3,"name":"CASO DESIGN Grillplatte SteakMaster Pro"}]},{"@type":"WebSite","@id":"https:\/\/www.erresse-shop.it\/de\/#website","url":"https:\/\/www.erresse-shop.it\/de\/","name":"Erresse Shop","description":"Articoli di qualit\u00e0 per la casa","potentialAction":[{"@type":"SearchAction","target":{"@type":"EntryPoint","urlTemplate":"https:\/\/www.erresse-shop.it\/de\/?s={search_term_string}"},"query-input":"required name=search_term_string"}],"inLanguage":"de-DE"}]}},"df_price":299.99,"df_sale_price":299.99,"df_regular_price":299.99,"df_image_link":"https:\/\/www.erresse-shop.it\/wp-content\/uploads\/2025\/08\/CASO-DESIGN-Piastra-per-Grigliare-SteakChef-300x300.jpg","_links":{"self":[{"href":"https:\/\/www.erresse-shop.it\/de\/wp-json\/wp\/v2\/product\/510787"}],"collection":[{"href":"https:\/\/www.erresse-shop.it\/de\/wp-json\/wp\/v2\/product"}],"about":[{"href":"https:\/\/www.erresse-shop.it\/de\/wp-json\/wp\/v2\/types\/product"}],"wp:featuredmedia":[{"embeddable":true,"href":"https:\/\/www.erresse-shop.it\/de\/wp-json\/wp\/v2\/media\/510779"}],"wp:attachment":[{"href":"https:\/\/www.erresse-shop.it\/de\/wp-json\/wp\/v2\/media?parent=510787"}],"wp:term":[{"taxonomy":"product_cat","embeddable":true,"href":"https:\/\/www.erresse-shop.it\/de\/wp-json\/wp\/v2\/product_cat?post=510787"},{"taxonomy":"product_tag","embeddable":true,"href":"https:\/\/www.erresse-shop.it\/de\/wp-json\/wp\/v2\/product_tag?post=510787"}],"curies":[{"name":"wp","href":"https:\/\/api.w.org\/{rel}","templated":true}]}}