{"id":510746,"date":"2025-08-26T13:04:32","date_gmt":"2025-08-26T13:04:32","guid":{"rendered":"https:\/\/www.erresse-shop.it\/?post_type=product&#038;p=510746"},"modified":"2025-08-26T13:22:30","modified_gmt":"2025-08-26T13:22:30","slug":"caso-design-grillplatte-steakchef","status":"publish","type":"product","link":"https:\/\/www.erresse-shop.it\/de\/shop\/kleine-elektrogeraete\/grills-und-barbecues\/caso-design-grillplatte-steakchef\/","title":{"rendered":"CASO DESIGN Grillplatte SteakChef"},"content":{"rendered":"<p><strong>CASO SteakChef \u2013 Der vielseitige Tisch-Elektrogrill f\u00fcr perfekten Grillgenuss<\/strong><\/p>\n<p>Der CASO SteakChef bringt Grillgenuss auf ein ganz neues Level.<\/p>\n<p>Ob Kontaktgrill f\u00fcr saftige Steaks und knusprige Paninis oder Tisch-Elektrogrill f\u00fcr die Zubereitung vielf\u00e4ltiger K\u00f6stlichkeiten mit Freunden und Familie \u2013 dieser CASO Elektrogrill ist die ideale Wahl f\u00fcr jeden Anlass.<\/p>\n<p>Das elegante Geh\u00e4use mit Glasdeckel und durchdachte Funktionen sorgen nicht nur f\u00fcr hervorragende Grillergebnisse, sondern auch f\u00fcr eine praktische Handhabung.<\/p>\n<p><strong>Leistungsstark und vielseitig: Grillen mit 2.000 Watt Leistung<\/strong><\/p>\n<p>Mit beeindruckenden 2.000 Watt Leistung und integrierten Heizelementen in den Platten sorgt dieser Elektrogrill f\u00fcr schnelles und gleichm\u00e4\u00dfiges Garen.<\/p>\n<p>Ob Fleisch, Fisch, Gem\u00fcse oder Gefl\u00fcgel \u2013 die PFAS-freie Antihaft-Keramikbeschichtung sorgt f\u00fcr m\u00fcheloses Grillen ohne Anhaften und garantiert so jedes Mal perfektes Garen.<\/p>\n<p>Genie\u00dfen Sie maximale Flexibilit\u00e4t, indem Sie den Grill \u00f6ffnen und als elektrischen Tischgrill verwenden. Die gro\u00dfe Grillfl\u00e4che mit ca. 2.000 Watt und 1.440 cm\u00b2 bietet ausreichend Platz, um alle Ihre G\u00e4ste zu begeistern.<\/p>\n<p><strong>Einfache Bedienung \u2013 Pr\u00e4zision bei jeder Temperatur<\/strong><\/p>\n<p>Die intuitive Steuerung \u00fcber den praktischen Drehknopf erm\u00f6glicht Ihnen die pr\u00e4zise Einstellung der Temperatur zwischen 100 und 220 \u00b0C und des Timers bis zu 30 Minuten.<\/p>\n<p>Dank der Betriebs- und Bereitschaftsleuchten wissen Sie immer genau, wann Ihr elektrischer Tischgrill einsatzbereit ist. So haben Sie die volle Kontrolle und k\u00f6nnen entspannt ein perfektes Grillerlebnis genie\u00dfen.<\/p>\n<p><strong>Einfache Reinigung: Komfortabel und hygienisch<\/strong><\/p>\n<p>Dieser elektrische Tischgrill \u00fcberzeugt nicht nur durch seine Leistung, sondern auch durch seine einfache Reinigung.<\/p>\n<p>Die abnehmbaren Grillplatten und die Fettauffangschale sind sp\u00fclmaschinenfest und somit schnell und einfach zu reinigen.<\/p>\n<p>Dank des 110 cm langen Netzkabels bleibt der Grill flexibel in seiner Position, w\u00e4hrend Sie sich auf das Wesentliche konzentrieren: k\u00f6stliche Gerichte und unvergessliche Momente.<\/p>\n<p><strong>Ma\u00dfe: 37,5 x 38,5 x 18 cm<br \/>\n<strong>Gewicht: 6,2 kg<br \/>\n<strong>Leistung (Watt): 2000\u20132400 <strong>Spannung: 220\u2013240 V, 50\/60 Hz<\/strong><\/strong><\/strong><\/strong><\/p>\n","protected":false},"excerpt":{"rendered":"<p>CASO SteakChef \u2013 Der vielseitige Tisch-Elektrogrill f\u00fcr perfekten Grillgenuss Der CASO SteakChef bringt Grillgenuss auf ein ganz neues Level. Ob<\/p>\n","protected":false},"featured_media":510779,"template":"","meta":{"_acf_changed":false,"inline_featured_image":false},"product_cat":[6703,13378],"product_tag":[12327,11415,12210,12211],"acf":[],"yoast_head":"<!-- This site is optimized with the Yoast SEO Premium plugin v18.6 (Yoast SEO v19.13) - https:\/\/yoast.com\/wordpress\/plugins\/seo\/ -->\n<title>KITCHENAID Kessel 1,7 L Kaiserrot<\/title>\n<meta name=\"description\" content=\"Entdecken Sie KITCHENAID Kessel 1,7 L Kaiserrot bei ErresseShop. Qualit\u00e4t, Stil und Funktionalit\u00e4t \u2013 jetzt online bestellen!\" \/>\n<meta name=\"robots\" content=\"index, follow, max-snippet:-1, max-image-preview:large, max-video-preview:-1\" \/>\n<link rel=\"canonical\" href=\"https:\/\/www.erresse-shop.it\/de\/shop\/kleine-elektrogeraete\/grills-und-barbecues\/caso-design-grillplatte-steakchef\/\" \/>\n<meta property=\"og:locale\" content=\"de_DE\" \/>\n<meta property=\"og:type\" content=\"article\" \/>\n<meta property=\"og:title\" content=\"CASO DESIGN Grillplatte SteakChef\" \/>\n<meta property=\"og:description\" content=\"Entdecken Sie KITCHENAID Kessel 1,7 L Kaiserrot bei ErresseShop. Qualit\u00e4t, Stil und Funktionalit\u00e4t \u2013 jetzt online bestellen!\" \/>\n<meta property=\"og:url\" content=\"https:\/\/www.erresse-shop.it\/de\/shop\/kleine-elektrogeraete\/grills-und-barbecues\/caso-design-grillplatte-steakchef\/\" \/>\n<meta property=\"og:site_name\" content=\"Erresse Shop\" \/>\n<meta property=\"article:modified_time\" content=\"2025-08-26T13:22:30+00:00\" \/>\n<meta property=\"og:image\" content=\"https:\/\/www.erresse-shop.it\/wp-content\/uploads\/2025\/08\/CASO-DESIGN-Piastra-per-Grigliare-SteakChef.jpg\" \/>\n\t<meta property=\"og:image:width\" content=\"1200\" \/>\n\t<meta property=\"og:image:height\" content=\"1200\" \/>\n\t<meta property=\"og:image:type\" content=\"image\/jpeg\" \/>\n<meta name=\"twitter:card\" content=\"summary_large_image\" \/>\n<script type=\"application\/ld+json\" class=\"yoast-schema-graph\">{\"@context\":\"https:\/\/schema.org\",\"@graph\":[{\"@type\":\"WebPage\",\"@id\":\"https:\/\/www.erresse-shop.it\/de\/shop\/kleine-elektrogeraete\/grills-und-barbecues\/caso-design-grillplatte-steakchef\/\",\"url\":\"https:\/\/www.erresse-shop.it\/de\/shop\/kleine-elektrogeraete\/grills-und-barbecues\/caso-design-grillplatte-steakchef\/\",\"name\":\"KITCHENAID Kessel 1,7 L Kaiserrot\",\"isPartOf\":{\"@id\":\"https:\/\/www.erresse-shop.it\/de\/#website\"},\"datePublished\":\"2025-08-26T13:04:32+00:00\",\"dateModified\":\"2025-08-26T13:22:30+00:00\",\"description\":\"Entdecken Sie KITCHENAID Kessel 1,7 L Kaiserrot bei ErresseShop. Qualit\u00e4t, Stil und Funktionalit\u00e4t \u2013 jetzt online bestellen!\",\"breadcrumb\":{\"@id\":\"https:\/\/www.erresse-shop.it\/de\/shop\/kleine-elektrogeraete\/grills-und-barbecues\/caso-design-grillplatte-steakchef\/#breadcrumb\"},\"inLanguage\":\"de-DE\",\"potentialAction\":[{\"@type\":\"ReadAction\",\"target\":[\"https:\/\/www.erresse-shop.it\/de\/shop\/kleine-elektrogeraete\/grills-und-barbecues\/caso-design-grillplatte-steakchef\/\"]}]},{\"@type\":\"BreadcrumbList\",\"@id\":\"https:\/\/www.erresse-shop.it\/de\/shop\/kleine-elektrogeraete\/grills-und-barbecues\/caso-design-grillplatte-steakchef\/#breadcrumb\",\"itemListElement\":[{\"@type\":\"ListItem\",\"position\":1,\"name\":\"Home\",\"item\":\"https:\/\/www.erresse-shop.it\/de\/\"},{\"@type\":\"ListItem\",\"position\":2,\"name\":\"Shop\",\"item\":\"https:\/\/www.erresse-shop.it\/de\/shop\/\"},{\"@type\":\"ListItem\",\"position\":3,\"name\":\"CASO DESIGN Grillplatte SteakChef\"}]},{\"@type\":\"WebSite\",\"@id\":\"https:\/\/www.erresse-shop.it\/de\/#website\",\"url\":\"https:\/\/www.erresse-shop.it\/de\/\",\"name\":\"Erresse Shop\",\"description\":\"Articoli di qualit\u00e0 per la casa\",\"potentialAction\":[{\"@type\":\"SearchAction\",\"target\":{\"@type\":\"EntryPoint\",\"urlTemplate\":\"https:\/\/www.erresse-shop.it\/de\/?s={search_term_string}\"},\"query-input\":\"required name=search_term_string\"}],\"inLanguage\":\"de-DE\"}]}<\/script>\n<!-- \/ Yoast SEO Premium plugin. -->","yoast_head_json":{"title":"KITCHENAID Kessel 1,7 L Kaiserrot","description":"Entdecken Sie KITCHENAID Kessel 1,7 L Kaiserrot bei ErresseShop. Qualit\u00e4t, Stil und Funktionalit\u00e4t \u2013 jetzt online bestellen!","robots":{"index":"index","follow":"follow","max-snippet":"max-snippet:-1","max-image-preview":"max-image-preview:large","max-video-preview":"max-video-preview:-1"},"canonical":"https:\/\/www.erresse-shop.it\/de\/shop\/kleine-elektrogeraete\/grills-und-barbecues\/caso-design-grillplatte-steakchef\/","og_locale":"de_DE","og_type":"article","og_title":"CASO DESIGN Grillplatte SteakChef","og_description":"Entdecken Sie KITCHENAID Kessel 1,7 L Kaiserrot bei ErresseShop. Qualit\u00e4t, Stil und Funktionalit\u00e4t \u2013 jetzt online bestellen!","og_url":"https:\/\/www.erresse-shop.it\/de\/shop\/kleine-elektrogeraete\/grills-und-barbecues\/caso-design-grillplatte-steakchef\/","og_site_name":"Erresse Shop","article_modified_time":"2025-08-26T13:22:30+00:00","og_image":[{"width":1200,"height":1200,"url":"https:\/\/www.erresse-shop.it\/wp-content\/uploads\/2025\/08\/CASO-DESIGN-Piastra-per-Grigliare-SteakChef.jpg","type":"image\/jpeg"}],"twitter_card":"summary_large_image","schema":{"@context":"https:\/\/schema.org","@graph":[{"@type":"WebPage","@id":"https:\/\/www.erresse-shop.it\/de\/shop\/kleine-elektrogeraete\/grills-und-barbecues\/caso-design-grillplatte-steakchef\/","url":"https:\/\/www.erresse-shop.it\/de\/shop\/kleine-elektrogeraete\/grills-und-barbecues\/caso-design-grillplatte-steakchef\/","name":"KITCHENAID Kessel 1,7 L Kaiserrot","isPartOf":{"@id":"https:\/\/www.erresse-shop.it\/de\/#website"},"datePublished":"2025-08-26T13:04:32+00:00","dateModified":"2025-08-26T13:22:30+00:00","description":"Entdecken Sie KITCHENAID Kessel 1,7 L Kaiserrot bei ErresseShop. Qualit\u00e4t, Stil und Funktionalit\u00e4t \u2013 jetzt online bestellen!","breadcrumb":{"@id":"https:\/\/www.erresse-shop.it\/de\/shop\/kleine-elektrogeraete\/grills-und-barbecues\/caso-design-grillplatte-steakchef\/#breadcrumb"},"inLanguage":"de-DE","potentialAction":[{"@type":"ReadAction","target":["https:\/\/www.erresse-shop.it\/de\/shop\/kleine-elektrogeraete\/grills-und-barbecues\/caso-design-grillplatte-steakchef\/"]}]},{"@type":"BreadcrumbList","@id":"https:\/\/www.erresse-shop.it\/de\/shop\/kleine-elektrogeraete\/grills-und-barbecues\/caso-design-grillplatte-steakchef\/#breadcrumb","itemListElement":[{"@type":"ListItem","position":1,"name":"Home","item":"https:\/\/www.erresse-shop.it\/de\/"},{"@type":"ListItem","position":2,"name":"Shop","item":"https:\/\/www.erresse-shop.it\/de\/shop\/"},{"@type":"ListItem","position":3,"name":"CASO DESIGN Grillplatte SteakChef"}]},{"@type":"WebSite","@id":"https:\/\/www.erresse-shop.it\/de\/#website","url":"https:\/\/www.erresse-shop.it\/de\/","name":"Erresse Shop","description":"Articoli di qualit\u00e0 per la casa","potentialAction":[{"@type":"SearchAction","target":{"@type":"EntryPoint","urlTemplate":"https:\/\/www.erresse-shop.it\/de\/?s={search_term_string}"},"query-input":"required name=search_term_string"}],"inLanguage":"de-DE"}]}},"df_price":149.99,"df_sale_price":149.99,"df_regular_price":149.99,"df_image_link":"https:\/\/www.erresse-shop.it\/wp-content\/uploads\/2025\/08\/CASO-DESIGN-Piastra-per-Grigliare-SteakChef-300x300.jpg","_links":{"self":[{"href":"https:\/\/www.erresse-shop.it\/de\/wp-json\/wp\/v2\/product\/510746"}],"collection":[{"href":"https:\/\/www.erresse-shop.it\/de\/wp-json\/wp\/v2\/product"}],"about":[{"href":"https:\/\/www.erresse-shop.it\/de\/wp-json\/wp\/v2\/types\/product"}],"wp:featuredmedia":[{"embeddable":true,"href":"https:\/\/www.erresse-shop.it\/de\/wp-json\/wp\/v2\/media\/510779"}],"wp:attachment":[{"href":"https:\/\/www.erresse-shop.it\/de\/wp-json\/wp\/v2\/media?parent=510746"}],"wp:term":[{"taxonomy":"product_cat","embeddable":true,"href":"https:\/\/www.erresse-shop.it\/de\/wp-json\/wp\/v2\/product_cat?post=510746"},{"taxonomy":"product_tag","embeddable":true,"href":"https:\/\/www.erresse-shop.it\/de\/wp-json\/wp\/v2\/product_tag?post=510746"}],"curies":[{"name":"wp","href":"https:\/\/api.w.org\/{rel}","templated":true}]}}