{"id":510691,"date":"2025-08-26T12:24:56","date_gmt":"2025-08-26T12:24:56","guid":{"rendered":"https:\/\/www.erresse-shop.it\/?post_type=product&#038;p=510691"},"modified":"2025-08-26T12:39:20","modified_gmt":"2025-08-26T12:39:20","slug":"caso-design-induktionskochfeld-tc-2400-thermo-control","status":"publish","type":"product","link":"https:\/\/www.erresse-shop.it\/de\/shop\/kleine-elektrogeraete\/caso-design-induktionskochfeld-tc-2400-thermo-control\/","title":{"rendered":"CASO DESIGN Induktionskochfeld TC 2400 Thermo Control"},"content":{"rendered":"<p><strong>Pr\u00e4zises Kochen leicht gemacht mit dem CASO Design TC 2400<\/strong><\/p>\n<p>Mit dem TC 2400 ThermoControl wird Kochen zum pr\u00e4zisen und m\u00fchelosen Erlebnis.<\/p>\n<p>Dank der innovativen, gradgenauen ThermoControl-Thermometertechnologie k\u00f6nnen Sie die Temperatur Ihrer Speisen pr\u00e4zise steuern. Das ist besonders praktisch f\u00fcr anspruchsvolle Garverfahren wie Sous Vide, pr\u00e4zises Braten von Fleisch und Fisch oder das Warmhalten von Speisen.<\/p>\n<p>Der Temperaturbereich reicht von 40 bis 160 \u00b0C und l\u00e4sst sich mit FineTemp auf bis zu 1 \u00b0C genau einstellen.<\/p>\n<p><strong>Vielseitige Einsatzm\u00f6glichkeiten<\/strong><\/p>\n<p>Dieses mobile Induktionskochfeld bietet Ihnen die Flexibilit\u00e4t, die Sie in der K\u00fcche brauchen.<\/p>\n<p>Das leistungsstarke Induktionskochfeld kann auch ohne ThermoControl-Thermometer verwendet werden und erm\u00f6glicht Ihnen das Kochen in einem erweiterten Temperaturbereich von 60 bis 240 \u00b0C. So k\u00f6nnen Sie je nach Bedarf und Rezept k\u00f6cheln oder kr\u00e4ftig anbraten.<\/p>\n<p>Leistungsstark und effizient<\/p>\n<p>Mit einer Leistung von 2400 Watt sorgt der TC 2400 ThermoControl f\u00fcr schnelles und energieeffizientes Aufheizen.<\/p>\n<p>Die automatische Topferkennung passt sich T\u00f6pfen mit einem Durchmesser von 12 bis 26 cm an und sorgt so f\u00fcr optimale Kochbedingungen. Diese intelligente Technologie spart nicht nur Energie, sondern auch Zeit und M\u00fche in der K\u00fcche.<\/p>\n<p>Intuitive Bedienung<\/p>\n<p>Die intuitive Touch-Sensor-Bedienung macht das Kochen mit dem TC 2400 ThermoControl zum Kinderspiel.<\/p>\n<p>W\u00e4hlen Sie aus 12 verschiedenen Leistungsstufen und passen Sie die Hitze ganz nach Ihren Bed\u00fcrfnissen an. Mit der Timerfunktion (einstellbar bis 180 Minuten) k\u00f6nnen Sie die Garzeiten pr\u00e4zise steuern und das Beste aus Ihren Rezepten herausholen.<\/p>\n<p>Sicherheit steht an erster Stelle<\/p>\n<p>Sicherheit hat beim TC 2400 ThermoControl oberste Priorit\u00e4t. Der \u00dcberhitzungsschutz schaltet das Ger\u00e4t bei \u00dcberhitzung automatisch ab und sch\u00fctzt so Kochfeld und K\u00fcche. Dar\u00fcber hinaus gew\u00e4hrleistet das robuste Design eine lange Lebensdauer und zuverl\u00e4ssige Leistung.<\/p>\n<p><strong>Abmessungen:<\/strong> 37 x 30 x 6 cm<br \/>\n<strong>Gewicht:<\/strong> 3 kg<br \/>\n<strong>Leistung (Watt):<\/strong> 2400 <strong>Spannung:<\/strong> 230 V~, 50\u201360 Hz<br \/>\n<strong>Steckertyp:<\/strong> Konturenstecker (Typ C)<br \/>\n<strong>Steckerl\u00e4nge:<\/strong> 100 cm<\/p>\n","protected":false},"excerpt":{"rendered":"<p>Pr\u00e4zises Kochen leicht gemacht mit dem CASO Design TC 2400 Mit dem TC 2400 ThermoControl wird Kochen zum pr\u00e4zisen und<\/p>\n","protected":false},"featured_media":510718,"template":"","meta":{"_acf_changed":false,"inline_featured_image":false},"product_cat":[6703],"product_tag":[12327,11415,11385],"acf":[],"yoast_head":"<!-- This site is optimized with the Yoast SEO Premium plugin v18.6 (Yoast SEO v19.13) - https:\/\/yoast.com\/wordpress\/plugins\/seo\/ -->\n<title>KITCHENAID Kessel 1,7 L Kaiserrot<\/title>\n<meta name=\"description\" content=\"Entdecken Sie KITCHENAID Kessel 1,7 L Kaiserrot bei ErresseShop. Qualit\u00e4t, Stil und Funktionalit\u00e4t \u2013 jetzt online bestellen!\" \/>\n<meta name=\"robots\" content=\"index, follow, max-snippet:-1, max-image-preview:large, max-video-preview:-1\" \/>\n<link rel=\"canonical\" href=\"https:\/\/www.erresse-shop.it\/de\/shop\/kleine-elektrogeraete\/caso-design-induktionskochfeld-tc-2400-thermo-control\/\" \/>\n<meta property=\"og:locale\" content=\"de_DE\" \/>\n<meta property=\"og:type\" content=\"article\" \/>\n<meta property=\"og:title\" content=\"CASO DESIGN Induktionskochfeld TC 2400 Thermo Control\" \/>\n<meta property=\"og:description\" content=\"Entdecken Sie KITCHENAID Kessel 1,7 L Kaiserrot bei ErresseShop. Qualit\u00e4t, Stil und Funktionalit\u00e4t \u2013 jetzt online bestellen!\" \/>\n<meta property=\"og:url\" content=\"https:\/\/www.erresse-shop.it\/de\/shop\/kleine-elektrogeraete\/caso-design-induktionskochfeld-tc-2400-thermo-control\/\" \/>\n<meta property=\"og:site_name\" content=\"Erresse Shop\" \/>\n<meta property=\"article:modified_time\" content=\"2025-08-26T12:39:20+00:00\" \/>\n<meta property=\"og:image\" content=\"https:\/\/www.erresse-shop.it\/wp-content\/uploads\/2025\/08\/CASO-DESIGN-Piano-Cottura-a-Induzione-TC-2400-Thermo-Control.jpg\" \/>\n\t<meta property=\"og:image:width\" content=\"1200\" \/>\n\t<meta property=\"og:image:height\" content=\"1200\" \/>\n\t<meta property=\"og:image:type\" content=\"image\/jpeg\" \/>\n<meta name=\"twitter:card\" content=\"summary_large_image\" \/>\n<script type=\"application\/ld+json\" class=\"yoast-schema-graph\">{\"@context\":\"https:\/\/schema.org\",\"@graph\":[{\"@type\":\"WebPage\",\"@id\":\"https:\/\/www.erresse-shop.it\/de\/shop\/kleine-elektrogeraete\/caso-design-induktionskochfeld-tc-2400-thermo-control\/\",\"url\":\"https:\/\/www.erresse-shop.it\/de\/shop\/kleine-elektrogeraete\/caso-design-induktionskochfeld-tc-2400-thermo-control\/\",\"name\":\"KITCHENAID Kessel 1,7 L Kaiserrot\",\"isPartOf\":{\"@id\":\"https:\/\/www.erresse-shop.it\/de\/#website\"},\"datePublished\":\"2025-08-26T12:24:56+00:00\",\"dateModified\":\"2025-08-26T12:39:20+00:00\",\"description\":\"Entdecken Sie KITCHENAID Kessel 1,7 L Kaiserrot bei ErresseShop. Qualit\u00e4t, Stil und Funktionalit\u00e4t \u2013 jetzt online bestellen!\",\"breadcrumb\":{\"@id\":\"https:\/\/www.erresse-shop.it\/de\/shop\/kleine-elektrogeraete\/caso-design-induktionskochfeld-tc-2400-thermo-control\/#breadcrumb\"},\"inLanguage\":\"de-DE\",\"potentialAction\":[{\"@type\":\"ReadAction\",\"target\":[\"https:\/\/www.erresse-shop.it\/de\/shop\/kleine-elektrogeraete\/caso-design-induktionskochfeld-tc-2400-thermo-control\/\"]}]},{\"@type\":\"BreadcrumbList\",\"@id\":\"https:\/\/www.erresse-shop.it\/de\/shop\/kleine-elektrogeraete\/caso-design-induktionskochfeld-tc-2400-thermo-control\/#breadcrumb\",\"itemListElement\":[{\"@type\":\"ListItem\",\"position\":1,\"name\":\"Home\",\"item\":\"https:\/\/www.erresse-shop.it\/de\/\"},{\"@type\":\"ListItem\",\"position\":2,\"name\":\"Shop\",\"item\":\"https:\/\/www.erresse-shop.it\/de\/shop\/\"},{\"@type\":\"ListItem\",\"position\":3,\"name\":\"CASO DESIGN Induktionskochfeld TC 2400 Thermo Control\"}]},{\"@type\":\"WebSite\",\"@id\":\"https:\/\/www.erresse-shop.it\/de\/#website\",\"url\":\"https:\/\/www.erresse-shop.it\/de\/\",\"name\":\"Erresse Shop\",\"description\":\"Articoli di qualit\u00e0 per la casa\",\"potentialAction\":[{\"@type\":\"SearchAction\",\"target\":{\"@type\":\"EntryPoint\",\"urlTemplate\":\"https:\/\/www.erresse-shop.it\/de\/?s={search_term_string}\"},\"query-input\":\"required name=search_term_string\"}],\"inLanguage\":\"de-DE\"}]}<\/script>\n<!-- \/ Yoast SEO Premium plugin. -->","yoast_head_json":{"title":"KITCHENAID Kessel 1,7 L Kaiserrot","description":"Entdecken Sie KITCHENAID Kessel 1,7 L Kaiserrot bei ErresseShop. Qualit\u00e4t, Stil und Funktionalit\u00e4t \u2013 jetzt online bestellen!","robots":{"index":"index","follow":"follow","max-snippet":"max-snippet:-1","max-image-preview":"max-image-preview:large","max-video-preview":"max-video-preview:-1"},"canonical":"https:\/\/www.erresse-shop.it\/de\/shop\/kleine-elektrogeraete\/caso-design-induktionskochfeld-tc-2400-thermo-control\/","og_locale":"de_DE","og_type":"article","og_title":"CASO DESIGN Induktionskochfeld TC 2400 Thermo Control","og_description":"Entdecken Sie KITCHENAID Kessel 1,7 L Kaiserrot bei ErresseShop. Qualit\u00e4t, Stil und Funktionalit\u00e4t \u2013 jetzt online bestellen!","og_url":"https:\/\/www.erresse-shop.it\/de\/shop\/kleine-elektrogeraete\/caso-design-induktionskochfeld-tc-2400-thermo-control\/","og_site_name":"Erresse Shop","article_modified_time":"2025-08-26T12:39:20+00:00","og_image":[{"width":1200,"height":1200,"url":"https:\/\/www.erresse-shop.it\/wp-content\/uploads\/2025\/08\/CASO-DESIGN-Piano-Cottura-a-Induzione-TC-2400-Thermo-Control.jpg","type":"image\/jpeg"}],"twitter_card":"summary_large_image","schema":{"@context":"https:\/\/schema.org","@graph":[{"@type":"WebPage","@id":"https:\/\/www.erresse-shop.it\/de\/shop\/kleine-elektrogeraete\/caso-design-induktionskochfeld-tc-2400-thermo-control\/","url":"https:\/\/www.erresse-shop.it\/de\/shop\/kleine-elektrogeraete\/caso-design-induktionskochfeld-tc-2400-thermo-control\/","name":"KITCHENAID Kessel 1,7 L Kaiserrot","isPartOf":{"@id":"https:\/\/www.erresse-shop.it\/de\/#website"},"datePublished":"2025-08-26T12:24:56+00:00","dateModified":"2025-08-26T12:39:20+00:00","description":"Entdecken Sie KITCHENAID Kessel 1,7 L Kaiserrot bei ErresseShop. Qualit\u00e4t, Stil und Funktionalit\u00e4t \u2013 jetzt online bestellen!","breadcrumb":{"@id":"https:\/\/www.erresse-shop.it\/de\/shop\/kleine-elektrogeraete\/caso-design-induktionskochfeld-tc-2400-thermo-control\/#breadcrumb"},"inLanguage":"de-DE","potentialAction":[{"@type":"ReadAction","target":["https:\/\/www.erresse-shop.it\/de\/shop\/kleine-elektrogeraete\/caso-design-induktionskochfeld-tc-2400-thermo-control\/"]}]},{"@type":"BreadcrumbList","@id":"https:\/\/www.erresse-shop.it\/de\/shop\/kleine-elektrogeraete\/caso-design-induktionskochfeld-tc-2400-thermo-control\/#breadcrumb","itemListElement":[{"@type":"ListItem","position":1,"name":"Home","item":"https:\/\/www.erresse-shop.it\/de\/"},{"@type":"ListItem","position":2,"name":"Shop","item":"https:\/\/www.erresse-shop.it\/de\/shop\/"},{"@type":"ListItem","position":3,"name":"CASO DESIGN Induktionskochfeld TC 2400 Thermo Control"}]},{"@type":"WebSite","@id":"https:\/\/www.erresse-shop.it\/de\/#website","url":"https:\/\/www.erresse-shop.it\/de\/","name":"Erresse Shop","description":"Articoli di qualit\u00e0 per la casa","potentialAction":[{"@type":"SearchAction","target":{"@type":"EntryPoint","urlTemplate":"https:\/\/www.erresse-shop.it\/de\/?s={search_term_string}"},"query-input":"required name=search_term_string"}],"inLanguage":"de-DE"}]}},"df_price":129.99,"df_sale_price":129.99,"df_regular_price":129.99,"df_image_link":"https:\/\/www.erresse-shop.it\/wp-content\/uploads\/2025\/08\/CASO-DESIGN-Piano-Cottura-a-Induzione-TC-2400-Thermo-Control-300x300.jpg","_links":{"self":[{"href":"https:\/\/www.erresse-shop.it\/de\/wp-json\/wp\/v2\/product\/510691"}],"collection":[{"href":"https:\/\/www.erresse-shop.it\/de\/wp-json\/wp\/v2\/product"}],"about":[{"href":"https:\/\/www.erresse-shop.it\/de\/wp-json\/wp\/v2\/types\/product"}],"wp:featuredmedia":[{"embeddable":true,"href":"https:\/\/www.erresse-shop.it\/de\/wp-json\/wp\/v2\/media\/510718"}],"wp:attachment":[{"href":"https:\/\/www.erresse-shop.it\/de\/wp-json\/wp\/v2\/media?parent=510691"}],"wp:term":[{"taxonomy":"product_cat","embeddable":true,"href":"https:\/\/www.erresse-shop.it\/de\/wp-json\/wp\/v2\/product_cat?post=510691"},{"taxonomy":"product_tag","embeddable":true,"href":"https:\/\/www.erresse-shop.it\/de\/wp-json\/wp\/v2\/product_tag?post=510691"}],"curies":[{"name":"wp","href":"https:\/\/api.w.org\/{rel}","templated":true}]}}