{"id":510595,"date":"2025-08-26T10:25:45","date_gmt":"2025-08-26T10:25:45","guid":{"rendered":"https:\/\/www.erresse-shop.it\/?post_type=product&#038;p=510595"},"modified":"2025-08-26T10:46:39","modified_gmt":"2025-08-26T10:46:39","slug":"caso-design-wasserkocher-hw-770-advanced","status":"publish","type":"product","link":"https:\/\/www.erresse-shop.it\/de\/shop\/kleine-elektrogeraete\/elektrische-wasserkocher\/caso-design-wasserkocher-hw-770-advanced\/","title":{"rendered":"CASO DESIGN Wasserkocher HW 770 Advanced"},"content":{"rendered":"<p><strong>CASO Design \u201eHW 770 Advanced\u201c Hei\u00dfwasserspender: Blitzschnell und energieeffizient. Wasserkochen neu gedacht.<\/strong><\/p>\n<p>Dieses fantastische Ger\u00e4t definiert Wasserkochen neu und spart bis zu 50 % Energie, Wasser und Zeit im Vergleich zu herk\u00f6mmlichen Wasserkochern. Dank der blitzschnellen Aufheizzeit von nur 7 Sekunden ist hei\u00dfes Wasser im Handumdrehen fertig.<\/p>\n<p>Mit 13 individuellen Temperatureinstellungen von 40 bis 100 \u00b0C in 5-\u00b0C-Schritten eignet sich der HW 770 Advanced perfekt f\u00fcr jede Teesorte. Die 7 Messbecher erm\u00f6glichen eine pr\u00e4zise Dosierung der gew\u00fcnschten F\u00fcllmenge von 100 bis 400 ml sowie eine kontinuierliche Ausgabe.<\/p>\n<p><strong>Maximale Flexibilit\u00e4t f\u00fcr jeden Teeliebhaber: die Memory-Funktion<\/strong><\/p>\n<p>Die praktische Memory-Taste speichert Ihre bevorzugte Br\u00fchtemperatur und Wassermenge, sodass Ihr Lieblingstee immer perfekt zubereitet ist, ohne dass Sie zeitaufw\u00e4ndige Anpassungen vornehmen m\u00fcssen.<\/p>\n<p>Das hochwertige Edelstahlgeh\u00e4use und das gut lesbare Display mit Touch-Sensor-Steuerung verleihen der HW 770 Advanced nicht nur ein modernes Aussehen, sondern erm\u00f6glichen auch eine einfache Bedienung.<\/p>\n<p>Mit einem abnehmbaren 2,7-Liter-Wassertank, einem mitgelieferten Wasserfilter f\u00fcr perfekte Wasserqualit\u00e4t sowie einer integrierten Entkalkungserinnerung und einem Reinigungsmodus bietet die HW 770 Advanced alles, was Sie f\u00fcr komfortables und zuverl\u00e4ssiges Wasserkochen ben\u00f6tigen. Testen Sie sie jetzt und entdecken Sie die Zukunft des Wasserkochens!<\/p>\n<p><strong>CASO Design HW 770 Advanced \u2013 Hauptmerkmale:<\/strong><\/p>\n<ul>\n<li>Sparen Sie bis zu 50 % Energie, Wasser und Zeit im Vergleich zu Wasserkochern.<\/li>\n<li>Hei\u00dfes Wasser in nur 7 Sekunden.<\/li>\n<li>Individuelle Temperatureinstellung von 40 bis 100 \u00b0C in 5-\u00b0C-Schritten.<\/li>\n<li>7 F\u00fcllmengenstufen f\u00fcr pr\u00e4zise F\u00fcllmengen: 100 \/ 150 \/ 200 \/ 250 \/ 300 \/ 350 \/ 400 ml.<\/li>\n<li>Integrierte Memory-Taste f\u00fcr schnelle Einstellungen.<\/li>\n<li>Hochwertiges Edelstahlgeh\u00e4use f\u00fcr modernes Design.<\/li>\n<li>Gut lesbares Display mit Sensor-Touch-Bedienung.<\/li>\n<li>Gro\u00dfer, abnehmbarer 2,7-Liter-Wassertank f\u00fcr einfaches Bef\u00fcllen.<\/li>\n<li>Inklusive Wasserfilter f\u00fcr gleichbleibend hohe Wasserqualit\u00e4t.<\/li>\n<li>Geeignet f\u00fcr besonders hohe Tassen. (zum Mitnehmen)<\/li>\n<\/ul>\n<p><strong>Diese einzigartigen Funktionen machen die HW 770 Advanced so besonders.<\/strong><\/p>\n<p>Die St\u00e4rken der HW 770 Advanced liegen in der gro\u00dfen Temperaturauswahl, der Memory-Funktion und dem hochwertigen Design, w\u00e4hrend die HW 660 beispielsweise durch ihre einfache Bedienung und ihr kompaktes Design besticht.<\/p>\n","protected":false},"excerpt":{"rendered":"<p>CASO Design \u201eHW 770 Advanced\u201c Hei\u00dfwasserspender: Blitzschnell und energieeffizient. Wasserkochen neu gedacht. Dieses fantastische Ger\u00e4t definiert Wasserkochen neu und spart<\/p>\n","protected":false},"featured_media":510622,"template":"","meta":{"_acf_changed":false,"inline_featured_image":false},"product_cat":[6874,6703],"product_tag":[11652,11877],"acf":[],"yoast_head":"<!-- This site is optimized with the Yoast SEO Premium plugin v18.6 (Yoast SEO v19.13) - https:\/\/yoast.com\/wordpress\/plugins\/seo\/ -->\n<title>KITCHENAID Kessel 1,7 L Kaiserrot<\/title>\n<meta name=\"description\" content=\"Entdecken Sie KITCHENAID Kessel 1,7 L Kaiserrot bei ErresseShop. Qualit\u00e4t, Stil und Funktionalit\u00e4t \u2013 jetzt online bestellen!\" \/>\n<meta name=\"robots\" content=\"index, follow, max-snippet:-1, max-image-preview:large, max-video-preview:-1\" \/>\n<link rel=\"canonical\" href=\"https:\/\/www.erresse-shop.it\/de\/shop\/kleine-elektrogeraete\/elektrische-wasserkocher\/caso-design-wasserkocher-hw-770-advanced\/\" \/>\n<meta property=\"og:locale\" content=\"de_DE\" \/>\n<meta property=\"og:type\" content=\"article\" \/>\n<meta property=\"og:title\" content=\"CASO DESIGN Wasserkocher HW 770 Advanced\" \/>\n<meta property=\"og:description\" content=\"Entdecken Sie KITCHENAID Kessel 1,7 L Kaiserrot bei ErresseShop. Qualit\u00e4t, Stil und Funktionalit\u00e4t \u2013 jetzt online bestellen!\" \/>\n<meta property=\"og:url\" content=\"https:\/\/www.erresse-shop.it\/de\/shop\/kleine-elektrogeraete\/elektrische-wasserkocher\/caso-design-wasserkocher-hw-770-advanced\/\" \/>\n<meta property=\"og:site_name\" content=\"Erresse Shop\" \/>\n<meta property=\"article:modified_time\" content=\"2025-08-26T10:46:39+00:00\" \/>\n<meta property=\"og:image\" content=\"https:\/\/www.erresse-shop.it\/wp-content\/uploads\/2025\/08\/CASO-DESIGN-Bollitore-HW-770-Advanced.jpg\" \/>\n\t<meta property=\"og:image:width\" content=\"1200\" \/>\n\t<meta property=\"og:image:height\" content=\"1200\" \/>\n\t<meta property=\"og:image:type\" content=\"image\/jpeg\" \/>\n<meta name=\"twitter:card\" content=\"summary_large_image\" \/>\n<script type=\"application\/ld+json\" class=\"yoast-schema-graph\">{\"@context\":\"https:\/\/schema.org\",\"@graph\":[{\"@type\":\"WebPage\",\"@id\":\"https:\/\/www.erresse-shop.it\/de\/shop\/kleine-elektrogeraete\/elektrische-wasserkocher\/caso-design-wasserkocher-hw-770-advanced\/\",\"url\":\"https:\/\/www.erresse-shop.it\/de\/shop\/kleine-elektrogeraete\/elektrische-wasserkocher\/caso-design-wasserkocher-hw-770-advanced\/\",\"name\":\"KITCHENAID Kessel 1,7 L Kaiserrot\",\"isPartOf\":{\"@id\":\"https:\/\/www.erresse-shop.it\/de\/#website\"},\"datePublished\":\"2025-08-26T10:25:45+00:00\",\"dateModified\":\"2025-08-26T10:46:39+00:00\",\"description\":\"Entdecken Sie KITCHENAID Kessel 1,7 L Kaiserrot bei ErresseShop. Qualit\u00e4t, Stil und Funktionalit\u00e4t \u2013 jetzt online bestellen!\",\"breadcrumb\":{\"@id\":\"https:\/\/www.erresse-shop.it\/de\/shop\/kleine-elektrogeraete\/elektrische-wasserkocher\/caso-design-wasserkocher-hw-770-advanced\/#breadcrumb\"},\"inLanguage\":\"de-DE\",\"potentialAction\":[{\"@type\":\"ReadAction\",\"target\":[\"https:\/\/www.erresse-shop.it\/de\/shop\/kleine-elektrogeraete\/elektrische-wasserkocher\/caso-design-wasserkocher-hw-770-advanced\/\"]}]},{\"@type\":\"BreadcrumbList\",\"@id\":\"https:\/\/www.erresse-shop.it\/de\/shop\/kleine-elektrogeraete\/elektrische-wasserkocher\/caso-design-wasserkocher-hw-770-advanced\/#breadcrumb\",\"itemListElement\":[{\"@type\":\"ListItem\",\"position\":1,\"name\":\"Home\",\"item\":\"https:\/\/www.erresse-shop.it\/de\/\"},{\"@type\":\"ListItem\",\"position\":2,\"name\":\"Shop\",\"item\":\"https:\/\/www.erresse-shop.it\/de\/shop\/\"},{\"@type\":\"ListItem\",\"position\":3,\"name\":\"CASO DESIGN Wasserkocher HW 770 Advanced\"}]},{\"@type\":\"WebSite\",\"@id\":\"https:\/\/www.erresse-shop.it\/de\/#website\",\"url\":\"https:\/\/www.erresse-shop.it\/de\/\",\"name\":\"Erresse Shop\",\"description\":\"Articoli di qualit\u00e0 per la casa\",\"potentialAction\":[{\"@type\":\"SearchAction\",\"target\":{\"@type\":\"EntryPoint\",\"urlTemplate\":\"https:\/\/www.erresse-shop.it\/de\/?s={search_term_string}\"},\"query-input\":\"required name=search_term_string\"}],\"inLanguage\":\"de-DE\"}]}<\/script>\n<!-- \/ Yoast SEO Premium plugin. -->","yoast_head_json":{"title":"KITCHENAID Kessel 1,7 L Kaiserrot","description":"Entdecken Sie KITCHENAID Kessel 1,7 L Kaiserrot bei ErresseShop. Qualit\u00e4t, Stil und Funktionalit\u00e4t \u2013 jetzt online bestellen!","robots":{"index":"index","follow":"follow","max-snippet":"max-snippet:-1","max-image-preview":"max-image-preview:large","max-video-preview":"max-video-preview:-1"},"canonical":"https:\/\/www.erresse-shop.it\/de\/shop\/kleine-elektrogeraete\/elektrische-wasserkocher\/caso-design-wasserkocher-hw-770-advanced\/","og_locale":"de_DE","og_type":"article","og_title":"CASO DESIGN Wasserkocher HW 770 Advanced","og_description":"Entdecken Sie KITCHENAID Kessel 1,7 L Kaiserrot bei ErresseShop. Qualit\u00e4t, Stil und Funktionalit\u00e4t \u2013 jetzt online bestellen!","og_url":"https:\/\/www.erresse-shop.it\/de\/shop\/kleine-elektrogeraete\/elektrische-wasserkocher\/caso-design-wasserkocher-hw-770-advanced\/","og_site_name":"Erresse Shop","article_modified_time":"2025-08-26T10:46:39+00:00","og_image":[{"width":1200,"height":1200,"url":"https:\/\/www.erresse-shop.it\/wp-content\/uploads\/2025\/08\/CASO-DESIGN-Bollitore-HW-770-Advanced.jpg","type":"image\/jpeg"}],"twitter_card":"summary_large_image","schema":{"@context":"https:\/\/schema.org","@graph":[{"@type":"WebPage","@id":"https:\/\/www.erresse-shop.it\/de\/shop\/kleine-elektrogeraete\/elektrische-wasserkocher\/caso-design-wasserkocher-hw-770-advanced\/","url":"https:\/\/www.erresse-shop.it\/de\/shop\/kleine-elektrogeraete\/elektrische-wasserkocher\/caso-design-wasserkocher-hw-770-advanced\/","name":"KITCHENAID Kessel 1,7 L Kaiserrot","isPartOf":{"@id":"https:\/\/www.erresse-shop.it\/de\/#website"},"datePublished":"2025-08-26T10:25:45+00:00","dateModified":"2025-08-26T10:46:39+00:00","description":"Entdecken Sie KITCHENAID Kessel 1,7 L Kaiserrot bei ErresseShop. Qualit\u00e4t, Stil und Funktionalit\u00e4t \u2013 jetzt online bestellen!","breadcrumb":{"@id":"https:\/\/www.erresse-shop.it\/de\/shop\/kleine-elektrogeraete\/elektrische-wasserkocher\/caso-design-wasserkocher-hw-770-advanced\/#breadcrumb"},"inLanguage":"de-DE","potentialAction":[{"@type":"ReadAction","target":["https:\/\/www.erresse-shop.it\/de\/shop\/kleine-elektrogeraete\/elektrische-wasserkocher\/caso-design-wasserkocher-hw-770-advanced\/"]}]},{"@type":"BreadcrumbList","@id":"https:\/\/www.erresse-shop.it\/de\/shop\/kleine-elektrogeraete\/elektrische-wasserkocher\/caso-design-wasserkocher-hw-770-advanced\/#breadcrumb","itemListElement":[{"@type":"ListItem","position":1,"name":"Home","item":"https:\/\/www.erresse-shop.it\/de\/"},{"@type":"ListItem","position":2,"name":"Shop","item":"https:\/\/www.erresse-shop.it\/de\/shop\/"},{"@type":"ListItem","position":3,"name":"CASO DESIGN Wasserkocher HW 770 Advanced"}]},{"@type":"WebSite","@id":"https:\/\/www.erresse-shop.it\/de\/#website","url":"https:\/\/www.erresse-shop.it\/de\/","name":"Erresse Shop","description":"Articoli di qualit\u00e0 per la casa","potentialAction":[{"@type":"SearchAction","target":{"@type":"EntryPoint","urlTemplate":"https:\/\/www.erresse-shop.it\/de\/?s={search_term_string}"},"query-input":"required name=search_term_string"}],"inLanguage":"de-DE"}]}},"df_price":139.99,"df_sale_price":139.99,"df_regular_price":139.99,"df_image_link":"https:\/\/www.erresse-shop.it\/wp-content\/uploads\/2025\/08\/CASO-DESIGN-Bollitore-HW-770-Advanced-300x300.jpg","_links":{"self":[{"href":"https:\/\/www.erresse-shop.it\/de\/wp-json\/wp\/v2\/product\/510595"}],"collection":[{"href":"https:\/\/www.erresse-shop.it\/de\/wp-json\/wp\/v2\/product"}],"about":[{"href":"https:\/\/www.erresse-shop.it\/de\/wp-json\/wp\/v2\/types\/product"}],"wp:featuredmedia":[{"embeddable":true,"href":"https:\/\/www.erresse-shop.it\/de\/wp-json\/wp\/v2\/media\/510622"}],"wp:attachment":[{"href":"https:\/\/www.erresse-shop.it\/de\/wp-json\/wp\/v2\/media?parent=510595"}],"wp:term":[{"taxonomy":"product_cat","embeddable":true,"href":"https:\/\/www.erresse-shop.it\/de\/wp-json\/wp\/v2\/product_cat?post=510595"},{"taxonomy":"product_tag","embeddable":true,"href":"https:\/\/www.erresse-shop.it\/de\/wp-json\/wp\/v2\/product_tag?post=510595"}],"curies":[{"name":"wp","href":"https:\/\/api.w.org\/{rel}","templated":true}]}}