{"id":510153,"date":"2025-08-07T08:19:27","date_gmt":"2025-08-07T08:19:29","guid":{"rendered":"https:\/\/www.erresse-shop.it\/?post_type=product&#038;p=510153"},"modified":"2025-08-07T08:34:55","modified_gmt":"2025-08-07T08:34:55","slug":"fac-home-slicer-f195-af","status":"publish","type":"product","link":"https:\/\/www.erresse-shop.it\/de\/shop\/kleine-elektrogeraete\/aufschnittmaschinen\/fac-home-slicer-f195-af\/","title":{"rendered":"FAC Home Slicer F195 AF"},"content":{"rendered":"<p>Der Allesschneider F195 aus eloxierter Aluminiumlegierung bietet die Vorteile einer schnellen Reinigung und absoluter Hygiene.<\/p>\n<p>Die Schnittst\u00e4rkeneinstellung von 0 bis 15 mm ist hochsensibel und erm\u00f6glicht eine dezimale Einstellung.<\/p>\n<p>Der einfach zu montierende Schleifer vereinfacht die Arbeit und sorgt f\u00fcr effizientes und fehlerfreies Schneiden.<\/p>\n<p>Die kugelgelagerte Schneidplatte bietet eine au\u00dfergew\u00f6hnliche Laufruhe und erm\u00f6glicht das Schneiden von schwerem Wurst, Braten, K\u00e4se, Fisch, z\u00e4hem Fleisch und mehr.<\/p>\n<p>Trotz seiner geringen Gr\u00f6\u00dfe bietet er die Vorteile und die Pr\u00e4zisionskonstruktion gr\u00f6\u00dferer Allesschneider.<\/p>\n<h3>Technische Daten:<\/h3>\n<div class=\"technical\">\n<ul>\n<li><strong>Abmessungen: 52 x 36 x H 31,5 cm<\/strong><\/li>\n<li><strong>Gewicht<\/strong>: 10 kg<\/li>\n<li><strong>S\u00e4geblatt<\/strong>: \u00d8 195 mm<\/li>\n<li><strong>Drehzahl pro Minute<\/strong>: 300 U\/min<\/li>\n<li><strong>Schnittst\u00e4rke<\/strong>: 0\u201316 mm<\/li>\n<li><strong>Nutzschnitt<\/strong>: L x H 140 x 140 mm<\/li>\n<li><strong>Motor: Einphasig:<\/strong>115\u2013220\u2013240 V, 50\u201360 Hz<\/li>\n<li><strong>Leistung<\/strong>: 0,20 PS \/ 0,149 kW<\/li>\n<li><strong>Montierter und fest montierter Spitzer<\/strong><\/li>\n<li><strong>Hergestellt in Italien<\/strong><\/li>\n<\/ul>\n<\/div>\n<p><span style=\"text-decoration: underline;\"><strong>Nicht au\u00dferhalb Europas erh\u00e4ltlich<\/strong><\/span><\/p>\n","protected":false},"excerpt":{"rendered":"<p>Der Allesschneider F195 aus eloxierter Aluminiumlegierung bietet die Vorteile einer schnellen Reinigung und absoluter Hygiene. Die Schnittst\u00e4rkeneinstellung von 0 bis<\/p>\n","protected":false},"featured_media":510180,"template":"","meta":{"_acf_changed":false,"inline_featured_image":false},"product_cat":[6703,17346],"product_tag":[17354,23911,17290,11718,19129,17355],"acf":[],"yoast_head":"<!-- This site is optimized with the Yoast SEO Premium plugin v18.6 (Yoast SEO v19.13) - https:\/\/yoast.com\/wordpress\/plugins\/seo\/ -->\n<title>G3 FERRARI Aufschnittmaschine Emilia 250<\/title>\n<meta name=\"description\" content=\"Entdecken Sie G3 FERRARI Aufschnittmaschine Emilia 250 bei ErresseShop. Qualit\u00e4t, Stil und Funktionalit\u00e4t \u2013 jetzt online bestellen!\" \/>\n<meta name=\"robots\" content=\"index, follow, max-snippet:-1, max-image-preview:large, max-video-preview:-1\" \/>\n<link rel=\"canonical\" href=\"https:\/\/www.erresse-shop.it\/de\/shop\/kleine-elektrogeraete\/aufschnittmaschinen\/fac-home-slicer-f195-af\/\" \/>\n<meta property=\"og:locale\" content=\"de_DE\" \/>\n<meta property=\"og:type\" content=\"article\" \/>\n<meta property=\"og:title\" content=\"FAC Home Slicer F195 AF\" \/>\n<meta property=\"og:description\" content=\"Entdecken Sie G3 FERRARI Aufschnittmaschine Emilia 250 bei ErresseShop. Qualit\u00e4t, Stil und Funktionalit\u00e4t \u2013 jetzt online bestellen!\" \/>\n<meta property=\"og:url\" content=\"https:\/\/www.erresse-shop.it\/de\/shop\/kleine-elektrogeraete\/aufschnittmaschinen\/fac-home-slicer-f195-af\/\" \/>\n<meta property=\"og:site_name\" content=\"Erresse Shop\" \/>\n<meta property=\"article:modified_time\" content=\"2025-08-07T08:34:55+00:00\" \/>\n<meta property=\"og:image\" content=\"https:\/\/www.erresse-shop.it\/wp-content\/uploads\/2025\/08\/FAC-Affettatrice-Domestica-F195-AF.jpg\" \/>\n\t<meta property=\"og:image:width\" content=\"1200\" \/>\n\t<meta property=\"og:image:height\" content=\"1200\" \/>\n\t<meta property=\"og:image:type\" content=\"image\/jpeg\" \/>\n<meta name=\"twitter:card\" content=\"summary_large_image\" \/>\n<script type=\"application\/ld+json\" class=\"yoast-schema-graph\">{\"@context\":\"https:\/\/schema.org\",\"@graph\":[{\"@type\":\"WebPage\",\"@id\":\"https:\/\/www.erresse-shop.it\/de\/shop\/kleine-elektrogeraete\/aufschnittmaschinen\/fac-home-slicer-f195-af\/\",\"url\":\"https:\/\/www.erresse-shop.it\/de\/shop\/kleine-elektrogeraete\/aufschnittmaschinen\/fac-home-slicer-f195-af\/\",\"name\":\"G3 FERRARI Aufschnittmaschine Emilia 250\",\"isPartOf\":{\"@id\":\"https:\/\/www.erresse-shop.it\/de\/#website\"},\"datePublished\":\"2025-08-07T08:19:29+00:00\",\"dateModified\":\"2025-08-07T08:34:55+00:00\",\"description\":\"Entdecken Sie G3 FERRARI Aufschnittmaschine Emilia 250 bei ErresseShop. Qualit\u00e4t, Stil und Funktionalit\u00e4t \u2013 jetzt online bestellen!\",\"breadcrumb\":{\"@id\":\"https:\/\/www.erresse-shop.it\/de\/shop\/kleine-elektrogeraete\/aufschnittmaschinen\/fac-home-slicer-f195-af\/#breadcrumb\"},\"inLanguage\":\"de-DE\",\"potentialAction\":[{\"@type\":\"ReadAction\",\"target\":[\"https:\/\/www.erresse-shop.it\/de\/shop\/kleine-elektrogeraete\/aufschnittmaschinen\/fac-home-slicer-f195-af\/\"]}]},{\"@type\":\"BreadcrumbList\",\"@id\":\"https:\/\/www.erresse-shop.it\/de\/shop\/kleine-elektrogeraete\/aufschnittmaschinen\/fac-home-slicer-f195-af\/#breadcrumb\",\"itemListElement\":[{\"@type\":\"ListItem\",\"position\":1,\"name\":\"Home\",\"item\":\"https:\/\/www.erresse-shop.it\/de\/\"},{\"@type\":\"ListItem\",\"position\":2,\"name\":\"Shop\",\"item\":\"https:\/\/www.erresse-shop.it\/de\/shop\/\"},{\"@type\":\"ListItem\",\"position\":3,\"name\":\"FAC Home Slicer F195 AF\"}]},{\"@type\":\"WebSite\",\"@id\":\"https:\/\/www.erresse-shop.it\/de\/#website\",\"url\":\"https:\/\/www.erresse-shop.it\/de\/\",\"name\":\"Erresse Shop\",\"description\":\"Articoli di qualit\u00e0 per la casa\",\"potentialAction\":[{\"@type\":\"SearchAction\",\"target\":{\"@type\":\"EntryPoint\",\"urlTemplate\":\"https:\/\/www.erresse-shop.it\/de\/?s={search_term_string}\"},\"query-input\":\"required name=search_term_string\"}],\"inLanguage\":\"de-DE\"}]}<\/script>\n<!-- \/ Yoast SEO Premium plugin. -->","yoast_head_json":{"title":"G3 FERRARI Aufschnittmaschine Emilia 250","description":"Entdecken Sie G3 FERRARI Aufschnittmaschine Emilia 250 bei ErresseShop. Qualit\u00e4t, Stil und Funktionalit\u00e4t \u2013 jetzt online bestellen!","robots":{"index":"index","follow":"follow","max-snippet":"max-snippet:-1","max-image-preview":"max-image-preview:large","max-video-preview":"max-video-preview:-1"},"canonical":"https:\/\/www.erresse-shop.it\/de\/shop\/kleine-elektrogeraete\/aufschnittmaschinen\/fac-home-slicer-f195-af\/","og_locale":"de_DE","og_type":"article","og_title":"FAC Home Slicer F195 AF","og_description":"Entdecken Sie G3 FERRARI Aufschnittmaschine Emilia 250 bei ErresseShop. Qualit\u00e4t, Stil und Funktionalit\u00e4t \u2013 jetzt online bestellen!","og_url":"https:\/\/www.erresse-shop.it\/de\/shop\/kleine-elektrogeraete\/aufschnittmaschinen\/fac-home-slicer-f195-af\/","og_site_name":"Erresse Shop","article_modified_time":"2025-08-07T08:34:55+00:00","og_image":[{"width":1200,"height":1200,"url":"https:\/\/www.erresse-shop.it\/wp-content\/uploads\/2025\/08\/FAC-Affettatrice-Domestica-F195-AF.jpg","type":"image\/jpeg"}],"twitter_card":"summary_large_image","schema":{"@context":"https:\/\/schema.org","@graph":[{"@type":"WebPage","@id":"https:\/\/www.erresse-shop.it\/de\/shop\/kleine-elektrogeraete\/aufschnittmaschinen\/fac-home-slicer-f195-af\/","url":"https:\/\/www.erresse-shop.it\/de\/shop\/kleine-elektrogeraete\/aufschnittmaschinen\/fac-home-slicer-f195-af\/","name":"G3 FERRARI Aufschnittmaschine Emilia 250","isPartOf":{"@id":"https:\/\/www.erresse-shop.it\/de\/#website"},"datePublished":"2025-08-07T08:19:29+00:00","dateModified":"2025-08-07T08:34:55+00:00","description":"Entdecken Sie G3 FERRARI Aufschnittmaschine Emilia 250 bei ErresseShop. Qualit\u00e4t, Stil und Funktionalit\u00e4t \u2013 jetzt online bestellen!","breadcrumb":{"@id":"https:\/\/www.erresse-shop.it\/de\/shop\/kleine-elektrogeraete\/aufschnittmaschinen\/fac-home-slicer-f195-af\/#breadcrumb"},"inLanguage":"de-DE","potentialAction":[{"@type":"ReadAction","target":["https:\/\/www.erresse-shop.it\/de\/shop\/kleine-elektrogeraete\/aufschnittmaschinen\/fac-home-slicer-f195-af\/"]}]},{"@type":"BreadcrumbList","@id":"https:\/\/www.erresse-shop.it\/de\/shop\/kleine-elektrogeraete\/aufschnittmaschinen\/fac-home-slicer-f195-af\/#breadcrumb","itemListElement":[{"@type":"ListItem","position":1,"name":"Home","item":"https:\/\/www.erresse-shop.it\/de\/"},{"@type":"ListItem","position":2,"name":"Shop","item":"https:\/\/www.erresse-shop.it\/de\/shop\/"},{"@type":"ListItem","position":3,"name":"FAC Home Slicer F195 AF"}]},{"@type":"WebSite","@id":"https:\/\/www.erresse-shop.it\/de\/#website","url":"https:\/\/www.erresse-shop.it\/de\/","name":"Erresse Shop","description":"Articoli di qualit\u00e0 per la casa","potentialAction":[{"@type":"SearchAction","target":{"@type":"EntryPoint","urlTemplate":"https:\/\/www.erresse-shop.it\/de\/?s={search_term_string}"},"query-input":"required name=search_term_string"}],"inLanguage":"de-DE"}]}},"df_price":389,"df_sale_price":389,"df_regular_price":389,"df_image_link":"https:\/\/www.erresse-shop.it\/wp-content\/uploads\/2025\/08\/FAC-Affettatrice-Domestica-F195-AF-300x300.jpg","_links":{"self":[{"href":"https:\/\/www.erresse-shop.it\/de\/wp-json\/wp\/v2\/product\/510153"}],"collection":[{"href":"https:\/\/www.erresse-shop.it\/de\/wp-json\/wp\/v2\/product"}],"about":[{"href":"https:\/\/www.erresse-shop.it\/de\/wp-json\/wp\/v2\/types\/product"}],"wp:featuredmedia":[{"embeddable":true,"href":"https:\/\/www.erresse-shop.it\/de\/wp-json\/wp\/v2\/media\/510180"}],"wp:attachment":[{"href":"https:\/\/www.erresse-shop.it\/de\/wp-json\/wp\/v2\/media?parent=510153"}],"wp:term":[{"taxonomy":"product_cat","embeddable":true,"href":"https:\/\/www.erresse-shop.it\/de\/wp-json\/wp\/v2\/product_cat?post=510153"},{"taxonomy":"product_tag","embeddable":true,"href":"https:\/\/www.erresse-shop.it\/de\/wp-json\/wp\/v2\/product_tag?post=510153"}],"curies":[{"name":"wp","href":"https:\/\/api.w.org\/{rel}","templated":true}]}}