{"id":510126,"date":"2025-08-07T07:43:35","date_gmt":"2025-08-07T07:43:37","guid":{"rendered":"https:\/\/www.erresse-shop.it\/?post_type=product&#038;p=510126"},"modified":"2025-08-07T08:11:24","modified_gmt":"2025-08-07T08:11:24","slug":"kitchenaid-mini-hacksler-830-ml-imperial-red-copia","status":"publish","type":"product","link":"https:\/\/www.erresse-shop.it\/de\/shop\/kleine-elektrogeraete\/kuechenmaschinen\/kitchenaid-mini-hacksler-830-ml-imperial-red-copia\/","title":{"rendered":"KITCHENAID Semiprofessionelle elektrische Reibe Edelstahl"},"content":{"rendered":"<h3 data-start=\"165\" data-end=\"241\"><strong data-start=\"169\" data-end=\"241\">Professionelle elektrische Reibe aus Aluminium und Edelstahl<\/strong><\/h3>\n<p data-start=\"243\" data-end=\"555\">Leistungsstark, sicher und langlebig \u2013 diese <strong data-start=\"291\" data-end=\"328\">professionelle elektrische Reibe<\/strong> ist die ideale Wahl f\u00fcr alle, die Wert auf hohe Leistung und hochwertige Materialien legen. Dank ihrer <strong data-start=\"440\" data-end=\"465\">Struktur aus poliertem Aluminium<\/strong> und dem <strong data-start=\"468\" data-end=\"498\">Edelstahlgeh\u00e4use<\/strong> vereint sie Robustheit, modernes Design und maximale Effizienz.<\/p>\n<h4 data-start=\"557\" data-end=\"593\"><strong data-start=\"562\" data-end=\"593\">Hauptmerkmale:<\/strong><\/h4>\n<ul data-start=\"594\" data-end=\"1195\">\n<li data-start=\"594\" data-end=\"679\">\n<p data-start=\"596\" data-end=\"679\"><strong data-start=\"596\" data-end=\"635\">Metallgetriebe<\/strong> f\u00fcr eine robuste und langlebige Kraft\u00fcbertragung.\n<\/li>\n<li data-start=\"680\" data-end=\"781\">\n<p data-start=\"682\" data-end=\"781\"><strong data-start=\"682\" data-end=\"718\">Ergonomischer Aluminiumgriff<\/strong> mit <strong data-start=\"723\" data-end=\"746\">Gummischutz<\/strong> und <strong data-start=\"749\" data-end=\"780\">Federverschluss<\/strong>.<\/p>\n<\/li>\n<li data-start=\"782\" data-end=\"830\">\n<p data-start=\"784\" data-end=\"830\"><strong data-start=\"784\" data-end=\"809\">Sicherheitsknopf<\/strong> f\u00fcr sicheres Arbeiten.<\/p>\n<\/li>\n<li data-start=\"831\" data-end=\"921\">\n<p data-start=\"833\" data-end=\"921\"><strong data-start=\"833\" data-end=\"862\">Verzinnte Stahlwalze<\/strong> (\u00d8 47 x 81 mm) f\u00fcr pr\u00e4zises und gleichm\u00e4\u00dfiges Reiben.<\/p>\n<\/li>\n<li data-start=\"922\" data-end=\"1010\">\n<p data-start=\"924\" data-end=\"1010\"><strong data-start=\"924\" data-end=\"952\">Gro\u00dfe obere \u00d6ffnung<\/strong> (8 x 5,5 cm) f\u00fcr einfaches Einf\u00fcllen der Lebensmittel.<\/p>\n<\/li>\n<li data-start=\"1011\" data-end=\"1097\">\n<p data-start=\"1013\" data-end=\"1097\"><strong data-start=\"1013\" data-end=\"1047\">Gro\u00dfe Auffangschale<\/strong> aus lebensmittelechtem Kunststoff.<\/p>\n<\/li>\n<li data-start=\"1098\" data-end=\"1195\">\n<p data-start=\"1100\" data-end=\"1195\"><strong data-start=\"1100\" data-end=\"1137\">Energieeffizienter Motor<\/strong>, der die Leistung je nach Druck anpasst.<\/p>\n<\/li>\n<\/ul>\n<h4 data-start=\"1197\" data-end=\"1231\"><strong data-start=\"1202\" data-end=\"1231\">Ideal zum Reiben von:<\/strong><\/h4>\n<ul data-start=\"1232\" data-end=\"1307\">\n<li data-start=\"1232\" data-end=\"1260\">\n<p data-start=\"1234\" data-end=\"1260\">Hart- und Schnittk\u00e4se<\/p>\n<\/li>\n<li data-start=\"1261\" data-end=\"1275\">\n<p data-start=\"1263\" data-end=\"1275\">Trockenes Brot<\/p>\n<\/li>\n<li data-start=\"1276\" data-end=\"1290\">\n<p data-start=\"1278\" data-end=\"1290\">Schokolade<\/p>\n<\/li>\n<li data-start=\"1291\" data-end=\"1307\">\n<p data-start=\"1293\" data-end=\"1307\">Trockenfr\u00fcchte<\/p>\n<\/li>\n<\/ul>\n<h3 data-start=\"1314\" data-end=\"1342\"><strong data-start=\"1318\" data-end=\"1342\">Technische Daten:<\/strong><\/h3>\n<ul data-start=\"1343\" data-end=\"1626\">\n<li data-start=\"1343\" data-end=\"1372\">\n<p data-start=\"1345\" data-end=\"1372\"><strong data-start=\"1345\" data-end=\"1364\">Motorleistung:<\/strong> 200 W<\/p>\n<\/li>\n<li data-start=\"1373\" data-end=\"1410\">\n<p data-start=\"1375\" data-end=\"1410\"><strong data-start=\"1375\" data-end=\"1405\">Dauerbetrieb<\/strong><\/p>\n<\/li>\n<li data-start=\"1450\" data-end=\"1476\">\n<p data-start=\"1452\" data-end=\"1476\"><strong data-start=\"1452\" data-end=\"1467\">Nettogewicht:<\/strong> 5,1 kg<\/p>\n<\/li>\n<li data-start=\"1477\" data-end=\"1503\">\n<p data-start=\"1479\" data-end=\"1503\"><strong data-start=\"1479\" data-end=\"1494\">Bruttogewicht:<\/strong> 6,5 kg<\/p>\n<\/li>\n<li data-start=\"1504\" data-end=\"1548\">\n<p data-start=\"1506\" data-end=\"1548\"><strong data-start=\"1506\" data-end=\"1530\">Produktabmessungen:<\/strong> 35 x 17 x 28 cm<\/p>\n<\/li>\n<li data-start=\"1549\" data-end=\"1580\">\n<p data-start=\"1551\" data-end=\"1580\"><strong data-start=\"1551\" data-end=\"1565\">Material:<\/strong> Edelstahl<\/p>\n<\/li>\n<li data-start=\"1581\" data-end=\"1626\">\n<p data-start=\"1583\" data-end=\"1626\"><strong data-start=\"1583\" data-end=\"1621\">Energieeffizienter Motor<\/strong><\/p>\n<\/li>\n<\/ul>\n<p data-start=\"1633\" data-end=\"1862\">F\u00fcr den intensiven Einsatz konzipiert, eignet es sich sowohl f\u00fcr den Heimgebrauch als auch f\u00fcr kleine Labore oder Feinkostl\u00e4den. Es vereint <strong data-start=\"1748\" data-end=\"1811\">professionelle Leistung, Energieeinsparung und Sicherheit<\/strong> in einem einzigen kompakten und zuverl\u00e4ssigen Produkt.<\/p>\n","protected":false},"excerpt":{"rendered":"<p>Professionelle elektrische Reibe aus Aluminium und Edelstahl Leistungsstark, sicher und langlebig \u2013 diese professionelle elektrische Reibe ist die ideale Wahl<\/p>\n","protected":false},"featured_media":510147,"template":"","meta":{"_acf_changed":false,"inline_featured_image":false},"product_cat":[6703,6721],"product_tag":[11415],"acf":[],"yoast_head":"<!-- This site is optimized with the Yoast SEO Premium plugin v18.6 (Yoast SEO v19.13) - https:\/\/yoast.com\/wordpress\/plugins\/seo\/ -->\n<title>KITCHENAID H\u00e4cksler 1,19 L Onyx Schwarz<\/title>\n<meta name=\"description\" content=\"Entdecken Sie KITCHENAID H\u00e4cksler 1,19 L Onyx Schwarz bei ErresseShop. Qualit\u00e4t, Stil und Funktionalit\u00e4t \u2013 jetzt online bestellen!\" \/>\n<meta name=\"robots\" content=\"index, follow, max-snippet:-1, max-image-preview:large, max-video-preview:-1\" \/>\n<link rel=\"canonical\" href=\"https:\/\/www.erresse-shop.it\/de\/shop\/kleine-elektrogeraete\/kuechenmaschinen\/kitchenaid-mini-hacksler-830-ml-imperial-red-copia\/\" \/>\n<meta property=\"og:locale\" content=\"de_DE\" \/>\n<meta property=\"og:type\" content=\"article\" \/>\n<meta property=\"og:title\" content=\"KITCHENAID Semiprofessionelle elektrische Reibe Edelstahl\" \/>\n<meta property=\"og:description\" content=\"Entdecken Sie KITCHENAID H\u00e4cksler 1,19 L Onyx Schwarz bei ErresseShop. Qualit\u00e4t, Stil und Funktionalit\u00e4t \u2013 jetzt online bestellen!\" \/>\n<meta property=\"og:url\" content=\"https:\/\/www.erresse-shop.it\/de\/shop\/kleine-elektrogeraete\/kuechenmaschinen\/kitchenaid-mini-hacksler-830-ml-imperial-red-copia\/\" \/>\n<meta property=\"og:site_name\" content=\"Erresse Shop\" \/>\n<meta property=\"article:modified_time\" content=\"2025-08-07T08:11:24+00:00\" \/>\n<meta property=\"og:image\" content=\"https:\/\/www.erresse-shop.it\/wp-content\/uploads\/2025\/08\/REBER-Grattugia-Elettrica-Semi-Professionale-Inox.jpg\" \/>\n\t<meta property=\"og:image:width\" content=\"1200\" \/>\n\t<meta property=\"og:image:height\" content=\"1200\" \/>\n\t<meta property=\"og:image:type\" content=\"image\/jpeg\" \/>\n<meta name=\"twitter:card\" content=\"summary_large_image\" \/>\n<script type=\"application\/ld+json\" class=\"yoast-schema-graph\">{\"@context\":\"https:\/\/schema.org\",\"@graph\":[{\"@type\":\"WebPage\",\"@id\":\"https:\/\/www.erresse-shop.it\/de\/shop\/kleine-elektrogeraete\/kuechenmaschinen\/kitchenaid-mini-hacksler-830-ml-imperial-red-copia\/\",\"url\":\"https:\/\/www.erresse-shop.it\/de\/shop\/kleine-elektrogeraete\/kuechenmaschinen\/kitchenaid-mini-hacksler-830-ml-imperial-red-copia\/\",\"name\":\"KITCHENAID H\u00e4cksler 1,19 L Onyx Schwarz\",\"isPartOf\":{\"@id\":\"https:\/\/www.erresse-shop.it\/de\/#website\"},\"datePublished\":\"2025-08-07T07:43:37+00:00\",\"dateModified\":\"2025-08-07T08:11:24+00:00\",\"description\":\"Entdecken Sie KITCHENAID H\u00e4cksler 1,19 L Onyx Schwarz bei ErresseShop. Qualit\u00e4t, Stil und Funktionalit\u00e4t \u2013 jetzt online bestellen!\",\"breadcrumb\":{\"@id\":\"https:\/\/www.erresse-shop.it\/de\/shop\/kleine-elektrogeraete\/kuechenmaschinen\/kitchenaid-mini-hacksler-830-ml-imperial-red-copia\/#breadcrumb\"},\"inLanguage\":\"de-DE\",\"potentialAction\":[{\"@type\":\"ReadAction\",\"target\":[\"https:\/\/www.erresse-shop.it\/de\/shop\/kleine-elektrogeraete\/kuechenmaschinen\/kitchenaid-mini-hacksler-830-ml-imperial-red-copia\/\"]}]},{\"@type\":\"BreadcrumbList\",\"@id\":\"https:\/\/www.erresse-shop.it\/de\/shop\/kleine-elektrogeraete\/kuechenmaschinen\/kitchenaid-mini-hacksler-830-ml-imperial-red-copia\/#breadcrumb\",\"itemListElement\":[{\"@type\":\"ListItem\",\"position\":1,\"name\":\"Home\",\"item\":\"https:\/\/www.erresse-shop.it\/de\/\"},{\"@type\":\"ListItem\",\"position\":2,\"name\":\"Shop\",\"item\":\"https:\/\/www.erresse-shop.it\/de\/shop\/\"},{\"@type\":\"ListItem\",\"position\":3,\"name\":\"KITCHENAID Semiprofessionelle elektrische Reibe Edelstahl\"}]},{\"@type\":\"WebSite\",\"@id\":\"https:\/\/www.erresse-shop.it\/de\/#website\",\"url\":\"https:\/\/www.erresse-shop.it\/de\/\",\"name\":\"Erresse Shop\",\"description\":\"Articoli di qualit\u00e0 per la casa\",\"potentialAction\":[{\"@type\":\"SearchAction\",\"target\":{\"@type\":\"EntryPoint\",\"urlTemplate\":\"https:\/\/www.erresse-shop.it\/de\/?s={search_term_string}\"},\"query-input\":\"required name=search_term_string\"}],\"inLanguage\":\"de-DE\"}]}<\/script>\n<!-- \/ Yoast SEO Premium plugin. -->","yoast_head_json":{"title":"KITCHENAID H\u00e4cksler 1,19 L Onyx Schwarz","description":"Entdecken Sie KITCHENAID H\u00e4cksler 1,19 L Onyx Schwarz bei ErresseShop. Qualit\u00e4t, Stil und Funktionalit\u00e4t \u2013 jetzt online bestellen!","robots":{"index":"index","follow":"follow","max-snippet":"max-snippet:-1","max-image-preview":"max-image-preview:large","max-video-preview":"max-video-preview:-1"},"canonical":"https:\/\/www.erresse-shop.it\/de\/shop\/kleine-elektrogeraete\/kuechenmaschinen\/kitchenaid-mini-hacksler-830-ml-imperial-red-copia\/","og_locale":"de_DE","og_type":"article","og_title":"KITCHENAID Semiprofessionelle elektrische Reibe Edelstahl","og_description":"Entdecken Sie KITCHENAID H\u00e4cksler 1,19 L Onyx Schwarz bei ErresseShop. Qualit\u00e4t, Stil und Funktionalit\u00e4t \u2013 jetzt online bestellen!","og_url":"https:\/\/www.erresse-shop.it\/de\/shop\/kleine-elektrogeraete\/kuechenmaschinen\/kitchenaid-mini-hacksler-830-ml-imperial-red-copia\/","og_site_name":"Erresse Shop","article_modified_time":"2025-08-07T08:11:24+00:00","og_image":[{"width":1200,"height":1200,"url":"https:\/\/www.erresse-shop.it\/wp-content\/uploads\/2025\/08\/REBER-Grattugia-Elettrica-Semi-Professionale-Inox.jpg","type":"image\/jpeg"}],"twitter_card":"summary_large_image","schema":{"@context":"https:\/\/schema.org","@graph":[{"@type":"WebPage","@id":"https:\/\/www.erresse-shop.it\/de\/shop\/kleine-elektrogeraete\/kuechenmaschinen\/kitchenaid-mini-hacksler-830-ml-imperial-red-copia\/","url":"https:\/\/www.erresse-shop.it\/de\/shop\/kleine-elektrogeraete\/kuechenmaschinen\/kitchenaid-mini-hacksler-830-ml-imperial-red-copia\/","name":"KITCHENAID H\u00e4cksler 1,19 L Onyx Schwarz","isPartOf":{"@id":"https:\/\/www.erresse-shop.it\/de\/#website"},"datePublished":"2025-08-07T07:43:37+00:00","dateModified":"2025-08-07T08:11:24+00:00","description":"Entdecken Sie KITCHENAID H\u00e4cksler 1,19 L Onyx Schwarz bei ErresseShop. Qualit\u00e4t, Stil und Funktionalit\u00e4t \u2013 jetzt online bestellen!","breadcrumb":{"@id":"https:\/\/www.erresse-shop.it\/de\/shop\/kleine-elektrogeraete\/kuechenmaschinen\/kitchenaid-mini-hacksler-830-ml-imperial-red-copia\/#breadcrumb"},"inLanguage":"de-DE","potentialAction":[{"@type":"ReadAction","target":["https:\/\/www.erresse-shop.it\/de\/shop\/kleine-elektrogeraete\/kuechenmaschinen\/kitchenaid-mini-hacksler-830-ml-imperial-red-copia\/"]}]},{"@type":"BreadcrumbList","@id":"https:\/\/www.erresse-shop.it\/de\/shop\/kleine-elektrogeraete\/kuechenmaschinen\/kitchenaid-mini-hacksler-830-ml-imperial-red-copia\/#breadcrumb","itemListElement":[{"@type":"ListItem","position":1,"name":"Home","item":"https:\/\/www.erresse-shop.it\/de\/"},{"@type":"ListItem","position":2,"name":"Shop","item":"https:\/\/www.erresse-shop.it\/de\/shop\/"},{"@type":"ListItem","position":3,"name":"KITCHENAID Semiprofessionelle elektrische Reibe Edelstahl"}]},{"@type":"WebSite","@id":"https:\/\/www.erresse-shop.it\/de\/#website","url":"https:\/\/www.erresse-shop.it\/de\/","name":"Erresse Shop","description":"Articoli di qualit\u00e0 per la casa","potentialAction":[{"@type":"SearchAction","target":{"@type":"EntryPoint","urlTemplate":"https:\/\/www.erresse-shop.it\/de\/?s={search_term_string}"},"query-input":"required name=search_term_string"}],"inLanguage":"de-DE"}]}},"df_price":165,"df_sale_price":165,"df_regular_price":165,"df_image_link":"https:\/\/www.erresse-shop.it\/wp-content\/uploads\/2025\/08\/REBER-Grattugia-Elettrica-Semi-Professionale-Inox-300x300.jpg","_links":{"self":[{"href":"https:\/\/www.erresse-shop.it\/de\/wp-json\/wp\/v2\/product\/510126"}],"collection":[{"href":"https:\/\/www.erresse-shop.it\/de\/wp-json\/wp\/v2\/product"}],"about":[{"href":"https:\/\/www.erresse-shop.it\/de\/wp-json\/wp\/v2\/types\/product"}],"wp:featuredmedia":[{"embeddable":true,"href":"https:\/\/www.erresse-shop.it\/de\/wp-json\/wp\/v2\/media\/510147"}],"wp:attachment":[{"href":"https:\/\/www.erresse-shop.it\/de\/wp-json\/wp\/v2\/media?parent=510126"}],"wp:term":[{"taxonomy":"product_cat","embeddable":true,"href":"https:\/\/www.erresse-shop.it\/de\/wp-json\/wp\/v2\/product_cat?post=510126"},{"taxonomy":"product_tag","embeddable":true,"href":"https:\/\/www.erresse-shop.it\/de\/wp-json\/wp\/v2\/product_tag?post=510126"}],"curies":[{"name":"wp","href":"https:\/\/api.w.org\/{rel}","templated":true}]}}