{"id":510072,"date":"2025-08-06T08:43:50","date_gmt":"2025-08-06T08:43:51","guid":{"rendered":"https:\/\/www.erresse-shop.it\/?post_type=product&#038;p=510072"},"modified":"2025-08-06T08:58:25","modified_gmt":"2025-08-06T08:58:25","slug":"stockli-doerrgeraet-fuer-obst-und-gemuese","status":"publish","type":"product","link":"https:\/\/www.erresse-shop.it\/de\/shop\/kleine-elektrogeraete\/doerrautomaten\/stockli-doerrgeraet-fuer-obst-und-gemuese\/","title":{"rendered":"STOCKLI D\u00f6rrger\u00e4t f\u00fcr Obst und Gem\u00fcse"},"content":{"rendered":"<p>D\u00f6rrautomat mit leicht zu reinigendem Kunststoffgeh\u00e4use, einstellbarem Temperaturbereich und aktiver Hei\u00dfluftzirkulation, inklusive drei Kunststoff-Trockenschalen und LED-Anzeige.<\/p>\n<p>Die Trocknungszeiten f\u00fcr verschiedene Obst- und Gem\u00fcsesorten sind auf dem transparenten Deckel aufgedruckt.<\/p>\n<p>Kapazit\u00e4t: Das Ger\u00e4t kann mit bis zu zehn Trocknungsschalen verwendet werden.<\/p>\n<p><strong>Technische Daten<\/strong><\/p>\n<ul>\n<li>Gewicht: 2,69 kg<\/li>\n<li>H\u00f6he: 27,5 cm<\/li>\n<li>L\u00e4nge: 33,5 cm<\/li>\n<li>Breite: 33,5 cm<\/li>\n<li>Einstellbare Temperatur: 20\u201370 \u00b0C<\/li>\n<li>Spannung: 230 V<\/li>\n<li>Leistung: 540 W<\/li>\n<\/ul>\n","protected":false},"excerpt":{"rendered":"<p>D\u00f6rrautomat mit leicht zu reinigendem Kunststoffgeh\u00e4use, einstellbarem Temperaturbereich und aktiver Hei\u00dfluftzirkulation, inklusive drei Kunststoff-Trockenschalen und LED-Anzeige. Die Trocknungszeiten f\u00fcr verschiedene<\/p>\n","protected":false},"featured_media":510093,"template":"","meta":{"_acf_changed":false,"inline_featured_image":false},"product_cat":[6703,18061],"product_tag":[],"acf":[],"yoast_head":"<!-- This site is optimized with the Yoast SEO Premium plugin v18.6 (Yoast SEO v19.13) - https:\/\/yoast.com\/wordpress\/plugins\/seo\/ -->\n<title>BOSKA Elektrisches Fondue-Set Pro 12-teilig<\/title>\n<meta name=\"description\" content=\"Entdecken Sie BOSKA Elektrisches Fondue-Set Pro 12-teilig bei ErresseShop. Qualit\u00e4t, Stil und Funktionalit\u00e4t \u2013 jetzt online bestellen!\" \/>\n<meta name=\"robots\" content=\"index, follow, max-snippet:-1, max-image-preview:large, max-video-preview:-1\" \/>\n<link rel=\"canonical\" href=\"https:\/\/www.erresse-shop.it\/de\/shop\/kleine-elektrogeraete\/doerrautomaten\/stockli-doerrgeraet-fuer-obst-und-gemuese\/\" \/>\n<meta property=\"og:locale\" content=\"de_DE\" \/>\n<meta property=\"og:type\" content=\"article\" \/>\n<meta property=\"og:title\" content=\"STOCKLI D\u00f6rrger\u00e4t f\u00fcr Obst und Gem\u00fcse\" \/>\n<meta property=\"og:description\" content=\"Entdecken Sie BOSKA Elektrisches Fondue-Set Pro 12-teilig bei ErresseShop. Qualit\u00e4t, Stil und Funktionalit\u00e4t \u2013 jetzt online bestellen!\" \/>\n<meta property=\"og:url\" content=\"https:\/\/www.erresse-shop.it\/de\/shop\/kleine-elektrogeraete\/doerrautomaten\/stockli-doerrgeraet-fuer-obst-und-gemuese\/\" \/>\n<meta property=\"og:site_name\" content=\"Erresse Shop\" \/>\n<meta property=\"article:modified_time\" content=\"2025-08-06T08:58:25+00:00\" \/>\n<meta property=\"og:image\" content=\"https:\/\/www.erresse-shop.it\/wp-content\/uploads\/2025\/08\/STOCKLI-Essiccatore-Per-Frutta-e-Verdura.jpg\" \/>\n\t<meta property=\"og:image:width\" content=\"1200\" \/>\n\t<meta property=\"og:image:height\" content=\"1200\" \/>\n\t<meta property=\"og:image:type\" content=\"image\/jpeg\" \/>\n<meta name=\"twitter:card\" content=\"summary_large_image\" \/>\n<script type=\"application\/ld+json\" class=\"yoast-schema-graph\">{\"@context\":\"https:\/\/schema.org\",\"@graph\":[{\"@type\":\"WebPage\",\"@id\":\"https:\/\/www.erresse-shop.it\/de\/shop\/kleine-elektrogeraete\/doerrautomaten\/stockli-doerrgeraet-fuer-obst-und-gemuese\/\",\"url\":\"https:\/\/www.erresse-shop.it\/de\/shop\/kleine-elektrogeraete\/doerrautomaten\/stockli-doerrgeraet-fuer-obst-und-gemuese\/\",\"name\":\"BOSKA Elektrisches Fondue-Set Pro 12-teilig\",\"isPartOf\":{\"@id\":\"https:\/\/www.erresse-shop.it\/de\/#website\"},\"datePublished\":\"2025-08-06T08:43:51+00:00\",\"dateModified\":\"2025-08-06T08:58:25+00:00\",\"description\":\"Entdecken Sie BOSKA Elektrisches Fondue-Set Pro 12-teilig bei ErresseShop. Qualit\u00e4t, Stil und Funktionalit\u00e4t \u2013 jetzt online bestellen!\",\"breadcrumb\":{\"@id\":\"https:\/\/www.erresse-shop.it\/de\/shop\/kleine-elektrogeraete\/doerrautomaten\/stockli-doerrgeraet-fuer-obst-und-gemuese\/#breadcrumb\"},\"inLanguage\":\"de-DE\",\"potentialAction\":[{\"@type\":\"ReadAction\",\"target\":[\"https:\/\/www.erresse-shop.it\/de\/shop\/kleine-elektrogeraete\/doerrautomaten\/stockli-doerrgeraet-fuer-obst-und-gemuese\/\"]}]},{\"@type\":\"BreadcrumbList\",\"@id\":\"https:\/\/www.erresse-shop.it\/de\/shop\/kleine-elektrogeraete\/doerrautomaten\/stockli-doerrgeraet-fuer-obst-und-gemuese\/#breadcrumb\",\"itemListElement\":[{\"@type\":\"ListItem\",\"position\":1,\"name\":\"Home\",\"item\":\"https:\/\/www.erresse-shop.it\/de\/\"},{\"@type\":\"ListItem\",\"position\":2,\"name\":\"Shop\",\"item\":\"https:\/\/www.erresse-shop.it\/de\/shop\/\"},{\"@type\":\"ListItem\",\"position\":3,\"name\":\"STOCKLI D\u00f6rrger\u00e4t f\u00fcr Obst und Gem\u00fcse\"}]},{\"@type\":\"WebSite\",\"@id\":\"https:\/\/www.erresse-shop.it\/de\/#website\",\"url\":\"https:\/\/www.erresse-shop.it\/de\/\",\"name\":\"Erresse Shop\",\"description\":\"Articoli di qualit\u00e0 per la casa\",\"potentialAction\":[{\"@type\":\"SearchAction\",\"target\":{\"@type\":\"EntryPoint\",\"urlTemplate\":\"https:\/\/www.erresse-shop.it\/de\/?s={search_term_string}\"},\"query-input\":\"required name=search_term_string\"}],\"inLanguage\":\"de-DE\"}]}<\/script>\n<!-- \/ Yoast SEO Premium plugin. -->","yoast_head_json":{"title":"BOSKA Elektrisches Fondue-Set Pro 12-teilig","description":"Entdecken Sie BOSKA Elektrisches Fondue-Set Pro 12-teilig bei ErresseShop. Qualit\u00e4t, Stil und Funktionalit\u00e4t \u2013 jetzt online bestellen!","robots":{"index":"index","follow":"follow","max-snippet":"max-snippet:-1","max-image-preview":"max-image-preview:large","max-video-preview":"max-video-preview:-1"},"canonical":"https:\/\/www.erresse-shop.it\/de\/shop\/kleine-elektrogeraete\/doerrautomaten\/stockli-doerrgeraet-fuer-obst-und-gemuese\/","og_locale":"de_DE","og_type":"article","og_title":"STOCKLI D\u00f6rrger\u00e4t f\u00fcr Obst und Gem\u00fcse","og_description":"Entdecken Sie BOSKA Elektrisches Fondue-Set Pro 12-teilig bei ErresseShop. Qualit\u00e4t, Stil und Funktionalit\u00e4t \u2013 jetzt online bestellen!","og_url":"https:\/\/www.erresse-shop.it\/de\/shop\/kleine-elektrogeraete\/doerrautomaten\/stockli-doerrgeraet-fuer-obst-und-gemuese\/","og_site_name":"Erresse Shop","article_modified_time":"2025-08-06T08:58:25+00:00","og_image":[{"width":1200,"height":1200,"url":"https:\/\/www.erresse-shop.it\/wp-content\/uploads\/2025\/08\/STOCKLI-Essiccatore-Per-Frutta-e-Verdura.jpg","type":"image\/jpeg"}],"twitter_card":"summary_large_image","schema":{"@context":"https:\/\/schema.org","@graph":[{"@type":"WebPage","@id":"https:\/\/www.erresse-shop.it\/de\/shop\/kleine-elektrogeraete\/doerrautomaten\/stockli-doerrgeraet-fuer-obst-und-gemuese\/","url":"https:\/\/www.erresse-shop.it\/de\/shop\/kleine-elektrogeraete\/doerrautomaten\/stockli-doerrgeraet-fuer-obst-und-gemuese\/","name":"BOSKA Elektrisches Fondue-Set Pro 12-teilig","isPartOf":{"@id":"https:\/\/www.erresse-shop.it\/de\/#website"},"datePublished":"2025-08-06T08:43:51+00:00","dateModified":"2025-08-06T08:58:25+00:00","description":"Entdecken Sie BOSKA Elektrisches Fondue-Set Pro 12-teilig bei ErresseShop. Qualit\u00e4t, Stil und Funktionalit\u00e4t \u2013 jetzt online bestellen!","breadcrumb":{"@id":"https:\/\/www.erresse-shop.it\/de\/shop\/kleine-elektrogeraete\/doerrautomaten\/stockli-doerrgeraet-fuer-obst-und-gemuese\/#breadcrumb"},"inLanguage":"de-DE","potentialAction":[{"@type":"ReadAction","target":["https:\/\/www.erresse-shop.it\/de\/shop\/kleine-elektrogeraete\/doerrautomaten\/stockli-doerrgeraet-fuer-obst-und-gemuese\/"]}]},{"@type":"BreadcrumbList","@id":"https:\/\/www.erresse-shop.it\/de\/shop\/kleine-elektrogeraete\/doerrautomaten\/stockli-doerrgeraet-fuer-obst-und-gemuese\/#breadcrumb","itemListElement":[{"@type":"ListItem","position":1,"name":"Home","item":"https:\/\/www.erresse-shop.it\/de\/"},{"@type":"ListItem","position":2,"name":"Shop","item":"https:\/\/www.erresse-shop.it\/de\/shop\/"},{"@type":"ListItem","position":3,"name":"STOCKLI D\u00f6rrger\u00e4t f\u00fcr Obst und Gem\u00fcse"}]},{"@type":"WebSite","@id":"https:\/\/www.erresse-shop.it\/de\/#website","url":"https:\/\/www.erresse-shop.it\/de\/","name":"Erresse Shop","description":"Articoli di qualit\u00e0 per la casa","potentialAction":[{"@type":"SearchAction","target":{"@type":"EntryPoint","urlTemplate":"https:\/\/www.erresse-shop.it\/de\/?s={search_term_string}"},"query-input":"required name=search_term_string"}],"inLanguage":"de-DE"}]}},"df_price":152.1,"df_sale_price":152.1,"df_regular_price":169,"df_image_link":"https:\/\/www.erresse-shop.it\/wp-content\/uploads\/2025\/08\/STOCKLI-Essiccatore-Per-Frutta-e-Verdura-300x300.jpg","_links":{"self":[{"href":"https:\/\/www.erresse-shop.it\/de\/wp-json\/wp\/v2\/product\/510072"}],"collection":[{"href":"https:\/\/www.erresse-shop.it\/de\/wp-json\/wp\/v2\/product"}],"about":[{"href":"https:\/\/www.erresse-shop.it\/de\/wp-json\/wp\/v2\/types\/product"}],"wp:featuredmedia":[{"embeddable":true,"href":"https:\/\/www.erresse-shop.it\/de\/wp-json\/wp\/v2\/media\/510093"}],"wp:attachment":[{"href":"https:\/\/www.erresse-shop.it\/de\/wp-json\/wp\/v2\/media?parent=510072"}],"wp:term":[{"taxonomy":"product_cat","embeddable":true,"href":"https:\/\/www.erresse-shop.it\/de\/wp-json\/wp\/v2\/product_cat?post=510072"},{"taxonomy":"product_tag","embeddable":true,"href":"https:\/\/www.erresse-shop.it\/de\/wp-json\/wp\/v2\/product_tag?post=510072"}],"curies":[{"name":"wp","href":"https:\/\/api.w.org\/{rel}","templated":true}]}}