{"id":509969,"date":"2025-08-06T07:08:37","date_gmt":"2025-08-06T07:08:37","guid":{"rendered":"https:\/\/www.erresse-shop.it\/?post_type=product&#038;p=509969"},"modified":"2025-08-06T07:22:49","modified_gmt":"2025-08-06T07:22:49","slug":"stockli-maronibraeter-mit-crepe-und-grillplatte","status":"publish","type":"product","link":"https:\/\/www.erresse-shop.it\/de\/shop\/kleine-elektrogeraete\/oefen\/stockli-maronibraeter-mit-crepe-und-grillplatte\/","title":{"rendered":"STOCKLI Maronibr\u00e4ter mit Cr\u00eape- und Grillplatte"},"content":{"rendered":"<p>Jede Zusammenkunft ist ein Anlass zum Feiern: mit Freunden, Bekannten, der Familie und nat\u00fcrlich mit dem vielseitigen St\u00f6ckli Maronenofen.<\/p>\n<p>Ob Maronenschmaus, Grillen nach Herzenslust mit der Grillplatte oder leckere Cr\u00eapes \u2013 hier sind Ihnen keine Grenzen gesetzt.<\/p>\n<p>Maronenpfanne und Deckel aus schwarzer Emaille, Boden schwarz pulverbeschichtet. Ein Spezialwerkzeug zum Verstreichen des Teigs ist im Lieferumfang enthalten.<\/p>\n<p><strong>Technische Daten<\/strong><\/p>\n<ul>\n<li>Gewicht: 3,5 kg<\/li>\n<li>H\u00f6he: 22 cm<\/li>\n<li>L\u00e4nge: 25 cm<\/li>\n<li>Breite: 25 cm<\/li>\n<li>Material: Stahl<\/li>\n<li>Spannung und Standardstecker: 230 V Schuko<\/li>\n<li>Leistung: 500 W<\/li>\n<\/ul>\n","protected":false},"excerpt":{"rendered":"<p>Jede Zusammenkunft ist ein Anlass zum Feiern: mit Freunden, Bekannten, der Familie und nat\u00fcrlich mit dem vielseitigen St\u00f6ckli Maronenofen. Ob<\/p>\n","protected":false},"featured_media":509984,"template":"","meta":{"_acf_changed":false,"inline_featured_image":false},"product_cat":[6703,15659],"product_tag":[11555,12211],"acf":[],"yoast_head":"<!-- This site is optimized with the Yoast SEO Premium plugin v18.6 (Yoast SEO v19.13) - https:\/\/yoast.com\/wordpress\/plugins\/seo\/ -->\n<title>BOSKA Elektrisches Fondue-Set Pro 12-teilig<\/title>\n<meta name=\"description\" content=\"Entdecken Sie BOSKA Elektrisches Fondue-Set Pro 12-teilig bei ErresseShop. Qualit\u00e4t, Stil und Funktionalit\u00e4t \u2013 jetzt online bestellen!\" \/>\n<meta name=\"robots\" content=\"index, follow, max-snippet:-1, max-image-preview:large, max-video-preview:-1\" \/>\n<link rel=\"canonical\" href=\"https:\/\/www.erresse-shop.it\/de\/shop\/kleine-elektrogeraete\/oefen\/stockli-maronibraeter-mit-crepe-und-grillplatte\/\" \/>\n<meta property=\"og:locale\" content=\"de_DE\" \/>\n<meta property=\"og:type\" content=\"article\" \/>\n<meta property=\"og:title\" content=\"STOCKLI Maronibr\u00e4ter mit Cr\u00eape- und Grillplatte\" \/>\n<meta property=\"og:description\" content=\"Entdecken Sie BOSKA Elektrisches Fondue-Set Pro 12-teilig bei ErresseShop. Qualit\u00e4t, Stil und Funktionalit\u00e4t \u2013 jetzt online bestellen!\" \/>\n<meta property=\"og:url\" content=\"https:\/\/www.erresse-shop.it\/de\/shop\/kleine-elektrogeraete\/oefen\/stockli-maronibraeter-mit-crepe-und-grillplatte\/\" \/>\n<meta property=\"og:site_name\" content=\"Erresse Shop\" \/>\n<meta property=\"article:modified_time\" content=\"2025-08-06T07:22:49+00:00\" \/>\n<meta property=\"og:image\" content=\"https:\/\/www.erresse-shop.it\/wp-content\/uploads\/2025\/08\/STOCKLI-Forno-Per-Caldarroste-con-Piastra-per-Crepe-e-Griglia.jpg\" \/>\n\t<meta property=\"og:image:width\" content=\"1200\" \/>\n\t<meta property=\"og:image:height\" content=\"1200\" \/>\n\t<meta property=\"og:image:type\" content=\"image\/jpeg\" \/>\n<meta name=\"twitter:card\" content=\"summary_large_image\" \/>\n<script type=\"application\/ld+json\" class=\"yoast-schema-graph\">{\"@context\":\"https:\/\/schema.org\",\"@graph\":[{\"@type\":\"WebPage\",\"@id\":\"https:\/\/www.erresse-shop.it\/de\/shop\/kleine-elektrogeraete\/oefen\/stockli-maronibraeter-mit-crepe-und-grillplatte\/\",\"url\":\"https:\/\/www.erresse-shop.it\/de\/shop\/kleine-elektrogeraete\/oefen\/stockli-maronibraeter-mit-crepe-und-grillplatte\/\",\"name\":\"BOSKA Elektrisches Fondue-Set Pro 12-teilig\",\"isPartOf\":{\"@id\":\"https:\/\/www.erresse-shop.it\/de\/#website\"},\"datePublished\":\"2025-08-06T07:08:37+00:00\",\"dateModified\":\"2025-08-06T07:22:49+00:00\",\"description\":\"Entdecken Sie BOSKA Elektrisches Fondue-Set Pro 12-teilig bei ErresseShop. Qualit\u00e4t, Stil und Funktionalit\u00e4t \u2013 jetzt online bestellen!\",\"breadcrumb\":{\"@id\":\"https:\/\/www.erresse-shop.it\/de\/shop\/kleine-elektrogeraete\/oefen\/stockli-maronibraeter-mit-crepe-und-grillplatte\/#breadcrumb\"},\"inLanguage\":\"de-DE\",\"potentialAction\":[{\"@type\":\"ReadAction\",\"target\":[\"https:\/\/www.erresse-shop.it\/de\/shop\/kleine-elektrogeraete\/oefen\/stockli-maronibraeter-mit-crepe-und-grillplatte\/\"]}]},{\"@type\":\"BreadcrumbList\",\"@id\":\"https:\/\/www.erresse-shop.it\/de\/shop\/kleine-elektrogeraete\/oefen\/stockli-maronibraeter-mit-crepe-und-grillplatte\/#breadcrumb\",\"itemListElement\":[{\"@type\":\"ListItem\",\"position\":1,\"name\":\"Home\",\"item\":\"https:\/\/www.erresse-shop.it\/de\/\"},{\"@type\":\"ListItem\",\"position\":2,\"name\":\"Shop\",\"item\":\"https:\/\/www.erresse-shop.it\/de\/shop\/\"},{\"@type\":\"ListItem\",\"position\":3,\"name\":\"STOCKLI Maronibr\u00e4ter mit Cr\u00eape- und Grillplatte\"}]},{\"@type\":\"WebSite\",\"@id\":\"https:\/\/www.erresse-shop.it\/de\/#website\",\"url\":\"https:\/\/www.erresse-shop.it\/de\/\",\"name\":\"Erresse Shop\",\"description\":\"Articoli di qualit\u00e0 per la casa\",\"potentialAction\":[{\"@type\":\"SearchAction\",\"target\":{\"@type\":\"EntryPoint\",\"urlTemplate\":\"https:\/\/www.erresse-shop.it\/de\/?s={search_term_string}\"},\"query-input\":\"required name=search_term_string\"}],\"inLanguage\":\"de-DE\"}]}<\/script>\n<!-- \/ Yoast SEO Premium plugin. -->","yoast_head_json":{"title":"BOSKA Elektrisches Fondue-Set Pro 12-teilig","description":"Entdecken Sie BOSKA Elektrisches Fondue-Set Pro 12-teilig bei ErresseShop. Qualit\u00e4t, Stil und Funktionalit\u00e4t \u2013 jetzt online bestellen!","robots":{"index":"index","follow":"follow","max-snippet":"max-snippet:-1","max-image-preview":"max-image-preview:large","max-video-preview":"max-video-preview:-1"},"canonical":"https:\/\/www.erresse-shop.it\/de\/shop\/kleine-elektrogeraete\/oefen\/stockli-maronibraeter-mit-crepe-und-grillplatte\/","og_locale":"de_DE","og_type":"article","og_title":"STOCKLI Maronibr\u00e4ter mit Cr\u00eape- und Grillplatte","og_description":"Entdecken Sie BOSKA Elektrisches Fondue-Set Pro 12-teilig bei ErresseShop. Qualit\u00e4t, Stil und Funktionalit\u00e4t \u2013 jetzt online bestellen!","og_url":"https:\/\/www.erresse-shop.it\/de\/shop\/kleine-elektrogeraete\/oefen\/stockli-maronibraeter-mit-crepe-und-grillplatte\/","og_site_name":"Erresse Shop","article_modified_time":"2025-08-06T07:22:49+00:00","og_image":[{"width":1200,"height":1200,"url":"https:\/\/www.erresse-shop.it\/wp-content\/uploads\/2025\/08\/STOCKLI-Forno-Per-Caldarroste-con-Piastra-per-Crepe-e-Griglia.jpg","type":"image\/jpeg"}],"twitter_card":"summary_large_image","schema":{"@context":"https:\/\/schema.org","@graph":[{"@type":"WebPage","@id":"https:\/\/www.erresse-shop.it\/de\/shop\/kleine-elektrogeraete\/oefen\/stockli-maronibraeter-mit-crepe-und-grillplatte\/","url":"https:\/\/www.erresse-shop.it\/de\/shop\/kleine-elektrogeraete\/oefen\/stockli-maronibraeter-mit-crepe-und-grillplatte\/","name":"BOSKA Elektrisches Fondue-Set Pro 12-teilig","isPartOf":{"@id":"https:\/\/www.erresse-shop.it\/de\/#website"},"datePublished":"2025-08-06T07:08:37+00:00","dateModified":"2025-08-06T07:22:49+00:00","description":"Entdecken Sie BOSKA Elektrisches Fondue-Set Pro 12-teilig bei ErresseShop. Qualit\u00e4t, Stil und Funktionalit\u00e4t \u2013 jetzt online bestellen!","breadcrumb":{"@id":"https:\/\/www.erresse-shop.it\/de\/shop\/kleine-elektrogeraete\/oefen\/stockli-maronibraeter-mit-crepe-und-grillplatte\/#breadcrumb"},"inLanguage":"de-DE","potentialAction":[{"@type":"ReadAction","target":["https:\/\/www.erresse-shop.it\/de\/shop\/kleine-elektrogeraete\/oefen\/stockli-maronibraeter-mit-crepe-und-grillplatte\/"]}]},{"@type":"BreadcrumbList","@id":"https:\/\/www.erresse-shop.it\/de\/shop\/kleine-elektrogeraete\/oefen\/stockli-maronibraeter-mit-crepe-und-grillplatte\/#breadcrumb","itemListElement":[{"@type":"ListItem","position":1,"name":"Home","item":"https:\/\/www.erresse-shop.it\/de\/"},{"@type":"ListItem","position":2,"name":"Shop","item":"https:\/\/www.erresse-shop.it\/de\/shop\/"},{"@type":"ListItem","position":3,"name":"STOCKLI Maronibr\u00e4ter mit Cr\u00eape- und Grillplatte"}]},{"@type":"WebSite","@id":"https:\/\/www.erresse-shop.it\/de\/#website","url":"https:\/\/www.erresse-shop.it\/de\/","name":"Erresse Shop","description":"Articoli di qualit\u00e0 per la casa","potentialAction":[{"@type":"SearchAction","target":{"@type":"EntryPoint","urlTemplate":"https:\/\/www.erresse-shop.it\/de\/?s={search_term_string}"},"query-input":"required name=search_term_string"}],"inLanguage":"de-DE"}]}},"df_price":116.10000000000001,"df_sale_price":116.10000000000001,"df_regular_price":129,"df_image_link":"https:\/\/www.erresse-shop.it\/wp-content\/uploads\/2025\/08\/STOCKLI-Forno-Per-Caldarroste-con-Piastra-per-Crepe-e-Griglia-300x300.jpg","_links":{"self":[{"href":"https:\/\/www.erresse-shop.it\/de\/wp-json\/wp\/v2\/product\/509969"}],"collection":[{"href":"https:\/\/www.erresse-shop.it\/de\/wp-json\/wp\/v2\/product"}],"about":[{"href":"https:\/\/www.erresse-shop.it\/de\/wp-json\/wp\/v2\/types\/product"}],"wp:featuredmedia":[{"embeddable":true,"href":"https:\/\/www.erresse-shop.it\/de\/wp-json\/wp\/v2\/media\/509984"}],"wp:attachment":[{"href":"https:\/\/www.erresse-shop.it\/de\/wp-json\/wp\/v2\/media?parent=509969"}],"wp:term":[{"taxonomy":"product_cat","embeddable":true,"href":"https:\/\/www.erresse-shop.it\/de\/wp-json\/wp\/v2\/product_cat?post=509969"},{"taxonomy":"product_tag","embeddable":true,"href":"https:\/\/www.erresse-shop.it\/de\/wp-json\/wp\/v2\/product_tag?post=509969"}],"curies":[{"name":"wp","href":"https:\/\/api.w.org\/{rel}","templated":true}]}}