{"id":509806,"date":"2025-08-04T09:57:33","date_gmt":"2025-08-04T09:57:35","guid":{"rendered":"https:\/\/www.erresse-shop.it\/?post_type=product&#038;p=509806"},"modified":"2025-08-04T10:00:49","modified_gmt":"2025-08-04T10:00:49","slug":"stirolux-eisen-1800-rot","status":"publish","type":"product","link":"https:\/\/www.erresse-shop.it\/de\/shop\/einrichtung-haus\/buegelbretter\/stirolux-eisen-1800-rot\/","title":{"rendered":"STIROLUX Eisen 1800 Rot"},"content":{"rendered":"<p>Ideal f\u00fcr alle, die ein <em data-start=\"565\" data-end=\"585\">semiprofessionelles<\/em> B\u00fcgeleisen f\u00fcr den Heimgebrauch oder den etwas intensiveren Gebrauch suchen. Es zeichnet sich durch hervorragende Akkulaufzeit, konstante Leistung und Liebe zum Detail (wie die vernickelte B\u00fcgelplatte und Trockendampf) aus. Geeignet f\u00fcr Familien oder Personen, die h\u00e4ufig und lange b\u00fcgeln.<\/p>\n<ul>\n<li><span class=\"relative -mx-px my-[-0.2rem] rounded px-px py-[0.2rem] transition-colors duration-100 ease-in-out\"><strong data-start=\"0\" data-end=\"47\" data-is-only-node=\"\">Professioneller 1,8-l-Aluminiumkessel<\/strong> (Gesamtkessel 2,6 l) mit einer B\u00fcgelautonomie von ca. 2\u20133 Stunden ohne Nachladen.<\/span><\/li>\n<li><span class=\"relative -mx-px my-[-0.2rem] rounded px-px py-[0.2rem] transition-colors duration-100 ease-in-out\"><strong data-start=\"0\" data-end=\"11\" data-is-only-node=\"\">Leistung<\/strong>: 1000 W f\u00fcr den Boiler + 780 W f\u00fcr das B\u00fcgeleisen (insgesamt 1780 W)<\/span><\/li>\n<li><span class=\"relative -mx-px my-[-0.2rem] rounded px-px py-[0.2rem] transition-colors duration-100 ease-in-out\"><strong data-start=\"0\" data-end=\"24\" data-is-only-node=\"\">Dampfdruck<\/strong>: ca. 3,2 bar (Profi-Wert), mit trockenem Dampf ideal f\u00fcr gepflegte Ergebnisse<\/span><\/li>\n<li><span class=\"relative -mx-px my-[-0.2rem] rounded px-px py-[0.2rem] transition-colors duration-100 ease-in-out\"><strong data-start=\"0\" data-end=\"33\" data-is-only-node=\"\">Kratzfeste, vernickelte B\u00fcgelsohle<\/strong> und Tropfschutz f\u00fcr schonendes B\u00fcgeln auf verschiedenen Textilien<\/span><\/li>\n<li><span class=\"relative -mx-px my-[-0.2rem] rounded px-px py-[0.2rem] transition-colors duration-100 ease-in-out\"><strong data-start=\"0\" data-end=\"25\" data-is-only-node=\"\">Einstellbarer Thermostat<\/strong>, ergonomischer Dampfknopf, Sicherheitskappe am Kessel, separate Kabel und praktischer Griff<\/span><\/li>\n<li><span class=\"relative -mx-px my-[-0.2rem] rounded px-px py-[0.2rem] transition-colors duration-100 ease-in-out\"><strong data-start=\"0\" data-end=\"17\" data-is-only-node=\"\">Made in Italy<\/strong>, aus robusten Materialien gefertigt; Gesamtgewicht ca. 10 kg. Je nach H\u00e4ndler\/Fachmann betr\u00e4gt die Garantie 2 bis 3 Jahre.<\/span><\/li>\n<\/ul>\n<p><strong>Ma\u00dfe:<\/strong> 25 x 43 x 34 cm (H\u00f6he)<\/p>\n","protected":false},"excerpt":{"rendered":"<p>Ideal f\u00fcr alle, die ein semiprofessionelles B\u00fcgeleisen f\u00fcr den Heimgebrauch oder den etwas intensiveren Gebrauch suchen. Es zeichnet sich durch<\/p>\n","protected":false},"featured_media":509853,"template":"","meta":{"_acf_changed":false,"inline_featured_image":false},"product_cat":[6817,18096],"product_tag":[25027,11718,25022,18475],"acf":[],"yoast_head":"<!-- This site is optimized with the Yoast SEO Premium plugin v18.6 (Yoast SEO v19.13) - https:\/\/yoast.com\/wordpress\/plugins\/seo\/ -->\n<title>JOSEPH JOSEPH Klappbarer B\u00fcgeltisch Gr\u00fcn<\/title>\n<meta name=\"description\" content=\"Entdecken Sie JOSEPH JOSEPH Klappbarer B\u00fcgeltisch Gr\u00fcn bei ErresseShop. Qualit\u00e4t, Stil und Funktionalit\u00e4t \u2013 jetzt online bestellen!\" \/>\n<meta name=\"robots\" content=\"index, follow, max-snippet:-1, max-image-preview:large, max-video-preview:-1\" \/>\n<link rel=\"canonical\" href=\"https:\/\/www.erresse-shop.it\/de\/shop\/einrichtung-haus\/buegelbretter\/stirolux-eisen-1800-rot\/\" \/>\n<meta property=\"og:locale\" content=\"de_DE\" \/>\n<meta property=\"og:type\" content=\"article\" \/>\n<meta property=\"og:title\" content=\"STIROLUX Eisen 1800 Rot\" \/>\n<meta property=\"og:description\" content=\"Entdecken Sie JOSEPH JOSEPH Klappbarer B\u00fcgeltisch Gr\u00fcn bei ErresseShop. Qualit\u00e4t, Stil und Funktionalit\u00e4t \u2013 jetzt online bestellen!\" \/>\n<meta property=\"og:url\" content=\"https:\/\/www.erresse-shop.it\/de\/shop\/einrichtung-haus\/buegelbretter\/stirolux-eisen-1800-rot\/\" \/>\n<meta property=\"og:site_name\" content=\"Erresse Shop\" \/>\n<meta property=\"article:modified_time\" content=\"2025-08-04T10:00:49+00:00\" \/>\n<meta property=\"og:image\" content=\"https:\/\/www.erresse-shop.it\/wp-content\/uploads\/2025\/08\/STIROLUX-Ferro-da-Stiro-1800-Rosso.jpg\" \/>\n\t<meta property=\"og:image:width\" content=\"1200\" \/>\n\t<meta property=\"og:image:height\" content=\"1200\" \/>\n\t<meta property=\"og:image:type\" content=\"image\/jpeg\" \/>\n<meta name=\"twitter:card\" content=\"summary_large_image\" \/>\n<script type=\"application\/ld+json\" class=\"yoast-schema-graph\">{\"@context\":\"https:\/\/schema.org\",\"@graph\":[{\"@type\":\"WebPage\",\"@id\":\"https:\/\/www.erresse-shop.it\/de\/shop\/einrichtung-haus\/buegelbretter\/stirolux-eisen-1800-rot\/\",\"url\":\"https:\/\/www.erresse-shop.it\/de\/shop\/einrichtung-haus\/buegelbretter\/stirolux-eisen-1800-rot\/\",\"name\":\"JOSEPH JOSEPH Klappbarer B\u00fcgeltisch Gr\u00fcn\",\"isPartOf\":{\"@id\":\"https:\/\/www.erresse-shop.it\/de\/#website\"},\"datePublished\":\"2025-08-04T09:57:35+00:00\",\"dateModified\":\"2025-08-04T10:00:49+00:00\",\"description\":\"Entdecken Sie JOSEPH JOSEPH Klappbarer B\u00fcgeltisch Gr\u00fcn bei ErresseShop. Qualit\u00e4t, Stil und Funktionalit\u00e4t \u2013 jetzt online bestellen!\",\"breadcrumb\":{\"@id\":\"https:\/\/www.erresse-shop.it\/de\/shop\/einrichtung-haus\/buegelbretter\/stirolux-eisen-1800-rot\/#breadcrumb\"},\"inLanguage\":\"de-DE\",\"potentialAction\":[{\"@type\":\"ReadAction\",\"target\":[\"https:\/\/www.erresse-shop.it\/de\/shop\/einrichtung-haus\/buegelbretter\/stirolux-eisen-1800-rot\/\"]}]},{\"@type\":\"BreadcrumbList\",\"@id\":\"https:\/\/www.erresse-shop.it\/de\/shop\/einrichtung-haus\/buegelbretter\/stirolux-eisen-1800-rot\/#breadcrumb\",\"itemListElement\":[{\"@type\":\"ListItem\",\"position\":1,\"name\":\"Home\",\"item\":\"https:\/\/www.erresse-shop.it\/de\/\"},{\"@type\":\"ListItem\",\"position\":2,\"name\":\"Shop\",\"item\":\"https:\/\/www.erresse-shop.it\/de\/shop\/\"},{\"@type\":\"ListItem\",\"position\":3,\"name\":\"STIROLUX Eisen 1800 Rot\"}]},{\"@type\":\"WebSite\",\"@id\":\"https:\/\/www.erresse-shop.it\/de\/#website\",\"url\":\"https:\/\/www.erresse-shop.it\/de\/\",\"name\":\"Erresse Shop\",\"description\":\"Articoli di qualit\u00e0 per la casa\",\"potentialAction\":[{\"@type\":\"SearchAction\",\"target\":{\"@type\":\"EntryPoint\",\"urlTemplate\":\"https:\/\/www.erresse-shop.it\/de\/?s={search_term_string}\"},\"query-input\":\"required name=search_term_string\"}],\"inLanguage\":\"de-DE\"}]}<\/script>\n<!-- \/ Yoast SEO Premium plugin. -->","yoast_head_json":{"title":"JOSEPH JOSEPH Klappbarer B\u00fcgeltisch Gr\u00fcn","description":"Entdecken Sie JOSEPH JOSEPH Klappbarer B\u00fcgeltisch Gr\u00fcn bei ErresseShop. Qualit\u00e4t, Stil und Funktionalit\u00e4t \u2013 jetzt online bestellen!","robots":{"index":"index","follow":"follow","max-snippet":"max-snippet:-1","max-image-preview":"max-image-preview:large","max-video-preview":"max-video-preview:-1"},"canonical":"https:\/\/www.erresse-shop.it\/de\/shop\/einrichtung-haus\/buegelbretter\/stirolux-eisen-1800-rot\/","og_locale":"de_DE","og_type":"article","og_title":"STIROLUX Eisen 1800 Rot","og_description":"Entdecken Sie JOSEPH JOSEPH Klappbarer B\u00fcgeltisch Gr\u00fcn bei ErresseShop. Qualit\u00e4t, Stil und Funktionalit\u00e4t \u2013 jetzt online bestellen!","og_url":"https:\/\/www.erresse-shop.it\/de\/shop\/einrichtung-haus\/buegelbretter\/stirolux-eisen-1800-rot\/","og_site_name":"Erresse Shop","article_modified_time":"2025-08-04T10:00:49+00:00","og_image":[{"width":1200,"height":1200,"url":"https:\/\/www.erresse-shop.it\/wp-content\/uploads\/2025\/08\/STIROLUX-Ferro-da-Stiro-1800-Rosso.jpg","type":"image\/jpeg"}],"twitter_card":"summary_large_image","schema":{"@context":"https:\/\/schema.org","@graph":[{"@type":"WebPage","@id":"https:\/\/www.erresse-shop.it\/de\/shop\/einrichtung-haus\/buegelbretter\/stirolux-eisen-1800-rot\/","url":"https:\/\/www.erresse-shop.it\/de\/shop\/einrichtung-haus\/buegelbretter\/stirolux-eisen-1800-rot\/","name":"JOSEPH JOSEPH Klappbarer B\u00fcgeltisch Gr\u00fcn","isPartOf":{"@id":"https:\/\/www.erresse-shop.it\/de\/#website"},"datePublished":"2025-08-04T09:57:35+00:00","dateModified":"2025-08-04T10:00:49+00:00","description":"Entdecken Sie JOSEPH JOSEPH Klappbarer B\u00fcgeltisch Gr\u00fcn bei ErresseShop. Qualit\u00e4t, Stil und Funktionalit\u00e4t \u2013 jetzt online bestellen!","breadcrumb":{"@id":"https:\/\/www.erresse-shop.it\/de\/shop\/einrichtung-haus\/buegelbretter\/stirolux-eisen-1800-rot\/#breadcrumb"},"inLanguage":"de-DE","potentialAction":[{"@type":"ReadAction","target":["https:\/\/www.erresse-shop.it\/de\/shop\/einrichtung-haus\/buegelbretter\/stirolux-eisen-1800-rot\/"]}]},{"@type":"BreadcrumbList","@id":"https:\/\/www.erresse-shop.it\/de\/shop\/einrichtung-haus\/buegelbretter\/stirolux-eisen-1800-rot\/#breadcrumb","itemListElement":[{"@type":"ListItem","position":1,"name":"Home","item":"https:\/\/www.erresse-shop.it\/de\/"},{"@type":"ListItem","position":2,"name":"Shop","item":"https:\/\/www.erresse-shop.it\/de\/shop\/"},{"@type":"ListItem","position":3,"name":"STIROLUX Eisen 1800 Rot"}]},{"@type":"WebSite","@id":"https:\/\/www.erresse-shop.it\/de\/#website","url":"https:\/\/www.erresse-shop.it\/de\/","name":"Erresse Shop","description":"Articoli di qualit\u00e0 per la casa","potentialAction":[{"@type":"SearchAction","target":{"@type":"EntryPoint","urlTemplate":"https:\/\/www.erresse-shop.it\/de\/?s={search_term_string}"},"query-input":"required name=search_term_string"}],"inLanguage":"de-DE"}]}},"df_price":179.95,"df_sale_price":179.95,"df_regular_price":209,"df_image_link":"https:\/\/www.erresse-shop.it\/wp-content\/uploads\/2025\/08\/STIROLUX-Ferro-da-Stiro-1800-Rosso-1-300x300.jpg","_links":{"self":[{"href":"https:\/\/www.erresse-shop.it\/de\/wp-json\/wp\/v2\/product\/509806"}],"collection":[{"href":"https:\/\/www.erresse-shop.it\/de\/wp-json\/wp\/v2\/product"}],"about":[{"href":"https:\/\/www.erresse-shop.it\/de\/wp-json\/wp\/v2\/types\/product"}],"wp:featuredmedia":[{"embeddable":true,"href":"https:\/\/www.erresse-shop.it\/de\/wp-json\/wp\/v2\/media\/509853"}],"wp:attachment":[{"href":"https:\/\/www.erresse-shop.it\/de\/wp-json\/wp\/v2\/media?parent=509806"}],"wp:term":[{"taxonomy":"product_cat","embeddable":true,"href":"https:\/\/www.erresse-shop.it\/de\/wp-json\/wp\/v2\/product_cat?post=509806"},{"taxonomy":"product_tag","embeddable":true,"href":"https:\/\/www.erresse-shop.it\/de\/wp-json\/wp\/v2\/product_tag?post=509806"}],"curies":[{"name":"wp","href":"https:\/\/api.w.org\/{rel}","templated":true}]}}